{"id":999,"date":"2026-04-02T11:23:00","date_gmt":"2026-04-02T11:23:00","guid":{"rendered":"https:\/\/www.oliver-sport.cz\/new\/?page_id=999"},"modified":"2026-04-02T11:26:27","modified_gmt":"2026-04-02T11:26:27","slug":"team","status":"publish","type":"page","link":"https:\/\/www.oliver-sport.cz\/new\/obleceni\/team\/","title":{"rendered":"Team"},"content":{"rendered":"\n<div class=\"wp-block-media-text is-stacked-on-mobile\"><figure class=\"wp-block-media-text__media\"><img loading=\"lazy\" decoding=\"async\" width=\"1024\" height=\"1024\" src=\"https:\/\/www.oliver-sport.cz\/wp-content\/uploads\/2026\/04\/80807-SIENA-T-Shirt-158-1024x1024.jpg\" alt=\"\" class=\"wp-image-1000 size-full\" srcset=\"https:\/\/www.oliver-sport.cz\/new\/wp-content\/uploads\/2026\/04\/80807-SIENA-T-Shirt-158-1024x1024.jpg 1024w, https:\/\/www.oliver-sport.cz\/new\/wp-content\/uploads\/2026\/04\/80807-SIENA-T-Shirt-158-300x300.jpg 300w, https:\/\/www.oliver-sport.cz\/new\/wp-content\/uploads\/2026\/04\/80807-SIENA-T-Shirt-158-150x150.jpg 150w, https:\/\/www.oliver-sport.cz\/new\/wp-content\/uploads\/2026\/04\/80807-SIENA-T-Shirt-158-768x768.jpg 768w, https:\/\/www.oliver-sport.cz\/new\/wp-content\/uploads\/2026\/04\/80807-SIENA-T-Shirt-158-1536x1536.jpg 1536w, https:\/\/www.oliver-sport.cz\/new\/wp-content\/uploads\/2026\/04\/80807-SIENA-T-Shirt-158-370x370.jpg 370w, https:\/\/www.oliver-sport.cz\/new\/wp-content\/uploads\/2026\/04\/80807-SIENA-T-Shirt-158-120x120.jpg 120w, https:\/\/www.oliver-sport.cz\/new\/wp-content\/uploads\/2026\/04\/80807-SIENA-T-Shirt-158-760x760.jpg 760w, https:\/\/www.oliver-sport.cz\/new\/wp-content\/uploads\/2026\/04\/80807-SIENA-T-Shirt-158.jpg 1600w\" sizes=\"auto, (max-width: 1024px) 100vw, 1024px\" \/><\/figure><div class=\"wp-block-media-text__content\">\n<p><strong>SIENA T-SHIRT<\/strong><\/p>\n\n\n\n<figure class=\"wp-block-table\"><table class=\"has-fixed-layout\"><tbody><tr><td class=\"has-text-align-left\" data-align=\"left\">Materi\u00e1l (vl\u00e1kno)<\/td><td class=\"has-text-align-left\" data-align=\"left\"><strong>100 % Polyester, MC- COOL<\/strong><\/td><\/tr><tr><td class=\"has-text-align-left\" data-align=\"left\">Barva<\/td><td class=\"has-text-align-left\" data-align=\"left\"><strong>b\u00edl\u00e1, modr\u00e1<\/strong><\/td><\/tr><tr><td class=\"has-text-align-left\" data-align=\"left\">Velikost<\/td><td class=\"has-text-align-left\" data-align=\"left\"><strong>158, XXS-XXL,<\/strong><\/td><\/tr><tr><td class=\"has-text-align-left\" data-align=\"left\">Pou\u017eit\u00e1 technologie<\/td><td class=\"has-text-align-left\" data-align=\"left\"><strong>MC Cool<\/strong><\/td><\/tr><\/tbody><\/table><\/figure>\n\n\n\n<p><\/p>\n<\/div><\/div>\n\n\n\n<div class=\"wp-block-media-text is-stacked-on-mobile\"><figure class=\"wp-block-media-text__media\"><img loading=\"lazy\" decoding=\"async\" width=\"1024\" height=\"1024\" src=\"https:\/\/www.oliver-sport.cz\/wp-content\/uploads\/2026\/04\/80810-SIENA-Lady-T-Shirt-S-1024x1024.jpg\" alt=\"\" class=\"wp-image-1001 size-full\" srcset=\"https:\/\/www.oliver-sport.cz\/new\/wp-content\/uploads\/2026\/04\/80810-SIENA-Lady-T-Shirt-S-1024x1024.jpg 1024w, https:\/\/www.oliver-sport.cz\/new\/wp-content\/uploads\/2026\/04\/80810-SIENA-Lady-T-Shirt-S-300x300.jpg 300w, https:\/\/www.oliver-sport.cz\/new\/wp-content\/uploads\/2026\/04\/80810-SIENA-Lady-T-Shirt-S-150x150.jpg 150w, https:\/\/www.oliver-sport.cz\/new\/wp-content\/uploads\/2026\/04\/80810-SIENA-Lady-T-Shirt-S-768x768.jpg 768w, https:\/\/www.oliver-sport.cz\/new\/wp-content\/uploads\/2026\/04\/80810-SIENA-Lady-T-Shirt-S-1536x1536.jpg 1536w, https:\/\/www.oliver-sport.cz\/new\/wp-content\/uploads\/2026\/04\/80810-SIENA-Lady-T-Shirt-S-370x370.jpg 370w, https:\/\/www.oliver-sport.cz\/new\/wp-content\/uploads\/2026\/04\/80810-SIENA-Lady-T-Shirt-S-120x120.jpg 120w, https:\/\/www.oliver-sport.cz\/new\/wp-content\/uploads\/2026\/04\/80810-SIENA-Lady-T-Shirt-S-760x760.jpg 760w, https:\/\/www.oliver-sport.cz\/new\/wp-content\/uploads\/2026\/04\/80810-SIENA-Lady-T-Shirt-S.jpg 1600w\" sizes=\"auto, (max-width: 1024px) 100vw, 1024px\" \/><\/figure><div class=\"wp-block-media-text__content\">\n<p><strong>SIENA T-SHIRT<\/strong> <strong>LADY<\/strong><\/p>\n\n\n\n<figure class=\"wp-block-table\"><table class=\"has-fixed-layout\"><tbody><tr><td class=\"has-text-align-left\" data-align=\"left\">Materi\u00e1l (vl\u00e1kno)<\/td><td class=\"has-text-align-left\" data-align=\"left\"><strong>100 % Polyester, MC- COOL<\/strong><\/td><\/tr><tr><td class=\"has-text-align-left\" data-align=\"left\">Barva<\/td><td class=\"has-text-align-left\" data-align=\"left\"><strong>b\u00edl\u00e1, modr\u00e1<\/strong><\/td><\/tr><tr><td class=\"has-text-align-left\" data-align=\"left\">Velikost<\/td><td class=\"has-text-align-left\" data-align=\"left\"><strong>S-XL,<\/strong><\/td><\/tr><tr><td class=\"has-text-align-left\" data-align=\"left\">Pou\u017eit\u00e1 technologie<\/td><td class=\"has-text-align-left\" data-align=\"left\"><strong>MC Cool<\/strong><\/td><\/tr><\/tbody><\/table><\/figure>\n\n\n\n<p><\/p>\n<\/div><\/div>\n\n\n\n<div class=\"wp-block-media-text is-stacked-on-mobile\"><figure class=\"wp-block-media-text__media\"><img loading=\"lazy\" decoding=\"async\" width=\"1024\" height=\"1024\" src=\"https:\/\/www.oliver-sport.cz\/wp-content\/uploads\/2026\/04\/80707-MILANO-T-SHIRT-158-1024x1024.jpg\" alt=\"\" class=\"wp-image-1002 size-full\" srcset=\"https:\/\/www.oliver-sport.cz\/new\/wp-content\/uploads\/2026\/04\/80707-MILANO-T-SHIRT-158-1024x1024.jpg 1024w, https:\/\/www.oliver-sport.cz\/new\/wp-content\/uploads\/2026\/04\/80707-MILANO-T-SHIRT-158-300x300.jpg 300w, https:\/\/www.oliver-sport.cz\/new\/wp-content\/uploads\/2026\/04\/80707-MILANO-T-SHIRT-158-150x150.jpg 150w, https:\/\/www.oliver-sport.cz\/new\/wp-content\/uploads\/2026\/04\/80707-MILANO-T-SHIRT-158-768x768.jpg 768w, https:\/\/www.oliver-sport.cz\/new\/wp-content\/uploads\/2026\/04\/80707-MILANO-T-SHIRT-158-1536x1536.jpg 1536w, https:\/\/www.oliver-sport.cz\/new\/wp-content\/uploads\/2026\/04\/80707-MILANO-T-SHIRT-158-370x370.jpg 370w, https:\/\/www.oliver-sport.cz\/new\/wp-content\/uploads\/2026\/04\/80707-MILANO-T-SHIRT-158-120x120.jpg 120w, https:\/\/www.oliver-sport.cz\/new\/wp-content\/uploads\/2026\/04\/80707-MILANO-T-SHIRT-158-760x760.jpg 760w, https:\/\/www.oliver-sport.cz\/new\/wp-content\/uploads\/2026\/04\/80707-MILANO-T-SHIRT-158.jpg 1600w\" sizes=\"auto, (max-width: 1024px) 100vw, 1024px\" \/><\/figure><div class=\"wp-block-media-text__content\">\n<p><strong>MILANO T-SHIRT<\/strong><\/p>\n\n\n\n<figure class=\"wp-block-table\"><table class=\"has-fixed-layout\"><tbody><tr><td class=\"has-text-align-left\" data-align=\"left\">Materi\u00e1l (vl\u00e1kno)<\/td><td class=\"has-text-align-left\" data-align=\"left\"><strong>100 % Polyester, MC- COOL<\/strong><\/td><\/tr><tr><td class=\"has-text-align-left\" data-align=\"left\">Barva<\/td><td class=\"has-text-align-left\" data-align=\"left\"><strong>\u010dern\u00e1, b\u00edl\u00e1, \u010derven\u00e1<\/strong><\/td><\/tr><tr><td class=\"has-text-align-left\" data-align=\"left\">Velikost<\/td><td class=\"has-text-align-left\" data-align=\"left\"><strong>158, XXS-XXL,<\/strong><\/td><\/tr><tr><td class=\"has-text-align-left\" data-align=\"left\">Pou\u017eit\u00e1 technologie<\/td><td class=\"has-text-align-left\" data-align=\"left\"><strong>MC Cool<\/strong><\/td><\/tr><\/tbody><\/table><\/figure>\n\n\n\n<p><\/p>\n<\/div><\/div>\n\n\n\n<div class=\"wp-block-media-text is-stacked-on-mobile\"><figure class=\"wp-block-media-text__media\"><img loading=\"lazy\" decoding=\"async\" width=\"1024\" height=\"1024\" src=\"https:\/\/www.oliver-sport.cz\/wp-content\/uploads\/2026\/04\/80710-MILANO-Lady-T-SHIRT-S-1024x1024.jpg\" alt=\"\" class=\"wp-image-1003 size-full\" srcset=\"https:\/\/www.oliver-sport.cz\/new\/wp-content\/uploads\/2026\/04\/80710-MILANO-Lady-T-SHIRT-S-1024x1024.jpg 1024w, https:\/\/www.oliver-sport.cz\/new\/wp-content\/uploads\/2026\/04\/80710-MILANO-Lady-T-SHIRT-S-300x300.jpg 300w, https:\/\/www.oliver-sport.cz\/new\/wp-content\/uploads\/2026\/04\/80710-MILANO-Lady-T-SHIRT-S-150x150.jpg 150w, https:\/\/www.oliver-sport.cz\/new\/wp-content\/uploads\/2026\/04\/80710-MILANO-Lady-T-SHIRT-S-768x768.jpg 768w, https:\/\/www.oliver-sport.cz\/new\/wp-content\/uploads\/2026\/04\/80710-MILANO-Lady-T-SHIRT-S-1536x1536.jpg 1536w, https:\/\/www.oliver-sport.cz\/new\/wp-content\/uploads\/2026\/04\/80710-MILANO-Lady-T-SHIRT-S-370x370.jpg 370w, https:\/\/www.oliver-sport.cz\/new\/wp-content\/uploads\/2026\/04\/80710-MILANO-Lady-T-SHIRT-S-120x120.jpg 120w, https:\/\/www.oliver-sport.cz\/new\/wp-content\/uploads\/2026\/04\/80710-MILANO-Lady-T-SHIRT-S-760x760.jpg 760w, https:\/\/www.oliver-sport.cz\/new\/wp-content\/uploads\/2026\/04\/80710-MILANO-Lady-T-SHIRT-S.jpg 1600w\" sizes=\"auto, (max-width: 1024px) 100vw, 1024px\" \/><\/figure><div class=\"wp-block-media-text__content\">\n<p><strong>MILANO T-SHIRT<\/strong> <strong>LADY<\/strong><\/p>\n\n\n\n<figure class=\"wp-block-table\"><table class=\"has-fixed-layout\"><tbody><tr><td class=\"has-text-align-left\" data-align=\"left\">Materi\u00e1l (vl\u00e1kno)<\/td><td class=\"has-text-align-left\" data-align=\"left\"><strong>100 % Polyester, MC- COOL<\/strong><\/td><\/tr><tr><td class=\"has-text-align-left\" data-align=\"left\">Barva<\/td><td class=\"has-text-align-left\" data-align=\"left\"><strong>\u010dern\u00e1, b\u00edl\u00e1, \u010derven\u00e1<\/strong><\/td><\/tr><tr><td class=\"has-text-align-left\" data-align=\"left\">Velikost<\/td><td class=\"has-text-align-left\" data-align=\"left\"><strong>S-XL,<\/strong><\/td><\/tr><tr><td class=\"has-text-align-left\" data-align=\"left\">Pou\u017eit\u00e1 technologie<\/td><td class=\"has-text-align-left\" data-align=\"left\"><strong>MC Cool<\/strong><\/td><\/tr><\/tbody><\/table><\/figure>\n\n\n\n<p><\/p>\n<\/div><\/div>\n\n\n\n<div class=\"wp-block-media-text is-stacked-on-mobile\"><figure class=\"wp-block-media-text__media\"><img loading=\"lazy\" decoding=\"async\" width=\"1024\" height=\"1024\" src=\"https:\/\/www.oliver-sport.cz\/wp-content\/uploads\/2026\/04\/80607-VERONA-T-SHIRT-158-1024x1024.jpg\" alt=\"\" class=\"wp-image-1004 size-full\" srcset=\"https:\/\/www.oliver-sport.cz\/new\/wp-content\/uploads\/2026\/04\/80607-VERONA-T-SHIRT-158-1024x1024.jpg 1024w, https:\/\/www.oliver-sport.cz\/new\/wp-content\/uploads\/2026\/04\/80607-VERONA-T-SHIRT-158-300x300.jpg 300w, https:\/\/www.oliver-sport.cz\/new\/wp-content\/uploads\/2026\/04\/80607-VERONA-T-SHIRT-158-150x150.jpg 150w, https:\/\/www.oliver-sport.cz\/new\/wp-content\/uploads\/2026\/04\/80607-VERONA-T-SHIRT-158-768x768.jpg 768w, https:\/\/www.oliver-sport.cz\/new\/wp-content\/uploads\/2026\/04\/80607-VERONA-T-SHIRT-158-1536x1536.jpg 1536w, https:\/\/www.oliver-sport.cz\/new\/wp-content\/uploads\/2026\/04\/80607-VERONA-T-SHIRT-158-370x370.jpg 370w, https:\/\/www.oliver-sport.cz\/new\/wp-content\/uploads\/2026\/04\/80607-VERONA-T-SHIRT-158-120x120.jpg 120w, https:\/\/www.oliver-sport.cz\/new\/wp-content\/uploads\/2026\/04\/80607-VERONA-T-SHIRT-158-760x760.jpg 760w, https:\/\/www.oliver-sport.cz\/new\/wp-content\/uploads\/2026\/04\/80607-VERONA-T-SHIRT-158.jpg 1600w\" sizes=\"auto, (max-width: 1024px) 100vw, 1024px\" \/><\/figure><div class=\"wp-block-media-text__content\">\n<p><strong>VERONA T-SHIRT<\/strong><\/p>\n\n\n\n<figure class=\"wp-block-table\"><table class=\"has-fixed-layout\"><tbody><tr><td class=\"has-text-align-left\" data-align=\"left\">Materi\u00e1l (vl\u00e1kno)<\/td><td class=\"has-text-align-left\" data-align=\"left\"><strong>100 % Polyester, MC- COOL<\/strong><\/td><\/tr><tr><td class=\"has-text-align-left\" data-align=\"left\">Barva<\/td><td class=\"has-text-align-left\" data-align=\"left\"><strong>modr\u00e1, lila<\/strong><\/td><\/tr><tr><td class=\"has-text-align-left\" data-align=\"left\">Velikost<\/td><td class=\"has-text-align-left\" data-align=\"left\"><strong>158, XXS-XXL,<\/strong><\/td><\/tr><tr><td class=\"has-text-align-left\" data-align=\"left\">Pou\u017eit\u00e1 technologie<\/td><td class=\"has-text-align-left\" data-align=\"left\"><strong>MC Cool<\/strong><\/td><\/tr><\/tbody><\/table><\/figure>\n\n\n\n<p><\/p>\n<\/div><\/div>\n\n\n\n<div class=\"wp-block-media-text is-stacked-on-mobile\"><figure class=\"wp-block-media-text__media\"><img loading=\"lazy\" decoding=\"async\" width=\"1024\" height=\"1024\" src=\"https:\/\/www.oliver-sport.cz\/wp-content\/uploads\/2026\/04\/80607-VERONA-T-SHIRT-158-1024x1024.jpg\" alt=\"\" class=\"wp-image-1004 size-full\" srcset=\"https:\/\/www.oliver-sport.cz\/new\/wp-content\/uploads\/2026\/04\/80607-VERONA-T-SHIRT-158-1024x1024.jpg 1024w, https:\/\/www.oliver-sport.cz\/new\/wp-content\/uploads\/2026\/04\/80607-VERONA-T-SHIRT-158-300x300.jpg 300w, https:\/\/www.oliver-sport.cz\/new\/wp-content\/uploads\/2026\/04\/80607-VERONA-T-SHIRT-158-150x150.jpg 150w, https:\/\/www.oliver-sport.cz\/new\/wp-content\/uploads\/2026\/04\/80607-VERONA-T-SHIRT-158-768x768.jpg 768w, https:\/\/www.oliver-sport.cz\/new\/wp-content\/uploads\/2026\/04\/80607-VERONA-T-SHIRT-158-1536x1536.jpg 1536w, https:\/\/www.oliver-sport.cz\/new\/wp-content\/uploads\/2026\/04\/80607-VERONA-T-SHIRT-158-370x370.jpg 370w, https:\/\/www.oliver-sport.cz\/new\/wp-content\/uploads\/2026\/04\/80607-VERONA-T-SHIRT-158-120x120.jpg 120w, https:\/\/www.oliver-sport.cz\/new\/wp-content\/uploads\/2026\/04\/80607-VERONA-T-SHIRT-158-760x760.jpg 760w, https:\/\/www.oliver-sport.cz\/new\/wp-content\/uploads\/2026\/04\/80607-VERONA-T-SHIRT-158.jpg 1600w\" sizes=\"auto, (max-width: 1024px) 100vw, 1024px\" \/><\/figure><div class=\"wp-block-media-text__content\">\n<p><strong>VERONA T-SHIRT<\/strong> <strong>LADY<\/strong><\/p>\n\n\n\n<figure class=\"wp-block-table\"><table class=\"has-fixed-layout\"><tbody><tr><td class=\"has-text-align-left\" data-align=\"left\">Materi\u00e1l (vl\u00e1kno)<\/td><td class=\"has-text-align-left\" data-align=\"left\"><strong>100 % Polyester, MC- COOL<\/strong><\/td><\/tr><tr><td class=\"has-text-align-left\" data-align=\"left\">Barva<\/td><td class=\"has-text-align-left\" data-align=\"left\"><strong>modr\u00e1, lila<\/strong><\/td><\/tr><tr><td class=\"has-text-align-left\" data-align=\"left\">Velikost<\/td><td class=\"has-text-align-left\" data-align=\"left\"><strong>XS-XL,<\/strong><\/td><\/tr><tr><td class=\"has-text-align-left\" data-align=\"left\">Pou\u017eit\u00e1 technologie<\/td><td class=\"has-text-align-left\" data-align=\"left\"><strong>MC Cool<\/strong><\/td><\/tr><\/tbody><\/table><\/figure>\n\n\n\n<p><\/p>\n<\/div><\/div>\n\n\n\n<div class=\"wp-block-media-text is-stacked-on-mobile\"><figure class=\"wp-block-media-text__media\"><img loading=\"lazy\" decoding=\"async\" width=\"1024\" height=\"1024\" src=\"https:\/\/www.oliver-sport.cz\/wp-content\/uploads\/2026\/04\/81307-ATLANTA-T-SHIRT-158-1024x1024.jpg\" alt=\"\" class=\"wp-image-1005 size-full\" srcset=\"https:\/\/www.oliver-sport.cz\/new\/wp-content\/uploads\/2026\/04\/81307-ATLANTA-T-SHIRT-158-1024x1024.jpg 1024w, https:\/\/www.oliver-sport.cz\/new\/wp-content\/uploads\/2026\/04\/81307-ATLANTA-T-SHIRT-158-300x300.jpg 300w, https:\/\/www.oliver-sport.cz\/new\/wp-content\/uploads\/2026\/04\/81307-ATLANTA-T-SHIRT-158-150x150.jpg 150w, https:\/\/www.oliver-sport.cz\/new\/wp-content\/uploads\/2026\/04\/81307-ATLANTA-T-SHIRT-158-768x768.jpg 768w, https:\/\/www.oliver-sport.cz\/new\/wp-content\/uploads\/2026\/04\/81307-ATLANTA-T-SHIRT-158-1536x1536.jpg 1536w, https:\/\/www.oliver-sport.cz\/new\/wp-content\/uploads\/2026\/04\/81307-ATLANTA-T-SHIRT-158-370x370.jpg 370w, https:\/\/www.oliver-sport.cz\/new\/wp-content\/uploads\/2026\/04\/81307-ATLANTA-T-SHIRT-158-120x120.jpg 120w, https:\/\/www.oliver-sport.cz\/new\/wp-content\/uploads\/2026\/04\/81307-ATLANTA-T-SHIRT-158-760x760.jpg 760w, https:\/\/www.oliver-sport.cz\/new\/wp-content\/uploads\/2026\/04\/81307-ATLANTA-T-SHIRT-158.jpg 1600w\" sizes=\"auto, (max-width: 1024px) 100vw, 1024px\" \/><\/figure><div class=\"wp-block-media-text__content\">\n<p><strong>ATLANTA T-SHIRT<\/strong><\/p>\n\n\n\n<figure class=\"wp-block-table\"><table class=\"has-fixed-layout\"><tbody><tr><td class=\"has-text-align-left\" data-align=\"left\">Materi\u00e1l (vl\u00e1kno)<\/td><td class=\"has-text-align-left\" data-align=\"left\"><strong>100 % Polyester, MC- COOL<\/strong><\/td><\/tr><tr><td class=\"has-text-align-left\" data-align=\"left\">Barva<\/td><td class=\"has-text-align-left\" data-align=\"left\"><strong>modr\u00e1<\/strong><\/td><\/tr><tr><td class=\"has-text-align-left\" data-align=\"left\">Velikost<\/td><td class=\"has-text-align-left\" data-align=\"left\"><strong>158, XXS-XXL,<\/strong><\/td><\/tr><tr><td class=\"has-text-align-left\" data-align=\"left\">Pou\u017eit\u00e1 technologie<\/td><td class=\"has-text-align-left\" data-align=\"left\"><strong>MC Cool<\/strong><\/td><\/tr><\/tbody><\/table><\/figure>\n\n\n\n<p><\/p>\n<\/div><\/div>\n\n\n\n<div class=\"wp-block-media-text is-stacked-on-mobile\"><figure class=\"wp-block-media-text__media\"><img loading=\"lazy\" decoding=\"async\" width=\"1024\" height=\"1024\" src=\"https:\/\/www.oliver-sport.cz\/wp-content\/uploads\/2026\/04\/81307-ATLANTA-T-SHIRT-158-1024x1024.jpg\" alt=\"\" class=\"wp-image-1005 size-full\" srcset=\"https:\/\/www.oliver-sport.cz\/new\/wp-content\/uploads\/2026\/04\/81307-ATLANTA-T-SHIRT-158-1024x1024.jpg 1024w, https:\/\/www.oliver-sport.cz\/new\/wp-content\/uploads\/2026\/04\/81307-ATLANTA-T-SHIRT-158-300x300.jpg 300w, https:\/\/www.oliver-sport.cz\/new\/wp-content\/uploads\/2026\/04\/81307-ATLANTA-T-SHIRT-158-150x150.jpg 150w, https:\/\/www.oliver-sport.cz\/new\/wp-content\/uploads\/2026\/04\/81307-ATLANTA-T-SHIRT-158-768x768.jpg 768w, https:\/\/www.oliver-sport.cz\/new\/wp-content\/uploads\/2026\/04\/81307-ATLANTA-T-SHIRT-158-1536x1536.jpg 1536w, https:\/\/www.oliver-sport.cz\/new\/wp-content\/uploads\/2026\/04\/81307-ATLANTA-T-SHIRT-158-370x370.jpg 370w, https:\/\/www.oliver-sport.cz\/new\/wp-content\/uploads\/2026\/04\/81307-ATLANTA-T-SHIRT-158-120x120.jpg 120w, https:\/\/www.oliver-sport.cz\/new\/wp-content\/uploads\/2026\/04\/81307-ATLANTA-T-SHIRT-158-760x760.jpg 760w, https:\/\/www.oliver-sport.cz\/new\/wp-content\/uploads\/2026\/04\/81307-ATLANTA-T-SHIRT-158.jpg 1600w\" sizes=\"auto, (max-width: 1024px) 100vw, 1024px\" \/><\/figure><div class=\"wp-block-media-text__content\">\n<p><strong>ATLANTA T-SHIRT<\/strong> <strong>LADY<\/strong><\/p>\n\n\n\n<figure class=\"wp-block-table\"><table class=\"has-fixed-layout\"><tbody><tr><td class=\"has-text-align-left\" data-align=\"left\">Materi\u00e1l (vl\u00e1kno)<\/td><td class=\"has-text-align-left\" data-align=\"left\"><strong>100 % Polyester, MC- COOL<\/strong><\/td><\/tr><tr><td class=\"has-text-align-left\" data-align=\"left\">Barva<\/td><td class=\"has-text-align-left\" data-align=\"left\"><strong>modr\u00e1<\/strong><\/td><\/tr><tr><td class=\"has-text-align-left\" data-align=\"left\">Velikost<\/td><td class=\"has-text-align-left\" data-align=\"left\"><strong>S-XL,<\/strong><\/td><\/tr><tr><td class=\"has-text-align-left\" data-align=\"left\">Pou\u017eit\u00e1 technologie<\/td><td class=\"has-text-align-left\" data-align=\"left\"><strong>MC Cool<\/strong><\/td><\/tr><\/tbody><\/table><\/figure>\n\n\n\n<p><\/p>\n<\/div><\/div>\n\n\n\n<div class=\"wp-block-media-text is-stacked-on-mobile\"><figure class=\"wp-block-media-text__media\"><img loading=\"lazy\" decoding=\"async\" width=\"1024\" height=\"1024\" src=\"https:\/\/www.oliver-sport.cz\/wp-content\/uploads\/2026\/04\/81507-BOSTON-T-SHIRT-158-1024x1024.jpg\" alt=\"\" class=\"wp-image-1006 size-full\" srcset=\"https:\/\/www.oliver-sport.cz\/new\/wp-content\/uploads\/2026\/04\/81507-BOSTON-T-SHIRT-158-1024x1024.jpg 1024w, https:\/\/www.oliver-sport.cz\/new\/wp-content\/uploads\/2026\/04\/81507-BOSTON-T-SHIRT-158-300x300.jpg 300w, https:\/\/www.oliver-sport.cz\/new\/wp-content\/uploads\/2026\/04\/81507-BOSTON-T-SHIRT-158-150x150.jpg 150w, https:\/\/www.oliver-sport.cz\/new\/wp-content\/uploads\/2026\/04\/81507-BOSTON-T-SHIRT-158-768x768.jpg 768w, https:\/\/www.oliver-sport.cz\/new\/wp-content\/uploads\/2026\/04\/81507-BOSTON-T-SHIRT-158-1536x1536.jpg 1536w, https:\/\/www.oliver-sport.cz\/new\/wp-content\/uploads\/2026\/04\/81507-BOSTON-T-SHIRT-158-370x370.jpg 370w, https:\/\/www.oliver-sport.cz\/new\/wp-content\/uploads\/2026\/04\/81507-BOSTON-T-SHIRT-158-120x120.jpg 120w, https:\/\/www.oliver-sport.cz\/new\/wp-content\/uploads\/2026\/04\/81507-BOSTON-T-SHIRT-158-760x760.jpg 760w, https:\/\/www.oliver-sport.cz\/new\/wp-content\/uploads\/2026\/04\/81507-BOSTON-T-SHIRT-158.jpg 1600w\" sizes=\"auto, (max-width: 1024px) 100vw, 1024px\" \/><\/figure><div class=\"wp-block-media-text__content\">\n<p><strong>BOSTON T-SHIRT<\/strong><\/p>\n\n\n\n<figure class=\"wp-block-table\"><table class=\"has-fixed-layout\"><tbody><tr><td class=\"has-text-align-left\" data-align=\"left\">Materi\u00e1l (vl\u00e1kno)<\/td><td class=\"has-text-align-left\" data-align=\"left\"><strong>100 % Polyester, MC- COOL<\/strong><\/td><\/tr><tr><td class=\"has-text-align-left\" data-align=\"left\">Barva<\/td><td class=\"has-text-align-left\" data-align=\"left\"><strong>modr\u00e1<\/strong><\/td><\/tr><tr><td class=\"has-text-align-left\" data-align=\"left\">Velikost<\/td><td class=\"has-text-align-left\" data-align=\"left\"><strong>158, XXS-XXL,<\/strong><\/td><\/tr><tr><td class=\"has-text-align-left\" data-align=\"left\">Pou\u017eit\u00e1 technologie<\/td><td class=\"has-text-align-left\" data-align=\"left\"><strong>MC Cool<\/strong><\/td><\/tr><\/tbody><\/table><\/figure>\n\n\n\n<p><\/p>\n<\/div><\/div>\n\n\n\n<div class=\"wp-block-media-text is-stacked-on-mobile\"><figure class=\"wp-block-media-text__media\"><img loading=\"lazy\" decoding=\"async\" width=\"1024\" height=\"1024\" src=\"https:\/\/www.oliver-sport.cz\/wp-content\/uploads\/2026\/04\/81600-BOSTON-LADY-T-SHIRT-S-1024x1024.jpg\" alt=\"\" class=\"wp-image-1007 size-full\" srcset=\"https:\/\/www.oliver-sport.cz\/new\/wp-content\/uploads\/2026\/04\/81600-BOSTON-LADY-T-SHIRT-S-1024x1024.jpg 1024w, https:\/\/www.oliver-sport.cz\/new\/wp-content\/uploads\/2026\/04\/81600-BOSTON-LADY-T-SHIRT-S-300x300.jpg 300w, https:\/\/www.oliver-sport.cz\/new\/wp-content\/uploads\/2026\/04\/81600-BOSTON-LADY-T-SHIRT-S-150x150.jpg 150w, https:\/\/www.oliver-sport.cz\/new\/wp-content\/uploads\/2026\/04\/81600-BOSTON-LADY-T-SHIRT-S-768x768.jpg 768w, https:\/\/www.oliver-sport.cz\/new\/wp-content\/uploads\/2026\/04\/81600-BOSTON-LADY-T-SHIRT-S-1536x1536.jpg 1536w, https:\/\/www.oliver-sport.cz\/new\/wp-content\/uploads\/2026\/04\/81600-BOSTON-LADY-T-SHIRT-S-370x370.jpg 370w, https:\/\/www.oliver-sport.cz\/new\/wp-content\/uploads\/2026\/04\/81600-BOSTON-LADY-T-SHIRT-S-120x120.jpg 120w, https:\/\/www.oliver-sport.cz\/new\/wp-content\/uploads\/2026\/04\/81600-BOSTON-LADY-T-SHIRT-S-760x760.jpg 760w, https:\/\/www.oliver-sport.cz\/new\/wp-content\/uploads\/2026\/04\/81600-BOSTON-LADY-T-SHIRT-S.jpg 1600w\" sizes=\"auto, (max-width: 1024px) 100vw, 1024px\" \/><\/figure><div class=\"wp-block-media-text__content\">\n<p><strong>BOSTON T-SHIRT<\/strong> <strong>LADY<\/strong><\/p>\n\n\n\n<figure class=\"wp-block-table\"><table class=\"has-fixed-layout\"><tbody><tr><td class=\"has-text-align-left\" data-align=\"left\">Materi\u00e1l (vl\u00e1kno)<\/td><td class=\"has-text-align-left\" data-align=\"left\"><strong>100 % Polyester, MC- COOL<\/strong><\/td><\/tr><tr><td class=\"has-text-align-left\" data-align=\"left\">Barva<\/td><td class=\"has-text-align-left\" data-align=\"left\"><strong>modr\u00e1<\/strong><\/td><\/tr><tr><td class=\"has-text-align-left\" data-align=\"left\">Velikost<\/td><td class=\"has-text-align-left\" data-align=\"left\"><strong>S-XL,<\/strong><\/td><\/tr><tr><td class=\"has-text-align-left\" data-align=\"left\">Pou\u017eit\u00e1 technologie<\/td><td class=\"has-text-align-left\" data-align=\"left\"><strong>MC Cool<\/strong><\/td><\/tr><\/tbody><\/table><\/figure>\n\n\n\n<p><\/p>\n<\/div><\/div>\n","protected":false},"excerpt":{"rendered":"<p>SIENA T-SHIRT Materi\u00e1l (vl\u00e1kno) 100 % Polyester, MC- COOL Barva b\u00edl\u00e1, modr\u00e1 Velikost 158, XXS-XXL, Pou\u017eit\u00e1 technologie MC Cool SIENA T-SHIRT LADY Materi\u00e1l (vl\u00e1kno) 100 % Polyester, MC- COOL Barva b\u00edl\u00e1, modr\u00e1 Velikost S-XL, Pou\u017eit\u00e1 technologie MC Cool MILANO T-SHIRT Materi\u00e1l (vl\u00e1kno) 100 % Polyester, MC- COOL Barva \u010dern\u00e1, b\u00edl\u00e1, \u010derven\u00e1 Velikost 158, XXS-XXL, Pou\u017eit\u00e1 technologie MC Cool MILANO T-SHIRT&hellip;<\/p>\n","protected":false},"author":1,"featured_media":0,"parent":987,"menu_order":0,"comment_status":"closed","ping_status":"closed","template":"","meta":{"footnotes":""},"class_list":["post-999","page","type-page","status-publish","hentry"],"_links":{"self":[{"href":"https:\/\/www.oliver-sport.cz\/new\/wp-json\/wp\/v2\/pages\/999","targetHints":{"allow":["GET"]}}],"collection":[{"href":"https:\/\/www.oliver-sport.cz\/new\/wp-json\/wp\/v2\/pages"}],"about":[{"href":"https:\/\/www.oliver-sport.cz\/new\/wp-json\/wp\/v2\/types\/page"}],"author":[{"embeddable":true,"href":"https:\/\/www.oliver-sport.cz\/new\/wp-json\/wp\/v2\/users\/1"}],"replies":[{"embeddable":true,"href":"https:\/\/www.oliver-sport.cz\/new\/wp-json\/wp\/v2\/comments?post=999"}],"version-history":[{"count":1,"href":"https:\/\/www.oliver-sport.cz\/new\/wp-json\/wp\/v2\/pages\/999\/revisions"}],"predecessor-version":[{"id":1008,"href":"https:\/\/www.oliver-sport.cz\/new\/wp-json\/wp\/v2\/pages\/999\/revisions\/1008"}],"up":[{"embeddable":true,"href":"https:\/\/www.oliver-sport.cz\/new\/wp-json\/wp\/v2\/pages\/987"}],"wp:attachment":[{"href":"https:\/\/www.oliver-sport.cz\/new\/wp-json\/wp\/v2\/media?parent=999"}],"curies":[{"name":"wp","href":"https:\/\/api.w.org\/{rel}","templated":true}]}}