{"id":989,"date":"2026-04-02T09:15:15","date_gmt":"2026-04-02T09:15:15","guid":{"rendered":"https:\/\/www.oliver-sport.cz\/new\/?page_id=989"},"modified":"2026-04-14T13:15:07","modified_gmt":"2026-04-14T13:15:07","slug":"bagy","status":"publish","type":"page","link":"https:\/\/www.oliver-sport.cz\/new\/bagy\/","title":{"rendered":"Bagy"},"content":{"rendered":"<div class=\"wp-block-image\">\n<figure class=\"aligncenter size-large\"><img loading=\"lazy\" decoding=\"async\" width=\"1024\" height=\"512\" src=\"https:\/\/www.oliver-sport.cz\/wp-content\/uploads\/2026\/04\/banner_bagy-1-1024x512.png\" alt=\"\" class=\"wp-image-1180\" srcset=\"https:\/\/www.oliver-sport.cz\/new\/wp-content\/uploads\/2026\/04\/banner_bagy-1-1024x512.png 1024w, https:\/\/www.oliver-sport.cz\/new\/wp-content\/uploads\/2026\/04\/banner_bagy-1-300x150.png 300w, https:\/\/www.oliver-sport.cz\/new\/wp-content\/uploads\/2026\/04\/banner_bagy-1-768x384.png 768w, https:\/\/www.oliver-sport.cz\/new\/wp-content\/uploads\/2026\/04\/banner_bagy-1-1536x768.png 1536w, https:\/\/www.oliver-sport.cz\/new\/wp-content\/uploads\/2026\/04\/banner_bagy-1-2048x1024.png 2048w, https:\/\/www.oliver-sport.cz\/new\/wp-content\/uploads\/2026\/04\/banner_bagy-1-370x185.png 370w, https:\/\/www.oliver-sport.cz\/new\/wp-content\/uploads\/2026\/04\/banner_bagy-1-760x380.png 760w\" sizes=\"auto, (max-width: 1024px) 100vw, 1024px\" \/><\/figure>\n<\/div>\n\n\n<p class=\"has-text-align-center\">Komplexn\u00ed nab\u00eddku pro hru squash, badminton, tenis, padel a pickleball uzav\u00edraj\u00ed ta\u0161ky, batohy a bagy zna\u010dky Oliver. Prohl\u00eddn\u011bte si nab\u00eddku bag\u016f, kter\u00e9 se vyzna\u010duj\u00ed velmi slu\u0161iv\u00fdm designem ale i nesm\u00edrnou prakti\u010dnost\u00ed dan\u00e9ho produktu. <\/p>\n\n\n\n<p class=\"has-text-align-center\">Hled\u00e1te mal\u00fd bag na ob\u010dasn\u00e9 sportov\u00e1n\u00ed nebo naopak velk\u00fd bag na velk\u00e9 eventy, nebo jen pro cestov\u00e1n\u00ed nejen za sportem \u2013 proto si prohl\u00eddn\u011bte na\u0161i \u0161irokou a pestrobarevnou nab\u00eddku bag\u016f.<\/p>\n\n\n\n<hr class=\"wp-block-separator aligncenter has-alpha-channel-opacity\"\/>\n\n\n\n<p class=\"has-text-align-center\"><strong>TOP PRO BAGY<\/strong><\/p>\n\n\n\n<div class=\"wp-block-media-text is-stacked-on-mobile\"><figure class=\"wp-block-media-text__media\"><img loading=\"lazy\" decoding=\"async\" width=\"1024\" height=\"1024\" src=\"https:\/\/www.oliver-sport.cz\/wp-content\/uploads\/2026\/04\/65130-RACKETBAG-TOP-PRO-Extend-1024x1024.jpg\" alt=\"\" class=\"wp-image-1033 size-full\" srcset=\"https:\/\/www.oliver-sport.cz\/new\/wp-content\/uploads\/2026\/04\/65130-RACKETBAG-TOP-PRO-Extend-1024x1024.jpg 1024w, https:\/\/www.oliver-sport.cz\/new\/wp-content\/uploads\/2026\/04\/65130-RACKETBAG-TOP-PRO-Extend-300x300.jpg 300w, https:\/\/www.oliver-sport.cz\/new\/wp-content\/uploads\/2026\/04\/65130-RACKETBAG-TOP-PRO-Extend-150x150.jpg 150w, https:\/\/www.oliver-sport.cz\/new\/wp-content\/uploads\/2026\/04\/65130-RACKETBAG-TOP-PRO-Extend-768x768.jpg 768w, https:\/\/www.oliver-sport.cz\/new\/wp-content\/uploads\/2026\/04\/65130-RACKETBAG-TOP-PRO-Extend-1536x1536.jpg 1536w, https:\/\/www.oliver-sport.cz\/new\/wp-content\/uploads\/2026\/04\/65130-RACKETBAG-TOP-PRO-Extend-370x370.jpg 370w, https:\/\/www.oliver-sport.cz\/new\/wp-content\/uploads\/2026\/04\/65130-RACKETBAG-TOP-PRO-Extend-120x120.jpg 120w, https:\/\/www.oliver-sport.cz\/new\/wp-content\/uploads\/2026\/04\/65130-RACKETBAG-TOP-PRO-Extend-760x760.jpg 760w, https:\/\/www.oliver-sport.cz\/new\/wp-content\/uploads\/2026\/04\/65130-RACKETBAG-TOP-PRO-Extend.jpg 1600w\" sizes=\"auto, (max-width: 1024px) 100vw, 1024px\" \/><\/figure><div class=\"wp-block-media-text__content\">\n<p><strong>RACKETBAG TOP PRO EXTEND<\/strong><\/p>\n\n\n\n<p>Racketbag TOP PRO Extend nastavuje nov\u00e9 standardy v oblasti designu a kvality. Jako optimalizovan\u00fd n\u00e1stupce na\u0161\u00ed osv\u011bd\u010den\u00e9 \u0159ady byl p\u0159esn\u011b p\u0159izp\u016fsoben vysok\u00fdm n\u00e1rok\u016fm modern\u00edch raketov\u00fdch sportovc\u016f. Rozhoduj\u00edc\u00edm plusem ve funk\u010dnosti je, \u017ee ta\u0161ka nyn\u00ed disponuje dal\u0161\u00ed hlavn\u00ed p\u0159ihr\u00e1dkou \u2013 celkem t\u0159emi velkorys\u00fdmi p\u0159ihr\u00e1dkami. Jedna z nich je speci\u00e1ln\u011b termoizolovan\u00e1, aby chr\u00e1nila va\u0161e rakety p\u0159ed extr\u00e9mn\u00edmi teplotn\u00edmi v\u00fdkyvy. D\u00edky zes\u00edlen\u00fdm \u0161v\u016fm, robustn\u00edmu materi\u00e1lu a odv\u011btr\u00e1van\u00e9 mokr\u00e9 p\u0159ihr\u00e1dce je ide\u00e1ln\u00edm spole\u010dn\u00edkem na tr\u00e9nink i sout\u011b\u017ee.<\/p>\n<\/div><\/div>\n\n\n\n<hr class=\"wp-block-separator aligncenter has-alpha-channel-opacity\"\/>\n\n\n\n<p class=\"has-text-align-center\"><strong>GEARBAGY<\/strong><\/p>\n\n\n\n<div class=\"wp-block-media-text is-stacked-on-mobile\"><figure class=\"wp-block-media-text__media\"><img loading=\"lazy\" decoding=\"async\" width=\"1024\" height=\"1024\" src=\"https:\/\/www.oliver-sport.cz\/wp-content\/uploads\/2026\/04\/65089-GEARBAG-Extend-1024x1024.jpg\" alt=\"\" class=\"wp-image-1035 size-full\" srcset=\"https:\/\/www.oliver-sport.cz\/new\/wp-content\/uploads\/2026\/04\/65089-GEARBAG-Extend-1024x1024.jpg 1024w, https:\/\/www.oliver-sport.cz\/new\/wp-content\/uploads\/2026\/04\/65089-GEARBAG-Extend-300x300.jpg 300w, https:\/\/www.oliver-sport.cz\/new\/wp-content\/uploads\/2026\/04\/65089-GEARBAG-Extend-150x150.jpg 150w, https:\/\/www.oliver-sport.cz\/new\/wp-content\/uploads\/2026\/04\/65089-GEARBAG-Extend-768x768.jpg 768w, https:\/\/www.oliver-sport.cz\/new\/wp-content\/uploads\/2026\/04\/65089-GEARBAG-Extend-1536x1536.jpg 1536w, https:\/\/www.oliver-sport.cz\/new\/wp-content\/uploads\/2026\/04\/65089-GEARBAG-Extend-370x370.jpg 370w, https:\/\/www.oliver-sport.cz\/new\/wp-content\/uploads\/2026\/04\/65089-GEARBAG-Extend-120x120.jpg 120w, https:\/\/www.oliver-sport.cz\/new\/wp-content\/uploads\/2026\/04\/65089-GEARBAG-Extend-760x760.jpg 760w, https:\/\/www.oliver-sport.cz\/new\/wp-content\/uploads\/2026\/04\/65089-GEARBAG-Extend.jpg 1600w\" sizes=\"auto, (max-width: 1024px) 100vw, 1024px\" \/><\/figure><div class=\"wp-block-media-text__content\">\n<p><strong>GEARBAG EXTEND<\/strong><\/p>\n\n\n\n<p>OLIVER GEARBAG je ide\u00e1ln\u00ed sportovn\u00ed ta\u0161ka pro ty, kte\u0159\u00ed hledaj\u00ed maxim\u00e1ln\u00ed funk\u010dnost a profesion\u00e1ln\u00ed styl. Jej\u00ed propracovan\u00e9 uspo\u0159\u00e1d\u00e1n\u00ed umo\u017e\u0148uje perfektn\u00ed organizaci ve\u0161ker\u00e9ho sportovn\u00edho vybaven\u00ed: krom\u011b extra velk\u00e9 hlavn\u00ed p\u0159ihr\u00e1dky zaji\u0161\u0165uj\u00ed dv\u011b vn\u011bj\u0161\u00ed kapsy bezpe\u010dnou p\u0159epravu va\u0161ich raket, p\u0159i\u010dem\u017e jedna p\u0159ihr\u00e1dka je vybavena tepelnou izolac\u00ed pro optim\u00e1ln\u00ed ochranu p\u0159ed v\u00fdkyvy teplot. Samostatn\u00e9 p\u0159ihr\u00e1dky v horn\u00ed a doln\u00ed \u010d\u00e1sti na boty nebo mokr\u00e9 oble\u010den\u00ed tak\u00e9 zaru\u010duj\u00ed \u010dist\u00e9 odd\u011blen\u00ed va\u0161eho vybaven\u00ed. Tato ta\u0161ka je vyrobena z odoln\u00e9ho materi\u00e1lu a je robustn\u00edm \u0159e\u0161en\u00edm pro pravideln\u00e9 pou\u017e\u00edv\u00e1n\u00ed p\u0159i tr\u00e9ninku i sout\u011b\u017e\u00edch.<\/p>\n<\/div><\/div>\n\n\n\n<div class=\"wp-block-media-text is-stacked-on-mobile\"><figure class=\"wp-block-media-text__media\"><img loading=\"lazy\" decoding=\"async\" width=\"1000\" height=\"1000\" src=\"https:\/\/www.oliver-sport.cz\/wp-content\/uploads\/2026\/04\/65079-GEARBAG-Silver-orange.jpg\" alt=\"\" class=\"wp-image-1036 size-full\" srcset=\"https:\/\/www.oliver-sport.cz\/new\/wp-content\/uploads\/2026\/04\/65079-GEARBAG-Silver-orange.jpg 1000w, https:\/\/www.oliver-sport.cz\/new\/wp-content\/uploads\/2026\/04\/65079-GEARBAG-Silver-orange-300x300.jpg 300w, https:\/\/www.oliver-sport.cz\/new\/wp-content\/uploads\/2026\/04\/65079-GEARBAG-Silver-orange-150x150.jpg 150w, https:\/\/www.oliver-sport.cz\/new\/wp-content\/uploads\/2026\/04\/65079-GEARBAG-Silver-orange-768x768.jpg 768w, https:\/\/www.oliver-sport.cz\/new\/wp-content\/uploads\/2026\/04\/65079-GEARBAG-Silver-orange-370x370.jpg 370w, https:\/\/www.oliver-sport.cz\/new\/wp-content\/uploads\/2026\/04\/65079-GEARBAG-Silver-orange-120x120.jpg 120w, https:\/\/www.oliver-sport.cz\/new\/wp-content\/uploads\/2026\/04\/65079-GEARBAG-Silver-orange-760x760.jpg 760w\" sizes=\"auto, (max-width: 1000px) 100vw, 1000px\" \/><\/figure><div class=\"wp-block-media-text__content\">\n<p><strong>GEARBAG SILVER\/ ORANGE<\/strong><\/p>\n\n\n\n<p>OLIVER GEARBAG je ide\u00e1ln\u00ed sportovn\u00ed ta\u0161ka pro ty, kte\u0159\u00ed hledaj\u00ed maxim\u00e1ln\u00ed funk\u010dnost a profesion\u00e1ln\u00ed styl. Jej\u00ed propracovan\u00e9 uspo\u0159\u00e1d\u00e1n\u00ed umo\u017e\u0148uje perfektn\u00ed organizaci ve\u0161ker\u00e9ho sportovn\u00edho vybaven\u00ed: krom\u011b extra velk\u00e9 hlavn\u00ed p\u0159ihr\u00e1dky zaji\u0161\u0165uj\u00ed dv\u011b vn\u011bj\u0161\u00ed kapsy bezpe\u010dnou p\u0159epravu va\u0161ich raket, p\u0159i\u010dem\u017e jedna p\u0159ihr\u00e1dka je vybavena tepelnou izolac\u00ed pro optim\u00e1ln\u00ed ochranu p\u0159ed v\u00fdkyvy teplot. Samostatn\u00e9 p\u0159ihr\u00e1dky v horn\u00ed a doln\u00ed \u010d\u00e1sti na boty nebo mokr\u00e9 oble\u010den\u00ed tak\u00e9 zaru\u010duj\u00ed \u010dist\u00e9 odd\u011blen\u00ed va\u0161eho vybaven\u00ed. Tato ta\u0161ka je vyrobena z odoln\u00e9ho materi\u00e1lu a je robustn\u00edm \u0159e\u0161en\u00edm pro pravideln\u00e9 pou\u017e\u00edv\u00e1n\u00ed p\u0159i tr\u00e9ninku i sout\u011b\u017e\u00edch.<\/p>\n<\/div><\/div>\n\n\n\n<hr class=\"wp-block-separator aligncenter has-alpha-channel-opacity\"\/>\n\n\n\n<p class=\"has-text-align-center\"><strong>LONG-RUCKSACKY<\/strong><\/p>\n\n\n\n<div class=\"wp-block-media-text is-stacked-on-mobile\"><figure class=\"wp-block-media-text__media\"><img loading=\"lazy\" decoding=\"async\" width=\"1024\" height=\"1024\" src=\"https:\/\/www.oliver-sport.cz\/wp-content\/uploads\/2026\/04\/65121-LONG-RUCKSACK-Blue-grey-1024x1024.jpg\" alt=\"\" class=\"wp-image-1037 size-full\" srcset=\"https:\/\/www.oliver-sport.cz\/new\/wp-content\/uploads\/2026\/04\/65121-LONG-RUCKSACK-Blue-grey-1024x1024.jpg 1024w, https:\/\/www.oliver-sport.cz\/new\/wp-content\/uploads\/2026\/04\/65121-LONG-RUCKSACK-Blue-grey-300x300.jpg 300w, https:\/\/www.oliver-sport.cz\/new\/wp-content\/uploads\/2026\/04\/65121-LONG-RUCKSACK-Blue-grey-150x150.jpg 150w, https:\/\/www.oliver-sport.cz\/new\/wp-content\/uploads\/2026\/04\/65121-LONG-RUCKSACK-Blue-grey-768x768.jpg 768w, https:\/\/www.oliver-sport.cz\/new\/wp-content\/uploads\/2026\/04\/65121-LONG-RUCKSACK-Blue-grey-1536x1536.jpg 1536w, https:\/\/www.oliver-sport.cz\/new\/wp-content\/uploads\/2026\/04\/65121-LONG-RUCKSACK-Blue-grey-370x370.jpg 370w, https:\/\/www.oliver-sport.cz\/new\/wp-content\/uploads\/2026\/04\/65121-LONG-RUCKSACK-Blue-grey-120x120.jpg 120w, https:\/\/www.oliver-sport.cz\/new\/wp-content\/uploads\/2026\/04\/65121-LONG-RUCKSACK-Blue-grey-760x760.jpg 760w, https:\/\/www.oliver-sport.cz\/new\/wp-content\/uploads\/2026\/04\/65121-LONG-RUCKSACK-Blue-grey.jpg 1600w\" sizes=\"auto, (max-width: 1024px) 100vw, 1024px\" \/><\/figure><div class=\"wp-block-media-text__content\">\n<p><strong>LONG- RUCKSACK BLUE\/GREY<\/strong><\/p>\n\n\n\n<p>D\u00edky sv\u00e9mu elegantn\u00edmu, prot\u00e1hl\u00e9mu designu nab\u00edz\u00ed tento batoh dostatek prostoru pro r\u016fzn\u00e9 rakety, co\u017e zaji\u0161\u0165uje, \u017ee va\u0161e vybaven\u00ed bude v\u017edy bezpe\u010dn\u011b a stylov\u011b ulo\u017eeno. Speci\u00e1ln\u00ed p\u0159ihr\u00e1dka na boty a r\u016fzn\u00e9 mo\u017enosti \u00falo\u017en\u00e9ho prostoru jsou navr\u017eeny tak, aby va\u0161e sportovn\u00ed vybaven\u00ed bylo uspo\u0159\u00e1dan\u00e9 a snadno dostupn\u00e9, zat\u00edmco robustn\u00ed materi\u00e1l a vysoce kvalitn\u00ed \u0159emesln\u00e9 zpracov\u00e1n\u00ed v\u00e1s doprov\u00e1zej\u00ed na ka\u017ed\u00e9m kroku va\u0161\u00ed cesty k v\u00edt\u011bzstv\u00ed.<\/p>\n<\/div><\/div>\n\n\n\n<div class=\"wp-block-media-text is-stacked-on-mobile\"><figure class=\"wp-block-media-text__media\"><img loading=\"lazy\" decoding=\"async\" width=\"1000\" height=\"1000\" src=\"https:\/\/www.oliver-sport.cz\/wp-content\/uploads\/2026\/04\/65119-LONG-RUCKSACK-Grey-orange.jpg\" alt=\"\" class=\"wp-image-1038 size-full\" srcset=\"https:\/\/www.oliver-sport.cz\/new\/wp-content\/uploads\/2026\/04\/65119-LONG-RUCKSACK-Grey-orange.jpg 1000w, https:\/\/www.oliver-sport.cz\/new\/wp-content\/uploads\/2026\/04\/65119-LONG-RUCKSACK-Grey-orange-300x300.jpg 300w, https:\/\/www.oliver-sport.cz\/new\/wp-content\/uploads\/2026\/04\/65119-LONG-RUCKSACK-Grey-orange-150x150.jpg 150w, https:\/\/www.oliver-sport.cz\/new\/wp-content\/uploads\/2026\/04\/65119-LONG-RUCKSACK-Grey-orange-768x768.jpg 768w, https:\/\/www.oliver-sport.cz\/new\/wp-content\/uploads\/2026\/04\/65119-LONG-RUCKSACK-Grey-orange-370x370.jpg 370w, https:\/\/www.oliver-sport.cz\/new\/wp-content\/uploads\/2026\/04\/65119-LONG-RUCKSACK-Grey-orange-120x120.jpg 120w, https:\/\/www.oliver-sport.cz\/new\/wp-content\/uploads\/2026\/04\/65119-LONG-RUCKSACK-Grey-orange-760x760.jpg 760w\" sizes=\"auto, (max-width: 1000px) 100vw, 1000px\" \/><\/figure><div class=\"wp-block-media-text__content\">\n<p><strong>LONG- RUCKSACK GREY\/ORANGE<\/strong><\/p>\n\n\n\n<p>D\u00edky sv\u00e9mu elegantn\u00edmu, prot\u00e1hl\u00e9mu designu nab\u00edz\u00ed tento batoh dostatek prostoru pro r\u016fzn\u00e9 rakety, co\u017e zaji\u0161\u0165uje, \u017ee va\u0161e vybaven\u00ed bude v\u017edy bezpe\u010dn\u011b a stylov\u011b ulo\u017eeno. Speci\u00e1ln\u00ed p\u0159ihr\u00e1dka na boty a r\u016fzn\u00e9 mo\u017enosti \u00falo\u017en\u00e9ho prostoru jsou navr\u017eeny tak, aby va\u0161e sportovn\u00ed vybaven\u00ed bylo uspo\u0159\u00e1dan\u00e9 a snadno dostupn\u00e9, zat\u00edmco robustn\u00ed materi\u00e1l a vysoce kvalitn\u00ed \u0159emesln\u00e9 zpracov\u00e1n\u00ed v\u00e1s doprov\u00e1zej\u00ed na ka\u017ed\u00e9m kroku va\u0161\u00ed cesty k v\u00edt\u011bzstv\u00ed.<\/p>\n<\/div><\/div>\n\n\n\n<hr class=\"wp-block-separator aligncenter has-alpha-channel-opacity\"\/>\n\n\n\n<div class=\"wp-block-media-text is-stacked-on-mobile\"><figure class=\"wp-block-media-text__media\"><img loading=\"lazy\" decoding=\"async\" width=\"1024\" height=\"1024\" src=\"https:\/\/www.oliver-sport.cz\/wp-content\/uploads\/2026\/04\/65053-PICKLEBALL-PADELBAG-1024x1024.jpg\" alt=\"\" class=\"wp-image-1039 size-full\" srcset=\"https:\/\/www.oliver-sport.cz\/new\/wp-content\/uploads\/2026\/04\/65053-PICKLEBALL-PADELBAG-1024x1024.jpg 1024w, https:\/\/www.oliver-sport.cz\/new\/wp-content\/uploads\/2026\/04\/65053-PICKLEBALL-PADELBAG-300x300.jpg 300w, https:\/\/www.oliver-sport.cz\/new\/wp-content\/uploads\/2026\/04\/65053-PICKLEBALL-PADELBAG-150x150.jpg 150w, https:\/\/www.oliver-sport.cz\/new\/wp-content\/uploads\/2026\/04\/65053-PICKLEBALL-PADELBAG-768x768.jpg 768w, https:\/\/www.oliver-sport.cz\/new\/wp-content\/uploads\/2026\/04\/65053-PICKLEBALL-PADELBAG-1536x1536.jpg 1536w, https:\/\/www.oliver-sport.cz\/new\/wp-content\/uploads\/2026\/04\/65053-PICKLEBALL-PADELBAG-370x370.jpg 370w, https:\/\/www.oliver-sport.cz\/new\/wp-content\/uploads\/2026\/04\/65053-PICKLEBALL-PADELBAG-120x120.jpg 120w, https:\/\/www.oliver-sport.cz\/new\/wp-content\/uploads\/2026\/04\/65053-PICKLEBALL-PADELBAG-760x760.jpg 760w, https:\/\/www.oliver-sport.cz\/new\/wp-content\/uploads\/2026\/04\/65053-PICKLEBALL-PADELBAG.jpg 1600w\" sizes=\"auto, (max-width: 1024px) 100vw, 1024px\" \/><\/figure><div class=\"wp-block-media-text__content\">\n<p><strong>PICKEBALL, PADEL BAG<\/strong><\/p>\n\n\n\n<p>Ta\u0161ka na padel a pickleball je ide\u00e1ln\u00edm \u0159e\u0161en\u00edm pro v\u00e1s, pokud hled\u00e1te kompaktn\u00ed a z\u00e1rove\u0148 prostornou ta\u0161ku na va\u0161e specifick\u00e9 vybaven\u00ed. Chytr\u00fd design nab\u00edz\u00ed velkorys\u00fd hlavn\u00ed prostor pro ve\u0161ker\u00e9 va\u0161e sportovn\u00ed vybaven\u00ed a tak\u00e9 samostatn\u011b polstrovan\u00fd prostor na rakety, kter\u00fd zaru\u010duje optim\u00e1ln\u00ed ochranu va\u0161\u00ed padelov\u00e9 nebo pickleballov\u00e9 rakety. D\u00edky pou\u017eit\u00ed vysoce kvalitn\u00edho polyesteru a zes\u00edlen\u00fdm \u0161v\u016fm je ta\u0161ka extr\u00e9mn\u011b robustn\u00ed a snadno odol\u00e1 n\u00e1rok\u016fm va\u0161\u00ed ka\u017edodenn\u00ed hry. Polstrovan\u00e9 ramenn\u00ed popruhy tak\u00e9 zaji\u0161\u0165uj\u00ed prvot\u0159\u00eddn\u00ed pohodl\u00ed p\u0159i no\u0161en\u00ed cestou na kurt.<\/p>\n<\/div><\/div>\n","protected":false},"excerpt":{"rendered":"<p>Komplexn\u00ed nab\u00eddku pro hru squash, badminton, tenis, padel a pickleball uzav\u00edraj\u00ed ta\u0161ky, batohy a bagy zna\u010dky Oliver. Prohl\u00eddn\u011bte si nab\u00eddku bag\u016f, kter\u00e9 se vyzna\u010duj\u00ed velmi slu\u0161iv\u00fdm designem ale i nesm\u00edrnou prakti\u010dnost\u00ed dan\u00e9ho produktu. Hled\u00e1te mal\u00fd bag na ob\u010dasn\u00e9 sportov\u00e1n\u00ed nebo naopak velk\u00fd bag na velk\u00e9 eventy, nebo jen pro cestov\u00e1n\u00ed nejen za sportem \u2013 proto si prohl\u00eddn\u011bte na\u0161i \u0161irokou a&hellip;<\/p>\n","protected":false},"author":1,"featured_media":0,"parent":0,"menu_order":0,"comment_status":"closed","ping_status":"closed","template":"","meta":{"footnotes":""},"class_list":["post-989","page","type-page","status-publish","hentry"],"_links":{"self":[{"href":"https:\/\/www.oliver-sport.cz\/new\/wp-json\/wp\/v2\/pages\/989","targetHints":{"allow":["GET"]}}],"collection":[{"href":"https:\/\/www.oliver-sport.cz\/new\/wp-json\/wp\/v2\/pages"}],"about":[{"href":"https:\/\/www.oliver-sport.cz\/new\/wp-json\/wp\/v2\/types\/page"}],"author":[{"embeddable":true,"href":"https:\/\/www.oliver-sport.cz\/new\/wp-json\/wp\/v2\/users\/1"}],"replies":[{"embeddable":true,"href":"https:\/\/www.oliver-sport.cz\/new\/wp-json\/wp\/v2\/comments?post=989"}],"version-history":[{"count":7,"href":"https:\/\/www.oliver-sport.cz\/new\/wp-json\/wp\/v2\/pages\/989\/revisions"}],"predecessor-version":[{"id":1186,"href":"https:\/\/www.oliver-sport.cz\/new\/wp-json\/wp\/v2\/pages\/989\/revisions\/1186"}],"wp:attachment":[{"href":"https:\/\/www.oliver-sport.cz\/new\/wp-json\/wp\/v2\/media?parent=989"}],"curies":[{"name":"wp","href":"https:\/\/api.w.org\/{rel}","templated":true}]}}