{"id":987,"date":"2026-04-02T09:14:03","date_gmt":"2026-04-02T09:14:03","guid":{"rendered":"https:\/\/www.oliver-sport.cz\/new\/?page_id=987"},"modified":"2026-04-14T13:00:14","modified_gmt":"2026-04-14T13:00:14","slug":"obleceni","status":"publish","type":"page","link":"https:\/\/www.oliver-sport.cz\/new\/obleceni\/","title":{"rendered":"Oble\u010den\u00ed"},"content":{"rendered":"<div class=\"wp-block-image\">\n<figure class=\"aligncenter size-full\"><img loading=\"lazy\" decoding=\"async\" width=\"2560\" height=\"1280\" src=\"https:\/\/www.oliver-sport.cz\/wp-content\/uploads\/2026\/04\/banner_obleceni-2-scaled.png\" alt=\"\" class=\"wp-image-1176\" srcset=\"https:\/\/www.oliver-sport.cz\/new\/wp-content\/uploads\/2026\/04\/banner_obleceni-2-scaled.png 2560w, https:\/\/www.oliver-sport.cz\/new\/wp-content\/uploads\/2026\/04\/banner_obleceni-2-300x150.png 300w, https:\/\/www.oliver-sport.cz\/new\/wp-content\/uploads\/2026\/04\/banner_obleceni-2-1024x512.png 1024w, https:\/\/www.oliver-sport.cz\/new\/wp-content\/uploads\/2026\/04\/banner_obleceni-2-768x384.png 768w, https:\/\/www.oliver-sport.cz\/new\/wp-content\/uploads\/2026\/04\/banner_obleceni-2-1536x768.png 1536w, https:\/\/www.oliver-sport.cz\/new\/wp-content\/uploads\/2026\/04\/banner_obleceni-2-2048x1024.png 2048w, https:\/\/www.oliver-sport.cz\/new\/wp-content\/uploads\/2026\/04\/banner_obleceni-2-370x185.png 370w, https:\/\/www.oliver-sport.cz\/new\/wp-content\/uploads\/2026\/04\/banner_obleceni-2-760x380.png 760w\" sizes=\"auto, (max-width: 2560px) 100vw, 2560px\" \/><\/figure>\n<\/div>\n\n\n<p class=\"has-text-align-center\">Elegantn\u00ed m\u00f3da, kvalitn\u00ed textilie, perfektn\u00ed design i st\u0159ih to jsou znaky kter\u00fdmi se OLIVER vyzna\u010duje. <\/p>\n\n\n\n<p class=\"has-text-align-center\">\u0160irok\u00e1 nab\u00eddka textiu- \u00a0od \u010depic a\u017e po pono\u017eky, v\u010detn\u011b tepl\u00e1k\u016f bund ale i dopl\u0148k\u016f jako jsou pot\u00edtka a \u010delenky tvo\u0159\u00ed komplexn\u00ed nab\u00eddku Oliveru, ze kter\u00e9 si vybere ka\u017ed\u00fd hr\u00e1\u010d i hr\u00e1\u010dka. Nen\u00ed n\u00e1hodou, \u017ee si z\u00a0na\u0161\u00ed kolekce vybrali i nejv\u011bt\u0161\u00ed dru\u017estva v\u00a0\u010cR jako je squash club Strahov, Hradec Kr\u00e1lov\u00e9 nebo Kutn\u00e1 Hora.<\/p>\n\n\n\n<p class=\"has-text-align-center\">Prohl\u00eddn\u011bte si zde aktualn\u00ed kolekci a uznejte, \u017ee i za m\u00e1lo pen\u011bz lze sehnat kvalitn\u00ed zna\u010dkov\u00e9 oble\u010den\u00ed<\/p>\n\n\n\n<p class=\"has-text-align-center\"><strong>Doporu\u010den\u00ed OLIVER:<\/strong>&nbsp;jedine\u010dn\u00e1 technologie na\u0161ich funk\u010dn\u00edch produkt\u016f &#8211; MC Cool technologie &#8211; jsou jemn\u00e1 syntetick\u00e1 vl\u00e1kna (mikrovl\u00e1kna), kter\u00e1 zaji\u0161\u0165uj\u00ed prody\u0161nost, odolnost a lehkost. V\u00fdrobky z tohoto materi\u00e1lu se snadno \u010dist\u00ed, rychle se su\u0161\u00ed a udr\u017euj\u00ed t\u011blo v suchu a teple.<\/p>\n\n\n\n<p class=\"has-text-align-center\">MC Cool technologie pom\u00e1h\u00e1 regulovat t\u011blesnou teplotu a pom\u00e1h\u00e1 nad\u0161en\u00fdm sportovc\u016fm pod\u00e1vat d\u00edky komfortu p\u0159i h\u0159e co nejlep\u0161\u00ed v\u00fdkony.<\/p>\n\n\n\n<p class=\"has-text-align-center\">Vyzkou\u0161ejte tuto jedine\u010dnou technologii na sob\u011b!<\/p>\n\n\n\n<div class=\"wp-block-buttons is-content-justification-center is-layout-flex wp-container-core-buttons-is-layout-16018d1d wp-block-buttons-is-layout-flex\">\n<div class=\"wp-block-button\"><a class=\"wp-block-button__link wp-element-button\" href=\"https:\/\/www.oliver-sport.cz\/obleceni\/team\/\">TEAM<\/a><\/div>\n\n\n\n<div class=\"wp-block-button\"><a class=\"wp-block-button__link wp-element-button\" href=\"https:\/\/www.oliver-sport.cz\/obleceni\/basic\/\">BASIC<\/a><\/div>\n\n\n\n<div class=\"wp-block-button\"><a class=\"wp-block-button__link wp-element-button\" href=\"https:\/\/www.oliver-sport.cz\/obleceni\/sortky-sukne-kalhoty\/\">\u0160ORTKY, SUKN\u011a, KALHOTY<\/a><\/div>\n<\/div>\n\n\n\n<p><\/p>\n","protected":false},"excerpt":{"rendered":"<p>Elegantn\u00ed m\u00f3da, kvalitn\u00ed textilie, perfektn\u00ed design i st\u0159ih to jsou znaky kter\u00fdmi se OLIVER vyzna\u010duje. \u0160irok\u00e1 nab\u00eddka textiu- \u00a0od \u010depic a\u017e po pono\u017eky, v\u010detn\u011b tepl\u00e1k\u016f bund ale i dopl\u0148k\u016f jako jsou pot\u00edtka a \u010delenky tvo\u0159\u00ed komplexn\u00ed nab\u00eddku Oliveru, ze kter\u00e9 si vybere ka\u017ed\u00fd hr\u00e1\u010d i hr\u00e1\u010dka. Nen\u00ed n\u00e1hodou, \u017ee si z\u00a0na\u0161\u00ed kolekce vybrali i nejv\u011bt\u0161\u00ed dru\u017estva v\u00a0\u010cR jako je squash&hellip;<\/p>\n","protected":false},"author":1,"featured_media":0,"parent":0,"menu_order":0,"comment_status":"closed","ping_status":"closed","template":"","meta":{"footnotes":""},"class_list":["post-987","page","type-page","status-publish","hentry"],"_links":{"self":[{"href":"https:\/\/www.oliver-sport.cz\/new\/wp-json\/wp\/v2\/pages\/987","targetHints":{"allow":["GET"]}}],"collection":[{"href":"https:\/\/www.oliver-sport.cz\/new\/wp-json\/wp\/v2\/pages"}],"about":[{"href":"https:\/\/www.oliver-sport.cz\/new\/wp-json\/wp\/v2\/types\/page"}],"author":[{"embeddable":true,"href":"https:\/\/www.oliver-sport.cz\/new\/wp-json\/wp\/v2\/users\/1"}],"replies":[{"embeddable":true,"href":"https:\/\/www.oliver-sport.cz\/new\/wp-json\/wp\/v2\/comments?post=987"}],"version-history":[{"count":3,"href":"https:\/\/www.oliver-sport.cz\/new\/wp-json\/wp\/v2\/pages\/987\/revisions"}],"predecessor-version":[{"id":1178,"href":"https:\/\/www.oliver-sport.cz\/new\/wp-json\/wp\/v2\/pages\/987\/revisions\/1178"}],"wp:attachment":[{"href":"https:\/\/www.oliver-sport.cz\/new\/wp-json\/wp\/v2\/media?parent=987"}],"curies":[{"name":"wp","href":"https:\/\/api.w.org\/{rel}","templated":true}]}}