{"id":958,"date":"2026-03-31T11:24:57","date_gmt":"2026-03-31T11:24:57","guid":{"rendered":"https:\/\/www.oliver-sport.cz\/new\/?page_id=958"},"modified":"2026-04-10T11:39:23","modified_gmt":"2026-04-10T11:39:23","slug":"kontakty","status":"publish","type":"page","link":"https:\/\/www.oliver-sport.cz\/new\/kontakty\/","title":{"rendered":"Kontakty"},"content":{"rendered":"\n<p class=\"has-text-align-center\">Obchodn\u00ed z\u00e1stupce pro \u010cR a SR<\/p>\n\n\n\n<p class=\"has-text-align-center\">Ing. Tom\u00e1\u0161 Koz\u00e1\u010dek<\/p>\n\n\n\n<p class=\"has-text-align-center\">mail:&nbsp;<a href=\"mailto:tomas@oliver-sport.cz\">tomas@oliver-sport.cz<\/a><\/p>\n\n\n\n<p class=\"has-text-align-center\">Mobil CZ: +420603516177<\/p>\n\n\n\n<p class=\"has-text-align-center\">Mobil SK: +421903141136<\/p>\n\n\n\n<hr class=\"wp-block-separator aligncenter has-alpha-channel-opacity\"\/>\n\n\n\n<p class=\"has-text-align-center\">Faktura\u010dn\u00ed \u00fadaje:<\/p>\n\n\n\n<p class=\"has-text-align-center\">SHUTTLE and ACCESSORY s.r.o.<\/p>\n\n\n\n<p class=\"has-text-align-center\">Vejvanovsk\u00e9ho 1612\/16<\/p>\n\n\n\n<p class=\"has-text-align-center\">149 00 Praha 4<\/p>\n\n\n\n<p class=\"has-text-align-center\">I\u010cO: 61501352<\/p>\n\n\n\n<p class=\"has-text-align-center\">DI\u010c: CZ61501352 <\/p>\n","protected":false},"excerpt":{"rendered":"<p>Obchodn\u00ed z\u00e1stupce pro \u010cR a SR Ing. Tom\u00e1\u0161 Koz\u00e1\u010dek mail:&nbsp;tomas@oliver-sport.cz Mobil CZ: +420603516177 Mobil SK: +421903141136 Faktura\u010dn\u00ed \u00fadaje: SHUTTLE and ACCESSORY s.r.o. Vejvanovsk\u00e9ho 1612\/16 149 00 Praha 4 I\u010cO: 61501352 DI\u010c: CZ61501352<\/p>\n","protected":false},"author":1,"featured_media":0,"parent":0,"menu_order":0,"comment_status":"closed","ping_status":"closed","template":"","meta":{"footnotes":""},"class_list":["post-958","page","type-page","status-publish","hentry"],"_links":{"self":[{"href":"https:\/\/www.oliver-sport.cz\/new\/wp-json\/wp\/v2\/pages\/958","targetHints":{"allow":["GET"]}}],"collection":[{"href":"https:\/\/www.oliver-sport.cz\/new\/wp-json\/wp\/v2\/pages"}],"about":[{"href":"https:\/\/www.oliver-sport.cz\/new\/wp-json\/wp\/v2\/types\/page"}],"author":[{"embeddable":true,"href":"https:\/\/www.oliver-sport.cz\/new\/wp-json\/wp\/v2\/users\/1"}],"replies":[{"embeddable":true,"href":"https:\/\/www.oliver-sport.cz\/new\/wp-json\/wp\/v2\/comments?post=958"}],"version-history":[{"count":4,"href":"https:\/\/www.oliver-sport.cz\/new\/wp-json\/wp\/v2\/pages\/958\/revisions"}],"predecessor-version":[{"id":1098,"href":"https:\/\/www.oliver-sport.cz\/new\/wp-json\/wp\/v2\/pages\/958\/revisions\/1098"}],"wp:attachment":[{"href":"https:\/\/www.oliver-sport.cz\/new\/wp-json\/wp\/v2\/media?parent=958"}],"curies":[{"name":"wp","href":"https:\/\/api.w.org\/{rel}","templated":true}]}}