{"id":956,"date":"2026-03-31T11:24:25","date_gmt":"2026-03-31T11:24:25","guid":{"rendered":"https:\/\/www.oliver-sport.cz\/new\/?page_id=956"},"modified":"2026-04-13T12:51:55","modified_gmt":"2026-04-13T12:51:55","slug":"o-nas","status":"publish","type":"page","link":"https:\/\/www.oliver-sport.cz\/new\/o-nas\/","title":{"rendered":"O n\u00e1s"},"content":{"rendered":"\n<figure class=\"wp-block-image size-large\"><img loading=\"lazy\" decoding=\"async\" width=\"1024\" height=\"576\" src=\"https:\/\/www.oliver-sport.cz\/wp-content\/uploads\/2025\/10\/OLIVER4-1024x576.jpg\" alt=\"\" class=\"wp-image-416\" srcset=\"https:\/\/www.oliver-sport.cz\/new\/wp-content\/uploads\/2025\/10\/OLIVER4-1024x576.jpg 1024w, https:\/\/www.oliver-sport.cz\/new\/wp-content\/uploads\/2025\/10\/OLIVER4-300x169.jpg 300w, https:\/\/www.oliver-sport.cz\/new\/wp-content\/uploads\/2025\/10\/OLIVER4-768x432.jpg 768w, https:\/\/www.oliver-sport.cz\/new\/wp-content\/uploads\/2025\/10\/OLIVER4-370x208.jpg 370w, https:\/\/www.oliver-sport.cz\/new\/wp-content\/uploads\/2025\/10\/OLIVER4-1170x658.jpg 1170w, https:\/\/www.oliver-sport.cz\/new\/wp-content\/uploads\/2025\/10\/OLIVER4-760x428.jpg 760w, https:\/\/www.oliver-sport.cz\/new\/wp-content\/uploads\/2025\/10\/OLIVER4-270x152.jpg 270w, https:\/\/www.oliver-sport.cz\/new\/wp-content\/uploads\/2025\/10\/OLIVER4.jpg 1280w\" sizes=\"auto, (max-width: 1024px) 100vw, 1024px\" \/><\/figure>\n\n\n\n<p><\/p>\n\n\n\n<p class=\"has-text-align-center\">Kdy\u017e Jack Oliver ve 30. letech 20. stolet\u00ed experimentoval s tenisov\u00fdmi raketami v otcov\u011b truhl\u00e1\u0159sk\u00e9 d\u00edln\u011b v australsk\u00e9m Adelaide, nem\u011bl \u017e\u00e1dn\u00fd podnikatelsk\u00fd pl\u00e1n ani investora.<\/p>\n\n\n\n<p class=\"has-text-align-center\">M\u011bl v\u0161ak jasnou p\u0159edstavu o tom, jak by m\u011bla b\u00fdt vyrobena nejlep\u0161\u00ed tenisov\u00e1 raketa na sv\u011bt\u011b.<\/p>\n\n\n\n<p class=\"has-text-align-center\">Od t\u00e9 doby se toho hodn\u011b zm\u011bnilo.<\/p>\n\n\n\n<p class=\"has-text-align-center\">V pr\u016fb\u011bhu let se vyv\u00edjely nejen sporty, ale i materi\u00e1ly a technologie. Co se kdysi vyr\u00e1b\u011blo ze d\u0159eva, je dnes \u010dasto vyrobeno z nejmodern\u011bj\u0161\u00edch high-tech materi\u00e1l\u016f. Navzdory t\u011bmto zm\u011bn\u00e1m v\u0161ak jedna v\u011bc z\u016fst\u00e1v\u00e1 konstantn\u00ed: na\u0161e ambice vyv\u00edjet nejinovativn\u011bj\u0161\u00ed rakety na sv\u011bt\u011b.<\/p>\n\n\n\n<p class=\"has-text-align-center\">Od na\u0161ich za\u010d\u00e1tk\u016f v tenise a\u017e po badminton a squash jsme v\u017edy byli v pop\u0159ed\u00ed inovac\u00ed. Jsme tak\u00e9 pr\u016fkopn\u00edky v nov\u00fdch sportech, jako je padel a pickleball, a na\u0161e zku\u0161enosti p\u0159en\u00e1\u0161\u00edme do inovativn\u00edch technologi\u00ed. N\u00e1\u0161 z\u00e1vazek ke kvalit\u011b a v\u00fdkonu n\u00e1s \u017eene k neust\u00e1l\u00e9mu nastavov\u00e1n\u00ed nov\u00fdch standard\u016f a zkoum\u00e1n\u00ed hranic mo\u017en\u00e9ho. Jsme hrd\u00ed na to, \u017ee jsme pr\u016fkopn\u00edky ve sv\u011bt\u011b raketov\u00fdch sport\u016f a t\u011b\u0161\u00edme se, \u017ee budeme i nad\u00e1le rozn\u011bcovat v\u00e1\u0161e\u0148 sportovc\u016f po cel\u00e9m sv\u011bt\u011b na\u0161imi produkty.<\/p>\n","protected":false},"excerpt":{"rendered":"<p>Kdy\u017e Jack Oliver ve 30. letech 20. stolet\u00ed experimentoval s tenisov\u00fdmi raketami v otcov\u011b truhl\u00e1\u0159sk\u00e9 d\u00edln\u011b v australsk\u00e9m Adelaide, nem\u011bl \u017e\u00e1dn\u00fd podnikatelsk\u00fd pl\u00e1n ani investora. M\u011bl v\u0161ak jasnou p\u0159edstavu o tom, jak by m\u011bla b\u00fdt vyrobena nejlep\u0161\u00ed tenisov\u00e1 raketa na sv\u011bt\u011b. Od t\u00e9 doby se toho hodn\u011b zm\u011bnilo. V pr\u016fb\u011bhu let se vyv\u00edjely nejen sporty, ale i materi\u00e1ly a technologie.&hellip;<\/p>\n","protected":false},"author":1,"featured_media":0,"parent":0,"menu_order":0,"comment_status":"closed","ping_status":"closed","template":"","meta":{"footnotes":""},"class_list":["post-956","page","type-page","status-publish","hentry"],"_links":{"self":[{"href":"https:\/\/www.oliver-sport.cz\/new\/wp-json\/wp\/v2\/pages\/956","targetHints":{"allow":["GET"]}}],"collection":[{"href":"https:\/\/www.oliver-sport.cz\/new\/wp-json\/wp\/v2\/pages"}],"about":[{"href":"https:\/\/www.oliver-sport.cz\/new\/wp-json\/wp\/v2\/types\/page"}],"author":[{"embeddable":true,"href":"https:\/\/www.oliver-sport.cz\/new\/wp-json\/wp\/v2\/users\/1"}],"replies":[{"embeddable":true,"href":"https:\/\/www.oliver-sport.cz\/new\/wp-json\/wp\/v2\/comments?post=956"}],"version-history":[{"count":2,"href":"https:\/\/www.oliver-sport.cz\/new\/wp-json\/wp\/v2\/pages\/956\/revisions"}],"predecessor-version":[{"id":1109,"href":"https:\/\/www.oliver-sport.cz\/new\/wp-json\/wp\/v2\/pages\/956\/revisions\/1109"}],"wp:attachment":[{"href":"https:\/\/www.oliver-sport.cz\/new\/wp-json\/wp\/v2\/media?parent=956"}],"curies":[{"name":"wp","href":"https:\/\/api.w.org\/{rel}","templated":true}]}}