{"id":841,"date":"2026-02-17T10:20:42","date_gmt":"2026-02-17T10:20:42","guid":{"rendered":"https:\/\/www.oliver-sport.cz\/new\/?page_id=841"},"modified":"2026-02-17T10:20:43","modified_gmt":"2026-02-17T10:20:43","slug":"gripy","status":"publish","type":"page","link":"https:\/\/www.oliver-sport.cz\/new\/gripy\/","title":{"rendered":"Gripy"},"content":{"rendered":"\n<div class=\"wp-block-media-text is-stacked-on-mobile\"><figure class=\"wp-block-media-text__media\"><img loading=\"lazy\" decoding=\"async\" width=\"1024\" height=\"1024\" src=\"https:\/\/www.oliver-sport.cz\/wp-content\/uploads\/2026\/02\/50131-THE-GRIP-24-BOX-Black-1024x1024.jpg\" alt=\"\" class=\"wp-image-842 size-full\" srcset=\"https:\/\/www.oliver-sport.cz\/new\/wp-content\/uploads\/2026\/02\/50131-THE-GRIP-24-BOX-Black-1024x1024.jpg 1024w, https:\/\/www.oliver-sport.cz\/new\/wp-content\/uploads\/2026\/02\/50131-THE-GRIP-24-BOX-Black-300x300.jpg 300w, https:\/\/www.oliver-sport.cz\/new\/wp-content\/uploads\/2026\/02\/50131-THE-GRIP-24-BOX-Black-150x150.jpg 150w, https:\/\/www.oliver-sport.cz\/new\/wp-content\/uploads\/2026\/02\/50131-THE-GRIP-24-BOX-Black-768x768.jpg 768w, https:\/\/www.oliver-sport.cz\/new\/wp-content\/uploads\/2026\/02\/50131-THE-GRIP-24-BOX-Black-1536x1536.jpg 1536w, https:\/\/www.oliver-sport.cz\/new\/wp-content\/uploads\/2026\/02\/50131-THE-GRIP-24-BOX-Black-370x370.jpg 370w, https:\/\/www.oliver-sport.cz\/new\/wp-content\/uploads\/2026\/02\/50131-THE-GRIP-24-BOX-Black-120x120.jpg 120w, https:\/\/www.oliver-sport.cz\/new\/wp-content\/uploads\/2026\/02\/50131-THE-GRIP-24-BOX-Black-760x760.jpg 760w, https:\/\/www.oliver-sport.cz\/new\/wp-content\/uploads\/2026\/02\/50131-THE-GRIP-24-BOX-Black.jpg 1600w\" sizes=\"auto, (max-width: 1024px) 100vw, 1024px\" \/><\/figure><div class=\"wp-block-media-text__content\">\n<p><strong>THE GRIP<\/strong><\/p>\n\n\n\n<p>Klasick\u00e9 omot\u00e1vky OLIVER THE GRIP jsou protiskluzov\u00e9, poskytuj\u00ed absorbci potu a jsou samolep\u00edc\u00ed. Zaji\u0161\u0165uj\u00ed specifick\u00e9 m\u011bkk\u00e9 a pohodln\u00e9 dr\u017een\u00ed rakety. Vhodn\u00e9 pro v\u00fdrazn\u011bj\u0161\u00ed zv\u011bt\u0161en\u00ed velikosti dr\u017eadla.<\/p>\n\n\n\n<figure class=\"wp-block-table\"><table class=\"has-fixed-layout\"><tbody><tr><td class=\"has-text-align-left\" data-align=\"left\">Barva<\/td><td class=\"has-text-align-left\" data-align=\"left\"><strong>\u010dern\u00e1, modr\u00e1, \u017elut\u00e1, oran\u017eov\u00e1\/\u010dern\u00e1<\/strong><\/td><\/tr><tr><td class=\"has-text-align-left\" data-align=\"left\">Rozm\u011br<\/td><td class=\"has-text-align-left\" data-align=\"left\"><strong>1,6 x 2,5 x 105 cm<\/strong><\/td><\/tr><\/tbody><\/table><\/figure>\n\n\n\n<p><\/p>\n<\/div><\/div>\n\n\n\n<div class=\"wp-block-media-text is-stacked-on-mobile\"><figure class=\"wp-block-media-text__media\"><img loading=\"lazy\" decoding=\"async\" width=\"1000\" height=\"1000\" src=\"https:\/\/www.oliver-sport.cz\/wp-content\/uploads\/2026\/02\/50139-TACK-GRIP-24-BOX-FARBIG.jpg\" alt=\"\" class=\"wp-image-843 size-full\" srcset=\"https:\/\/www.oliver-sport.cz\/new\/wp-content\/uploads\/2026\/02\/50139-TACK-GRIP-24-BOX-FARBIG.jpg 1000w, https:\/\/www.oliver-sport.cz\/new\/wp-content\/uploads\/2026\/02\/50139-TACK-GRIP-24-BOX-FARBIG-300x300.jpg 300w, https:\/\/www.oliver-sport.cz\/new\/wp-content\/uploads\/2026\/02\/50139-TACK-GRIP-24-BOX-FARBIG-150x150.jpg 150w, https:\/\/www.oliver-sport.cz\/new\/wp-content\/uploads\/2026\/02\/50139-TACK-GRIP-24-BOX-FARBIG-768x768.jpg 768w, https:\/\/www.oliver-sport.cz\/new\/wp-content\/uploads\/2026\/02\/50139-TACK-GRIP-24-BOX-FARBIG-370x370.jpg 370w, https:\/\/www.oliver-sport.cz\/new\/wp-content\/uploads\/2026\/02\/50139-TACK-GRIP-24-BOX-FARBIG-120x120.jpg 120w, https:\/\/www.oliver-sport.cz\/new\/wp-content\/uploads\/2026\/02\/50139-TACK-GRIP-24-BOX-FARBIG-760x760.jpg 760w\" sizes=\"auto, (max-width: 1000px) 100vw, 1000px\" \/><\/figure><div class=\"wp-block-media-text__content\">\n<p><strong>TACK GRIP<\/strong><\/p>\n\n\n\n<p>Unik\u00e1tn\u00ed struktura GRIPU OLIVER TACK s\u00a0protiskluzovou, ale velmi jemnou vrstvou zaji\u0161\u0165uje perfektn\u00ed dr\u017een\u00ed rakety i p\u0159i del\u0161\u00ed a n\u00e1ro\u010dn\u011bj\u0161\u00ed h\u0159e, poskytuje vynikaj\u00edc\u00ed savost vlhkosti a potu. Grip je samolep\u00edc\u00ed. P\u0159edn\u00ed schopnost\u00ed omot\u00e1vky je tlumen\u00ed nep\u0159\u00edjemn\u00fdch ot\u0159es\u016f a n\u00e1sledn\u00fdch vibrac\u00ed rakety.<\/p>\n\n\n\n<figure class=\"wp-block-table\"><table class=\"has-fixed-layout\"><tbody><tr><td class=\"has-text-align-left\" data-align=\"left\">Barva<\/td><td class=\"has-text-align-left\" data-align=\"left\"><strong>\u010dern\u00e1, b\u00edl\u00e1, \u0161ediv\u00e1, oran\u017eov\u00e1<\/strong><\/td><\/tr><tr><td class=\"has-text-align-left\" data-align=\"left\">Rozm\u011br<\/td><td class=\"has-text-align-left\" data-align=\"left\"><strong>1,6 x 2,5 x 105 cm<\/strong><\/td><\/tr><\/tbody><\/table><\/figure>\n\n\n\n<p><\/p>\n<\/div><\/div>\n\n\n\n<div class=\"wp-block-media-text is-stacked-on-mobile\"><figure class=\"wp-block-media-text__media\"><img loading=\"lazy\" decoding=\"async\" width=\"1000\" height=\"1000\" src=\"https:\/\/www.oliver-sport.cz\/wp-content\/uploads\/2026\/02\/50142-X-DRY-GRIP-24-BOX-GRUN.jpg\" alt=\"\" class=\"wp-image-844 size-full\" srcset=\"https:\/\/www.oliver-sport.cz\/new\/wp-content\/uploads\/2026\/02\/50142-X-DRY-GRIP-24-BOX-GRUN.jpg 1000w, https:\/\/www.oliver-sport.cz\/new\/wp-content\/uploads\/2026\/02\/50142-X-DRY-GRIP-24-BOX-GRUN-300x300.jpg 300w, https:\/\/www.oliver-sport.cz\/new\/wp-content\/uploads\/2026\/02\/50142-X-DRY-GRIP-24-BOX-GRUN-150x150.jpg 150w, https:\/\/www.oliver-sport.cz\/new\/wp-content\/uploads\/2026\/02\/50142-X-DRY-GRIP-24-BOX-GRUN-768x768.jpg 768w, https:\/\/www.oliver-sport.cz\/new\/wp-content\/uploads\/2026\/02\/50142-X-DRY-GRIP-24-BOX-GRUN-370x370.jpg 370w, https:\/\/www.oliver-sport.cz\/new\/wp-content\/uploads\/2026\/02\/50142-X-DRY-GRIP-24-BOX-GRUN-120x120.jpg 120w, https:\/\/www.oliver-sport.cz\/new\/wp-content\/uploads\/2026\/02\/50142-X-DRY-GRIP-24-BOX-GRUN-760x760.jpg 760w\" sizes=\"auto, (max-width: 1000px) 100vw, 1000px\" \/><\/figure><div class=\"wp-block-media-text__content\">\n<p><strong>X-DRY<\/strong> <strong>GRIP<\/strong><\/p>\n\n\n\n<p>Vysoce kvalitn\u00ed grip, kter\u00fd byl speci\u00e1ln\u011b vyvinuty pro badmintonov\u00e9 a squashov\u00e9 rakety. Gripy nab\u00edzej\u00ed vynikaj\u00edc\u00ed odolnost, pohodln\u00fd \u00fachop a efektivn\u00ed tlumen\u00ed n\u00e1raz\u016f. Zelen\u00e9 gripy jsou nejen funk\u010dn\u00ed, ale tak\u00e9 vizu\u00e1ln\u011b p\u0159ita\u017eliv\u00e9 a dod\u00e1vaj\u00ed va\u0161\u00ed raket\u011b sv\u011b\u017e\u00ed vzhled. A\u0165 u\u017e hrajete intenzivn\u00ed z\u00e1pas nebo jen tr\u00e9nujete, gripy X-DRY GRIP poskytuj\u00ed optim\u00e1ln\u00ed \u00fachop a pohodl\u00ed.<\/p>\n\n\n\n<figure class=\"wp-block-table\"><table class=\"has-fixed-layout\"><tbody><tr><td class=\"has-text-align-left\" data-align=\"left\">Barva<\/td><td class=\"has-text-align-left\" data-align=\"left\"><strong>zelen\u00e1<\/strong><\/td><\/tr><tr><td class=\"has-text-align-left\" data-align=\"left\">Rozm\u011br<\/td><td class=\"has-text-align-left\" data-align=\"left\"><strong>1,6 x 2,5 x 105 cm<\/strong><\/td><\/tr><\/tbody><\/table><\/figure>\n\n\n\n<p><\/p>\n<\/div><\/div>\n\n\n\n<div class=\"wp-block-media-text is-stacked-on-mobile\"><figure class=\"wp-block-media-text__media\"><img loading=\"lazy\" decoding=\"async\" width=\"1024\" height=\"1024\" src=\"https:\/\/www.oliver-sport.cz\/wp-content\/uploads\/2026\/02\/50135-POINT-GRIP-24-BOX-1024x1024.jpg\" alt=\"\" class=\"wp-image-845 size-full\" srcset=\"https:\/\/www.oliver-sport.cz\/new\/wp-content\/uploads\/2026\/02\/50135-POINT-GRIP-24-BOX-1024x1024.jpg 1024w, https:\/\/www.oliver-sport.cz\/new\/wp-content\/uploads\/2026\/02\/50135-POINT-GRIP-24-BOX-300x300.jpg 300w, https:\/\/www.oliver-sport.cz\/new\/wp-content\/uploads\/2026\/02\/50135-POINT-GRIP-24-BOX-150x150.jpg 150w, https:\/\/www.oliver-sport.cz\/new\/wp-content\/uploads\/2026\/02\/50135-POINT-GRIP-24-BOX-768x768.jpg 768w, https:\/\/www.oliver-sport.cz\/new\/wp-content\/uploads\/2026\/02\/50135-POINT-GRIP-24-BOX-1536x1536.jpg 1536w, https:\/\/www.oliver-sport.cz\/new\/wp-content\/uploads\/2026\/02\/50135-POINT-GRIP-24-BOX-370x370.jpg 370w, https:\/\/www.oliver-sport.cz\/new\/wp-content\/uploads\/2026\/02\/50135-POINT-GRIP-24-BOX-120x120.jpg 120w, https:\/\/www.oliver-sport.cz\/new\/wp-content\/uploads\/2026\/02\/50135-POINT-GRIP-24-BOX-760x760.jpg 760w, https:\/\/www.oliver-sport.cz\/new\/wp-content\/uploads\/2026\/02\/50135-POINT-GRIP-24-BOX.jpg 1600w\" sizes=\"auto, (max-width: 1024px) 100vw, 1024px\" \/><\/figure><div class=\"wp-block-media-text__content\">\n<p><strong>POINT GRIP<\/strong><\/p>\n\n\n\n<p>Unik\u00e1tn\u00ed struktura GRIPU OLIVER POINT s\u00a0protiskluzovou vrstvou zaji\u0161\u0165uje perfektn\u00ed dr\u017een\u00ed rakety i p\u0159i del\u0161\u00ed a n\u00e1ro\u010dn\u011bj\u0161\u00ed h\u0159e, poskytuje vynikaj\u00edc\u00ed savost vlhkosti a potu. Grip je samolep\u00edc\u00ed. P\u0159edn\u00ed schopnost\u00ed omot\u00e1vky je tlumen\u00ed nep\u0159\u00edjemn\u00fdch ot\u0159es\u016f a n\u00e1sledn\u00fdch vibrac\u00ed rakety.<\/p>\n\n\n\n<figure class=\"wp-block-table\"><table class=\"has-fixed-layout\"><tbody><tr><td class=\"has-text-align-left\" data-align=\"left\">Barva<\/td><td class=\"has-text-align-left\" data-align=\"left\"><strong>\u010derno-b\u00edl\u00e1, \u010derno-\u010derven\u00e1, \u010derno-zlat\u00e1, \u010derno-zelen\u00e1<\/strong><\/td><\/tr><tr><td class=\"has-text-align-left\" data-align=\"left\">Rozm\u011br<\/td><td class=\"has-text-align-left\" data-align=\"left\"><strong>1,8 x 2,5 x 105 cm<\/strong><\/td><\/tr><\/tbody><\/table><\/figure>\n\n\n\n<p><\/p>\n<\/div><\/div>\n\n\n\n<div class=\"wp-block-media-text is-stacked-on-mobile\"><figure class=\"wp-block-media-text__media\"><img loading=\"lazy\" decoding=\"async\" width=\"512\" height=\"512\" src=\"https:\/\/www.oliver-sport.cz\/wp-content\/uploads\/2026\/02\/OVER-GRIP.jpg\" alt=\"\" class=\"wp-image-846 size-full\" srcset=\"https:\/\/www.oliver-sport.cz\/new\/wp-content\/uploads\/2026\/02\/OVER-GRIP.jpg 512w, https:\/\/www.oliver-sport.cz\/new\/wp-content\/uploads\/2026\/02\/OVER-GRIP-300x300.jpg 300w, https:\/\/www.oliver-sport.cz\/new\/wp-content\/uploads\/2026\/02\/OVER-GRIP-150x150.jpg 150w, https:\/\/www.oliver-sport.cz\/new\/wp-content\/uploads\/2026\/02\/OVER-GRIP-370x370.jpg 370w, https:\/\/www.oliver-sport.cz\/new\/wp-content\/uploads\/2026\/02\/OVER-GRIP-120x120.jpg 120w\" sizes=\"auto, (max-width: 512px) 100vw, 512px\" \/><\/figure><div class=\"wp-block-media-text__content\">\n<p><strong>OVER GRIP<\/strong><\/p>\n\n\n\n<p>Velmi tenk\u00e9 vrchn\u00ed omot\u00e1vky OLIVER OVER jsou protiskluzov\u00e9, poskytuj\u00ed vynikaj\u00edc\u00ed absorbci potu a jsou samolep\u00edc\u00ed. Zaji\u0161\u0165uj\u00ed maxim\u00e1ln\u00ed cit a pohodln\u00e9 dr\u017een\u00ed rakety. Vhodn\u00e9 pro v\u00fdrazn\u011bj\u0161\u00ed zv\u011bt\u0161en\u00ed velikosti dr\u017eadla.<\/p>\n\n\n\n<figure class=\"wp-block-table\"><table class=\"has-fixed-layout\"><tbody><tr><td class=\"has-text-align-left\" data-align=\"left\">Barva<\/td><td class=\"has-text-align-left\" data-align=\"left\"><strong>\u0161ed\u00e1, b\u00edl\u00e1, \u017elut\u00e1<\/strong><\/td><\/tr><tr><td class=\"has-text-align-left\" data-align=\"left\">Rozm\u011br<\/td><td class=\"has-text-align-left\" data-align=\"left\"><strong>1,8 x 2,5 x 105 cm<\/strong><\/td><\/tr><\/tbody><\/table><\/figure>\n\n\n\n<p><\/p>\n<\/div><\/div>\n","protected":false},"excerpt":{"rendered":"<p>THE GRIP Klasick\u00e9 omot\u00e1vky OLIVER THE GRIP jsou protiskluzov\u00e9, poskytuj\u00ed absorbci potu a jsou samolep\u00edc\u00ed. Zaji\u0161\u0165uj\u00ed specifick\u00e9 m\u011bkk\u00e9 a pohodln\u00e9 dr\u017een\u00ed rakety. Vhodn\u00e9 pro v\u00fdrazn\u011bj\u0161\u00ed zv\u011bt\u0161en\u00ed velikosti dr\u017eadla. Barva \u010dern\u00e1, modr\u00e1, \u017elut\u00e1, oran\u017eov\u00e1\/\u010dern\u00e1 Rozm\u011br 1,6 x 2,5 x 105 cm TACK GRIP Unik\u00e1tn\u00ed struktura GRIPU OLIVER TACK s\u00a0protiskluzovou, ale velmi jemnou vrstvou zaji\u0161\u0165uje perfektn\u00ed dr\u017een\u00ed rakety i p\u0159i del\u0161\u00ed a&hellip;<\/p>\n","protected":false},"author":1,"featured_media":0,"parent":0,"menu_order":0,"comment_status":"closed","ping_status":"closed","template":"","meta":{"footnotes":""},"class_list":["post-841","page","type-page","status-publish","hentry"],"_links":{"self":[{"href":"https:\/\/www.oliver-sport.cz\/new\/wp-json\/wp\/v2\/pages\/841","targetHints":{"allow":["GET"]}}],"collection":[{"href":"https:\/\/www.oliver-sport.cz\/new\/wp-json\/wp\/v2\/pages"}],"about":[{"href":"https:\/\/www.oliver-sport.cz\/new\/wp-json\/wp\/v2\/types\/page"}],"author":[{"embeddable":true,"href":"https:\/\/www.oliver-sport.cz\/new\/wp-json\/wp\/v2\/users\/1"}],"replies":[{"embeddable":true,"href":"https:\/\/www.oliver-sport.cz\/new\/wp-json\/wp\/v2\/comments?post=841"}],"version-history":[{"count":1,"href":"https:\/\/www.oliver-sport.cz\/new\/wp-json\/wp\/v2\/pages\/841\/revisions"}],"predecessor-version":[{"id":847,"href":"https:\/\/www.oliver-sport.cz\/new\/wp-json\/wp\/v2\/pages\/841\/revisions\/847"}],"wp:attachment":[{"href":"https:\/\/www.oliver-sport.cz\/new\/wp-json\/wp\/v2\/media?parent=841"}],"curies":[{"name":"wp","href":"https:\/\/api.w.org\/{rel}","templated":true}]}}