{"id":836,"date":"2026-02-16T15:14:40","date_gmt":"2026-02-16T15:14:40","guid":{"rendered":"https:\/\/www.oliver-sport.cz\/new\/?page_id=836"},"modified":"2026-04-17T13:14:33","modified_gmt":"2026-04-17T13:14:33","slug":"obuv","status":"publish","type":"page","link":"https:\/\/www.oliver-sport.cz\/new\/obuv\/","title":{"rendered":"OBUV"},"content":{"rendered":"<div class=\"wp-block-image\">\n<figure class=\"aligncenter size-large\"><img loading=\"lazy\" decoding=\"async\" width=\"1024\" height=\"512\" src=\"https:\/\/www.oliver-sport.cz\/wp-content\/uploads\/2026\/03\/banner_obuv-1-1024x512.png\" alt=\"\" class=\"wp-image-949\" srcset=\"https:\/\/www.oliver-sport.cz\/new\/wp-content\/uploads\/2026\/03\/banner_obuv-1-1024x512.png 1024w, https:\/\/www.oliver-sport.cz\/new\/wp-content\/uploads\/2026\/03\/banner_obuv-1-300x150.png 300w, https:\/\/www.oliver-sport.cz\/new\/wp-content\/uploads\/2026\/03\/banner_obuv-1-768x384.png 768w, https:\/\/www.oliver-sport.cz\/new\/wp-content\/uploads\/2026\/03\/banner_obuv-1-1536x768.png 1536w, https:\/\/www.oliver-sport.cz\/new\/wp-content\/uploads\/2026\/03\/banner_obuv-1-2048x1024.png 2048w, https:\/\/www.oliver-sport.cz\/new\/wp-content\/uploads\/2026\/03\/banner_obuv-1-370x185.png 370w, https:\/\/www.oliver-sport.cz\/new\/wp-content\/uploads\/2026\/03\/banner_obuv-1-760x380.png 760w\" sizes=\"auto, (max-width: 1024px) 100vw, 1024px\" \/><\/figure>\n<\/div>\n\n\n<div class=\"wp-block-media-text is-stacked-on-mobile\"><figure class=\"wp-block-media-text__media\"><img loading=\"lazy\" decoding=\"async\" width=\"1024\" height=\"1024\" src=\"https:\/\/www.oliver-sport.cz\/wp-content\/uploads\/2026\/02\/43520-CX-Pro-12-38-1024x1024.jpg\" alt=\"\" class=\"wp-image-837 size-full\" srcset=\"https:\/\/www.oliver-sport.cz\/new\/wp-content\/uploads\/2026\/02\/43520-CX-Pro-12-38-1024x1024.jpg 1024w, https:\/\/www.oliver-sport.cz\/new\/wp-content\/uploads\/2026\/02\/43520-CX-Pro-12-38-300x300.jpg 300w, https:\/\/www.oliver-sport.cz\/new\/wp-content\/uploads\/2026\/02\/43520-CX-Pro-12-38-150x150.jpg 150w, https:\/\/www.oliver-sport.cz\/new\/wp-content\/uploads\/2026\/02\/43520-CX-Pro-12-38-768x768.jpg 768w, https:\/\/www.oliver-sport.cz\/new\/wp-content\/uploads\/2026\/02\/43520-CX-Pro-12-38-1536x1536.jpg 1536w, https:\/\/www.oliver-sport.cz\/new\/wp-content\/uploads\/2026\/02\/43520-CX-Pro-12-38-370x370.jpg 370w, https:\/\/www.oliver-sport.cz\/new\/wp-content\/uploads\/2026\/02\/43520-CX-Pro-12-38-120x120.jpg 120w, https:\/\/www.oliver-sport.cz\/new\/wp-content\/uploads\/2026\/02\/43520-CX-Pro-12-38-760x760.jpg 760w, https:\/\/www.oliver-sport.cz\/new\/wp-content\/uploads\/2026\/02\/43520-CX-Pro-12-38.jpg 1600w\" sizes=\"auto, (max-width: 1024px) 100vw, 1024px\" \/><\/figure><div class=\"wp-block-media-text__content\">\n<p><strong>S\u00e1lov\u00e1 obuv CX PRO 12<\/strong><\/p>\n\n\n\n<p>Lehk\u00e9, prody\u0161n\u00e9 a stabiln\u00ed &#8211; to jsou hlavn\u00ed znaky nejnov\u011bj\u0161\u00ed obuvi z d\u00edlny Oliveru. Boty jsou vybaveny p\u011bnov\u00fdm mezipode\u0161vem technologie EVA, kter\u00fd v kombinaci s podr\u00e1\u017ekou SAT (shock absorbing tecnology) zaru\u010d\u00ed nejlep\u0161\u00ed komfort pro Va\u0161e nohy. Boty jsou b\u00edl\u00e9 barvy s modr\u00fdm dopl\u0148kem.<\/p>\n\n\n\n<p><strong>Materi\u00e1l:<\/strong>&nbsp;syntetick\u00e1 k\u016f\u017ee \u2013 extr\u00e9mn\u011b lehk\u00e1 a pevn\u00e1 tkanina s dlouhou \u017eivotnost\u00ed, odoln\u00e1 proti od\u011bru<\/p>\n\n\n\n<p><strong>Tlumen\u00ed n\u00e1raz\u016f:<\/strong>&nbsp;tlum\u00edc\u00ed z\u00f3na v oblasti paty, tlum\u00edc\u00ed z\u00f3na v p\u0159edn\u00ed \u010d\u00e1sti<\/p>\n\n\n\n<p><strong>Podr\u00e1\u017eka:<\/strong>&nbsp;non-marking, SAT<\/p>\n\n\n\n<p><strong>P\u0159ednosti obuvi:<\/strong>&nbsp;hmotnost, stabilita, prody\u0161nost<\/p>\n\n\n\n<p><strong>Vhodn\u00e9 pro:<\/strong>&nbsp;squash, badminton, florbal, stoln\u00ed tenis<\/p>\n<\/div><\/div>\n\n\n\n<div class=\"wp-block-media-text is-stacked-on-mobile\"><figure class=\"wp-block-media-text__media\"><img loading=\"lazy\" decoding=\"async\" width=\"1000\" height=\"1000\" src=\"https:\/\/www.oliver-sport.cz\/wp-content\/uploads\/2026\/02\/43500-CX-Pro-10-38.jpg\" alt=\"\" class=\"wp-image-838 size-full\" srcset=\"https:\/\/www.oliver-sport.cz\/new\/wp-content\/uploads\/2026\/02\/43500-CX-Pro-10-38.jpg 1000w, https:\/\/www.oliver-sport.cz\/new\/wp-content\/uploads\/2026\/02\/43500-CX-Pro-10-38-300x300.jpg 300w, https:\/\/www.oliver-sport.cz\/new\/wp-content\/uploads\/2026\/02\/43500-CX-Pro-10-38-150x150.jpg 150w, https:\/\/www.oliver-sport.cz\/new\/wp-content\/uploads\/2026\/02\/43500-CX-Pro-10-38-768x768.jpg 768w, https:\/\/www.oliver-sport.cz\/new\/wp-content\/uploads\/2026\/02\/43500-CX-Pro-10-38-370x370.jpg 370w, https:\/\/www.oliver-sport.cz\/new\/wp-content\/uploads\/2026\/02\/43500-CX-Pro-10-38-120x120.jpg 120w, https:\/\/www.oliver-sport.cz\/new\/wp-content\/uploads\/2026\/02\/43500-CX-Pro-10-38-760x760.jpg 760w\" sizes=\"auto, (max-width: 1000px) 100vw, 1000px\" \/><\/figure><div class=\"wp-block-media-text__content\">\n<p><strong>S\u00e1lov\u00e1 obuv CX PRO 10<\/strong><\/p>\n\n\n\n<p>Lehk\u00e9, prody\u0161n\u00e9 a stabiln\u00ed &#8211; to jsou hlavn\u00ed znaky nejnov\u011bj\u0161\u00ed obuvi z d\u00edlny Oliveru. Boty jsou vybaveny p\u011bnov\u00fdm mezipode\u0161vem technologie EVA, kter\u00fd v kombinaci s podr\u00e1\u017ekou SAT (shock absorbing tecnology) zaru\u010d\u00ed nejlep\u0161\u00ed komfort pro Va\u0161e nohy. Boty jsou b\u00edl\u00e9 barvy s modr\u00fdm dopl\u0148kem.<\/p>\n\n\n\n<p><strong>Materi\u00e1l:<\/strong>&nbsp;syntetick\u00e1 k\u016f\u017ee \u2013 extr\u00e9mn\u011b lehk\u00e1 a pevn\u00e1 tkanina s dlouhou \u017eivotnost\u00ed, odoln\u00e1 proti od\u011bru<\/p>\n\n\n\n<p><strong>Tlumen\u00ed n\u00e1raz\u016f:<\/strong>&nbsp;tlum\u00edc\u00ed z\u00f3na v oblasti paty, tlum\u00edc\u00ed z\u00f3na v p\u0159edn\u00ed \u010d\u00e1sti<\/p>\n\n\n\n<p><strong>Podr\u00e1\u017eka:<\/strong>&nbsp;non-marking, SAT<\/p>\n\n\n\n<p><strong>P\u0159ednosti obuvi:<\/strong>&nbsp;hmotnost, stabilita, prody\u0161nost<\/p>\n\n\n\n<p><strong>Vhodn\u00e9 pro:<\/strong>&nbsp;squash, badminton, florbal, stoln\u00ed tenis<\/p>\n<\/div><\/div>\n\n\n\n<p><\/p>\n\n\n\n<p><\/p>\n","protected":false},"excerpt":{"rendered":"<p>S\u00e1lov\u00e1 obuv CX PRO 12 Lehk\u00e9, prody\u0161n\u00e9 a stabiln\u00ed &#8211; to jsou hlavn\u00ed znaky nejnov\u011bj\u0161\u00ed obuvi z d\u00edlny Oliveru. Boty jsou vybaveny p\u011bnov\u00fdm mezipode\u0161vem technologie EVA, kter\u00fd v kombinaci s podr\u00e1\u017ekou SAT (shock absorbing tecnology) zaru\u010d\u00ed nejlep\u0161\u00ed komfort pro Va\u0161e nohy. Boty jsou b\u00edl\u00e9 barvy s modr\u00fdm dopl\u0148kem. Materi\u00e1l:&nbsp;syntetick\u00e1 k\u016f\u017ee \u2013 extr\u00e9mn\u011b lehk\u00e1 a pevn\u00e1 tkanina s dlouhou \u017eivotnost\u00ed, odoln\u00e1&hellip;<\/p>\n","protected":false},"author":1,"featured_media":0,"parent":0,"menu_order":0,"comment_status":"closed","ping_status":"closed","template":"","meta":{"footnotes":""},"class_list":["post-836","page","type-page","status-publish","hentry"],"_links":{"self":[{"href":"https:\/\/www.oliver-sport.cz\/new\/wp-json\/wp\/v2\/pages\/836","targetHints":{"allow":["GET"]}}],"collection":[{"href":"https:\/\/www.oliver-sport.cz\/new\/wp-json\/wp\/v2\/pages"}],"about":[{"href":"https:\/\/www.oliver-sport.cz\/new\/wp-json\/wp\/v2\/types\/page"}],"author":[{"embeddable":true,"href":"https:\/\/www.oliver-sport.cz\/new\/wp-json\/wp\/v2\/users\/1"}],"replies":[{"embeddable":true,"href":"https:\/\/www.oliver-sport.cz\/new\/wp-json\/wp\/v2\/comments?post=836"}],"version-history":[{"count":5,"href":"https:\/\/www.oliver-sport.cz\/new\/wp-json\/wp\/v2\/pages\/836\/revisions"}],"predecessor-version":[{"id":1208,"href":"https:\/\/www.oliver-sport.cz\/new\/wp-json\/wp\/v2\/pages\/836\/revisions\/1208"}],"wp:attachment":[{"href":"https:\/\/www.oliver-sport.cz\/new\/wp-json\/wp\/v2\/media?parent=836"}],"curies":[{"name":"wp","href":"https:\/\/api.w.org\/{rel}","templated":true}]}}