{"id":826,"date":"2026-02-16T15:02:21","date_gmt":"2026-02-16T15:02:21","guid":{"rendered":"https:\/\/www.oliver-sport.cz\/new\/?page_id=826"},"modified":"2026-04-20T12:25:00","modified_gmt":"2026-04-20T12:25:00","slug":"padel","status":"publish","type":"page","link":"https:\/\/www.oliver-sport.cz\/new\/padel\/","title":{"rendered":"PADEL"},"content":{"rendered":"<div class=\"wp-block-image\">\n<figure class=\"aligncenter size-large\"><img loading=\"lazy\" decoding=\"async\" width=\"1024\" height=\"512\" src=\"https:\/\/www.oliver-sport.cz\/wp-content\/uploads\/2026\/03\/banner_padel-1-1024x512.png\" alt=\"\" class=\"wp-image-953\" srcset=\"https:\/\/www.oliver-sport.cz\/new\/wp-content\/uploads\/2026\/03\/banner_padel-1-1024x512.png 1024w, https:\/\/www.oliver-sport.cz\/new\/wp-content\/uploads\/2026\/03\/banner_padel-1-300x150.png 300w, https:\/\/www.oliver-sport.cz\/new\/wp-content\/uploads\/2026\/03\/banner_padel-1-768x384.png 768w, https:\/\/www.oliver-sport.cz\/new\/wp-content\/uploads\/2026\/03\/banner_padel-1-1536x768.png 1536w, https:\/\/www.oliver-sport.cz\/new\/wp-content\/uploads\/2026\/03\/banner_padel-1-2048x1024.png 2048w, https:\/\/www.oliver-sport.cz\/new\/wp-content\/uploads\/2026\/03\/banner_padel-1-370x185.png 370w, https:\/\/www.oliver-sport.cz\/new\/wp-content\/uploads\/2026\/03\/banner_padel-1-760x380.png 760w\" sizes=\"auto, (max-width: 1024px) 100vw, 1024px\" \/><\/figure>\n<\/div>\n\n\n<p class=\"has-text-align-center\"><strong>Objevte sv\u011bt padel tenisu s OLIVER<\/strong><\/p>\n\n\n\n<p class=\"has-text-align-center\">A\u0165 u\u017e jste za\u010d\u00e1te\u010dn\u00edk, m\u00edrn\u011b pokro\u010dil\u00fd nebo pokro\u010dil\u00fd hr\u00e1\u010d, najdete u n\u00e1s v\u0161e, co pot\u0159ebujete pro dokonal\u00fd padelov\u00fd z\u00e1\u017eitek. Na\u0161e rozs\u00e1hl\u00e1 \u0159ada produkt\u016f nab\u00edz\u00ed \u0161irok\u00fd v\u00fdb\u011br padelov\u00fdch raket, bot, dopl\u0148k\u016f a oble\u010den\u00ed, kter\u00e9 spl\u0148uj\u00ed nejvy\u0161\u0161\u00ed standardy kvality a v\u00fdkonu.<\/p>\n\n\n\n<p class=\"has-text-align-center\">Vyberte si z \u0159ady padelov\u00fdch raket speci\u00e1ln\u011b navr\u017een\u00fdch pro r\u016fzn\u00e9 hern\u00ed styly a \u00farovn\u011b dovednost\u00ed. Vylep\u0161ete si hru s na\u0161\u00edm pr\u00e9miov\u00fdm p\u0159\u00edslu\u0161enstv\u00edm a u\u017eijte si maxim\u00e1ln\u00ed pohodl\u00ed s na\u0161\u00edm funk\u010dn\u00edm a stylov\u00fdm oble\u010den\u00edm.<\/p>\n\n\n\n<p class=\"has-text-align-center\">Ud\u011blejte dal\u0161\u00ed krok ve sv\u00e9 padelov\u00e9 h\u0159e s OLIVER!<\/p>\n\n\n\n<hr class=\"wp-block-separator aligncenter has-alpha-channel-opacity\"\/>\n\n\n\n<div class=\"wp-block-media-text is-stacked-on-mobile\"><figure class=\"wp-block-media-text__media\"><img loading=\"lazy\" decoding=\"async\" width=\"1000\" height=\"1000\" src=\"https:\/\/www.oliver-sport.cz\/wp-content\/uploads\/2026\/02\/19907-AIR-MAX-930-1.jpg\" alt=\"\" class=\"wp-image-827 size-full\" srcset=\"https:\/\/www.oliver-sport.cz\/new\/wp-content\/uploads\/2026\/02\/19907-AIR-MAX-930-1.jpg 1000w, https:\/\/www.oliver-sport.cz\/new\/wp-content\/uploads\/2026\/02\/19907-AIR-MAX-930-1-300x300.jpg 300w, https:\/\/www.oliver-sport.cz\/new\/wp-content\/uploads\/2026\/02\/19907-AIR-MAX-930-1-150x150.jpg 150w, https:\/\/www.oliver-sport.cz\/new\/wp-content\/uploads\/2026\/02\/19907-AIR-MAX-930-1-768x768.jpg 768w, https:\/\/www.oliver-sport.cz\/new\/wp-content\/uploads\/2026\/02\/19907-AIR-MAX-930-1-370x370.jpg 370w, https:\/\/www.oliver-sport.cz\/new\/wp-content\/uploads\/2026\/02\/19907-AIR-MAX-930-1-120x120.jpg 120w, https:\/\/www.oliver-sport.cz\/new\/wp-content\/uploads\/2026\/02\/19907-AIR-MAX-930-1-760x760.jpg 760w\" sizes=\"auto, (max-width: 1000px) 100vw, 1000px\" \/><\/figure><div class=\"wp-block-media-text__content\">\n<p><strong>AIR MAX 930<\/strong><\/p>\n\n\n\n<p>Perfektn\u00ed volba pro zku\u0161en\u00e9 hr\u00e1\u010de, kte\u0159\u00ed cht\u011bj\u00ed maximalizovat svou s\u00edlu a z\u00e1rove\u0148 si zachovat vynikaj\u00edc\u00ed kontrolu. D\u00edky vysoce kvalitn\u00edmu 12K karbonu a inovativn\u00edmu kapkovit\u00e9mu designu nab\u00edz\u00ed tato padelov\u00e1 raketa vynikaj\u00edc\u00ed kombinaci s\u00edly a p\u0159esnosti. <\/p>\n\n\n\n<figure class=\"wp-block-table\"><table class=\"has-fixed-layout\"><tbody><tr><td>Materi\u00e1l<\/td><td>WOVEN EPOLON-K12\/Twill<\/td><\/tr><tr><td>V\u00e1ha<\/td><td>350 (+\/-10g)<\/td><\/tr><tr><td>Vyv\u00e1\u017eenie<\/td><td>260 (+\/-10)<\/td><\/tr><tr><td>Tvrdos\u0165<\/td><td>12\u00b0-14\u00b0 EVA Pro<\/td><\/tr><tr><td>Ve\u013ekos\u0165<\/td><td>38<\/td><\/tr><\/tbody><\/table><\/figure>\n\n\n\n<div class=\"wp-block-buttons is-content-justification-center is-layout-flex wp-container-core-buttons-is-layout-16018d1d wp-block-buttons-is-layout-flex\">\n<div class=\"wp-block-button\"><a class=\"wp-block-button__link has-text-align-center wp-element-button\" href=\"https:\/\/www.irakety.cz\/padel\/padelova-raketa-oliver-air-max-930\/\">KOUPIT<\/a><\/div>\n<\/div>\n<\/div><\/div>\n\n\n\n<div class=\"wp-block-media-text is-stacked-on-mobile\"><figure class=\"wp-block-media-text__media\"><img loading=\"lazy\" decoding=\"async\" width=\"1000\" height=\"1000\" src=\"https:\/\/www.oliver-sport.cz\/wp-content\/uploads\/2026\/02\/19906-AIR-MAX-818.jpg\" alt=\"\" class=\"wp-image-828 size-full\" srcset=\"https:\/\/www.oliver-sport.cz\/new\/wp-content\/uploads\/2026\/02\/19906-AIR-MAX-818.jpg 1000w, https:\/\/www.oliver-sport.cz\/new\/wp-content\/uploads\/2026\/02\/19906-AIR-MAX-818-300x300.jpg 300w, https:\/\/www.oliver-sport.cz\/new\/wp-content\/uploads\/2026\/02\/19906-AIR-MAX-818-150x150.jpg 150w, https:\/\/www.oliver-sport.cz\/new\/wp-content\/uploads\/2026\/02\/19906-AIR-MAX-818-768x768.jpg 768w, https:\/\/www.oliver-sport.cz\/new\/wp-content\/uploads\/2026\/02\/19906-AIR-MAX-818-370x370.jpg 370w, https:\/\/www.oliver-sport.cz\/new\/wp-content\/uploads\/2026\/02\/19906-AIR-MAX-818-120x120.jpg 120w, https:\/\/www.oliver-sport.cz\/new\/wp-content\/uploads\/2026\/02\/19906-AIR-MAX-818-760x760.jpg 760w\" sizes=\"auto, (max-width: 1000px) 100vw, 1000px\" \/><\/figure><div class=\"wp-block-media-text__content\">\n<p><strong>AIR MAX 818<\/strong><\/p>\n\n\n\n<p>Ide\u00e1ln\u00ed volba pro pokro\u010dil\u00e9 a ambici\u00f3zn\u00ed hr\u00e1\u010de, kte\u0159\u00ed si cen\u00ed maxim\u00e1ln\u00ed stability a v\u00fdkonu. Inovativn\u00ed kombinace materi\u00e1l\u016f zaji\u0161\u0165uje optim\u00e1ln\u00ed p\u0159enos s\u00edly a minimalizuje ztr\u00e1ty energie b\u011bhem hry. AIR MAX 818 se vyzna\u010duje vynikaj\u00edc\u00ed kontrolou a razanc\u00ed, d\u00edky \u010demu\u017e je ide\u00e1ln\u00ed pro hr\u00e1\u010de, kte\u0159\u00ed cht\u011bj\u00ed posunout svou hru na dal\u0161\u00ed \u00farove\u0148.<\/p>\n\n\n\n<figure class=\"wp-block-table\"><table class=\"has-fixed-layout\"><tbody><tr><td>Materi\u00e1l<\/td><td>WOVEN EPOLON-K12<\/td><\/tr><tr><td>V\u00e1ha<\/td><td>350 (+\/-10g)<\/td><\/tr><tr><td>Vyv\u00e1\u017eenie<\/td><td>260 (+\/-10)<\/td><\/tr><tr><td>Tvrdos\u0165<\/td><td>10\u00b0-13\u00b0 EVA Pro<\/td><\/tr><tr><td>Ve\u013ekos\u0165<\/td><td>38<\/td><\/tr><\/tbody><\/table><\/figure>\n\n\n\n<div class=\"wp-block-buttons is-content-justification-center is-layout-flex wp-container-core-buttons-is-layout-16018d1d wp-block-buttons-is-layout-flex\">\n<div class=\"wp-block-button\"><a class=\"wp-block-button__link has-text-align-center wp-element-button\" href=\"https:\/\/www.irakety.cz\/padel\/padelova-raketa-oliver-air-max-818\/\">KOUPIT<\/a><\/div>\n<\/div>\n<\/div><\/div>\n\n\n\n<div class=\"wp-block-media-text is-stacked-on-mobile\"><figure class=\"wp-block-media-text__media\"><img loading=\"lazy\" decoding=\"async\" width=\"1000\" height=\"1000\" src=\"https:\/\/www.oliver-sport.cz\/wp-content\/uploads\/2026\/02\/19905-AIR-MAX-730.jpg\" alt=\"\" class=\"wp-image-829 size-full\" srcset=\"https:\/\/www.oliver-sport.cz\/new\/wp-content\/uploads\/2026\/02\/19905-AIR-MAX-730.jpg 1000w, https:\/\/www.oliver-sport.cz\/new\/wp-content\/uploads\/2026\/02\/19905-AIR-MAX-730-300x300.jpg 300w, https:\/\/www.oliver-sport.cz\/new\/wp-content\/uploads\/2026\/02\/19905-AIR-MAX-730-150x150.jpg 150w, https:\/\/www.oliver-sport.cz\/new\/wp-content\/uploads\/2026\/02\/19905-AIR-MAX-730-768x768.jpg 768w, https:\/\/www.oliver-sport.cz\/new\/wp-content\/uploads\/2026\/02\/19905-AIR-MAX-730-370x370.jpg 370w, https:\/\/www.oliver-sport.cz\/new\/wp-content\/uploads\/2026\/02\/19905-AIR-MAX-730-120x120.jpg 120w, https:\/\/www.oliver-sport.cz\/new\/wp-content\/uploads\/2026\/02\/19905-AIR-MAX-730-760x760.jpg 760w\" sizes=\"auto, (max-width: 1000px) 100vw, 1000px\" \/><\/figure><div class=\"wp-block-media-text__content\">\n<p><strong>AIR MAX 730<\/strong><\/p>\n\n\n\n<p>Ide\u00e1ln\u00ed spole\u010dn\u00edk pro pokro\u010dil\u00e9 hr\u00e1\u010de, kte\u0159\u00ed cht\u011bj\u00ed maximalizovat sv\u016fj v\u00fdkon na padelov\u00e9m kurtu. Vyroben\u00e1 z vysoce kvalitn\u00edho tkan\u00e9ho materi\u00e1lu EPOLON-K3, nab\u00edz\u00ed v\u00fdjime\u010dnou odolnost a stabilitu. Inovativn\u00ed technologie EVA Hi-Soft zaji\u0161\u0165uje pohodln\u00fd hern\u00ed z\u00e1\u017eitek, v\u00fdrazn\u011b sni\u017euje vibrace a pom\u00e1h\u00e1 p\u0159edch\u00e1zet zran\u011bn\u00edm. D\u00edky zaoblen\u00e9mu tvaru a neutr\u00e1ln\u00edmu vyv\u00e1\u017een\u00ed je tato padelov\u00e1 raketa v\u0161estrann\u00e1 a nab\u00edz\u00ed perfektn\u00ed kombinaci p\u0159esnosti a s\u00edly.<\/p>\n\n\n\n<figure class=\"wp-block-table\"><table class=\"has-fixed-layout\"><tbody><tr><td>Materi\u00e1l<\/td><td>WOVEN EPOLON-K3<\/td><\/tr><tr><td>V\u00e1ha<\/td><td>350 (+\/-10g)<\/td><\/tr><tr><td>Vyv\u00e1\u017eenie<\/td><td>260 (+\/-10)<\/td><\/tr><tr><td>Tvrdos\u0165<\/td><td>8\u00b0-10\u00b0 EVA Pro<\/td><\/tr><tr><td>Ve\u013ekos\u0165<\/td><td>38<\/td><\/tr><\/tbody><\/table><\/figure>\n\n\n\n<div class=\"wp-block-buttons is-content-justification-center is-layout-flex wp-container-core-buttons-is-layout-16018d1d wp-block-buttons-is-layout-flex\">\n<div class=\"wp-block-button\"><a class=\"wp-block-button__link has-text-align-center wp-element-button\" href=\"https:\/\/www.irakety.cz\/padel\/padelova-raketa-oliver-air-max-730\/\">KOUPIT<\/a><\/div>\n<\/div>\n<\/div><\/div>\n\n\n\n<div class=\"wp-block-media-text is-stacked-on-mobile\"><figure class=\"wp-block-media-text__media\"><img loading=\"lazy\" decoding=\"async\" width=\"1024\" height=\"1024\" src=\"https:\/\/www.oliver-sport.cz\/wp-content\/uploads\/2026\/04\/19910-AIR-MAX-500-1024x1024.jpg\" alt=\"\" class=\"wp-image-1210 size-full\" srcset=\"https:\/\/www.oliver-sport.cz\/new\/wp-content\/uploads\/2026\/04\/19910-AIR-MAX-500-1024x1024.jpg 1024w, https:\/\/www.oliver-sport.cz\/new\/wp-content\/uploads\/2026\/04\/19910-AIR-MAX-500-300x300.jpg 300w, https:\/\/www.oliver-sport.cz\/new\/wp-content\/uploads\/2026\/04\/19910-AIR-MAX-500-150x150.jpg 150w, https:\/\/www.oliver-sport.cz\/new\/wp-content\/uploads\/2026\/04\/19910-AIR-MAX-500-768x768.jpg 768w, https:\/\/www.oliver-sport.cz\/new\/wp-content\/uploads\/2026\/04\/19910-AIR-MAX-500-1536x1536.jpg 1536w, https:\/\/www.oliver-sport.cz\/new\/wp-content\/uploads\/2026\/04\/19910-AIR-MAX-500-370x370.jpg 370w, https:\/\/www.oliver-sport.cz\/new\/wp-content\/uploads\/2026\/04\/19910-AIR-MAX-500-120x120.jpg 120w, https:\/\/www.oliver-sport.cz\/new\/wp-content\/uploads\/2026\/04\/19910-AIR-MAX-500-760x760.jpg 760w, https:\/\/www.oliver-sport.cz\/new\/wp-content\/uploads\/2026\/04\/19910-AIR-MAX-500.jpg 1600w\" sizes=\"auto, (max-width: 1024px) 100vw, 1024px\" \/><\/figure><div class=\"wp-block-media-text__content\">\n<p><strong>AIR MAX 500<\/strong><\/p>\n\n\n\n<p>Ide\u00e1ln\u00ed volba pro ambici\u00f3zn\u00ed hr\u00e1\u010de, kte\u0159\u00ed hledaj\u00ed perfektn\u00ed v\u0161estrannou raketu a odm\u00edtaj\u00ed d\u011blat kompromisy mezi silou a kontrolou. Exkluzivn\u00ed kombinace materi\u00e1l\u016f vytv\u00e1\u0159\u00ed siln\u00fd trampol\u00ednov\u00fd efekt, d\u00edky \u010demu\u017e je raketa obzvl\u00e1\u0161t\u011b \u0161etrn\u00e1 k pa\u017e\u00edm minimalizac\u00ed stresuj\u00edc\u00edch vibrac\u00ed. <\/p>\n\n\n\n<figure class=\"wp-block-table\"><table class=\"has-fixed-layout\"><tbody><tr><td>Materi\u00e1l<\/td><td>WOVEN EPOLON-K3<\/td><\/tr><tr><td>V\u00e1ha<\/td><td>350 (+\/-10g)<\/td><\/tr><tr><td>Vyv\u00e1\u017eenie<\/td><td>260 (+\/-10)<\/td><\/tr><tr><td>Tvrdos\u0165<\/td><td>8\u00b0-10\u00b0 EVA Pro<\/td><\/tr><tr><td>Ve\u013ekos\u0165<\/td><td>38<\/td><\/tr><\/tbody><\/table><\/figure>\n\n\n\n<div class=\"wp-block-buttons is-content-justification-center is-layout-flex wp-container-core-buttons-is-layout-16018d1d wp-block-buttons-is-layout-flex\">\n<div class=\"wp-block-button\"><a class=\"wp-block-button__link has-text-align-center wp-element-button\" href=\"https:\/\/www.irakety.cz\/padel\/padelova-raketa-oliver-air-max-730\/\">KOUPIT<\/a><\/div>\n<\/div>\n<\/div><\/div>\n\n\n\n<div class=\"wp-block-media-text is-stacked-on-mobile\"><figure class=\"wp-block-media-text__media\"><img loading=\"lazy\" decoding=\"async\" width=\"1024\" height=\"1024\" src=\"https:\/\/www.oliver-sport.cz\/wp-content\/uploads\/2026\/02\/19909-AIR-MAX-300-1024x1024.jpg\" alt=\"\" class=\"wp-image-830 size-full\" srcset=\"https:\/\/www.oliver-sport.cz\/new\/wp-content\/uploads\/2026\/02\/19909-AIR-MAX-300-1024x1024.jpg 1024w, https:\/\/www.oliver-sport.cz\/new\/wp-content\/uploads\/2026\/02\/19909-AIR-MAX-300-300x300.jpg 300w, https:\/\/www.oliver-sport.cz\/new\/wp-content\/uploads\/2026\/02\/19909-AIR-MAX-300-150x150.jpg 150w, https:\/\/www.oliver-sport.cz\/new\/wp-content\/uploads\/2026\/02\/19909-AIR-MAX-300-768x768.jpg 768w, https:\/\/www.oliver-sport.cz\/new\/wp-content\/uploads\/2026\/02\/19909-AIR-MAX-300-1536x1536.jpg 1536w, https:\/\/www.oliver-sport.cz\/new\/wp-content\/uploads\/2026\/02\/19909-AIR-MAX-300-370x370.jpg 370w, https:\/\/www.oliver-sport.cz\/new\/wp-content\/uploads\/2026\/02\/19909-AIR-MAX-300-120x120.jpg 120w, https:\/\/www.oliver-sport.cz\/new\/wp-content\/uploads\/2026\/02\/19909-AIR-MAX-300-760x760.jpg 760w, https:\/\/www.oliver-sport.cz\/new\/wp-content\/uploads\/2026\/02\/19909-AIR-MAX-300.jpg 1600w\" sizes=\"auto, (max-width: 1024px) 100vw, 1024px\" \/><\/figure><div class=\"wp-block-media-text__content\">\n<p><strong>AIR MAX 300<\/strong><\/p>\n\n\n\n<p>Ide\u00e1ln\u00ed volbou pro za\u010d\u00e1te\u010dn\u00edky, kte\u0159\u00ed hledaj\u00ed vyv\u00e1\u017eenou a snadno ovladatelnou raketu. Vyrobena z odoln\u00e9ho METACARBONU, raketa kombinuje v\u00fdjime\u010dnou stabilitu s vynikaj\u00edc\u00edm hern\u00edm komfortem. Jej\u00ed vyv\u00e1\u017een\u00e1 hmotnost a n\u00edzk\u00e1 hmotnost umo\u017e\u0148uj\u00ed snadnou ovladatelnost a p\u0159esn\u00e9 \u00fadery, co\u017e z n\u00ed \u010din\u00ed ide\u00e1ln\u00ed volbu pro za\u010d\u00e1te\u010dn\u00edky v padelu, kte\u0159\u00ed cht\u011bj\u00ed zlep\u0161it svou techniku \u200b\u200ba hr\u00e1t na kurtu s jistotou.<\/p>\n\n\n\n<p>V\u00fdhody<\/p>\n\n\n\n<figure class=\"wp-block-table\"><table class=\"has-fixed-layout\"><tbody><tr><td>Materi\u00e1l<\/td><td>METACARBON<\/td><\/tr><tr><td>V\u00e1ha<\/td><td>355 (+\/-10g)<\/td><\/tr><tr><td>Vyv\u00e1\u017eenie<\/td><td>260 (+\/-10)<\/td><\/tr><tr><td>Tvrdos\u0165<\/td><td>8\u00b0-10\u00b0 EVA Pro<\/td><\/tr><tr><td>Ve\u013ekos\u0165<\/td><td>38<\/td><\/tr><\/tbody><\/table><\/figure>\n\n\n\n<div class=\"wp-block-buttons is-content-justification-center is-layout-flex wp-container-core-buttons-is-layout-16018d1d wp-block-buttons-is-layout-flex\">\n<div class=\"wp-block-button\"><a class=\"wp-block-button__link has-text-align-center wp-element-button\" href=\"https:\/\/www.irakety.cz\/padel\/padelova-raketa-oliver-air-max-300\/\">KOUPIT<\/a><\/div>\n<\/div>\n<\/div><\/div>\n\n\n\n<div class=\"wp-block-media-text is-stacked-on-mobile\"><figure class=\"wp-block-media-text__media\"><img loading=\"lazy\" decoding=\"async\" width=\"1000\" height=\"1000\" src=\"https:\/\/www.oliver-sport.cz\/wp-content\/uploads\/2026\/02\/19904-AIR-MAX-Hire.jpg\" alt=\"\" class=\"wp-image-831 size-full\" srcset=\"https:\/\/www.oliver-sport.cz\/new\/wp-content\/uploads\/2026\/02\/19904-AIR-MAX-Hire.jpg 1000w, https:\/\/www.oliver-sport.cz\/new\/wp-content\/uploads\/2026\/02\/19904-AIR-MAX-Hire-300x300.jpg 300w, https:\/\/www.oliver-sport.cz\/new\/wp-content\/uploads\/2026\/02\/19904-AIR-MAX-Hire-150x150.jpg 150w, https:\/\/www.oliver-sport.cz\/new\/wp-content\/uploads\/2026\/02\/19904-AIR-MAX-Hire-768x768.jpg 768w, https:\/\/www.oliver-sport.cz\/new\/wp-content\/uploads\/2026\/02\/19904-AIR-MAX-Hire-370x370.jpg 370w, https:\/\/www.oliver-sport.cz\/new\/wp-content\/uploads\/2026\/02\/19904-AIR-MAX-Hire-120x120.jpg 120w, https:\/\/www.oliver-sport.cz\/new\/wp-content\/uploads\/2026\/02\/19904-AIR-MAX-Hire-760x760.jpg 760w\" sizes=\"auto, (max-width: 1000px) 100vw, 1000px\" \/><\/figure><div class=\"wp-block-media-text__content\">\n<p><strong>HIRE<\/strong><\/p>\n\n\n\n<p>Hire nab\u00edz\u00ed pokro\u010dilou technologii a pr\u00e9miov\u00fd design ur\u010den\u00fd speci\u00e1ln\u011b pro za\u010d\u00e1te\u010dn\u00edky. Tato padelov\u00e1 raketa kombinuje inovativn\u00ed materi\u00e1ly s u\u017eivatelsky p\u0159\u00edv\u011btivou konstrukc\u00ed a poskytuje tak nov\u00fdm hr\u00e1\u010d\u016fm vynikaj\u00edc\u00ed v\u00fdkon. <\/p>\n\n\n\n<figure class=\"wp-block-table\"><table class=\"has-fixed-layout\"><tbody><tr><td>Materi\u00e1l<\/td><td>FRP<\/td><\/tr><tr><td>V\u00e1ha<\/td><td>340 (+\/-10g)<\/td><\/tr><tr><td>Vyv\u00e1\u017eenie<\/td><td>250 (+\/-10)<\/td><\/tr><tr><td>Tvrdos\u0165<\/td><td>10\u00b0-13\u00b0 EVA Pro<\/td><\/tr><tr><td>Ve\u013ekos\u0165<\/td><td>38<\/td><\/tr><\/tbody><\/table><\/figure>\n\n\n\n<div class=\"wp-block-buttons is-content-justification-center is-layout-flex wp-container-core-buttons-is-layout-16018d1d wp-block-buttons-is-layout-flex\">\n<div class=\"wp-block-button\"><a class=\"wp-block-button__link has-text-align-center wp-element-button\" href=\"https:\/\/www.irakety.cz\/padel\/padelova-raketa-oliver-hire\/\">KOUPIT<\/a><\/div>\n<\/div>\n<\/div><\/div>\n\n\n\n<div class=\"wp-block-media-text is-stacked-on-mobile\"><figure class=\"wp-block-media-text__media\"><img loading=\"lazy\" decoding=\"async\" width=\"1000\" height=\"1000\" src=\"https:\/\/www.oliver-sport.cz\/wp-content\/uploads\/2026\/02\/19908-AIR-MAX-Junior.jpg\" alt=\"\" class=\"wp-image-832 size-full\" srcset=\"https:\/\/www.oliver-sport.cz\/new\/wp-content\/uploads\/2026\/02\/19908-AIR-MAX-Junior.jpg 1000w, https:\/\/www.oliver-sport.cz\/new\/wp-content\/uploads\/2026\/02\/19908-AIR-MAX-Junior-300x300.jpg 300w, https:\/\/www.oliver-sport.cz\/new\/wp-content\/uploads\/2026\/02\/19908-AIR-MAX-Junior-150x150.jpg 150w, https:\/\/www.oliver-sport.cz\/new\/wp-content\/uploads\/2026\/02\/19908-AIR-MAX-Junior-768x768.jpg 768w, https:\/\/www.oliver-sport.cz\/new\/wp-content\/uploads\/2026\/02\/19908-AIR-MAX-Junior-370x370.jpg 370w, https:\/\/www.oliver-sport.cz\/new\/wp-content\/uploads\/2026\/02\/19908-AIR-MAX-Junior-120x120.jpg 120w, https:\/\/www.oliver-sport.cz\/new\/wp-content\/uploads\/2026\/02\/19908-AIR-MAX-Junior-760x760.jpg 760w\" sizes=\"auto, (max-width: 1000px) 100vw, 1000px\" \/><\/figure><div class=\"wp-block-media-text__content\">\n<p><strong>AIR MAX JUNIOR<\/strong><\/p>\n\n\n\n<p>AIR MAX Junior je speci\u00e1ln\u011b navr\u017eena pro d\u011bti a juniory, kte\u0159\u00ed cht\u011bj\u00ed za\u010d\u00edt hr\u00e1t padel. Tato raketa nab\u00edz\u00ed vynikaj\u00edc\u00ed kombinaci v\u00fdkonu a snadn\u00e9ho pou\u017eit\u00ed, co\u017e mlad\u00fdm hr\u00e1\u010d\u016fm usnad\u0148uje za\u010d\u00e1tek. <\/p>\n\n\n\n<figure class=\"wp-block-table\"><table class=\"has-fixed-layout\"><tbody><tr><td>Materi\u00e1l<\/td><td>FRP<\/td><\/tr><tr><td>V\u00e1ha<\/td><td>310 (+\/-10g)<\/td><\/tr><tr><td>Vyv\u00e1\u017eenie<\/td><td>230 (+\/-10)<\/td><\/tr><tr><td>Tvrdos\u0165<\/td><td>10\u00b0-13\u00b0 EVA Pro<\/td><\/tr><tr><td>Ve\u013ekos\u0165<\/td><td>33<\/td><\/tr><\/tbody><\/table><\/figure>\n\n\n\n<div class=\"wp-block-buttons is-content-justification-center is-layout-flex wp-container-core-buttons-is-layout-16018d1d wp-block-buttons-is-layout-flex\">\n<div class=\"wp-block-button\"><a class=\"wp-block-button__link has-text-align-center wp-element-button\" href=\"https:\/\/www.irakety.cz\/padel\/padelova-raketa-oliver-air-max-junior\/\">KOUPIT<\/a><\/div>\n<\/div>\n<\/div><\/div>\n\n\n\n<div class=\"wp-block-media-text is-stacked-on-mobile\"><figure class=\"wp-block-media-text__media\"><img loading=\"lazy\" decoding=\"async\" width=\"1024\" height=\"1024\" src=\"https:\/\/www.oliver-sport.cz\/wp-content\/uploads\/2026\/04\/19911-Padel-Elite-1-1-1024x1024.png\" alt=\"\" class=\"wp-image-1211 size-full\" srcset=\"https:\/\/www.oliver-sport.cz\/new\/wp-content\/uploads\/2026\/04\/19911-Padel-Elite-1-1-1024x1024.png 1024w, https:\/\/www.oliver-sport.cz\/new\/wp-content\/uploads\/2026\/04\/19911-Padel-Elite-1-1-300x300.png 300w, https:\/\/www.oliver-sport.cz\/new\/wp-content\/uploads\/2026\/04\/19911-Padel-Elite-1-1-150x150.png 150w, https:\/\/www.oliver-sport.cz\/new\/wp-content\/uploads\/2026\/04\/19911-Padel-Elite-1-1-768x768.png 768w, https:\/\/www.oliver-sport.cz\/new\/wp-content\/uploads\/2026\/04\/19911-Padel-Elite-1-1-1536x1536.png 1536w, https:\/\/www.oliver-sport.cz\/new\/wp-content\/uploads\/2026\/04\/19911-Padel-Elite-1-1-370x370.png 370w, https:\/\/www.oliver-sport.cz\/new\/wp-content\/uploads\/2026\/04\/19911-Padel-Elite-1-1-120x120.png 120w, https:\/\/www.oliver-sport.cz\/new\/wp-content\/uploads\/2026\/04\/19911-Padel-Elite-1-1-760x760.png 760w, https:\/\/www.oliver-sport.cz\/new\/wp-content\/uploads\/2026\/04\/19911-Padel-Elite-1-1.png 1600w\" sizes=\"auto, (max-width: 1024px) 100vw, 1024px\" \/><\/figure><div class=\"wp-block-media-text__content\">\n<p><strong>M\u00cd\u010cE PADEL ELITE+++<\/strong><\/p>\n\n\n\n<p>Padel Elite +++ jsou vysoce kvalitn\u00ed sout\u011b\u017en\u00ed padelov\u00e9 m\u00ed\u010dky pro n\u00e1ro\u010dn\u00e9 hr\u00e1\u010de a kluby. Ka\u017ed\u00e1 plechovka obsahuje 3 m\u00ed\u010dky s pr\u00e9miovou plst\u00ed (45 % vlny) a p\u0159\u00edrodn\u00edm pry\u017eov\u00fdm j\u00e1drem vysok\u00e9 kvality pro konzistentn\u00ed tlak a p\u0159esn\u00fd pocit p\u0159i h\u0159e. D\u00edky zv\u00fd\u0161en\u00e9 odolnosti nab\u00edzej\u00ed m\u00ed\u010dky spolehliv\u00fd produkt pro intenzivn\u00ed hru \u2013 vhodn\u00e9 pro v\u0161echny povrchy kurt\u016f.<\/p>\n\n\n\n<div class=\"wp-block-buttons is-content-justification-center is-layout-flex wp-container-core-buttons-is-layout-16018d1d wp-block-buttons-is-layout-flex\">\n<div class=\"wp-block-button\"><a class=\"wp-block-button__link has-text-align-center wp-element-button\" href=\"info@oliver.sport.cz\">KOUPIT<\/a><\/div>\n<\/div>\n<\/div><\/div>\n\n\n\n<div class=\"wp-block-media-text is-stacked-on-mobile\"><figure class=\"wp-block-media-text__media\"><img loading=\"lazy\" decoding=\"async\" width=\"1000\" height=\"1000\" src=\"https:\/\/www.oliver-sport.cz\/wp-content\/uploads\/2026\/02\/53985-Fullsize-Hulle-Padel.jpg\" alt=\"\" class=\"wp-image-833 size-full\" srcset=\"https:\/\/www.oliver-sport.cz\/new\/wp-content\/uploads\/2026\/02\/53985-Fullsize-Hulle-Padel.jpg 1000w, https:\/\/www.oliver-sport.cz\/new\/wp-content\/uploads\/2026\/02\/53985-Fullsize-Hulle-Padel-300x300.jpg 300w, https:\/\/www.oliver-sport.cz\/new\/wp-content\/uploads\/2026\/02\/53985-Fullsize-Hulle-Padel-150x150.jpg 150w, https:\/\/www.oliver-sport.cz\/new\/wp-content\/uploads\/2026\/02\/53985-Fullsize-Hulle-Padel-768x768.jpg 768w, https:\/\/www.oliver-sport.cz\/new\/wp-content\/uploads\/2026\/02\/53985-Fullsize-Hulle-Padel-370x370.jpg 370w, https:\/\/www.oliver-sport.cz\/new\/wp-content\/uploads\/2026\/02\/53985-Fullsize-Hulle-Padel-120x120.jpg 120w, https:\/\/www.oliver-sport.cz\/new\/wp-content\/uploads\/2026\/02\/53985-Fullsize-Hulle-Padel-760x760.jpg 760w\" sizes=\"auto, (max-width: 1000px) 100vw, 1000px\" \/><\/figure><div class=\"wp-block-media-text__content\">\n<p><strong>CELOOBAL<\/strong><\/p>\n\n\n\n<p>Obal na padelov\u00fa raketu od firmy OLIVER.<\/p>\n\n\n\n<div class=\"wp-block-buttons is-content-justification-center is-layout-flex wp-container-core-buttons-is-layout-16018d1d wp-block-buttons-is-layout-flex\">\n<div class=\"wp-block-button\"><a class=\"wp-block-button__link has-text-align-center wp-element-button\" href=\"info@oliver.sport.cz\">KOUPIT<\/a><\/div>\n<\/div>\n<\/div><\/div>\n","protected":false},"excerpt":{"rendered":"<p>Objevte sv\u011bt padel tenisu s OLIVER A\u0165 u\u017e jste za\u010d\u00e1te\u010dn\u00edk, m\u00edrn\u011b pokro\u010dil\u00fd nebo pokro\u010dil\u00fd hr\u00e1\u010d, najdete u n\u00e1s v\u0161e, co pot\u0159ebujete pro dokonal\u00fd padelov\u00fd z\u00e1\u017eitek. Na\u0161e rozs\u00e1hl\u00e1 \u0159ada produkt\u016f nab\u00edz\u00ed \u0161irok\u00fd v\u00fdb\u011br padelov\u00fdch raket, bot, dopl\u0148k\u016f a oble\u010den\u00ed, kter\u00e9 spl\u0148uj\u00ed nejvy\u0161\u0161\u00ed standardy kvality a v\u00fdkonu. Vyberte si z \u0159ady padelov\u00fdch raket speci\u00e1ln\u011b navr\u017een\u00fdch pro r\u016fzn\u00e9 hern\u00ed styly a \u00farovn\u011b dovednost\u00ed.&hellip;<\/p>\n","protected":false},"author":1,"featured_media":0,"parent":0,"menu_order":0,"comment_status":"closed","ping_status":"closed","template":"","meta":{"footnotes":""},"class_list":["post-826","page","type-page","status-publish","hentry"],"_links":{"self":[{"href":"https:\/\/www.oliver-sport.cz\/new\/wp-json\/wp\/v2\/pages\/826","targetHints":{"allow":["GET"]}}],"collection":[{"href":"https:\/\/www.oliver-sport.cz\/new\/wp-json\/wp\/v2\/pages"}],"about":[{"href":"https:\/\/www.oliver-sport.cz\/new\/wp-json\/wp\/v2\/types\/page"}],"author":[{"embeddable":true,"href":"https:\/\/www.oliver-sport.cz\/new\/wp-json\/wp\/v2\/users\/1"}],"replies":[{"embeddable":true,"href":"https:\/\/www.oliver-sport.cz\/new\/wp-json\/wp\/v2\/comments?post=826"}],"version-history":[{"count":4,"href":"https:\/\/www.oliver-sport.cz\/new\/wp-json\/wp\/v2\/pages\/826\/revisions"}],"predecessor-version":[{"id":1212,"href":"https:\/\/www.oliver-sport.cz\/new\/wp-json\/wp\/v2\/pages\/826\/revisions\/1212"}],"wp:attachment":[{"href":"https:\/\/www.oliver-sport.cz\/new\/wp-json\/wp\/v2\/media?parent=826"}],"curies":[{"name":"wp","href":"https:\/\/api.w.org\/{rel}","templated":true}]}}