{"id":816,"date":"2026-02-13T14:26:18","date_gmt":"2026-02-13T14:26:18","guid":{"rendered":"https:\/\/www.oliver-sport.cz\/new\/?page_id=816"},"modified":"2026-02-13T14:26:18","modified_gmt":"2026-02-13T14:26:18","slug":"bdm-mice","status":"publish","type":"page","link":"https:\/\/www.oliver-sport.cz\/new\/badminton\/bdm-mice\/","title":{"rendered":"BDM. M\u00cd\u010cE"},"content":{"rendered":"\n<div class=\"wp-block-media-text is-stacked-on-mobile\"><figure class=\"wp-block-media-text__media\"><img loading=\"lazy\" decoding=\"async\" width=\"1000\" height=\"1000\" src=\"https:\/\/www.oliver-sport.cz\/wp-content\/uploads\/2026\/02\/51515-NATURFEDERBALLE-APEX-200-77.jpg\" alt=\"\" class=\"wp-image-819 size-full\" srcset=\"https:\/\/www.oliver-sport.cz\/new\/wp-content\/uploads\/2026\/02\/51515-NATURFEDERBALLE-APEX-200-77.jpg 1000w, https:\/\/www.oliver-sport.cz\/new\/wp-content\/uploads\/2026\/02\/51515-NATURFEDERBALLE-APEX-200-77-300x300.jpg 300w, https:\/\/www.oliver-sport.cz\/new\/wp-content\/uploads\/2026\/02\/51515-NATURFEDERBALLE-APEX-200-77-150x150.jpg 150w, https:\/\/www.oliver-sport.cz\/new\/wp-content\/uploads\/2026\/02\/51515-NATURFEDERBALLE-APEX-200-77-768x768.jpg 768w, https:\/\/www.oliver-sport.cz\/new\/wp-content\/uploads\/2026\/02\/51515-NATURFEDERBALLE-APEX-200-77-370x370.jpg 370w, https:\/\/www.oliver-sport.cz\/new\/wp-content\/uploads\/2026\/02\/51515-NATURFEDERBALLE-APEX-200-77-120x120.jpg 120w, https:\/\/www.oliver-sport.cz\/new\/wp-content\/uploads\/2026\/02\/51515-NATURFEDERBALLE-APEX-200-77-760x760.jpg 760w\" sizes=\"auto, (max-width: 1000px) 100vw, 1000px\" \/><\/figure><div class=\"wp-block-media-text__content\">\n<p><strong>APEX 200<\/strong><\/p>\n\n\n\n<p>Na\u0161e pr\u00e9miov\u00e9 m\u00ed\u010de jsou schv\u00e1len\u00e9 n\u011bmeckou bundesligou. APEX 200 byly ofici\u00e1ln\u00edmi m\u00ed\u010di MS v Raketlonu v roce 2010. Dostupn\u00e9 ve v\u00edce rychlostech. M\u00ed\u010de se staly ofici\u00e1ln\u00edm m\u00ed\u010dkem mnoha n\u011bmeck\u00fdch klub\u016f, jako jsou nap\u0159\u00edklad: PTSV Rossenheim, TSV Trittau, TV Hohenlimburg, TV Wehen, SG Anspach<\/p>\n\n\n\n<h4 class=\"wp-block-heading\">Charakteristika<\/h4>\n\n\n\n<figure class=\"wp-block-table\"><table class=\"has-fixed-layout\"><tbody><tr><td class=\"has-text-align-left\" data-align=\"left\">K\u00f3d<\/td><td class=\"has-text-align-left\" data-align=\"left\"><strong>51515, 51516<\/strong><\/td><\/tr><tr><td class=\"has-text-align-left\" data-align=\"left\">Materi\u00e1l<\/td><td class=\"has-text-align-left\" data-align=\"left\"><strong>p\u0159\u00edrodn\u00ed pe\u0159\u00ed<\/strong><\/td><\/tr><tr><td class=\"has-text-align-left\" data-align=\"left\">Rychlosti<\/td><td class=\"has-text-align-left\" data-align=\"left\"><strong>77, 76<\/strong><\/td><\/tr><tr><td class=\"has-text-align-left\" data-align=\"left\">Balen\u00ed<\/td><td class=\"has-text-align-left\" data-align=\"left\"><strong>12ks\/d\u00f3za<\/strong><\/td><\/tr><\/tbody><\/table><\/figure>\n\n\n\n<p><\/p>\n<\/div><\/div>\n\n\n\n<div class=\"wp-block-media-text is-stacked-on-mobile\"><figure class=\"wp-block-media-text__media\"><img loading=\"lazy\" decoding=\"async\" width=\"1000\" height=\"1000\" src=\"https:\/\/www.oliver-sport.cz\/wp-content\/uploads\/2026\/02\/51501-NATURFEDERBALLE-APEX-100-77.jpg\" alt=\"\" class=\"wp-image-820 size-full\" srcset=\"https:\/\/www.oliver-sport.cz\/new\/wp-content\/uploads\/2026\/02\/51501-NATURFEDERBALLE-APEX-100-77.jpg 1000w, https:\/\/www.oliver-sport.cz\/new\/wp-content\/uploads\/2026\/02\/51501-NATURFEDERBALLE-APEX-100-77-300x300.jpg 300w, https:\/\/www.oliver-sport.cz\/new\/wp-content\/uploads\/2026\/02\/51501-NATURFEDERBALLE-APEX-100-77-150x150.jpg 150w, https:\/\/www.oliver-sport.cz\/new\/wp-content\/uploads\/2026\/02\/51501-NATURFEDERBALLE-APEX-100-77-768x768.jpg 768w, https:\/\/www.oliver-sport.cz\/new\/wp-content\/uploads\/2026\/02\/51501-NATURFEDERBALLE-APEX-100-77-370x370.jpg 370w, https:\/\/www.oliver-sport.cz\/new\/wp-content\/uploads\/2026\/02\/51501-NATURFEDERBALLE-APEX-100-77-120x120.jpg 120w, https:\/\/www.oliver-sport.cz\/new\/wp-content\/uploads\/2026\/02\/51501-NATURFEDERBALLE-APEX-100-77-760x760.jpg 760w\" sizes=\"auto, (max-width: 1000px) 100vw, 1000px\" \/><\/figure><div class=\"wp-block-media-text__content\">\n<p><strong>APEX 100<\/strong><\/p>\n\n\n\n<p>Prvot\u0159\u00eddn\u00ed odoln\u00e9 turnajov\u00e9 p\u00e9\u0159ov\u00e9 m\u00ed\u010dky, kter\u00e9 jsou charakterizov\u00e1ny konstantn\u00ed letovou kvalitou. Schv\u00e1leno v\u0161emi n\u011bmeck\u00fdmi ligami. \u201eNejspolehliv\u011bj\u0161\u00ed p\u00e9\u0159ov\u00e9 m\u00ed\u010dky na trhu\u201c Donald Shutlz, Sport G\u00f6ttingen, N\u011bmecko<\/p>\n\n\n\n<h4 class=\"wp-block-heading\">Charakteristika<\/h4>\n\n\n\n<figure class=\"wp-block-table\"><table class=\"has-fixed-layout\"><tbody><tr><td class=\"has-text-align-left\" data-align=\"left\">K\u00f3d<\/td><td class=\"has-text-align-left\" data-align=\"left\"><strong>51501, 51502<\/strong><\/td><\/tr><tr><td class=\"has-text-align-left\" data-align=\"left\">Materi\u00e1l<\/td><td class=\"has-text-align-left\" data-align=\"left\"><strong>p\u0159\u00edrodn\u00ed pe\u0159\u00ed<\/strong><\/td><\/tr><tr><td class=\"has-text-align-left\" data-align=\"left\">Rychlosti<\/td><td class=\"has-text-align-left\" data-align=\"left\"><strong>77, 76<\/strong><\/td><\/tr><tr><td class=\"has-text-align-left\" data-align=\"left\">Balen\u00ed<\/td><td class=\"has-text-align-left\" data-align=\"left\"><strong>12ks\/d\u00f3za<\/strong><\/td><\/tr><\/tbody><\/table><\/figure>\n\n\n\n<p><\/p>\n<\/div><\/div>\n\n\n\n<div class=\"wp-block-media-text is-stacked-on-mobile\"><figure class=\"wp-block-media-text__media\"><img loading=\"lazy\" decoding=\"async\" width=\"1000\" height=\"1000\" src=\"https:\/\/www.oliver-sport.cz\/wp-content\/uploads\/2026\/02\/51503-NATURFEDERBALLE-APEX-85-77.jpg\" alt=\"\" class=\"wp-image-822 size-full\" srcset=\"https:\/\/www.oliver-sport.cz\/new\/wp-content\/uploads\/2026\/02\/51503-NATURFEDERBALLE-APEX-85-77.jpg 1000w, https:\/\/www.oliver-sport.cz\/new\/wp-content\/uploads\/2026\/02\/51503-NATURFEDERBALLE-APEX-85-77-300x300.jpg 300w, https:\/\/www.oliver-sport.cz\/new\/wp-content\/uploads\/2026\/02\/51503-NATURFEDERBALLE-APEX-85-77-150x150.jpg 150w, https:\/\/www.oliver-sport.cz\/new\/wp-content\/uploads\/2026\/02\/51503-NATURFEDERBALLE-APEX-85-77-768x768.jpg 768w, https:\/\/www.oliver-sport.cz\/new\/wp-content\/uploads\/2026\/02\/51503-NATURFEDERBALLE-APEX-85-77-370x370.jpg 370w, https:\/\/www.oliver-sport.cz\/new\/wp-content\/uploads\/2026\/02\/51503-NATURFEDERBALLE-APEX-85-77-120x120.jpg 120w, https:\/\/www.oliver-sport.cz\/new\/wp-content\/uploads\/2026\/02\/51503-NATURFEDERBALLE-APEX-85-77-760x760.jpg 760w\" sizes=\"auto, (max-width: 1000px) 100vw, 1000px\" \/><\/figure><div class=\"wp-block-media-text__content\">\n<p><strong>APEX 85<\/strong><\/p>\n\n\n\n<p>Apex 85\/77 se dod\u00e1v\u00e1 v balen\u00ed po dvan\u00e1cti kusech a je navr\u017een tak, aby si zachoval sv\u016fj v\u00fdkon i p\u0159i intenzivn\u00edm pou\u017e\u00edv\u00e1n\u00ed \u2013 ide\u00e1ln\u00ed pro ambici\u00f3zn\u00ed tr\u00e9ninky a sout\u011b\u017en\u00ed z\u00e1pasy.<\/p>\n\n\n\n<h4 class=\"wp-block-heading\">Charakteristika<\/h4>\n\n\n\n<figure class=\"wp-block-table\"><table class=\"has-fixed-layout\"><tbody><tr><td class=\"has-text-align-left\" data-align=\"left\">K\u00f3d<\/td><td class=\"has-text-align-left\" data-align=\"left\"><\/td><\/tr><tr><td class=\"has-text-align-left\" data-align=\"left\">Materi\u00e1l<\/td><td class=\"has-text-align-left\" data-align=\"left\"><strong>p\u0159\u00edrodn\u00ed pe\u0159\u00ed<\/strong><\/td><\/tr><tr><td class=\"has-text-align-left\" data-align=\"left\">Rychlosti<\/td><td class=\"has-text-align-left\" data-align=\"left\"><strong>77, 76<\/strong><\/td><\/tr><tr><td class=\"has-text-align-left\" data-align=\"left\">Balen\u00ed<\/td><td class=\"has-text-align-left\" data-align=\"left\"><strong>12ks\/d\u00f3za<\/strong><\/td><\/tr><\/tbody><\/table><\/figure>\n\n\n\n<p><\/p>\n<\/div><\/div>\n\n\n\n<div class=\"wp-block-media-text is-stacked-on-mobile\"><figure class=\"wp-block-media-text__media\"><img loading=\"lazy\" decoding=\"async\" width=\"1000\" height=\"1000\" src=\"https:\/\/www.oliver-sport.cz\/wp-content\/uploads\/2026\/02\/51518-NATURFEDERBALLE-APEX-HYBRID-77.jpg\" alt=\"\" class=\"wp-image-821 size-full\" srcset=\"https:\/\/www.oliver-sport.cz\/new\/wp-content\/uploads\/2026\/02\/51518-NATURFEDERBALLE-APEX-HYBRID-77.jpg 1000w, https:\/\/www.oliver-sport.cz\/new\/wp-content\/uploads\/2026\/02\/51518-NATURFEDERBALLE-APEX-HYBRID-77-300x300.jpg 300w, https:\/\/www.oliver-sport.cz\/new\/wp-content\/uploads\/2026\/02\/51518-NATURFEDERBALLE-APEX-HYBRID-77-150x150.jpg 150w, https:\/\/www.oliver-sport.cz\/new\/wp-content\/uploads\/2026\/02\/51518-NATURFEDERBALLE-APEX-HYBRID-77-768x768.jpg 768w, https:\/\/www.oliver-sport.cz\/new\/wp-content\/uploads\/2026\/02\/51518-NATURFEDERBALLE-APEX-HYBRID-77-370x370.jpg 370w, https:\/\/www.oliver-sport.cz\/new\/wp-content\/uploads\/2026\/02\/51518-NATURFEDERBALLE-APEX-HYBRID-77-120x120.jpg 120w, https:\/\/www.oliver-sport.cz\/new\/wp-content\/uploads\/2026\/02\/51518-NATURFEDERBALLE-APEX-HYBRID-77-760x760.jpg 760w\" sizes=\"auto, (max-width: 1000px) 100vw, 1000px\" \/><\/figure><div class=\"wp-block-media-text__content\">\n<p><strong>APEX<\/strong> <strong>HYBRID<\/strong><\/p>\n\n\n\n<p>P\u00e9\u0159ov\u00e9 ko\u0161\u00edky OLIVER Apex Hybrid z p\u0159\u00edrodn\u00edho pe\u0159\u00ed kombinuj\u00ed t\u0159i vysoce kvalitn\u00ed materi\u00e1ly pro perfektn\u00ed kombinaci stability, odolnosti a v\u00fdkonu. Inovativn\u00ed sm\u011bs materi\u00e1l\u016f zaji\u0161\u0165uje konzistentn\u00ed a p\u0159esn\u00e9 trajektorie a nab\u00edz\u00ed dlouhou \u017eivotnost i p\u0159i intenzivn\u00edm pou\u017e\u00edv\u00e1n\u00ed. <\/p>\n\n\n\n<h4 class=\"wp-block-heading\">Charakteristika<\/h4>\n\n\n\n<figure class=\"wp-block-table\"><table class=\"has-fixed-layout\"><tbody><tr><td class=\"has-text-align-left\" data-align=\"left\">K\u00f3d<\/td><td class=\"has-text-align-left\" data-align=\"left\"><\/td><\/tr><tr><td class=\"has-text-align-left\" data-align=\"left\">Materi\u00e1l<\/td><td class=\"has-text-align-left\" data-align=\"left\"><strong>p\u0159\u00edrodn\u00ed pe\u0159\u00ed<\/strong><\/td><\/tr><tr><td class=\"has-text-align-left\" data-align=\"left\">Rychlosti<\/td><td class=\"has-text-align-left\" data-align=\"left\"><strong>77, 76<\/strong><\/td><\/tr><tr><td class=\"has-text-align-left\" data-align=\"left\">Balen\u00ed<\/td><td class=\"has-text-align-left\" data-align=\"left\"><strong>12ks\/d\u00f3za<\/strong><\/td><\/tr><\/tbody><\/table><\/figure>\n\n\n\n<p><\/p>\n<\/div><\/div>\n\n\n\n<div class=\"wp-block-media-text is-stacked-on-mobile\"><figure class=\"wp-block-media-text__media\"><img loading=\"lazy\" decoding=\"async\" width=\"800\" height=\"800\" src=\"https:\/\/www.oliver-sport.cz\/wp-content\/uploads\/2026\/02\/protec5-weiss.jpg\" alt=\"\" class=\"wp-image-823 size-full\" srcset=\"https:\/\/www.oliver-sport.cz\/new\/wp-content\/uploads\/2026\/02\/protec5-weiss.jpg 800w, https:\/\/www.oliver-sport.cz\/new\/wp-content\/uploads\/2026\/02\/protec5-weiss-300x300.jpg 300w, https:\/\/www.oliver-sport.cz\/new\/wp-content\/uploads\/2026\/02\/protec5-weiss-150x150.jpg 150w, https:\/\/www.oliver-sport.cz\/new\/wp-content\/uploads\/2026\/02\/protec5-weiss-768x768.jpg 768w, https:\/\/www.oliver-sport.cz\/new\/wp-content\/uploads\/2026\/02\/protec5-weiss-370x370.jpg 370w, https:\/\/www.oliver-sport.cz\/new\/wp-content\/uploads\/2026\/02\/protec5-weiss-120x120.jpg 120w, https:\/\/www.oliver-sport.cz\/new\/wp-content\/uploads\/2026\/02\/protec5-weiss-760x760.jpg 760w\" sizes=\"auto, (max-width: 800px) 100vw, 800px\" \/><\/figure><div class=\"wp-block-media-text__content\">\n<h4 class=\"wp-block-heading\">PRO TEC 5 NYLON<\/h4>\n\n\n\n<p>Prvot\u0159\u00eddn\u00ed nylonov\u00e9 m\u00ed\u010de, kter\u00e9 jsou charakterizovan\u00e9 super letov\u00fdmi vlastnostmi. Dostupn\u00e9 ve v\u00edce barv\u00e1ch, rychlostech a r\u016fzn\u00fdch balen\u00edch<\/p>\n\n\n\n<h4 class=\"wp-block-heading\">Charakteristika<\/h4>\n\n\n\n<figure class=\"wp-block-table\"><table class=\"has-fixed-layout\"><tbody><tr><td class=\"has-text-align-left\" data-align=\"left\">K\u00f3d<\/td><td class=\"has-text-align-left\" data-align=\"left\"><strong>51310, 51320, 51330, 51415, 51416, 51417, 51410, 51420<\/strong><\/td><\/tr><tr><td class=\"has-text-align-left\" data-align=\"left\">Materi\u00e1l<\/td><td class=\"has-text-align-left\" data-align=\"left\"><strong>Korek-Nylon<\/strong><\/td><\/tr><tr><td class=\"has-text-align-left\" data-align=\"left\">Rychlosti<\/td><td class=\"has-text-align-left\" data-align=\"left\"><strong>Zelen\u00e9 \u2013 pomal\u00e9, Modr\u00e9 \u2013 st\u0159edn\u00ed, \u010cerven\u00e9 &#8211; rychl\u00e9<\/strong><\/td><\/tr><tr><td class=\"has-text-align-left\" data-align=\"left\">Balen\u00ed<\/td><td class=\"has-text-align-left\" data-align=\"left\"><strong>6ks\/d\u00f3za; 3ks\/d\u00f3za<\/strong><\/td><\/tr><tr><td class=\"has-text-align-left\" data-align=\"left\">Barva<\/td><td class=\"has-text-align-left\" data-align=\"left\"><strong>\u017dlut\u00e1, B\u00edl\u00e1<\/strong><\/td><\/tr><\/tbody><\/table><\/figure>\n\n\n\n<p><\/p>\n<\/div><\/div>\n\n\n\n<p><\/p>\n","protected":false},"excerpt":{"rendered":"<p>APEX 200 Na\u0161e pr\u00e9miov\u00e9 m\u00ed\u010de jsou schv\u00e1len\u00e9 n\u011bmeckou bundesligou. APEX 200 byly ofici\u00e1ln\u00edmi m\u00ed\u010di MS v Raketlonu v roce 2010. Dostupn\u00e9 ve v\u00edce rychlostech. M\u00ed\u010de se staly ofici\u00e1ln\u00edm m\u00ed\u010dkem mnoha n\u011bmeck\u00fdch klub\u016f, jako jsou nap\u0159\u00edklad: PTSV Rossenheim, TSV Trittau, TV Hohenlimburg, TV Wehen, SG Anspach Charakteristika K\u00f3d 51515, 51516 Materi\u00e1l p\u0159\u00edrodn\u00ed pe\u0159\u00ed Rychlosti 77, 76 Balen\u00ed 12ks\/d\u00f3za APEX 100 Prvot\u0159\u00eddn\u00ed&hellip;<\/p>\n","protected":false},"author":1,"featured_media":819,"parent":19,"menu_order":0,"comment_status":"closed","ping_status":"closed","template":"","meta":{"footnotes":""},"class_list":["post-816","page","type-page","status-publish","has-post-thumbnail","hentry"],"_links":{"self":[{"href":"https:\/\/www.oliver-sport.cz\/new\/wp-json\/wp\/v2\/pages\/816","targetHints":{"allow":["GET"]}}],"collection":[{"href":"https:\/\/www.oliver-sport.cz\/new\/wp-json\/wp\/v2\/pages"}],"about":[{"href":"https:\/\/www.oliver-sport.cz\/new\/wp-json\/wp\/v2\/types\/page"}],"author":[{"embeddable":true,"href":"https:\/\/www.oliver-sport.cz\/new\/wp-json\/wp\/v2\/users\/1"}],"replies":[{"embeddable":true,"href":"https:\/\/www.oliver-sport.cz\/new\/wp-json\/wp\/v2\/comments?post=816"}],"version-history":[{"count":1,"href":"https:\/\/www.oliver-sport.cz\/new\/wp-json\/wp\/v2\/pages\/816\/revisions"}],"predecessor-version":[{"id":824,"href":"https:\/\/www.oliver-sport.cz\/new\/wp-json\/wp\/v2\/pages\/816\/revisions\/824"}],"up":[{"embeddable":true,"href":"https:\/\/www.oliver-sport.cz\/new\/wp-json\/wp\/v2\/pages\/19"}],"wp:featuredmedia":[{"embeddable":true,"href":"https:\/\/www.oliver-sport.cz\/new\/wp-json\/wp\/v2\/media\/819"}],"wp:attachment":[{"href":"https:\/\/www.oliver-sport.cz\/new\/wp-json\/wp\/v2\/media?parent=816"}],"curies":[{"name":"wp","href":"https:\/\/api.w.org\/{rel}","templated":true}]}}