{"id":800,"date":"2026-02-09T14:27:36","date_gmt":"2026-02-09T14:27:36","guid":{"rendered":"https:\/\/www.oliver-sport.cz\/new\/?page_id=800"},"modified":"2026-02-09T14:29:09","modified_gmt":"2026-02-09T14:29:09","slug":"bdm-vyplety","status":"publish","type":"page","link":"https:\/\/www.oliver-sport.cz\/new\/badminton\/bdm-vyplety\/","title":{"rendered":"BDM. V\u00ddPLETY"},"content":{"rendered":"\n<div class=\"wp-block-media-text is-stacked-on-mobile\"><figure class=\"wp-block-media-text__media\"><img loading=\"lazy\" decoding=\"async\" width=\"1000\" height=\"1000\" src=\"https:\/\/www.oliver-sport.cz\/wp-content\/uploads\/2026\/02\/53816-OS-66-Saite-Black-10m.jpg\" alt=\"\" class=\"wp-image-801 size-full\" srcset=\"https:\/\/www.oliver-sport.cz\/new\/wp-content\/uploads\/2026\/02\/53816-OS-66-Saite-Black-10m.jpg 1000w, https:\/\/www.oliver-sport.cz\/new\/wp-content\/uploads\/2026\/02\/53816-OS-66-Saite-Black-10m-300x300.jpg 300w, https:\/\/www.oliver-sport.cz\/new\/wp-content\/uploads\/2026\/02\/53816-OS-66-Saite-Black-10m-150x150.jpg 150w, https:\/\/www.oliver-sport.cz\/new\/wp-content\/uploads\/2026\/02\/53816-OS-66-Saite-Black-10m-768x768.jpg 768w, https:\/\/www.oliver-sport.cz\/new\/wp-content\/uploads\/2026\/02\/53816-OS-66-Saite-Black-10m-370x370.jpg 370w, https:\/\/www.oliver-sport.cz\/new\/wp-content\/uploads\/2026\/02\/53816-OS-66-Saite-Black-10m-120x120.jpg 120w, https:\/\/www.oliver-sport.cz\/new\/wp-content\/uploads\/2026\/02\/53816-OS-66-Saite-Black-10m-760x760.jpg 760w\" sizes=\"auto, (max-width: 1000px) 100vw, 1000px\" \/><\/figure><div class=\"wp-block-media-text__content\">\n<p><strong>BDM. V\u00ddPLET OS\/66<\/strong><\/p>\n\n\n\n<p><\/p>\n\n\n\n<h4 class=\"wp-block-heading\">Charakteristika<\/h4>\n\n\n\n<figure class=\"wp-block-table\"><table class=\"has-fixed-layout\"><tbody><tr><td class=\"has-text-align-left\" data-align=\"left\">K\u00f3d<\/td><td class=\"has-text-align-left\" data-align=\"left\"><\/td><\/tr><tr><td class=\"has-text-align-left\" data-align=\"left\">Barva<\/td><td class=\"has-text-align-left\" data-align=\"left\"><strong>\u010dern\u00e1, b\u00edl\u00e1, modr\u00e1<\/strong><\/td><\/tr><tr><td class=\"has-text-align-left\" data-align=\"left\">D\u00e9lka<\/td><td class=\"has-text-align-left\" data-align=\"left\"><strong>200 m\/10 m<\/strong><\/td><\/tr><tr><td class=\"has-text-align-left\" data-align=\"left\">Pr\u016fm\u011br vl\u00e1kna<\/td><td class=\"has-text-align-left\" data-align=\"left\"><strong>0,66 mm<\/strong><\/td><\/tr><\/tbody><\/table><\/figure>\n\n\n\n<p><\/p>\n<\/div><\/div>\n\n\n\n<div class=\"wp-block-media-text is-stacked-on-mobile\"><figure class=\"wp-block-media-text__media\"><img loading=\"lazy\" decoding=\"async\" width=\"1000\" height=\"1000\" src=\"https:\/\/www.oliver-sport.cz\/wp-content\/uploads\/2026\/02\/53818-RS-CORE-68-Saite-weiss-200-m.jpg\" alt=\"\" class=\"wp-image-802 size-full\" srcset=\"https:\/\/www.oliver-sport.cz\/new\/wp-content\/uploads\/2026\/02\/53818-RS-CORE-68-Saite-weiss-200-m.jpg 1000w, https:\/\/www.oliver-sport.cz\/new\/wp-content\/uploads\/2026\/02\/53818-RS-CORE-68-Saite-weiss-200-m-300x300.jpg 300w, https:\/\/www.oliver-sport.cz\/new\/wp-content\/uploads\/2026\/02\/53818-RS-CORE-68-Saite-weiss-200-m-150x150.jpg 150w, https:\/\/www.oliver-sport.cz\/new\/wp-content\/uploads\/2026\/02\/53818-RS-CORE-68-Saite-weiss-200-m-768x768.jpg 768w, https:\/\/www.oliver-sport.cz\/new\/wp-content\/uploads\/2026\/02\/53818-RS-CORE-68-Saite-weiss-200-m-370x370.jpg 370w, https:\/\/www.oliver-sport.cz\/new\/wp-content\/uploads\/2026\/02\/53818-RS-CORE-68-Saite-weiss-200-m-120x120.jpg 120w, https:\/\/www.oliver-sport.cz\/new\/wp-content\/uploads\/2026\/02\/53818-RS-CORE-68-Saite-weiss-200-m-760x760.jpg 760w\" sizes=\"auto, (max-width: 1000px) 100vw, 1000px\" \/><\/figure><div class=\"wp-block-media-text__content\">\n<p><strong>BDM. V\u00ddPLET CORE 68<\/strong><\/p>\n\n\n\n<p><\/p>\n\n\n\n<h4 class=\"wp-block-heading\">Charakteristika<\/h4>\n\n\n\n<figure class=\"wp-block-table\"><table class=\"has-fixed-layout\"><tbody><tr><td class=\"has-text-align-left\" data-align=\"left\">K\u00f3d<\/td><td class=\"has-text-align-left\" data-align=\"left\"><strong>53730\/53740<\/strong><\/td><\/tr><tr><td class=\"has-text-align-left\" data-align=\"left\">Barva<\/td><td class=\"has-text-align-left\" data-align=\"left\"><strong>b\u00edl\u00e1<\/strong><\/td><\/tr><tr><td class=\"has-text-align-left\" data-align=\"left\">D\u00e9lka<\/td><td class=\"has-text-align-left\" data-align=\"left\"><strong>200 m\/10 m<\/strong><\/td><\/tr><tr><td class=\"has-text-align-left\" data-align=\"left\">Pr\u016fm\u011br vl\u00e1kna<\/td><td class=\"has-text-align-left\" data-align=\"left\"><strong>0,70 mm<\/strong><\/td><\/tr><\/tbody><\/table><\/figure>\n\n\n\n<p><\/p>\n<\/div><\/div>\n\n\n\n<div class=\"wp-block-media-text is-stacked-on-mobile\"><figure class=\"wp-block-media-text__media\"><img loading=\"lazy\" decoding=\"async\" width=\"1000\" height=\"1000\" src=\"https:\/\/www.oliver-sport.cz\/wp-content\/uploads\/2026\/02\/53800-RS-MX-1-Kunstsaite-weis-200-m.jpg\" alt=\"\" class=\"wp-image-803 size-full\" srcset=\"https:\/\/www.oliver-sport.cz\/new\/wp-content\/uploads\/2026\/02\/53800-RS-MX-1-Kunstsaite-weis-200-m.jpg 1000w, https:\/\/www.oliver-sport.cz\/new\/wp-content\/uploads\/2026\/02\/53800-RS-MX-1-Kunstsaite-weis-200-m-300x300.jpg 300w, https:\/\/www.oliver-sport.cz\/new\/wp-content\/uploads\/2026\/02\/53800-RS-MX-1-Kunstsaite-weis-200-m-150x150.jpg 150w, https:\/\/www.oliver-sport.cz\/new\/wp-content\/uploads\/2026\/02\/53800-RS-MX-1-Kunstsaite-weis-200-m-768x768.jpg 768w, https:\/\/www.oliver-sport.cz\/new\/wp-content\/uploads\/2026\/02\/53800-RS-MX-1-Kunstsaite-weis-200-m-370x370.jpg 370w, https:\/\/www.oliver-sport.cz\/new\/wp-content\/uploads\/2026\/02\/53800-RS-MX-1-Kunstsaite-weis-200-m-120x120.jpg 120w, https:\/\/www.oliver-sport.cz\/new\/wp-content\/uploads\/2026\/02\/53800-RS-MX-1-Kunstsaite-weis-200-m-760x760.jpg 760w\" sizes=\"auto, (max-width: 1000px) 100vw, 1000px\" \/><\/figure><div class=\"wp-block-media-text__content\">\n<p><strong>BDM. V\u00ddPLET RS MX 1<\/strong><\/p>\n\n\n\n<p>MX 1 je nylonov\u00e9 multivl\u00e1kno s dobrou kvalitou a extr\u00e9mn\u00ed v\u00fddr\u017e\u00ed<\/p>\n\n\n\n<h4 class=\"wp-block-heading\">Charakteristika<\/h4>\n\n\n\n<figure class=\"wp-block-table\"><table class=\"has-fixed-layout\"><tbody><tr><td class=\"has-text-align-left\" data-align=\"left\">K\u00f3d<\/td><td class=\"has-text-align-left\" data-align=\"left\"><\/td><\/tr><tr><td class=\"has-text-align-left\" data-align=\"left\">Barva<\/td><td class=\"has-text-align-left\" data-align=\"left\"><strong>b\u00edl\u00e1<\/strong><\/td><\/tr><tr><td class=\"has-text-align-left\" data-align=\"left\">D\u00e9lka<\/td><td class=\"has-text-align-left\" data-align=\"left\"><strong>200 m<\/strong><\/td><\/tr><tr><td class=\"has-text-align-left\" data-align=\"left\">Pr\u016fm\u011br vl\u00e1kna<\/td><td class=\"has-text-align-left\" data-align=\"left\">0<strong>,80 mm<\/strong><\/td><\/tr><\/tbody><\/table><\/figure>\n\n\n\n<p><\/p>\n<\/div><\/div>\n","protected":false},"excerpt":{"rendered":"<p>BDM. V\u00ddPLET OS\/66 Charakteristika K\u00f3d Barva \u010dern\u00e1, b\u00edl\u00e1, modr\u00e1 D\u00e9lka 200 m\/10 m Pr\u016fm\u011br vl\u00e1kna 0,66 mm BDM. V\u00ddPLET CORE 68 Charakteristika K\u00f3d 53730\/53740 Barva b\u00edl\u00e1 D\u00e9lka 200 m\/10 m Pr\u016fm\u011br vl\u00e1kna 0,70 mm BDM. V\u00ddPLET RS MX 1 MX 1 je nylonov\u00e9 multivl\u00e1kno s dobrou kvalitou a extr\u00e9mn\u00ed v\u00fddr\u017e\u00ed Charakteristika K\u00f3d Barva b\u00edl\u00e1 D\u00e9lka 200 m Pr\u016fm\u011br vl\u00e1kna 0,80&hellip;<\/p>\n","protected":false},"author":1,"featured_media":801,"parent":19,"menu_order":0,"comment_status":"closed","ping_status":"closed","template":"","meta":{"footnotes":""},"class_list":["post-800","page","type-page","status-publish","has-post-thumbnail","hentry"],"_links":{"self":[{"href":"https:\/\/www.oliver-sport.cz\/new\/wp-json\/wp\/v2\/pages\/800","targetHints":{"allow":["GET"]}}],"collection":[{"href":"https:\/\/www.oliver-sport.cz\/new\/wp-json\/wp\/v2\/pages"}],"about":[{"href":"https:\/\/www.oliver-sport.cz\/new\/wp-json\/wp\/v2\/types\/page"}],"author":[{"embeddable":true,"href":"https:\/\/www.oliver-sport.cz\/new\/wp-json\/wp\/v2\/users\/1"}],"replies":[{"embeddable":true,"href":"https:\/\/www.oliver-sport.cz\/new\/wp-json\/wp\/v2\/comments?post=800"}],"version-history":[{"count":2,"href":"https:\/\/www.oliver-sport.cz\/new\/wp-json\/wp\/v2\/pages\/800\/revisions"}],"predecessor-version":[{"id":806,"href":"https:\/\/www.oliver-sport.cz\/new\/wp-json\/wp\/v2\/pages\/800\/revisions\/806"}],"up":[{"embeddable":true,"href":"https:\/\/www.oliver-sport.cz\/new\/wp-json\/wp\/v2\/pages\/19"}],"wp:featuredmedia":[{"embeddable":true,"href":"https:\/\/www.oliver-sport.cz\/new\/wp-json\/wp\/v2\/media\/801"}],"wp:attachment":[{"href":"https:\/\/www.oliver-sport.cz\/new\/wp-json\/wp\/v2\/media?parent=800"}],"curies":[{"name":"wp","href":"https:\/\/api.w.org\/{rel}","templated":true}]}}