{"id":783,"date":"2026-02-09T14:07:41","date_gmt":"2026-02-09T14:07:41","guid":{"rendered":"https:\/\/www.oliver-sport.cz\/new\/?page_id=783"},"modified":"2026-02-09T14:07:41","modified_gmt":"2026-02-09T14:07:41","slug":"x-pro-30","status":"publish","type":"page","link":"https:\/\/www.oliver-sport.cz\/new\/badminton\/x-pro-30\/","title":{"rendered":"X-PRO 30"},"content":{"rendered":"\n<div class=\"wp-block-media-text is-stacked-on-mobile is-vertically-aligned-top\"><figure class=\"wp-block-media-text__media\"><img loading=\"lazy\" decoding=\"async\" width=\"1000\" height=\"1000\" src=\"https:\/\/www.oliver-sport.cz\/wp-content\/uploads\/2026\/02\/33199-XPRO-30.jpg\" alt=\"\" class=\"wp-image-784 size-full\" srcset=\"https:\/\/www.oliver-sport.cz\/new\/wp-content\/uploads\/2026\/02\/33199-XPRO-30.jpg 1000w, https:\/\/www.oliver-sport.cz\/new\/wp-content\/uploads\/2026\/02\/33199-XPRO-30-300x300.jpg 300w, https:\/\/www.oliver-sport.cz\/new\/wp-content\/uploads\/2026\/02\/33199-XPRO-30-150x150.jpg 150w, https:\/\/www.oliver-sport.cz\/new\/wp-content\/uploads\/2026\/02\/33199-XPRO-30-768x768.jpg 768w, https:\/\/www.oliver-sport.cz\/new\/wp-content\/uploads\/2026\/02\/33199-XPRO-30-370x370.jpg 370w, https:\/\/www.oliver-sport.cz\/new\/wp-content\/uploads\/2026\/02\/33199-XPRO-30-120x120.jpg 120w, https:\/\/www.oliver-sport.cz\/new\/wp-content\/uploads\/2026\/02\/33199-XPRO-30-760x760.jpg 760w\" sizes=\"auto, (max-width: 1000px) 100vw, 1000px\" \/><\/figure><div class=\"wp-block-media-text__content\">\n<p><strong>XPRO- 30<\/strong><\/p>\n\n\n\n<p>Velmi lehk\u00fd, v\u0161estrann\u00fd r\u00e1m se snadnou manipulac\u00ed, pru\u017en\u00fdm r\u00e1mem a s pot\u0159ebnou silou \u00faderu.<\/p>\n\n\n\n<p>&#8222;<em>Raketa X-PRO 30 je tu\u017e\u0161\u00ed raketa s\u00a0vyv\u00e1\u017een\u00edm p\u0159ev\u00e1\u017en\u011b do hlavy. I p\u0159es v\u00e1hu 83 g je svou tuhost\u00ed sp\u00ed\u0161e pro silov\u011bj\u0161\u00ed hr\u00e1\u010de. Raketa vhodn\u00e1 sp\u00ed\u0161e pro hobby sf\u00e9ru.\u201c<\/em><\/p>\n\n\n\n<p><em>Tom\u00e1\u0161 \u0160vejda, Jarom\u00edr Jan\u00e1\u010dek, Radek Votava<\/em><\/p>\n\n\n\n<div class=\"wp-block-buttons is-content-justification-center is-layout-flex wp-container-core-buttons-is-layout-e1485a7b wp-block-buttons-is-layout-flex\">\n<div class=\"wp-block-button\"><a class=\"wp-block-button__link wp-element-button\" href=\"https:\/\/www.irakety.cz\/badmintonove-rakety\/badminton-raketa-oliver-x-pro-30\/\">KOUPIT<\/a><\/div>\n<\/div>\n<\/div><\/div>\n\n\n\n<p>Charakteristika<\/p>\n\n\n\n<figure class=\"wp-block-table\"><table class=\"has-fixed-layout\"><tbody><tr><td class=\"has-text-align-left\" data-align=\"left\">K\u00f3d<\/td><td class=\"has-text-align-left\" data-align=\"left\"><strong>33199<\/strong><\/td><\/tr><tr><td class=\"has-text-align-left\" data-align=\"left\">Materi\u00e1l<\/td><td class=\"has-text-align-left\" data-align=\"left\"><strong>HMG- METACARBON\u2122<\/strong><\/td><\/tr><tr><td class=\"has-text-align-left\" data-align=\"left\">Barva<\/td><td class=\"has-text-align-left\" data-align=\"left\"><strong>\u010dern\u00e1- zelen\u00e1<\/strong><\/td><\/tr><tr><td class=\"has-text-align-left\" data-align=\"left\">V\u00e1ha<\/td><td class=\"has-text-align-left\" data-align=\"left\"><strong>83g bez v\u00fdpletu a gripu<\/strong><\/td><\/tr><tr><td class=\"has-text-align-left\" data-align=\"left\">Vyv\u00e1\u017een\u00ed<\/td><td class=\"has-text-align-left\" data-align=\"left\"><strong>lehce do hlavy<\/strong><\/td><\/tr><tr><td class=\"has-text-align-left\" data-align=\"left\">R\u00e1m<\/td><td class=\"has-text-align-left\" data-align=\"left\"><strong>flexibiln\u00ed<\/strong><\/td><\/tr><tr><td class=\"has-text-align-left\" data-align=\"left\">V\u00fdplet<\/td><td class=\"has-text-align-left\" data-align=\"left\"><strong>MX1 \/ 8-9kg<\/strong><\/td><\/tr><tr><td class=\"has-text-align-left\" data-align=\"left\">C\u00edlov\u00e1 skupina<\/td><td class=\"has-text-align-left\" data-align=\"left\"><strong>pokro\u010dil\u00ed hr\u00e1\u010di<\/strong><\/td><\/tr><tr><td class=\"has-text-align-left\" data-align=\"left\">P\u0159ednosti rakety<\/td><td class=\"has-text-align-left\" data-align=\"left\"><strong>v\u0161estrannost, s\u00edla<\/strong><\/td><\/tr><\/tbody><\/table><\/figure>\n\n\n\n<p><\/p>\n","protected":false},"excerpt":{"rendered":"<p>Charakteristika K\u00f3d 33199 Materi\u00e1l HMG- METACARBON\u2122 Barva \u010dern\u00e1- zelen\u00e1 V\u00e1ha 83g bez v\u00fdpletu a gripu Vyv\u00e1\u017een\u00ed lehce do hlavy R\u00e1m flexibiln\u00ed V\u00fdplet MX1 \/ 8-9kg C\u00edlov\u00e1 skupina pokro\u010dil\u00ed hr\u00e1\u010di P\u0159ednosti rakety v\u0161estrannost, s\u00edla<\/p>\n","protected":false},"author":1,"featured_media":784,"parent":19,"menu_order":0,"comment_status":"closed","ping_status":"closed","template":"","meta":{"footnotes":""},"class_list":["post-783","page","type-page","status-publish","has-post-thumbnail","hentry"],"_links":{"self":[{"href":"https:\/\/www.oliver-sport.cz\/new\/wp-json\/wp\/v2\/pages\/783","targetHints":{"allow":["GET"]}}],"collection":[{"href":"https:\/\/www.oliver-sport.cz\/new\/wp-json\/wp\/v2\/pages"}],"about":[{"href":"https:\/\/www.oliver-sport.cz\/new\/wp-json\/wp\/v2\/types\/page"}],"author":[{"embeddable":true,"href":"https:\/\/www.oliver-sport.cz\/new\/wp-json\/wp\/v2\/users\/1"}],"replies":[{"embeddable":true,"href":"https:\/\/www.oliver-sport.cz\/new\/wp-json\/wp\/v2\/comments?post=783"}],"version-history":[{"count":1,"href":"https:\/\/www.oliver-sport.cz\/new\/wp-json\/wp\/v2\/pages\/783\/revisions"}],"predecessor-version":[{"id":785,"href":"https:\/\/www.oliver-sport.cz\/new\/wp-json\/wp\/v2\/pages\/783\/revisions\/785"}],"up":[{"embeddable":true,"href":"https:\/\/www.oliver-sport.cz\/new\/wp-json\/wp\/v2\/pages\/19"}],"wp:featuredmedia":[{"embeddable":true,"href":"https:\/\/www.oliver-sport.cz\/new\/wp-json\/wp\/v2\/media\/784"}],"wp:attachment":[{"href":"https:\/\/www.oliver-sport.cz\/new\/wp-json\/wp\/v2\/media?parent=783"}],"curies":[{"name":"wp","href":"https:\/\/api.w.org\/{rel}","templated":true}]}}