{"id":780,"date":"2026-02-09T14:04:59","date_gmt":"2026-02-09T14:04:59","guid":{"rendered":"https:\/\/www.oliver-sport.cz\/new\/?page_id=780"},"modified":"2026-02-09T14:05:00","modified_gmt":"2026-02-09T14:05:00","slug":"superbird-s7","status":"publish","type":"page","link":"https:\/\/www.oliver-sport.cz\/new\/badminton\/superbird-s7\/","title":{"rendered":"SUPERBIRD S7"},"content":{"rendered":"\n<div class=\"wp-block-media-text is-stacked-on-mobile is-vertically-aligned-top\"><figure class=\"wp-block-media-text__media\"><img loading=\"lazy\" decoding=\"async\" width=\"1000\" height=\"1000\" src=\"https:\/\/www.oliver-sport.cz\/wp-content\/uploads\/2026\/02\/33197-SUPERBIRD-S7.jpg\" alt=\"\" class=\"wp-image-781 size-full\" srcset=\"https:\/\/www.oliver-sport.cz\/new\/wp-content\/uploads\/2026\/02\/33197-SUPERBIRD-S7.jpg 1000w, https:\/\/www.oliver-sport.cz\/new\/wp-content\/uploads\/2026\/02\/33197-SUPERBIRD-S7-300x300.jpg 300w, https:\/\/www.oliver-sport.cz\/new\/wp-content\/uploads\/2026\/02\/33197-SUPERBIRD-S7-150x150.jpg 150w, https:\/\/www.oliver-sport.cz\/new\/wp-content\/uploads\/2026\/02\/33197-SUPERBIRD-S7-768x768.jpg 768w, https:\/\/www.oliver-sport.cz\/new\/wp-content\/uploads\/2026\/02\/33197-SUPERBIRD-S7-370x370.jpg 370w, https:\/\/www.oliver-sport.cz\/new\/wp-content\/uploads\/2026\/02\/33197-SUPERBIRD-S7-120x120.jpg 120w, https:\/\/www.oliver-sport.cz\/new\/wp-content\/uploads\/2026\/02\/33197-SUPERBIRD-S7-760x760.jpg 760w\" sizes=\"auto, (max-width: 1000px) 100vw, 1000px\" \/><\/figure><div class=\"wp-block-media-text__content\">\n<p><strong>SUPERBIRD S7<\/strong><\/p>\n\n\n\n<p>Tento v\u0161estrann\u00fd r\u00e1m zaujme svou snadnou manipulac\u00ed. Flexibiln\u00ed shaft v\u00e1s podpo\u0159\u00ed v moment\u011b \u00faderu a p\u0159inese pot\u0159ebnou s\u00edlu do \u00faderu.<\/p>\n\n\n\n<p><em>\u201eRaketa SUPERBIRD S7 v\u00edce pru\u017en\u00e1 raketa s&nbsp;vyv\u00e1\u017een\u00edm do hlavy. Je sp\u00ed\u0161e pro \u00fato\u010dn\u011bj\u0161\u00ed hr\u00e1\u010de a v\u00edce silov\u00e9 hr\u00e1\u010de.\u201c&nbsp;<\/em><\/p>\n\n\n\n<p><em>Tom\u00e1\u0161 \u0160vejda, Jarom\u00edr Jan\u00e1\u010dek, Radek Votava<\/em><\/p>\n\n\n\n<div class=\"wp-block-buttons is-content-justification-center is-layout-flex wp-container-core-buttons-is-layout-e1485a7b wp-block-buttons-is-layout-flex\">\n<div class=\"wp-block-button\"><a class=\"wp-block-button__link wp-element-button\" href=\"https:\/\/www.irakety.cz\/badmintonove-rakety\/badminton-raketa-oliver-superbird-s7\/\">KOUPIT<\/a><\/div>\n<\/div>\n<\/div><\/div>\n\n\n\n<p>Charakteristika<\/p>\n\n\n\n<figure class=\"wp-block-table\"><table class=\"has-fixed-layout\"><tbody><tr><td class=\"has-text-align-left\" data-align=\"left\">K\u00f3d<\/td><td class=\"has-text-align-left\" data-align=\"left\"><strong>33197<\/strong><\/td><\/tr><tr><td class=\"has-text-align-left\" data-align=\"left\">Materi\u00e1l<\/td><td class=\"has-text-align-left\" data-align=\"left\"><strong>HMG- METACARBON\u2122<\/strong><\/td><\/tr><tr><td class=\"has-text-align-left\" data-align=\"left\">Barva<\/td><td class=\"has-text-align-left\" data-align=\"left\"><strong>\u010dern\u00e1- \u010derven\u00e1<\/strong><\/td><\/tr><tr><td class=\"has-text-align-left\" data-align=\"left\">V\u00e1ha<\/td><td class=\"has-text-align-left\" data-align=\"left\"><strong>83g bez v\u00fdpletu a gripu<\/strong><\/td><\/tr><tr><td class=\"has-text-align-left\" data-align=\"left\">Vyv\u00e1\u017een\u00ed<\/td><td class=\"has-text-align-left\" data-align=\"left\"><strong>lehce do hlavy<\/strong><\/td><\/tr><tr><td class=\"has-text-align-left\" data-align=\"left\">R\u00e1m<\/td><td class=\"has-text-align-left\" data-align=\"left\"><strong>flexibiln\u00ed<\/strong><\/td><\/tr><tr><td class=\"has-text-align-left\" data-align=\"left\">V\u00fdplet<\/td><td class=\"has-text-align-left\" data-align=\"left\"><strong>MX1 \/ 8-9kg<\/strong><\/td><\/tr><tr><td class=\"has-text-align-left\" data-align=\"left\">C\u00edlov\u00e1 skupina<\/td><td class=\"has-text-align-left\" data-align=\"left\"><strong>pokro\u010dil\u00ed hr\u00e1\u010di<\/strong><\/td><\/tr><tr><td class=\"has-text-align-left\" data-align=\"left\">P\u0159ednosti rakety<\/td><td class=\"has-text-align-left\" data-align=\"left\"><strong>v\u0161estrannost, s\u00edla<\/strong><\/td><\/tr><\/tbody><\/table><\/figure>\n","protected":false},"excerpt":{"rendered":"<p>Charakteristika K\u00f3d 33197 Materi\u00e1l HMG- METACARBON\u2122 Barva \u010dern\u00e1- \u010derven\u00e1 V\u00e1ha 83g bez v\u00fdpletu a gripu Vyv\u00e1\u017een\u00ed lehce do hlavy R\u00e1m flexibiln\u00ed V\u00fdplet MX1 \/ 8-9kg C\u00edlov\u00e1 skupina pokro\u010dil\u00ed hr\u00e1\u010di P\u0159ednosti rakety v\u0161estrannost, s\u00edla<\/p>\n","protected":false},"author":1,"featured_media":781,"parent":19,"menu_order":0,"comment_status":"closed","ping_status":"closed","template":"","meta":{"footnotes":""},"class_list":["post-780","page","type-page","status-publish","has-post-thumbnail","hentry"],"_links":{"self":[{"href":"https:\/\/www.oliver-sport.cz\/new\/wp-json\/wp\/v2\/pages\/780","targetHints":{"allow":["GET"]}}],"collection":[{"href":"https:\/\/www.oliver-sport.cz\/new\/wp-json\/wp\/v2\/pages"}],"about":[{"href":"https:\/\/www.oliver-sport.cz\/new\/wp-json\/wp\/v2\/types\/page"}],"author":[{"embeddable":true,"href":"https:\/\/www.oliver-sport.cz\/new\/wp-json\/wp\/v2\/users\/1"}],"replies":[{"embeddable":true,"href":"https:\/\/www.oliver-sport.cz\/new\/wp-json\/wp\/v2\/comments?post=780"}],"version-history":[{"count":1,"href":"https:\/\/www.oliver-sport.cz\/new\/wp-json\/wp\/v2\/pages\/780\/revisions"}],"predecessor-version":[{"id":782,"href":"https:\/\/www.oliver-sport.cz\/new\/wp-json\/wp\/v2\/pages\/780\/revisions\/782"}],"up":[{"embeddable":true,"href":"https:\/\/www.oliver-sport.cz\/new\/wp-json\/wp\/v2\/pages\/19"}],"wp:featuredmedia":[{"embeddable":true,"href":"https:\/\/www.oliver-sport.cz\/new\/wp-json\/wp\/v2\/media\/781"}],"wp:attachment":[{"href":"https:\/\/www.oliver-sport.cz\/new\/wp-json\/wp\/v2\/media?parent=780"}],"curies":[{"name":"wp","href":"https:\/\/api.w.org\/{rel}","templated":true}]}}