{"id":768,"date":"2026-02-09T13:53:26","date_gmt":"2026-02-09T13:53:26","guid":{"rendered":"https:\/\/www.oliver-sport.cz\/new\/?page_id=768"},"modified":"2026-02-09T13:53:27","modified_gmt":"2026-02-09T13:53:27","slug":"supralight-s6-2","status":"publish","type":"page","link":"https:\/\/www.oliver-sport.cz\/new\/badminton\/supralight-s6-2\/","title":{"rendered":"SUPRALIGHT S6.2"},"content":{"rendered":"\n<div class=\"wp-block-media-text is-stacked-on-mobile is-vertically-aligned-top\"><figure class=\"wp-block-media-text__media\"><img loading=\"lazy\" decoding=\"async\" width=\"536\" height=\"700\" src=\"https:\/\/www.oliver-sport.cz\/wp-content\/uploads\/2026\/02\/oliver-badmintonschlaeger-supralight-s6.2-1600-0_700x700-1.jpg\" alt=\"\" class=\"wp-image-769 size-full\" srcset=\"https:\/\/www.oliver-sport.cz\/new\/wp-content\/uploads\/2026\/02\/oliver-badmintonschlaeger-supralight-s6.2-1600-0_700x700-1.jpg 536w, https:\/\/www.oliver-sport.cz\/new\/wp-content\/uploads\/2026\/02\/oliver-badmintonschlaeger-supralight-s6.2-1600-0_700x700-1-230x300.jpg 230w, https:\/\/www.oliver-sport.cz\/new\/wp-content\/uploads\/2026\/02\/oliver-badmintonschlaeger-supralight-s6.2-1600-0_700x700-1-370x483.jpg 370w\" sizes=\"auto, (max-width: 536px) 100vw, 536px\" \/><\/figure><div class=\"wp-block-media-text__content\">\n<p><strong>SUPRALIGHT S6.2<\/strong><\/p>\n\n\n\n<p>Super lehk\u00fd, TSMP technologi\u00ed vytvo\u0159in\u00fd tenk\u00fd r\u00e1m s vl\u00e1kny Metacarbon \u2122 a Nano-Eplon \u2122. Technologie v\u00fdroby TSMP je slo\u017eit\u011bj\u0161\u00ed, ale v\u00fdrazn\u011b zvy\u0161uje kvalitu a v\u00fdkonnost raket. Kombinace tuh\u00e9 shaftu a vyv\u00e1\u017een\u00ed do gripu zaji\u0161\u0165uje vysokou p\u0159esnost a rychlou man\u00e9vrovatelnost.<\/p>\n\n\n\n<p><em>\u201eSUPRALIGH S6.2 je raketa vhodn\u00e1 sp\u00ed\u0161e pro hobby hr\u00e1\u010de. D\u00edky sv\u00e9 tuhosti raketa velice slu\u0161n\u011b vede \u00fadery a kontroluje \u00fadery.\u201c<\/em><\/p>\n\n\n\n<p><em>Tom\u00e1\u0161 \u0160vejda, Jarom\u00edr Jan\u00e1\u010dek, Radek Votava<\/em><\/p>\n\n\n\n<div class=\"wp-block-buttons is-content-justification-center is-layout-flex wp-container-core-buttons-is-layout-e1485a7b wp-block-buttons-is-layout-flex\">\n<div class=\"wp-block-button\"><a class=\"wp-block-button__link wp-element-button\" href=\"https:\/\/www.irakety.cz\/badmintonove-rakety\/badmintonova-raketa-oliver-supralight-s6-2\/\">KOUPIT<\/a><\/div>\n<\/div>\n<\/div><\/div>\n\n\n\n<h4 class=\"wp-block-heading\">Charakteristika<\/h4>\n\n\n\n<figure class=\"wp-block-table\"><table class=\"has-fixed-layout\"><tbody><tr><td class=\"has-text-align-left\" data-align=\"left\">K\u00f3d<\/td><td class=\"has-text-align-left\" data-align=\"left\"><strong>33163<\/strong><\/td><\/tr><tr><td class=\"has-text-align-left\" data-align=\"left\">Materi\u00e1l<\/td><td class=\"has-text-align-left\" data-align=\"left\"><strong>Metacarbon\u2122<\/strong><\/td><\/tr><tr><td class=\"has-text-align-left\" data-align=\"left\">Barva<\/td><td class=\"has-text-align-left\" data-align=\"left\"><strong>modr\u00e1- \u010dern\u00e1<\/strong><\/td><\/tr><tr><td class=\"has-text-align-left\" data-align=\"left\">V\u00e1ha<\/td><td class=\"has-text-align-left\" data-align=\"left\"><strong>87g bez v\u00fdpletu a gripu<\/strong><\/td><\/tr><tr><td class=\"has-text-align-left\" data-align=\"left\">Vyv\u00e1\u017een\u00ed<\/td><td class=\"has-text-align-left\" data-align=\"left\"><strong>m\u00edrn\u011b do gripu<\/strong><\/td><\/tr><tr><td class=\"has-text-align-left\" data-align=\"left\">R\u00e1m<\/td><td class=\"has-text-align-left\" data-align=\"left\"><strong>tvrd\u00fd<\/strong><\/td><\/tr><tr><td class=\"has-text-align-left\" data-align=\"left\">V\u00fdplet<\/td><td class=\"has-text-align-left\" data-align=\"left\"><strong>MX 1 9-11 kg<\/strong><\/td><\/tr><tr><td class=\"has-text-align-left\" data-align=\"left\">D\u00e9lka<\/td><td class=\"has-text-align-left\" data-align=\"left\"><strong>675 mm<\/strong><\/td><\/tr><tr><td class=\"has-text-align-left\" data-align=\"left\">P\u0159ednosti rakety<\/td><td class=\"has-text-align-left\" data-align=\"left\"><strong>Rychlost a v\u0161estrannost<\/strong><\/td><\/tr><\/tbody><\/table><\/figure>\n","protected":false},"excerpt":{"rendered":"<p>Charakteristika K\u00f3d 33163 Materi\u00e1l Metacarbon\u2122 Barva modr\u00e1- \u010dern\u00e1 V\u00e1ha 87g bez v\u00fdpletu a gripu Vyv\u00e1\u017een\u00ed m\u00edrn\u011b do gripu R\u00e1m tvrd\u00fd V\u00fdplet MX 1 9-11 kg D\u00e9lka 675 mm P\u0159ednosti rakety Rychlost a v\u0161estrannost<\/p>\n","protected":false},"author":1,"featured_media":769,"parent":19,"menu_order":0,"comment_status":"closed","ping_status":"closed","template":"","meta":{"footnotes":""},"class_list":["post-768","page","type-page","status-publish","has-post-thumbnail","hentry"],"_links":{"self":[{"href":"https:\/\/www.oliver-sport.cz\/new\/wp-json\/wp\/v2\/pages\/768","targetHints":{"allow":["GET"]}}],"collection":[{"href":"https:\/\/www.oliver-sport.cz\/new\/wp-json\/wp\/v2\/pages"}],"about":[{"href":"https:\/\/www.oliver-sport.cz\/new\/wp-json\/wp\/v2\/types\/page"}],"author":[{"embeddable":true,"href":"https:\/\/www.oliver-sport.cz\/new\/wp-json\/wp\/v2\/users\/1"}],"replies":[{"embeddable":true,"href":"https:\/\/www.oliver-sport.cz\/new\/wp-json\/wp\/v2\/comments?post=768"}],"version-history":[{"count":1,"href":"https:\/\/www.oliver-sport.cz\/new\/wp-json\/wp\/v2\/pages\/768\/revisions"}],"predecessor-version":[{"id":770,"href":"https:\/\/www.oliver-sport.cz\/new\/wp-json\/wp\/v2\/pages\/768\/revisions\/770"}],"up":[{"embeddable":true,"href":"https:\/\/www.oliver-sport.cz\/new\/wp-json\/wp\/v2\/pages\/19"}],"wp:featuredmedia":[{"embeddable":true,"href":"https:\/\/www.oliver-sport.cz\/new\/wp-json\/wp\/v2\/media\/769"}],"wp:attachment":[{"href":"https:\/\/www.oliver-sport.cz\/new\/wp-json\/wp\/v2\/media?parent=768"}],"curies":[{"name":"wp","href":"https:\/\/api.w.org\/{rel}","templated":true}]}}