{"id":760,"date":"2026-02-09T13:22:36","date_gmt":"2026-02-09T13:22:36","guid":{"rendered":"https:\/\/www.oliver-sport.cz\/new\/?page_id=760"},"modified":"2026-02-09T13:22:37","modified_gmt":"2026-02-09T13:22:37","slug":"omex-710","status":"publish","type":"page","link":"https:\/\/www.oliver-sport.cz\/new\/squash\/profesionalni-rada\/omex-710\/","title":{"rendered":"OMEX 710"},"content":{"rendered":"\n<div class=\"wp-block-media-text is-stacked-on-mobile is-vertically-aligned-top\"><figure class=\"wp-block-media-text__media\"><img loading=\"lazy\" decoding=\"async\" width=\"1000\" height=\"1000\" src=\"https:\/\/www.oliver-sport.cz\/wp-content\/uploads\/2026\/02\/33052-OMEX-710-1.jpg\" alt=\"\" class=\"wp-image-761 size-full\" srcset=\"https:\/\/www.oliver-sport.cz\/new\/wp-content\/uploads\/2026\/02\/33052-OMEX-710-1.jpg 1000w, https:\/\/www.oliver-sport.cz\/new\/wp-content\/uploads\/2026\/02\/33052-OMEX-710-1-300x300.jpg 300w, https:\/\/www.oliver-sport.cz\/new\/wp-content\/uploads\/2026\/02\/33052-OMEX-710-1-150x150.jpg 150w, https:\/\/www.oliver-sport.cz\/new\/wp-content\/uploads\/2026\/02\/33052-OMEX-710-1-768x768.jpg 768w, https:\/\/www.oliver-sport.cz\/new\/wp-content\/uploads\/2026\/02\/33052-OMEX-710-1-370x370.jpg 370w, https:\/\/www.oliver-sport.cz\/new\/wp-content\/uploads\/2026\/02\/33052-OMEX-710-1-120x120.jpg 120w, https:\/\/www.oliver-sport.cz\/new\/wp-content\/uploads\/2026\/02\/33052-OMEX-710-1-760x760.jpg 760w\" sizes=\"auto, (max-width: 1000px) 100vw, 1000px\" \/><\/figure><div class=\"wp-block-media-text__content\">\n<p>OMEX 710<\/p>\n\n\n\n<p><strong>Novinka 2022\/2023<\/strong><\/p>\n\n\n\n<p>P\u0159i v\u00fdrob\u011b t\u00e9to rakety byla pou\u017eita nejnov\u011bj\u0161\u00ed technologie a to 40T-HMP v kombinaci s EPLON K12. HMP (Hot melt process) je proces, kter\u00fd se pou\u017e\u00edv\u00e1 k vytvo\u0159en\u00ed struktury z p\u0159ednasycen\u00fdch, vysoce roztaven\u00fdch karbonov\u00fdch vl\u00e1ken, tak aby m\u011bly velkou pevnost a z\u00e1rove\u0148 n\u00edzkou v\u00e1hu. Aerodynamicky optimalizovan\u00e1 hlava zaji\u0161\u0165uje rychlej\u0161\u00ed a dynami\u010dt\u011bj\u0161\u00ed hru.<\/p>\n\n\n\n<p>&nbsp;N\u00e1stupce rakety: OMEX 700<\/p>\n\n\n\n<div class=\"wp-block-buttons is-content-justification-center is-layout-flex wp-container-core-buttons-is-layout-e1485a7b wp-block-buttons-is-layout-flex\">\n<div class=\"wp-block-button\"><a class=\"wp-block-button__link wp-element-button\" href=\"https:\/\/www.irakety.cz\/badmintonove-rakety\/badmintonova-raketa-oliver-delta-12\/icrotec-10\/\">KOUPIT<\/a><\/div>\n<\/div>\n<\/div><\/div>\n\n\n\n<h4 class=\"wp-block-heading\">Charakteristika<\/h4>\n\n\n\n<figure class=\"wp-block-table\"><table class=\"has-fixed-layout\"><tbody><tr><td class=\"has-text-align-left\" data-align=\"left\">K\u00f3d<\/td><td class=\"has-text-align-left\" data-align=\"left\"><strong>33052<\/strong><\/td><\/tr><tr><td class=\"has-text-align-left\" data-align=\"left\">Materi\u00e1l<\/td><td class=\"has-text-align-left\" data-align=\"left\"><strong>40T\/HMP<\/strong><\/td><\/tr><tr><td class=\"has-text-align-left\" data-align=\"left\">Barva<\/td><td class=\"has-text-align-left\" data-align=\"left\"><strong>\u010dern\u00e1 &#8211; neonov\u011b modr\u00e1- b\u00edl\u00e1<\/strong><\/td><\/tr><tr><td class=\"has-text-align-left\" data-align=\"left\">V\u00e1ha<\/td><td class=\"has-text-align-left\" data-align=\"left\"><strong>88g bez v\u00fdpletu a gripu<\/strong><\/td><\/tr><tr><td class=\"has-text-align-left\" data-align=\"left\">Vyv\u00e1\u017een\u00ed<\/td><td class=\"has-text-align-left\" data-align=\"left\"><strong>na str<\/strong><strong>\u011b<\/strong><strong>d<\/strong><\/td><\/tr><tr><td class=\"has-text-align-left\" data-align=\"left\">R\u00e1m<\/td><td class=\"has-text-align-left\" data-align=\"left\"><strong>extra tuh\u00fd<\/strong><\/td><\/tr><tr><td class=\"has-text-align-left\" data-align=\"left\">C\u00edlov\u00e1 skupina<\/td><td class=\"has-text-align-left\" data-align=\"left\"><strong>profesion\u00e1ln\u00ed a turnajov\u00ed hr\u00e1\u010di<\/strong><\/td><\/tr><tr><td class=\"has-text-align-left\" data-align=\"left\">P\u0159ednosti rakety<\/td><td class=\"has-text-align-left\" data-align=\"left\"><strong>pevnost, s\u00edla, dynamika<\/strong><\/td><\/tr><\/tbody><\/table><\/figure>\n\n\n\n<p><\/p>\n","protected":false},"excerpt":{"rendered":"<p>Charakteristika K\u00f3d 33052 Materi\u00e1l 40T\/HMP Barva \u010dern\u00e1 &#8211; neonov\u011b modr\u00e1- b\u00edl\u00e1 V\u00e1ha 88g bez v\u00fdpletu a gripu Vyv\u00e1\u017een\u00ed na str\u011bd R\u00e1m extra tuh\u00fd C\u00edlov\u00e1 skupina profesion\u00e1ln\u00ed a turnajov\u00ed hr\u00e1\u010di P\u0159ednosti rakety pevnost, s\u00edla, dynamika<\/p>\n","protected":false},"author":1,"featured_media":761,"parent":674,"menu_order":0,"comment_status":"closed","ping_status":"closed","template":"","meta":{"footnotes":""},"class_list":["post-760","page","type-page","status-publish","has-post-thumbnail","hentry"],"_links":{"self":[{"href":"https:\/\/www.oliver-sport.cz\/new\/wp-json\/wp\/v2\/pages\/760","targetHints":{"allow":["GET"]}}],"collection":[{"href":"https:\/\/www.oliver-sport.cz\/new\/wp-json\/wp\/v2\/pages"}],"about":[{"href":"https:\/\/www.oliver-sport.cz\/new\/wp-json\/wp\/v2\/types\/page"}],"author":[{"embeddable":true,"href":"https:\/\/www.oliver-sport.cz\/new\/wp-json\/wp\/v2\/users\/1"}],"replies":[{"embeddable":true,"href":"https:\/\/www.oliver-sport.cz\/new\/wp-json\/wp\/v2\/comments?post=760"}],"version-history":[{"count":1,"href":"https:\/\/www.oliver-sport.cz\/new\/wp-json\/wp\/v2\/pages\/760\/revisions"}],"predecessor-version":[{"id":762,"href":"https:\/\/www.oliver-sport.cz\/new\/wp-json\/wp\/v2\/pages\/760\/revisions\/762"}],"up":[{"embeddable":true,"href":"https:\/\/www.oliver-sport.cz\/new\/wp-json\/wp\/v2\/pages\/674"}],"wp:featuredmedia":[{"embeddable":true,"href":"https:\/\/www.oliver-sport.cz\/new\/wp-json\/wp\/v2\/media\/761"}],"wp:attachment":[{"href":"https:\/\/www.oliver-sport.cz\/new\/wp-json\/wp\/v2\/media?parent=760"}],"curies":[{"name":"wp","href":"https:\/\/api.w.org\/{rel}","templated":true}]}}