{"id":743,"date":"2026-02-09T11:52:53","date_gmt":"2026-02-09T11:52:53","guid":{"rendered":"https:\/\/www.oliver-sport.cz\/new\/?page_id=743"},"modified":"2026-02-09T11:52:54","modified_gmt":"2026-02-09T11:52:54","slug":"extreme-69-power","status":"publish","type":"page","link":"https:\/\/www.oliver-sport.cz\/new\/squash\/profesionalni-rada\/extreme-69-power\/","title":{"rendered":"EXTREME 69 POWER"},"content":{"rendered":"\n<div class=\"wp-block-media-text is-stacked-on-mobile is-vertically-aligned-top\"><figure class=\"wp-block-media-text__media\"><img loading=\"lazy\" decoding=\"async\" width=\"1000\" height=\"1000\" src=\"https:\/\/www.oliver-sport.cz\/wp-content\/uploads\/2026\/02\/33283-EXTREME-69-POWER.jpg\" alt=\"\" class=\"wp-image-744 size-full\" srcset=\"https:\/\/www.oliver-sport.cz\/new\/wp-content\/uploads\/2026\/02\/33283-EXTREME-69-POWER.jpg 1000w, https:\/\/www.oliver-sport.cz\/new\/wp-content\/uploads\/2026\/02\/33283-EXTREME-69-POWER-300x300.jpg 300w, https:\/\/www.oliver-sport.cz\/new\/wp-content\/uploads\/2026\/02\/33283-EXTREME-69-POWER-150x150.jpg 150w, https:\/\/www.oliver-sport.cz\/new\/wp-content\/uploads\/2026\/02\/33283-EXTREME-69-POWER-768x768.jpg 768w, https:\/\/www.oliver-sport.cz\/new\/wp-content\/uploads\/2026\/02\/33283-EXTREME-69-POWER-370x370.jpg 370w, https:\/\/www.oliver-sport.cz\/new\/wp-content\/uploads\/2026\/02\/33283-EXTREME-69-POWER-120x120.jpg 120w, https:\/\/www.oliver-sport.cz\/new\/wp-content\/uploads\/2026\/02\/33283-EXTREME-69-POWER-760x760.jpg 760w\" sizes=\"auto, (max-width: 1000px) 100vw, 1000px\" \/><\/figure><div class=\"wp-block-media-text__content\">\n<p><strong>EXTREME 69 POWER<\/strong><\/p>\n\n\n\n<p>EXTREME 69 power je ultra lehk\u00fd r\u00e1m s integrovanou karbonovou rukojet\u00ed ve t\u0159\u00edd\u00edln\u00e9 konstrukci. Extr\u00e9mn\u011b lehk\u00e1 raketa je nesm\u00edrn\u011b ovladateln\u00e1, snadno se s n\u00ed manipuluje a d\u00e1v\u00e1 hr\u00e1\u010di neuv\u011b\u0159itelnou s\u00edlu, cit a kontrolu.<\/p>\n\n\n\n<p><em>\u201eSuperlehk\u00e1 raketa EXTREME 69 Power d\u00edky sv\u00e9 pevnosti umo\u017e\u0148uje opravdu dobrou kontrolu \u00fader\u016f. Velmi dob\u0159e se s n\u00ed manipuluje kolem t\u011bla a vyu\u017eijeme ji hlavn\u011b p\u0159i h\u0159e na s\u00edti. Je vhodn\u00e1 pro z\u00e1vodn\u00ed hr\u00e1\u010de, ide\u00e1ln\u011b do \u010dty\u0159hry, a d\u00edky sv\u00e9 lehkosti a tenk\u00e9mu dr\u017e\u00e1tku pro d\u011bti a jejich rozvoj techniky.\u201c<\/em><\/p>\n\n\n\n<p><em>Tom\u00e1\u0161 \u0160vejda, Jarom\u00edr Jan\u00e1\u010dek, Radek Votava<\/em><\/p>\n\n\n\n<div class=\"wp-block-buttons is-content-justification-center is-layout-flex wp-container-core-buttons-is-layout-e1485a7b wp-block-buttons-is-layout-flex\">\n<div class=\"wp-block-button\"><a class=\"wp-block-button__link wp-element-button\" href=\"https:\/\/www.irakety.cz\/badmintonove-rakety\/bedmintonova-raketa-oliver-extreme-69-power\/\">KOUPIT<\/a><\/div>\n<\/div>\n<\/div><\/div>\n\n\n\n<p>&nbsp;Charakteristika<\/p>\n\n\n\n<figure class=\"wp-block-table\"><table class=\"has-fixed-layout\"><tbody><tr><td class=\"has-text-align-left\" data-align=\"left\">K\u00f3d<\/td><td class=\"has-text-align-left\" data-align=\"left\"><strong>33283<\/strong><\/td><\/tr><tr><td class=\"has-text-align-left\" data-align=\"left\">Materi\u00e1l<\/td><td class=\"has-text-align-left\" data-align=\"left\"><strong>EPLON\u2122+K12<\/strong><\/td><\/tr><tr><td class=\"has-text-align-left\" data-align=\"left\">Barva<\/td><td class=\"has-text-align-left\" data-align=\"left\"><strong>\u010dern\u00e1- bronz<\/strong><\/td><\/tr><tr><td class=\"has-text-align-left\" data-align=\"left\">V\u00e1ha<\/td><td class=\"has-text-align-left\" data-align=\"left\"><strong>69g bez v\u00fdpletu a gripu<\/strong><\/td><\/tr><tr><td class=\"has-text-align-left\" data-align=\"left\">Vyv\u00e1\u017een\u00ed<\/td><td class=\"has-text-align-left\" data-align=\"left\"><strong>do gripu<\/strong><\/td><\/tr><tr><td class=\"has-text-align-left\" data-align=\"left\">R\u00e1m<\/td><td class=\"has-text-align-left\" data-align=\"left\"><strong>tvrd\u00fd<\/strong><\/td><\/tr><tr><td class=\"has-text-align-left\" data-align=\"left\">V\u00fdplet<\/td><td class=\"has-text-align-left\" data-align=\"left\"><strong>CORE 65\/ 10-11kg<\/strong><\/td><\/tr><tr><td class=\"has-text-align-left\" data-align=\"left\">C\u00edlov\u00e1 skupina<\/td><td class=\"has-text-align-left\" data-align=\"left\"><strong>profesion\u00e1ln\u00ed a turnajov\u00ed hr\u00e1\u010di<\/strong><\/td><\/tr><tr><td class=\"has-text-align-left\" data-align=\"left\">P\u0159ednosti rakety<\/td><td class=\"has-text-align-left\" data-align=\"left\"><strong>s\u00edla, v\u0161estrannost<\/strong><\/td><\/tr><\/tbody><\/table><\/figure>\n\n\n\n<p><\/p>\n","protected":false},"excerpt":{"rendered":"<p>&nbsp;Charakteristika K\u00f3d 33283 Materi\u00e1l EPLON\u2122+K12 Barva \u010dern\u00e1- bronz V\u00e1ha 69g bez v\u00fdpletu a gripu Vyv\u00e1\u017een\u00ed do gripu R\u00e1m tvrd\u00fd V\u00fdplet CORE 65\/ 10-11kg C\u00edlov\u00e1 skupina profesion\u00e1ln\u00ed a turnajov\u00ed hr\u00e1\u010di P\u0159ednosti rakety s\u00edla, v\u0161estrannost<\/p>\n","protected":false},"author":1,"featured_media":744,"parent":674,"menu_order":0,"comment_status":"closed","ping_status":"closed","template":"","meta":{"footnotes":""},"class_list":["post-743","page","type-page","status-publish","has-post-thumbnail","hentry"],"_links":{"self":[{"href":"https:\/\/www.oliver-sport.cz\/new\/wp-json\/wp\/v2\/pages\/743","targetHints":{"allow":["GET"]}}],"collection":[{"href":"https:\/\/www.oliver-sport.cz\/new\/wp-json\/wp\/v2\/pages"}],"about":[{"href":"https:\/\/www.oliver-sport.cz\/new\/wp-json\/wp\/v2\/types\/page"}],"author":[{"embeddable":true,"href":"https:\/\/www.oliver-sport.cz\/new\/wp-json\/wp\/v2\/users\/1"}],"replies":[{"embeddable":true,"href":"https:\/\/www.oliver-sport.cz\/new\/wp-json\/wp\/v2\/comments?post=743"}],"version-history":[{"count":1,"href":"https:\/\/www.oliver-sport.cz\/new\/wp-json\/wp\/v2\/pages\/743\/revisions"}],"predecessor-version":[{"id":745,"href":"https:\/\/www.oliver-sport.cz\/new\/wp-json\/wp\/v2\/pages\/743\/revisions\/745"}],"up":[{"embeddable":true,"href":"https:\/\/www.oliver-sport.cz\/new\/wp-json\/wp\/v2\/pages\/674"}],"wp:featuredmedia":[{"embeddable":true,"href":"https:\/\/www.oliver-sport.cz\/new\/wp-json\/wp\/v2\/media\/744"}],"wp:attachment":[{"href":"https:\/\/www.oliver-sport.cz\/new\/wp-json\/wp\/v2\/media?parent=743"}],"curies":[{"name":"wp","href":"https:\/\/api.w.org\/{rel}","templated":true}]}}