{"id":733,"date":"2026-02-09T11:42:23","date_gmt":"2026-02-09T11:42:23","guid":{"rendered":"https:\/\/www.oliver-sport.cz\/new\/?page_id=733"},"modified":"2026-02-09T11:42:23","modified_gmt":"2026-02-09T11:42:23","slug":"microtec-10","status":"publish","type":"page","link":"https:\/\/www.oliver-sport.cz\/new\/squash\/profesionalni-rada\/microtec-10\/","title":{"rendered":"MICROTEC 10"},"content":{"rendered":"\n<div class=\"wp-block-media-text is-stacked-on-mobile is-vertically-aligned-top\"><figure class=\"wp-block-media-text__media\"><img loading=\"lazy\" decoding=\"async\" width=\"1000\" height=\"1000\" src=\"https:\/\/www.oliver-sport.cz\/wp-content\/uploads\/2026\/02\/33044-MICROTEC-10.jpg\" alt=\"\" class=\"wp-image-734 size-full\" srcset=\"https:\/\/www.oliver-sport.cz\/new\/wp-content\/uploads\/2026\/02\/33044-MICROTEC-10.jpg 1000w, https:\/\/www.oliver-sport.cz\/new\/wp-content\/uploads\/2026\/02\/33044-MICROTEC-10-300x300.jpg 300w, https:\/\/www.oliver-sport.cz\/new\/wp-content\/uploads\/2026\/02\/33044-MICROTEC-10-150x150.jpg 150w, https:\/\/www.oliver-sport.cz\/new\/wp-content\/uploads\/2026\/02\/33044-MICROTEC-10-768x768.jpg 768w, https:\/\/www.oliver-sport.cz\/new\/wp-content\/uploads\/2026\/02\/33044-MICROTEC-10-370x370.jpg 370w, https:\/\/www.oliver-sport.cz\/new\/wp-content\/uploads\/2026\/02\/33044-MICROTEC-10-120x120.jpg 120w, https:\/\/www.oliver-sport.cz\/new\/wp-content\/uploads\/2026\/02\/33044-MICROTEC-10-760x760.jpg 760w\" sizes=\"auto, (max-width: 1000px) 100vw, 1000px\" \/><\/figure><div class=\"wp-block-media-text__content\">\n<p><strong>MICROTEC 10<\/strong><\/p>\n\n\n\n<p>MICROTEC String System -se zam\u011b\u0159uje na t\u011bsn\u011bj\u0161\u00ed vyrovn\u00e1n\u00ed strun na sweet spote v horn\u00ed t\u0159etin\u011b hlavy rakety a poskytuje v\u011bt\u0161i p\u0159esnost p\u0159i \u00faderu. Technologie CUBE d\u00e1v\u00e1 r\u00e1mu pot\u0159ebnou tuhost a v\u00edce dynamiky. N\u00e1stupce rakety MICROTEC 09.<\/p>\n\n\n\n<div class=\"wp-block-buttons is-content-justification-center is-layout-flex wp-container-core-buttons-is-layout-e1485a7b wp-block-buttons-is-layout-flex\">\n<div class=\"wp-block-button\"><a class=\"wp-block-button__link wp-element-button\" href=\"https:\/\/www.irakety.cz\/badmintonove-rakety\/badminton-raketa-oliver-microtec-10\/\">KOUPIT<\/a><\/div>\n<\/div>\n<\/div><\/div>\n\n\n\n<p>Charakteristika<\/p>\n\n\n\n<figure class=\"wp-block-table\"><table class=\"has-fixed-layout\"><tbody><tr><td class=\"has-text-align-left\" data-align=\"left\">K\u00f3d<\/td><td class=\"has-text-align-left\" data-align=\"left\"><strong>33044<\/strong><\/td><\/tr><tr><td class=\"has-text-align-left\" data-align=\"left\">Materi\u00e1l<\/td><td class=\"has-text-align-left\" data-align=\"left\"><strong>NANO-EPLON\u2122<\/strong><\/td><\/tr><tr><td class=\"has-text-align-left\" data-align=\"left\">Barva<\/td><td class=\"has-text-align-left\" data-align=\"left\"><strong>oran\u017eov\u00e1 &#8211; \u010dern\u00e1 &#8211; b\u00edl\u00e1<\/strong><\/td><\/tr><tr><td class=\"has-text-align-left\" data-align=\"left\">V\u00e1ha<\/td><td class=\"has-text-align-left\" data-align=\"left\"><strong>85g bez v\u00fdpletu a gripu<\/strong><\/td><\/tr><tr><td class=\"has-text-align-left\" data-align=\"left\">Vyv\u00e1\u017een\u00ed<\/td><td class=\"has-text-align-left\" data-align=\"left\"><strong>lehce do gripu<\/strong><\/td><\/tr><tr><td class=\"has-text-align-left\" data-align=\"left\">R\u00e1m<\/td><td class=\"has-text-align-left\" data-align=\"left\"><strong>Flexibiln\u00ed<\/strong><\/td><\/tr><tr><td class=\"has-text-align-left\" data-align=\"left\">V\u00fdplet<\/td><td class=\"has-text-align-left\" data-align=\"left\"><strong>Core 65<\/strong><\/td><\/tr><tr><td class=\"has-text-align-left\" data-align=\"left\">D\u00e9lka<\/td><td class=\"has-text-align-left\" data-align=\"left\"><strong>675 mm<\/strong><\/td><\/tr><tr><td class=\"has-text-align-left\" data-align=\"left\">C\u00edlov\u00e1 skupina<\/td><td class=\"has-text-align-left\" data-align=\"left\"><strong>profesion\u00e1ln\u00ed hr\u00e1\u010di<\/strong><\/td><\/tr><tr><td class=\"has-text-align-left\" data-align=\"left\">P\u0159ednosti rakety<\/td><td class=\"has-text-align-left\" data-align=\"left\"><strong>rychlost<\/strong><\/td><\/tr><\/tbody><\/table><\/figure>\n\n\n\n<p><\/p>\n","protected":false},"excerpt":{"rendered":"<p>Charakteristika K\u00f3d 33044 Materi\u00e1l NANO-EPLON\u2122 Barva oran\u017eov\u00e1 &#8211; \u010dern\u00e1 &#8211; b\u00edl\u00e1 V\u00e1ha 85g bez v\u00fdpletu a gripu Vyv\u00e1\u017een\u00ed lehce do gripu R\u00e1m Flexibiln\u00ed V\u00fdplet Core 65 D\u00e9lka 675 mm C\u00edlov\u00e1 skupina profesion\u00e1ln\u00ed hr\u00e1\u010di P\u0159ednosti rakety rychlost<\/p>\n","protected":false},"author":1,"featured_media":734,"parent":674,"menu_order":0,"comment_status":"closed","ping_status":"closed","template":"","meta":{"footnotes":""},"class_list":["post-733","page","type-page","status-publish","has-post-thumbnail","hentry"],"_links":{"self":[{"href":"https:\/\/www.oliver-sport.cz\/new\/wp-json\/wp\/v2\/pages\/733","targetHints":{"allow":["GET"]}}],"collection":[{"href":"https:\/\/www.oliver-sport.cz\/new\/wp-json\/wp\/v2\/pages"}],"about":[{"href":"https:\/\/www.oliver-sport.cz\/new\/wp-json\/wp\/v2\/types\/page"}],"author":[{"embeddable":true,"href":"https:\/\/www.oliver-sport.cz\/new\/wp-json\/wp\/v2\/users\/1"}],"replies":[{"embeddable":true,"href":"https:\/\/www.oliver-sport.cz\/new\/wp-json\/wp\/v2\/comments?post=733"}],"version-history":[{"count":1,"href":"https:\/\/www.oliver-sport.cz\/new\/wp-json\/wp\/v2\/pages\/733\/revisions"}],"predecessor-version":[{"id":735,"href":"https:\/\/www.oliver-sport.cz\/new\/wp-json\/wp\/v2\/pages\/733\/revisions\/735"}],"up":[{"embeddable":true,"href":"https:\/\/www.oliver-sport.cz\/new\/wp-json\/wp\/v2\/pages\/674"}],"wp:featuredmedia":[{"embeddable":true,"href":"https:\/\/www.oliver-sport.cz\/new\/wp-json\/wp\/v2\/media\/734"}],"wp:attachment":[{"href":"https:\/\/www.oliver-sport.cz\/new\/wp-json\/wp\/v2\/media?parent=733"}],"curies":[{"name":"wp","href":"https:\/\/api.w.org\/{rel}","templated":true}]}}