{"id":730,"date":"2026-02-09T11:39:43","date_gmt":"2026-02-09T11:39:43","guid":{"rendered":"https:\/\/www.oliver-sport.cz\/new\/?page_id=730"},"modified":"2026-02-09T11:39:43","modified_gmt":"2026-02-09T11:39:43","slug":"microtec-12","status":"publish","type":"page","link":"https:\/\/www.oliver-sport.cz\/new\/squash\/profesionalni-rada\/microtec-12\/","title":{"rendered":"MICROTEC 12"},"content":{"rendered":"\n<div class=\"wp-block-media-text is-stacked-on-mobile is-vertically-aligned-top\"><figure class=\"wp-block-media-text__media\"><img loading=\"lazy\" decoding=\"async\" width=\"1024\" height=\"1024\" src=\"https:\/\/www.oliver-sport.cz\/wp-content\/uploads\/2026\/02\/33042-MICROTEC-12-1024x1024.jpg\" alt=\"\" class=\"wp-image-731 size-full\" srcset=\"https:\/\/www.oliver-sport.cz\/new\/wp-content\/uploads\/2026\/02\/33042-MICROTEC-12-1024x1024.jpg 1024w, https:\/\/www.oliver-sport.cz\/new\/wp-content\/uploads\/2026\/02\/33042-MICROTEC-12-300x300.jpg 300w, https:\/\/www.oliver-sport.cz\/new\/wp-content\/uploads\/2026\/02\/33042-MICROTEC-12-150x150.jpg 150w, https:\/\/www.oliver-sport.cz\/new\/wp-content\/uploads\/2026\/02\/33042-MICROTEC-12-768x768.jpg 768w, https:\/\/www.oliver-sport.cz\/new\/wp-content\/uploads\/2026\/02\/33042-MICROTEC-12-1536x1536.jpg 1536w, https:\/\/www.oliver-sport.cz\/new\/wp-content\/uploads\/2026\/02\/33042-MICROTEC-12-370x370.jpg 370w, https:\/\/www.oliver-sport.cz\/new\/wp-content\/uploads\/2026\/02\/33042-MICROTEC-12-120x120.jpg 120w, https:\/\/www.oliver-sport.cz\/new\/wp-content\/uploads\/2026\/02\/33042-MICROTEC-12-760x760.jpg 760w, https:\/\/www.oliver-sport.cz\/new\/wp-content\/uploads\/2026\/02\/33042-MICROTEC-12.jpg 1600w\" sizes=\"auto, (max-width: 1024px) 100vw, 1024px\" \/><\/figure><div class=\"wp-block-media-text__content\">\n<p><strong>MICROTEC 12<\/strong><\/p>\n\n\n\n<p>Badmintonov\u00e1 raketa\u00a0<strong>OLIVER\u00a0 MICROTEC 12<\/strong>\u00a0je raketa pro turnajov\u00e9 hr\u00e1\u010de, kte\u0159\u00ed hledaj\u00ed p\u0159esnost, kontrolu a explozivn\u00ed s\u00edlu. Inovativn\u00ed 88-jamkov\u00fd vzor v\u00fdpletu s pevn\u00fdm vypleten\u00edm posouv\u00e1 ide\u00e1ln\u00ed m\u00edsto pro \u00fader do horn\u00ed t\u0159etiny hlavy rakety pro maxim\u00e1ln\u00ed p\u0159esnost a lep\u0161\u00ed cit pro m\u00ed\u010dek. Technologie CUBE dod\u00e1v\u00e1 r\u00e1mu dodate\u010dnou tuhost a dynamiku. Lehk\u00e1 raketa s hmotnost\u00ed pouh\u00fdch 87 g (s v\u00fdpletem) kombinuje materi\u00e1l Nano-Eplon s 30T grafitov\u00fdm shaftem pro maxim\u00e1ln\u00ed stabilitu a v\u00fdkon. M\u00edrn\u011b t\u011b\u017ek\u00e1 hlava a st\u0159edn\u011b tvrd\u00fd shaft umo\u017e\u0148uj\u00ed siln\u00e9 \u00fadery s p\u0159esnou kontrolou.<\/p>\n\n\n\n<div class=\"wp-block-buttons is-content-justification-center is-layout-flex wp-container-core-buttons-is-layout-e1485a7b wp-block-buttons-is-layout-flex\">\n<div class=\"wp-block-button\"><a class=\"wp-block-button__link wp-element-button\" href=\"https:\/\/www.irakety.cz\/badmintonove-rakety\/badmintonova-raketa-oliver-microtec-12\/\/\">KOUPIT<\/a><\/div>\n<\/div>\n<\/div><\/div>\n\n\n\n<p>Charakteristika<\/p>\n\n\n\n<figure class=\"wp-block-table\"><table class=\"has-fixed-layout\"><tbody><tr><td class=\"has-text-align-left\" data-align=\"left\">K\u00f3d<\/td><td class=\"has-text-align-left\" data-align=\"left\"><strong>33042<\/strong><\/td><\/tr><tr><td class=\"has-text-align-left\" data-align=\"left\">Materi\u00e1l<\/td><td class=\"has-text-align-left\" data-align=\"left\"><strong>NANO-EPLON\u2122<\/strong><\/td><\/tr><tr><td class=\"has-text-align-left\" data-align=\"left\">Barva<\/td><td class=\"has-text-align-left\" data-align=\"left\"><strong>&nbsp;\u010dern\u00e1 &#8211; modr\u00e1<\/strong><\/td><\/tr><tr><td class=\"has-text-align-left\" data-align=\"left\">V\u00e1ha<\/td><td class=\"has-text-align-left\" data-align=\"left\"><strong>84g bez v\u00fdpletu a gripu<\/strong><\/td><\/tr><tr><td class=\"has-text-align-left\" data-align=\"left\">Vyv\u00e1\u017een\u00ed<\/td><td class=\"has-text-align-left\" data-align=\"left\"><strong>lehce do hlavy<\/strong><\/td><\/tr><tr><td class=\"has-text-align-left\" data-align=\"left\">R\u00e1m<\/td><td class=\"has-text-align-left\" data-align=\"left\"><strong>st\u0159edn\u011b tuh\u00fd<\/strong><\/td><\/tr><tr><td class=\"has-text-align-left\" data-align=\"left\">V\u00fdplet<\/td><td class=\"has-text-align-left\" data-align=\"left\"><strong>Core 65<\/strong><\/td><\/tr><tr><td class=\"has-text-align-left\" data-align=\"left\">D\u00e9lka<\/td><td class=\"has-text-align-left\" data-align=\"left\"><strong>675 mm<\/strong><\/td><\/tr><tr><td class=\"has-text-align-left\" data-align=\"left\">C\u00edlov\u00e1 skupina<\/td><td class=\"has-text-align-left\" data-align=\"left\"><strong>profesion\u00e1ln\u00ed hr\u00e1\u010di<\/strong><\/td><\/tr><tr><td class=\"has-text-align-left\" data-align=\"left\">P\u0159ednosti rakety<\/td><td class=\"has-text-align-left\" data-align=\"left\"><strong>rychlost, kontrola, p\u0159esnost<\/strong><\/td><\/tr><\/tbody><\/table><\/figure>\n","protected":false},"excerpt":{"rendered":"<p>Charakteristika K\u00f3d 33042 Materi\u00e1l NANO-EPLON\u2122 Barva &nbsp;\u010dern\u00e1 &#8211; modr\u00e1 V\u00e1ha 84g bez v\u00fdpletu a gripu Vyv\u00e1\u017een\u00ed lehce do hlavy R\u00e1m st\u0159edn\u011b tuh\u00fd V\u00fdplet Core 65 D\u00e9lka 675 mm C\u00edlov\u00e1 skupina profesion\u00e1ln\u00ed hr\u00e1\u010di P\u0159ednosti rakety rychlost, kontrola, p\u0159esnost<\/p>\n","protected":false},"author":1,"featured_media":731,"parent":674,"menu_order":0,"comment_status":"closed","ping_status":"closed","template":"","meta":{"footnotes":""},"class_list":["post-730","page","type-page","status-publish","has-post-thumbnail","hentry"],"_links":{"self":[{"href":"https:\/\/www.oliver-sport.cz\/new\/wp-json\/wp\/v2\/pages\/730","targetHints":{"allow":["GET"]}}],"collection":[{"href":"https:\/\/www.oliver-sport.cz\/new\/wp-json\/wp\/v2\/pages"}],"about":[{"href":"https:\/\/www.oliver-sport.cz\/new\/wp-json\/wp\/v2\/types\/page"}],"author":[{"embeddable":true,"href":"https:\/\/www.oliver-sport.cz\/new\/wp-json\/wp\/v2\/users\/1"}],"replies":[{"embeddable":true,"href":"https:\/\/www.oliver-sport.cz\/new\/wp-json\/wp\/v2\/comments?post=730"}],"version-history":[{"count":1,"href":"https:\/\/www.oliver-sport.cz\/new\/wp-json\/wp\/v2\/pages\/730\/revisions"}],"predecessor-version":[{"id":732,"href":"https:\/\/www.oliver-sport.cz\/new\/wp-json\/wp\/v2\/pages\/730\/revisions\/732"}],"up":[{"embeddable":true,"href":"https:\/\/www.oliver-sport.cz\/new\/wp-json\/wp\/v2\/pages\/674"}],"wp:featuredmedia":[{"embeddable":true,"href":"https:\/\/www.oliver-sport.cz\/new\/wp-json\/wp\/v2\/media\/731"}],"wp:attachment":[{"href":"https:\/\/www.oliver-sport.cz\/new\/wp-json\/wp\/v2\/media?parent=730"}],"curies":[{"name":"wp","href":"https:\/\/api.w.org\/{rel}","templated":true}]}}