{"id":727,"date":"2026-02-09T11:35:37","date_gmt":"2026-02-09T11:35:37","guid":{"rendered":"https:\/\/www.oliver-sport.cz\/new\/?page_id=727"},"modified":"2026-02-09T11:35:37","modified_gmt":"2026-02-09T11:35:37","slug":"no-design-iii","status":"publish","type":"page","link":"https:\/\/www.oliver-sport.cz\/new\/squash\/profesionalni-rada\/no-design-iii\/","title":{"rendered":"NO DESIGN III."},"content":{"rendered":"\n<div class=\"wp-block-media-text is-stacked-on-mobile is-vertically-aligned-top\"><figure class=\"wp-block-media-text__media\"><img loading=\"lazy\" decoding=\"async\" width=\"722\" height=\"1024\" src=\"https:\/\/www.oliver-sport.cz\/wp-content\/uploads\/2026\/02\/No_DesignIII-722x1024.jpg\" alt=\"\" class=\"wp-image-728 size-full\" srcset=\"https:\/\/www.oliver-sport.cz\/new\/wp-content\/uploads\/2026\/02\/No_DesignIII-722x1024.jpg 722w, https:\/\/www.oliver-sport.cz\/new\/wp-content\/uploads\/2026\/02\/No_DesignIII-211x300.jpg 211w, https:\/\/www.oliver-sport.cz\/new\/wp-content\/uploads\/2026\/02\/No_DesignIII-768x1090.jpg 768w, https:\/\/www.oliver-sport.cz\/new\/wp-content\/uploads\/2026\/02\/No_DesignIII-1082x1536.jpg 1082w, https:\/\/www.oliver-sport.cz\/new\/wp-content\/uploads\/2026\/02\/No_DesignIII-370x525.jpg 370w, https:\/\/www.oliver-sport.cz\/new\/wp-content\/uploads\/2026\/02\/No_DesignIII-760x1079.jpg 760w, https:\/\/www.oliver-sport.cz\/new\/wp-content\/uploads\/2026\/02\/No_DesignIII.jpg 1257w\" sizes=\"auto, (max-width: 722px) 100vw, 722px\" \/><\/figure><div class=\"wp-block-media-text__content\">\n<p><strong>NO DESIGN III.<\/strong><\/p>\n\n\n\n<p>Novinka Oliveru, kter\u00e1 pote\u0161\u00ed ka\u017ed\u00e9ho pokro\u010dil\u00e9ho, turnajov\u00e9ho a profesion\u00e1ln\u00edho hr\u00e1\u010de. Raketa NO DESIGN, je elegantn\u00ed, stylov\u00e1 raketa, kter\u00e1 padne do ruky ka\u017ed\u00e9mu. &#8222;Tahle raketa je opravdovou t\u0159e\u0161ni\u010dkou na dortu OLIVERU&#8220;. Raketa je st\u0159edn\u011b tuh\u00e1, v\u00e1\u017e\u00ed pouh\u00fdch 88g, vyv\u00e1\u017een\u00e1 na st\u0159ed. Kombinace pou\u017eit\u00e9ho materi\u00e1lu Metacarbon\/Nano-Epolon a specifick\u00e9 parametry t\u00e9to rakety daj\u00ed ka\u017ed\u00e9mu \u00faderu velkou dynamiku, ale z\u00e1rove\u0148 hr\u00e1\u010d m\u00e1 i dokonal\u00fd cit v ruce.<\/p>\n\n\n\n<div class=\"wp-block-buttons is-content-justification-center is-layout-flex wp-container-core-buttons-is-layout-e1485a7b wp-block-buttons-is-layout-flex\">\n<div class=\"wp-block-button\"><a class=\"wp-block-button__link wp-element-button\" href=\"https:\/\/www.irakety.cz\/badmintonove-rakety\/bedmintonova-raketa-oliver-no-design-iii.\/\">KOUPIT<\/a><\/div>\n<\/div>\n<\/div><\/div>\n\n\n\n<h4 class=\"wp-block-heading\">Charakteristika<\/h4>\n\n\n\n<figure class=\"wp-block-table\"><table class=\"has-fixed-layout\"><tbody><tr><td class=\"has-text-align-left\" data-align=\"left\">K\u00f3d<\/td><td class=\"has-text-align-left\" data-align=\"left\">31125<\/td><\/tr><tr><td class=\"has-text-align-left\" data-align=\"left\">Materi\u00e1l<\/td><td class=\"has-text-align-left\" data-align=\"left\"><strong>Metacarbon\/Nano-Epolon<\/strong><\/td><\/tr><tr><td class=\"has-text-align-left\" data-align=\"left\">Barva<\/td><td class=\"has-text-align-left\" data-align=\"left\"><strong>karbonovo-\u010dern\u00e1 &#8211; zlat\u00e1<\/strong><\/td><\/tr><tr><td class=\"has-text-align-left\" data-align=\"left\">V\u00e1ha<\/td><td class=\"has-text-align-left\" data-align=\"left\"><strong>88g bez v\u00fdpletu a gripu<\/strong><\/td><\/tr><tr><td class=\"has-text-align-left\" data-align=\"left\">Vyv\u00e1\u017een\u00ed<\/td><td class=\"has-text-align-left\" data-align=\"left\"><strong>na st\u0159ed<\/strong><\/td><\/tr><tr><td class=\"has-text-align-left\" data-align=\"left\">R\u00e1m<\/td><td class=\"has-text-align-left\" data-align=\"left\"><strong>st\u0159edn\u011b tuh\u00e1<\/strong><\/td><\/tr><tr><td class=\"has-text-align-left\" data-align=\"left\">V\u00fdplet<\/td><td class=\"has-text-align-left\" data-align=\"left\"><strong>MX 1 \/ 9,5 kg<\/strong><\/td><\/tr><tr><td class=\"has-text-align-left\" data-align=\"left\">D\u00e9lka<\/td><td class=\"has-text-align-left\" data-align=\"left\"><strong>675 mm<\/strong><\/td><\/tr><tr><td class=\"has-text-align-left\" data-align=\"left\">C\u00edlov\u00e1 skupina<\/td><td class=\"has-text-align-left\" data-align=\"left\"><strong>turnajov\u00ed hr\u00e1\u010di<\/strong><\/td><\/tr><tr><td class=\"has-text-align-left\" data-align=\"left\">P\u0159ednosti rakety<\/td><td class=\"has-text-align-left\" data-align=\"left\">Rychlost, pevnost, odolnost, dynamika<\/td><\/tr><\/tbody><\/table><\/figure>\n","protected":false},"excerpt":{"rendered":"<p>Charakteristika K\u00f3d 31125 Materi\u00e1l Metacarbon\/Nano-Epolon Barva karbonovo-\u010dern\u00e1 &#8211; zlat\u00e1 V\u00e1ha 88g bez v\u00fdpletu a gripu Vyv\u00e1\u017een\u00ed na st\u0159ed R\u00e1m st\u0159edn\u011b tuh\u00e1 V\u00fdplet MX 1 \/ 9,5 kg D\u00e9lka 675 mm C\u00edlov\u00e1 skupina turnajov\u00ed hr\u00e1\u010di P\u0159ednosti rakety Rychlost, pevnost, odolnost, dynamika<\/p>\n","protected":false},"author":1,"featured_media":728,"parent":674,"menu_order":0,"comment_status":"closed","ping_status":"closed","template":"","meta":{"footnotes":""},"class_list":["post-727","page","type-page","status-publish","has-post-thumbnail","hentry"],"_links":{"self":[{"href":"https:\/\/www.oliver-sport.cz\/new\/wp-json\/wp\/v2\/pages\/727","targetHints":{"allow":["GET"]}}],"collection":[{"href":"https:\/\/www.oliver-sport.cz\/new\/wp-json\/wp\/v2\/pages"}],"about":[{"href":"https:\/\/www.oliver-sport.cz\/new\/wp-json\/wp\/v2\/types\/page"}],"author":[{"embeddable":true,"href":"https:\/\/www.oliver-sport.cz\/new\/wp-json\/wp\/v2\/users\/1"}],"replies":[{"embeddable":true,"href":"https:\/\/www.oliver-sport.cz\/new\/wp-json\/wp\/v2\/comments?post=727"}],"version-history":[{"count":1,"href":"https:\/\/www.oliver-sport.cz\/new\/wp-json\/wp\/v2\/pages\/727\/revisions"}],"predecessor-version":[{"id":729,"href":"https:\/\/www.oliver-sport.cz\/new\/wp-json\/wp\/v2\/pages\/727\/revisions\/729"}],"up":[{"embeddable":true,"href":"https:\/\/www.oliver-sport.cz\/new\/wp-json\/wp\/v2\/pages\/674"}],"wp:featuredmedia":[{"embeddable":true,"href":"https:\/\/www.oliver-sport.cz\/new\/wp-json\/wp\/v2\/media\/728"}],"wp:attachment":[{"href":"https:\/\/www.oliver-sport.cz\/new\/wp-json\/wp\/v2\/media?parent=727"}],"curies":[{"name":"wp","href":"https:\/\/api.w.org\/{rel}","templated":true}]}}