{"id":724,"date":"2026-02-09T11:32:31","date_gmt":"2026-02-09T11:32:31","guid":{"rendered":"https:\/\/www.oliver-sport.cz\/new\/?page_id=724"},"modified":"2026-02-09T11:32:32","modified_gmt":"2026-02-09T11:32:32","slug":"energetic-k7","status":"publish","type":"page","link":"https:\/\/www.oliver-sport.cz\/new\/squash\/profesionalni-rada\/energetic-k7\/","title":{"rendered":"ENERGETIC K7"},"content":{"rendered":"\n<div class=\"wp-block-media-text is-stacked-on-mobile is-vertically-aligned-top\"><figure class=\"wp-block-media-text__media\"><img loading=\"lazy\" decoding=\"async\" width=\"1024\" height=\"1024\" src=\"https:\/\/www.oliver-sport.cz\/wp-content\/uploads\/2026\/02\/33027-ENERGETIC-K7-1-1024x1024.jpg\" alt=\"\" class=\"wp-image-725 size-full\" srcset=\"https:\/\/www.oliver-sport.cz\/new\/wp-content\/uploads\/2026\/02\/33027-ENERGETIC-K7-1-1024x1024.jpg 1024w, https:\/\/www.oliver-sport.cz\/new\/wp-content\/uploads\/2026\/02\/33027-ENERGETIC-K7-1-300x300.jpg 300w, https:\/\/www.oliver-sport.cz\/new\/wp-content\/uploads\/2026\/02\/33027-ENERGETIC-K7-1-150x150.jpg 150w, https:\/\/www.oliver-sport.cz\/new\/wp-content\/uploads\/2026\/02\/33027-ENERGETIC-K7-1-768x768.jpg 768w, https:\/\/www.oliver-sport.cz\/new\/wp-content\/uploads\/2026\/02\/33027-ENERGETIC-K7-1-1536x1536.jpg 1536w, https:\/\/www.oliver-sport.cz\/new\/wp-content\/uploads\/2026\/02\/33027-ENERGETIC-K7-1-370x370.jpg 370w, https:\/\/www.oliver-sport.cz\/new\/wp-content\/uploads\/2026\/02\/33027-ENERGETIC-K7-1-120x120.jpg 120w, https:\/\/www.oliver-sport.cz\/new\/wp-content\/uploads\/2026\/02\/33027-ENERGETIC-K7-1-760x760.jpg 760w, https:\/\/www.oliver-sport.cz\/new\/wp-content\/uploads\/2026\/02\/33027-ENERGETIC-K7-1.jpg 1600w\" sizes=\"auto, (max-width: 1024px) 100vw, 1024px\" \/><\/figure><div class=\"wp-block-media-text__content\">\n<p><strong>ENERGETIC K7<\/strong><\/p>\n\n\n\n<p>Badmintonov\u00e1 raketa&nbsp;<strong>OLIVER&nbsp; ENERGETIC K7<\/strong>&nbsp;je nejnov\u011bj\u0161\u00edm p\u0159\u00edr\u016fstkem do profesion\u00e1ln\u00ed \u0159ady a byla speci\u00e1ln\u011b navr\u017eena pro ambici\u00f3zn\u00ed turnajov\u00e9 hr\u00e1\u010de.<\/p>\n\n\n\n<p>Vysoce pevn\u00fd r\u00e1m v kombinaci s flexibiln\u00edm golfov\u00fdm shaftem 24T umo\u017e\u0148uje siln\u00e9 \u00fadery s vysokou kontrolou. D\u00edky vyv\u00e1\u017een\u00ed do hlavy a sv\u00e9 lehkosti je raketa obzvl\u00e1\u0161t\u011b hbit\u00e1 \u2013 ide\u00e1ln\u00ed pro rychlou a responzivn\u00ed hru.<\/p>\n\n\n\n<p>Aerodynamicky profilovan\u00e1 hlava rakety poskytuje v\u011bt\u0161\u00ed rychlost s ka\u017ed\u00fdm \u00faderem, zat\u00edmco n\u00edzk\u00e1 hmotnost 86 g zaji\u0161\u0165uje vynikaj\u00edc\u00ed ovladatelnost.<\/p>\n\n\n\n<p>Ide\u00e1ln\u00ed pro v\u0161estrann\u00e9 hr\u00e1\u010de, kte\u0159\u00ed cht\u011bj\u00ed rychlost, kontrolu a v\u0161estrannost v jedn\u00e9 raket\u011b.<\/p>\n\n\n\n<div class=\"wp-block-buttons is-content-justification-center is-layout-flex wp-container-core-buttons-is-layout-e1485a7b wp-block-buttons-is-layout-flex\">\n<div class=\"wp-block-button\"><a class=\"wp-block-button__link wp-element-button\" href=\"https:\/\/www.irakety.cz\/badmintonove-rakety\/badmintonova-raketa-oliver-energetic-k7\/x-920\/\">KOUPIT<\/a><\/div>\n<\/div>\n<\/div><\/div>\n\n\n\n<p>Charakteristika<\/p>\n\n\n\n<figure class=\"wp-block-table\"><table class=\"has-fixed-layout\"><tbody><tr><td class=\"has-text-align-left\" data-align=\"left\">K\u00f3d<\/td><td class=\"has-text-align-left\" data-align=\"left\"><strong>33027<\/strong><\/td><\/tr><tr><td class=\"has-text-align-left\" data-align=\"left\">Materi\u00e1l<\/td><td class=\"has-text-align-left\" data-align=\"left\"><strong>Metacarbon\u2122<\/strong><\/td><\/tr><tr><td class=\"has-text-align-left\" data-align=\"left\">Barva<\/td><td class=\"has-text-align-left\" data-align=\"left\"><strong>b\u00edl\u00e1 &#8211; \u010dern\u00e1 &#8211; zlat\u00e1<\/strong><\/td><\/tr><tr><td class=\"has-text-align-left\" data-align=\"left\">V\u00e1ha<\/td><td class=\"has-text-align-left\" data-align=\"left\"><strong>83g bez v\u00fdpletu a gripu<\/strong><\/td><\/tr><tr><td class=\"has-text-align-left\" data-align=\"left\">Vyv\u00e1\u017een\u00ed<\/td><td class=\"has-text-align-left\" data-align=\"left\"><strong>lehce do gripu<\/strong><\/td><\/tr><tr><td class=\"has-text-align-left\" data-align=\"left\">R\u00e1m<\/td><td class=\"has-text-align-left\" data-align=\"left\"><strong>Flexibiln\u00ed<\/strong><\/td><\/tr><tr><td class=\"has-text-align-left\" data-align=\"left\">V\u00fdplet<\/td><td class=\"has-text-align-left\" data-align=\"left\"><strong>Core 65<\/strong><\/td><\/tr><tr><td class=\"has-text-align-left\" data-align=\"left\">C\u00edlov\u00e1 skupina<\/td><td class=\"has-text-align-left\" data-align=\"left\"><strong>profesion\u00e1ln\u00ed hr\u00e1\u010di<\/strong><\/td><\/tr><tr><td class=\"has-text-align-left\" data-align=\"left\">P\u0159ednosti rakety<\/td><td class=\"has-text-align-left\" data-align=\"left\"><strong>rychlost<\/strong><\/td><\/tr><\/tbody><\/table><\/figure>\n\n\n\n<p><\/p>\n","protected":false},"excerpt":{"rendered":"<p>Charakteristika K\u00f3d 33027 Materi\u00e1l Metacarbon\u2122 Barva b\u00edl\u00e1 &#8211; \u010dern\u00e1 &#8211; zlat\u00e1 V\u00e1ha 83g bez v\u00fdpletu a gripu Vyv\u00e1\u017een\u00ed lehce do gripu R\u00e1m Flexibiln\u00ed V\u00fdplet Core 65 C\u00edlov\u00e1 skupina profesion\u00e1ln\u00ed hr\u00e1\u010di P\u0159ednosti rakety rychlost<\/p>\n","protected":false},"author":1,"featured_media":725,"parent":674,"menu_order":0,"comment_status":"closed","ping_status":"closed","template":"","meta":{"footnotes":""},"class_list":["post-724","page","type-page","status-publish","has-post-thumbnail","hentry"],"_links":{"self":[{"href":"https:\/\/www.oliver-sport.cz\/new\/wp-json\/wp\/v2\/pages\/724","targetHints":{"allow":["GET"]}}],"collection":[{"href":"https:\/\/www.oliver-sport.cz\/new\/wp-json\/wp\/v2\/pages"}],"about":[{"href":"https:\/\/www.oliver-sport.cz\/new\/wp-json\/wp\/v2\/types\/page"}],"author":[{"embeddable":true,"href":"https:\/\/www.oliver-sport.cz\/new\/wp-json\/wp\/v2\/users\/1"}],"replies":[{"embeddable":true,"href":"https:\/\/www.oliver-sport.cz\/new\/wp-json\/wp\/v2\/comments?post=724"}],"version-history":[{"count":1,"href":"https:\/\/www.oliver-sport.cz\/new\/wp-json\/wp\/v2\/pages\/724\/revisions"}],"predecessor-version":[{"id":726,"href":"https:\/\/www.oliver-sport.cz\/new\/wp-json\/wp\/v2\/pages\/724\/revisions\/726"}],"up":[{"embeddable":true,"href":"https:\/\/www.oliver-sport.cz\/new\/wp-json\/wp\/v2\/pages\/674"}],"wp:featuredmedia":[{"embeddable":true,"href":"https:\/\/www.oliver-sport.cz\/new\/wp-json\/wp\/v2\/media\/725"}],"wp:attachment":[{"href":"https:\/\/www.oliver-sport.cz\/new\/wp-json\/wp\/v2\/media?parent=724"}],"curies":[{"name":"wp","href":"https:\/\/api.w.org\/{rel}","templated":true}]}}