{"id":697,"date":"2026-02-09T09:44:23","date_gmt":"2026-02-09T09:44:23","guid":{"rendered":"https:\/\/www.oliver-sport.cz\/new\/?page_id=697"},"modified":"2026-02-09T09:44:47","modified_gmt":"2026-02-09T09:44:47","slug":"racer-x8","status":"publish","type":"page","link":"https:\/\/www.oliver-sport.cz\/new\/squash\/klubova-rada\/racer-x8\/","title":{"rendered":"RACER X8"},"content":{"rendered":"\n<div class=\"wp-block-media-text is-stacked-on-mobile is-vertically-aligned-top\"><figure class=\"wp-block-media-text__media\"><img loading=\"lazy\" decoding=\"async\" width=\"1024\" height=\"1024\" src=\"https:\/\/www.oliver-sport.cz\/wp-content\/uploads\/2026\/02\/01359-RACER-X8-1024x1024.jpg\" alt=\"\" class=\"wp-image-698 size-full\" srcset=\"https:\/\/www.oliver-sport.cz\/new\/wp-content\/uploads\/2026\/02\/01359-RACER-X8-1024x1024.jpg 1024w, https:\/\/www.oliver-sport.cz\/new\/wp-content\/uploads\/2026\/02\/01359-RACER-X8-300x300.jpg 300w, https:\/\/www.oliver-sport.cz\/new\/wp-content\/uploads\/2026\/02\/01359-RACER-X8-150x150.jpg 150w, https:\/\/www.oliver-sport.cz\/new\/wp-content\/uploads\/2026\/02\/01359-RACER-X8-768x768.jpg 768w, https:\/\/www.oliver-sport.cz\/new\/wp-content\/uploads\/2026\/02\/01359-RACER-X8-1536x1536.jpg 1536w, https:\/\/www.oliver-sport.cz\/new\/wp-content\/uploads\/2026\/02\/01359-RACER-X8-370x370.jpg 370w, https:\/\/www.oliver-sport.cz\/new\/wp-content\/uploads\/2026\/02\/01359-RACER-X8-120x120.jpg 120w, https:\/\/www.oliver-sport.cz\/new\/wp-content\/uploads\/2026\/02\/01359-RACER-X8-760x760.jpg 760w, https:\/\/www.oliver-sport.cz\/new\/wp-content\/uploads\/2026\/02\/01359-RACER-X8.jpg 1600w\" sizes=\"auto, (max-width: 1024px) 100vw, 1024px\" \/><\/figure><div class=\"wp-block-media-text__content\">\n<p><strong>RACER X8<\/strong><\/p>\n\n\n\n<p>Ide\u00e1ln\u00ed raketa pro za\u010d\u00ednaj\u00edc\u00ed hr\u00e1\u010de. Vyv\u00e1\u017een\u00e1 do hlavy pro v\u011bt\u0161\u00ed dynami\u010dnost, v\u011bt\u0161\u00ed v\u00e1ha pro perfektn\u00ed drive a extr\u00e9mn\u00ed pevnost modelu.<\/p>\n\n\n\n<div class=\"wp-block-buttons is-content-justification-center is-layout-flex wp-container-core-buttons-is-layout-e1485a7b wp-block-buttons-is-layout-flex\">\n<div class=\"wp-block-button\"><a class=\"wp-block-button__link wp-element-button\" href=\"https:\/\/www.irakety.cz\/squashove-rakety\/squashova-raketa-oliver-racer-x8\/\">KOUPIT<\/a><\/div>\n<\/div>\n<\/div><\/div>\n\n\n\n<h4 class=\"wp-block-heading\">Charakteristika<\/h4>\n\n\n\n<figure class=\"wp-block-table\"><table class=\"has-fixed-layout\"><tbody><tr><td class=\"has-text-align-left\" data-align=\"left\">K\u00f3d<\/td><td class=\"has-text-align-left\" data-align=\"left\"><strong>01359<\/strong><\/td><\/tr><tr><td class=\"has-text-align-left\" data-align=\"left\">Materi\u00e1l<\/td><td class=\"has-text-align-left\" data-align=\"left\"><strong>Hybrid carbon<\/strong><\/td><\/tr><tr><td class=\"has-text-align-left\" data-align=\"left\">Barva<\/td><td class=\"has-text-align-left\" data-align=\"left\"><strong>\u010dern\u00e1-b\u00edl\u00e1<\/strong><\/td><\/tr><tr><td class=\"has-text-align-left\" data-align=\"left\">V\u00e1ha<\/td><td class=\"has-text-align-left\" data-align=\"left\"><strong>130g bez v\u00fdpletu a gripu<\/strong><\/td><\/tr><tr><td class=\"has-text-align-left\" data-align=\"left\">Hlava rakety<\/td><td class=\"has-text-align-left\" data-align=\"left\"><strong>longstring<\/strong><\/td><\/tr><tr><td class=\"has-text-align-left\" data-align=\"left\">Vyv\u00e1\u017een\u00ed<\/td><td class=\"has-text-align-left\" data-align=\"left\"><strong>do hlavy<\/strong><\/td><\/tr><tr><td class=\"has-text-align-left\" data-align=\"left\">V\u00fdplet<\/td><td class=\"has-text-align-left\" data-align=\"left\"><strong>OLIVER MX1-F8<\/strong><\/td><\/tr><tr><td class=\"has-text-align-left\" data-align=\"left\">Nap\u011bt\u00ed (doporu\u010den\u00e1 tvrdost) v\u00fdpletu<\/td><td class=\"has-text-align-left\" data-align=\"left\"><strong>12\/10 kg (svisle\/vodorovn\u011b)<\/strong><\/td><\/tr><tr><td class=\"has-text-align-left\" data-align=\"left\">C\u00edlov\u00e1 skupina<\/td><td class=\"has-text-align-left\" data-align=\"left\"><strong>pro v\u0161echny hr\u00e1\u010de<\/strong><\/td><\/tr><tr><td class=\"has-text-align-left\" data-align=\"left\">P\u0159ednosti rakety<\/td><td class=\"has-text-align-left\" data-align=\"left\"><strong>cena, pevnost, vyv\u00e1\u017een\u00ed, odolnost, s\u00edla<\/strong><\/td><\/tr><\/tbody><\/table><\/figure>\n\n\n\n<p><\/p>\n","protected":false},"excerpt":{"rendered":"<p>Charakteristika K\u00f3d 01359 Materi\u00e1l Hybrid carbon Barva \u010dern\u00e1-b\u00edl\u00e1 V\u00e1ha 130g bez v\u00fdpletu a gripu Hlava rakety longstring Vyv\u00e1\u017een\u00ed do hlavy V\u00fdplet OLIVER MX1-F8 Nap\u011bt\u00ed (doporu\u010den\u00e1 tvrdost) v\u00fdpletu 12\/10 kg (svisle\/vodorovn\u011b) C\u00edlov\u00e1 skupina pro v\u0161echny hr\u00e1\u010de P\u0159ednosti rakety cena, pevnost, vyv\u00e1\u017een\u00ed, odolnost, s\u00edla<\/p>\n","protected":false},"author":1,"featured_media":698,"parent":682,"menu_order":0,"comment_status":"closed","ping_status":"closed","template":"","meta":{"footnotes":""},"class_list":["post-697","page","type-page","status-publish","has-post-thumbnail","hentry"],"_links":{"self":[{"href":"https:\/\/www.oliver-sport.cz\/new\/wp-json\/wp\/v2\/pages\/697","targetHints":{"allow":["GET"]}}],"collection":[{"href":"https:\/\/www.oliver-sport.cz\/new\/wp-json\/wp\/v2\/pages"}],"about":[{"href":"https:\/\/www.oliver-sport.cz\/new\/wp-json\/wp\/v2\/types\/page"}],"author":[{"embeddable":true,"href":"https:\/\/www.oliver-sport.cz\/new\/wp-json\/wp\/v2\/users\/1"}],"replies":[{"embeddable":true,"href":"https:\/\/www.oliver-sport.cz\/new\/wp-json\/wp\/v2\/comments?post=697"}],"version-history":[{"count":2,"href":"https:\/\/www.oliver-sport.cz\/new\/wp-json\/wp\/v2\/pages\/697\/revisions"}],"predecessor-version":[{"id":700,"href":"https:\/\/www.oliver-sport.cz\/new\/wp-json\/wp\/v2\/pages\/697\/revisions\/700"}],"up":[{"embeddable":true,"href":"https:\/\/www.oliver-sport.cz\/new\/wp-json\/wp\/v2\/pages\/682"}],"wp:featuredmedia":[{"embeddable":true,"href":"https:\/\/www.oliver-sport.cz\/new\/wp-json\/wp\/v2\/media\/698"}],"wp:attachment":[{"href":"https:\/\/www.oliver-sport.cz\/new\/wp-json\/wp\/v2\/media?parent=697"}],"curies":[{"name":"wp","href":"https:\/\/api.w.org\/{rel}","templated":true}]}}