{"id":691,"date":"2026-02-09T09:37:33","date_gmt":"2026-02-09T09:37:33","guid":{"rendered":"https:\/\/www.oliver-sport.cz\/new\/?page_id=691"},"modified":"2026-02-09T09:37:33","modified_gmt":"2026-02-09T09:37:33","slug":"dragon-3","status":"publish","type":"page","link":"https:\/\/www.oliver-sport.cz\/new\/squash\/klubova-rada\/dragon-3\/","title":{"rendered":"DRAGON 3"},"content":{"rendered":"\n<div class=\"wp-block-media-text is-stacked-on-mobile is-vertically-aligned-top\"><figure class=\"wp-block-media-text__media\"><img loading=\"lazy\" decoding=\"async\" width=\"1000\" height=\"1000\" src=\"https:\/\/www.oliver-sport.cz\/wp-content\/uploads\/2026\/02\/01353-DRAGON-3.jpg\" alt=\"\" class=\"wp-image-692 size-full\" srcset=\"https:\/\/www.oliver-sport.cz\/new\/wp-content\/uploads\/2026\/02\/01353-DRAGON-3.jpg 1000w, https:\/\/www.oliver-sport.cz\/new\/wp-content\/uploads\/2026\/02\/01353-DRAGON-3-300x300.jpg 300w, https:\/\/www.oliver-sport.cz\/new\/wp-content\/uploads\/2026\/02\/01353-DRAGON-3-150x150.jpg 150w, https:\/\/www.oliver-sport.cz\/new\/wp-content\/uploads\/2026\/02\/01353-DRAGON-3-768x768.jpg 768w, https:\/\/www.oliver-sport.cz\/new\/wp-content\/uploads\/2026\/02\/01353-DRAGON-3-370x370.jpg 370w, https:\/\/www.oliver-sport.cz\/new\/wp-content\/uploads\/2026\/02\/01353-DRAGON-3-120x120.jpg 120w, https:\/\/www.oliver-sport.cz\/new\/wp-content\/uploads\/2026\/02\/01353-DRAGON-3-760x760.jpg 760w\" sizes=\"auto, (max-width: 1000px) 100vw, 1000px\" \/><\/figure><div class=\"wp-block-media-text__content\">\n<p><strong>DRAGON 3<\/strong><\/p>\n\n\n\n<p>Konk\u00e1vn\u00ed, aerodynamick\u00e1 hlava rakety nab\u00edz\u00ed zv\u011bt\u0161en\u00fd sweetspot. Snadn\u00e1 manipulace p\u0159in\u00e1\u0161\u00ed p\u016fsobivou dynamiku. Ide\u00e1ln\u00ed pro ambici\u00f3zn\u00ed \u00fato\u010d\u00edc\u00ed hr\u00e1\u010de.<\/p>\n\n\n\n<div class=\"wp-block-buttons is-content-justification-center is-layout-flex wp-container-core-buttons-is-layout-e1485a7b wp-block-buttons-is-layout-flex\">\n<div class=\"wp-block-button\"><a class=\"wp-block-button__link wp-element-button\" href=\"https:\/\/www.irakety.cz\/squashove-rakety\/squashova-raketa-oliver-dragon-3\/\">KOUPIT<\/a><\/div>\n<\/div>\n<\/div><\/div>\n\n\n\n<h4 class=\"wp-block-heading\">Charakteristika<\/h4>\n\n\n\n<figure class=\"wp-block-table\"><table class=\"has-fixed-layout\"><tbody><tr><td class=\"has-text-align-left\" data-align=\"left\">K\u00f3d<\/td><td class=\"has-text-align-left\" data-align=\"left\"><strong>01353<\/strong><\/td><\/tr><tr><td class=\"has-text-align-left\" data-align=\"left\">Materi\u00e1l<\/td><td class=\"has-text-align-left\" data-align=\"left\"><strong>Metacarbon\u2122<\/strong><\/td><\/tr><tr><td class=\"has-text-align-left\" data-align=\"left\">Barva<\/td><td class=\"has-text-align-left\" data-align=\"left\"><strong>\u010dern\u00e1- \u010derven\u00e1<\/strong><\/td><\/tr><tr><td class=\"has-text-align-left\" data-align=\"left\">V\u00e1ha<\/td><td class=\"has-text-align-left\" data-align=\"left\"><strong>110g bez v\u00fdpletu a gripu<\/strong><\/td><\/tr><tr><td class=\"has-text-align-left\" data-align=\"left\">Hlava rakety<\/td><td class=\"has-text-align-left\" data-align=\"left\"><strong>bridge<\/strong><\/td><\/tr><tr><td class=\"has-text-align-left\" data-align=\"left\">Vyv\u00e1\u017een\u00ed<\/td><td class=\"has-text-align-left\" data-align=\"left\"><strong>na str\u011bd<\/strong><\/td><\/tr><tr><td class=\"has-text-align-left\" data-align=\"left\">V\u00fdplet<\/td><td class=\"has-text-align-left\" data-align=\"left\"><strong>SQ X9<\/strong><\/td><\/tr><tr><td class=\"has-text-align-left\" data-align=\"left\">Nap\u011bt\u00ed (doporu\u010den\u00e1 tvrdost) v\u00fdpletu<\/td><td class=\"has-text-align-left\" data-align=\"left\"><strong>13\/10 kg (svisle\/vodorovn\u011b)<\/strong><\/td><\/tr><tr><td class=\"has-text-align-left\" data-align=\"left\">C\u00edlov\u00e1 skupina<\/td><td class=\"has-text-align-left\" data-align=\"left\"><strong>z\u00e1vodn\u00ed hr\u00e1\u010di<\/strong><\/td><\/tr><tr><td class=\"has-text-align-left\" data-align=\"left\">Styl hry<\/td><td class=\"has-text-align-left\" data-align=\"left\"><strong>\u00fato\u010dn\u00fd<\/strong><\/td><\/tr><tr><td class=\"has-text-align-left\" data-align=\"left\">P\u0159ednosti rakety<\/td><td class=\"has-text-align-left\" data-align=\"left\"><strong>s\u00edla, dynamika, kontrola<\/strong><\/td><\/tr><\/tbody><\/table><\/figure>\n","protected":false},"excerpt":{"rendered":"<p>Charakteristika K\u00f3d 01353 Materi\u00e1l Metacarbon\u2122 Barva \u010dern\u00e1- \u010derven\u00e1 V\u00e1ha 110g bez v\u00fdpletu a gripu Hlava rakety bridge Vyv\u00e1\u017een\u00ed na str\u011bd V\u00fdplet SQ X9 Nap\u011bt\u00ed (doporu\u010den\u00e1 tvrdost) v\u00fdpletu 13\/10 kg (svisle\/vodorovn\u011b) C\u00edlov\u00e1 skupina z\u00e1vodn\u00ed hr\u00e1\u010di Styl hry \u00fato\u010dn\u00fd P\u0159ednosti rakety s\u00edla, dynamika, kontrola<\/p>\n","protected":false},"author":1,"featured_media":692,"parent":682,"menu_order":0,"comment_status":"closed","ping_status":"closed","template":"","meta":{"footnotes":""},"class_list":["post-691","page","type-page","status-publish","has-post-thumbnail","hentry"],"_links":{"self":[{"href":"https:\/\/www.oliver-sport.cz\/new\/wp-json\/wp\/v2\/pages\/691","targetHints":{"allow":["GET"]}}],"collection":[{"href":"https:\/\/www.oliver-sport.cz\/new\/wp-json\/wp\/v2\/pages"}],"about":[{"href":"https:\/\/www.oliver-sport.cz\/new\/wp-json\/wp\/v2\/types\/page"}],"author":[{"embeddable":true,"href":"https:\/\/www.oliver-sport.cz\/new\/wp-json\/wp\/v2\/users\/1"}],"replies":[{"embeddable":true,"href":"https:\/\/www.oliver-sport.cz\/new\/wp-json\/wp\/v2\/comments?post=691"}],"version-history":[{"count":1,"href":"https:\/\/www.oliver-sport.cz\/new\/wp-json\/wp\/v2\/pages\/691\/revisions"}],"predecessor-version":[{"id":693,"href":"https:\/\/www.oliver-sport.cz\/new\/wp-json\/wp\/v2\/pages\/691\/revisions\/693"}],"up":[{"embeddable":true,"href":"https:\/\/www.oliver-sport.cz\/new\/wp-json\/wp\/v2\/pages\/682"}],"wp:featuredmedia":[{"embeddable":true,"href":"https:\/\/www.oliver-sport.cz\/new\/wp-json\/wp\/v2\/media\/692"}],"wp:attachment":[{"href":"https:\/\/www.oliver-sport.cz\/new\/wp-json\/wp\/v2\/media?parent=691"}],"curies":[{"name":"wp","href":"https:\/\/api.w.org\/{rel}","templated":true}]}}