{"id":685,"date":"2026-02-09T09:31:25","date_gmt":"2026-02-09T09:31:25","guid":{"rendered":"https:\/\/www.oliver-sport.cz\/new\/?page_id=685"},"modified":"2026-02-09T09:31:26","modified_gmt":"2026-02-09T09:31:26","slug":"supra-110-pro","status":"publish","type":"page","link":"https:\/\/www.oliver-sport.cz\/new\/squash\/klubova-rada\/supra-110-pro\/","title":{"rendered":"SUPRA 110 PRO"},"content":{"rendered":"\n<div class=\"wp-block-media-text is-stacked-on-mobile is-vertically-aligned-top\"><figure class=\"wp-block-media-text__media\"><img loading=\"lazy\" decoding=\"async\" width=\"1024\" height=\"1024\" src=\"https:\/\/www.oliver-sport.cz\/wp-content\/uploads\/2026\/02\/01271-SUPRA-110-Pro-1-1024x1024.jpg\" alt=\"\" class=\"wp-image-686 size-full\" srcset=\"https:\/\/www.oliver-sport.cz\/new\/wp-content\/uploads\/2026\/02\/01271-SUPRA-110-Pro-1-1024x1024.jpg 1024w, https:\/\/www.oliver-sport.cz\/new\/wp-content\/uploads\/2026\/02\/01271-SUPRA-110-Pro-1-300x300.jpg 300w, https:\/\/www.oliver-sport.cz\/new\/wp-content\/uploads\/2026\/02\/01271-SUPRA-110-Pro-1-150x150.jpg 150w, https:\/\/www.oliver-sport.cz\/new\/wp-content\/uploads\/2026\/02\/01271-SUPRA-110-Pro-1-768x768.jpg 768w, https:\/\/www.oliver-sport.cz\/new\/wp-content\/uploads\/2026\/02\/01271-SUPRA-110-Pro-1-1536x1536.jpg 1536w, https:\/\/www.oliver-sport.cz\/new\/wp-content\/uploads\/2026\/02\/01271-SUPRA-110-Pro-1-370x370.jpg 370w, https:\/\/www.oliver-sport.cz\/new\/wp-content\/uploads\/2026\/02\/01271-SUPRA-110-Pro-1-120x120.jpg 120w, https:\/\/www.oliver-sport.cz\/new\/wp-content\/uploads\/2026\/02\/01271-SUPRA-110-Pro-1-760x760.jpg 760w, https:\/\/www.oliver-sport.cz\/new\/wp-content\/uploads\/2026\/02\/01271-SUPRA-110-Pro-1.jpg 1600w\" sizes=\"auto, (max-width: 1024px) 100vw, 1024px\" \/><\/figure><div class=\"wp-block-media-text__content\">\n<p>SUPRA 110 PRO<\/p>\n\n\n\n<p>Raketa s long string r\u00e1mem, kter\u00e1 se svou snadnou manipulac\u00ed dokonale podporuje dynamickou \u00fato\u010dn\u00ed hru p\u0159i ka\u017ed\u00e9m \u00faderu. N\u00e1stupce SUPRA 110 SLT.<\/p>\n\n\n\n<div class=\"wp-block-buttons is-content-justification-center is-layout-flex wp-container-core-buttons-is-layout-e1485a7b wp-block-buttons-is-layout-flex\">\n<div class=\"wp-block-button\"><a class=\"wp-block-button__link wp-element-button\" href=\"https:\/\/www.irakety.cz\/squashove-rakety\/squashova-raketa-oliver-supra-110-pro\/\">KOUPIT<\/a><\/div>\n<\/div>\n<\/div><\/div>\n\n\n\n<h4 class=\"wp-block-heading\">Charakteristika<\/h4>\n\n\n\n<figure class=\"wp-block-table\"><table class=\"has-fixed-layout\"><tbody><tr><td class=\"has-text-align-left\" data-align=\"left\">K\u00f3d<\/td><td class=\"has-text-align-left\" data-align=\"left\"><strong>01271<\/strong><\/td><\/tr><tr><td class=\"has-text-align-left\" data-align=\"left\">Materi\u00e1l<\/td><td class=\"has-text-align-left\" data-align=\"left\"><strong>Metacarbon\u2122<\/strong><\/td><\/tr><tr><td class=\"has-text-align-left\" data-align=\"left\">Barva<\/td><td class=\"has-text-align-left\" data-align=\"left\"><strong>karbonov\u00e1- modr\u00e1<\/strong><\/td><\/tr><tr><td class=\"has-text-align-left\" data-align=\"left\">V\u00e1ha<\/td><td class=\"has-text-align-left\" data-align=\"left\"><strong>115g bez v\u00fdpletu a gripu<\/strong><\/td><\/tr><tr><td class=\"has-text-align-left\" data-align=\"left\">Hlava rakety<\/td><td class=\"has-text-align-left\" data-align=\"left\"><strong>Long string<\/strong><\/td><\/tr><tr><td class=\"has-text-align-left\" data-align=\"left\">Vyv\u00e1\u017een\u00ed<\/td><td class=\"has-text-align-left\" data-align=\"left\"><strong>na str\u011bd<\/strong><\/td><\/tr><tr><td class=\"has-text-align-left\" data-align=\"left\">V\u00fdplet<\/td><td class=\"has-text-align-left\" data-align=\"left\"><strong>SQ X5<\/strong><\/td><\/tr><tr><td class=\"has-text-align-left\" data-align=\"left\">Nap\u011bt\u00ed (doporu\u010den\u00e1 tvrdost) v\u00fdpletu<\/td><td class=\"has-text-align-left\" data-align=\"left\"><strong>12\/10 kg (svisle\/vodorovn\u011b)<\/strong><\/td><\/tr><tr><td class=\"has-text-align-left\" data-align=\"left\">C\u00edlov\u00e1 skupina<\/td><td class=\"has-text-align-left\" data-align=\"left\"><strong>turnajov\u00ed a profesion\u00e1ln\u00ed hr\u00e1\u010di<\/strong><\/td><\/tr><tr><td class=\"has-text-align-left\" data-align=\"left\">Styl hry<\/td><td class=\"has-text-align-left\" data-align=\"left\"><strong>\u00fato\u010dn\u00fd<\/strong><\/td><\/tr><tr><td class=\"has-text-align-left\" data-align=\"left\">P\u0159ednosti rakety<\/td><td class=\"has-text-align-left\" data-align=\"left\"><strong>lehk\u00e1 ovladatelnost<\/strong><\/td><\/tr><\/tbody><\/table><\/figure>\n","protected":false},"excerpt":{"rendered":"<p>Charakteristika K\u00f3d 01271 Materi\u00e1l Metacarbon\u2122 Barva karbonov\u00e1- modr\u00e1 V\u00e1ha 115g bez v\u00fdpletu a gripu Hlava rakety Long string Vyv\u00e1\u017een\u00ed na str\u011bd V\u00fdplet SQ X5 Nap\u011bt\u00ed (doporu\u010den\u00e1 tvrdost) v\u00fdpletu 12\/10 kg (svisle\/vodorovn\u011b) C\u00edlov\u00e1 skupina turnajov\u00ed a profesion\u00e1ln\u00ed hr\u00e1\u010di Styl hry \u00fato\u010dn\u00fd P\u0159ednosti rakety lehk\u00e1 ovladatelnost<\/p>\n","protected":false},"author":1,"featured_media":686,"parent":682,"menu_order":0,"comment_status":"closed","ping_status":"closed","template":"","meta":{"footnotes":""},"class_list":["post-685","page","type-page","status-publish","has-post-thumbnail","hentry"],"_links":{"self":[{"href":"https:\/\/www.oliver-sport.cz\/new\/wp-json\/wp\/v2\/pages\/685","targetHints":{"allow":["GET"]}}],"collection":[{"href":"https:\/\/www.oliver-sport.cz\/new\/wp-json\/wp\/v2\/pages"}],"about":[{"href":"https:\/\/www.oliver-sport.cz\/new\/wp-json\/wp\/v2\/types\/page"}],"author":[{"embeddable":true,"href":"https:\/\/www.oliver-sport.cz\/new\/wp-json\/wp\/v2\/users\/1"}],"replies":[{"embeddable":true,"href":"https:\/\/www.oliver-sport.cz\/new\/wp-json\/wp\/v2\/comments?post=685"}],"version-history":[{"count":1,"href":"https:\/\/www.oliver-sport.cz\/new\/wp-json\/wp\/v2\/pages\/685\/revisions"}],"predecessor-version":[{"id":687,"href":"https:\/\/www.oliver-sport.cz\/new\/wp-json\/wp\/v2\/pages\/685\/revisions\/687"}],"up":[{"embeddable":true,"href":"https:\/\/www.oliver-sport.cz\/new\/wp-json\/wp\/v2\/pages\/682"}],"wp:featuredmedia":[{"embeddable":true,"href":"https:\/\/www.oliver-sport.cz\/new\/wp-json\/wp\/v2\/media\/686"}],"wp:attachment":[{"href":"https:\/\/www.oliver-sport.cz\/new\/wp-json\/wp\/v2\/media?parent=685"}],"curies":[{"name":"wp","href":"https:\/\/api.w.org\/{rel}","templated":true}]}}