{"id":660,"date":"2026-02-05T12:54:45","date_gmt":"2026-02-05T12:54:45","guid":{"rendered":"https:\/\/www.oliver-sport.cz\/new\/?page_id=660"},"modified":"2026-02-05T12:54:45","modified_gmt":"2026-02-05T12:54:45","slug":"apex-320","status":"publish","type":"page","link":"https:\/\/www.oliver-sport.cz\/new\/squash\/apex-320\/","title":{"rendered":"APEX 320"},"content":{"rendered":"\n<div class=\"wp-block-media-text is-stacked-on-mobile is-vertically-aligned-top\"><figure class=\"wp-block-media-text__media\"><img loading=\"lazy\" decoding=\"async\" width=\"1000\" height=\"1000\" src=\"https:\/\/www.oliver-sport.cz\/wp-content\/uploads\/2026\/02\/01202-APEX-320-CE.jpg\" alt=\"\" class=\"wp-image-661 size-full\" srcset=\"https:\/\/www.oliver-sport.cz\/new\/wp-content\/uploads\/2026\/02\/01202-APEX-320-CE.jpg 1000w, https:\/\/www.oliver-sport.cz\/new\/wp-content\/uploads\/2026\/02\/01202-APEX-320-CE-300x300.jpg 300w, https:\/\/www.oliver-sport.cz\/new\/wp-content\/uploads\/2026\/02\/01202-APEX-320-CE-150x150.jpg 150w, https:\/\/www.oliver-sport.cz\/new\/wp-content\/uploads\/2026\/02\/01202-APEX-320-CE-768x768.jpg 768w, https:\/\/www.oliver-sport.cz\/new\/wp-content\/uploads\/2026\/02\/01202-APEX-320-CE-370x370.jpg 370w, https:\/\/www.oliver-sport.cz\/new\/wp-content\/uploads\/2026\/02\/01202-APEX-320-CE-120x120.jpg 120w, https:\/\/www.oliver-sport.cz\/new\/wp-content\/uploads\/2026\/02\/01202-APEX-320-CE-760x760.jpg 760w\" sizes=\"auto, (max-width: 1000px) 100vw, 1000px\" \/><\/figure><div class=\"wp-block-media-text__content\">\n<p><strong>APEX\u00a0320<\/strong><\/p>\n\n\n\n<p><strong>NOVINKA&nbsp;2023<\/strong><\/p>\n\n\n\n<p>Na tuto sezonu jsme p\u0159ipravili nov\u00fd dizajn APEX LINE v takzvan\u00e9 CHAMPION edici. APEX 320 je komfortn\u00ed raketa, kter\u00e1 povol\u00ed rozmanitou a kontrolovanou hru v takov\u00e9 podob\u011b, ve kter\u00e9 jste ji je\u0161t\u011b neza\u017eili. Raketa je vhodn\u00e1 pro v\u0161estrann\u00e9 styly hry. S raketou hraje: David Kub\u00ed\u010dek (hr\u00e1\u010d TOP 10 na Slovensku). <\/p>\n\n\n\n<div class=\"wp-block-buttons is-content-justification-center is-layout-flex wp-container-core-buttons-is-layout-e1485a7b wp-block-buttons-is-layout-flex\">\n<div class=\"wp-block-button\"><a class=\"wp-block-button__link wp-element-button\" href=\"https:\/\/www.irakety.cz\/squashove-rakety\/squason-raketa-oliver-apex-300\/\">KOUPIT<\/a><\/div>\n<\/div>\n<\/div><\/div>\n\n\n\n<h4 class=\"wp-block-heading\">Charakteristika<\/h4>\n\n\n\n<figure class=\"wp-block-table\"><table class=\"has-fixed-layout\"><tbody><tr><td class=\"has-text-align-left\" data-align=\"left\">K\u00f3d<\/td><td class=\"has-text-align-left\" data-align=\"left\"><strong>01202<\/strong><\/td><\/tr><tr><td class=\"has-text-align-left\" data-align=\"left\">Materi\u00e1l<\/td><td class=\"has-text-align-left\" data-align=\"left\"><strong>Eplon + K12<\/strong><\/td><\/tr><tr><td class=\"has-text-align-left\" data-align=\"left\">Barva<\/td><td class=\"has-text-align-left\" data-align=\"left\"><strong>\u010dern\u00e1 &#8211; zlat\u00e1<\/strong><\/td><\/tr><tr><td class=\"has-text-align-left\" data-align=\"left\">V\u00e1ha<\/td><td class=\"has-text-align-left\" data-align=\"left\"><strong>120g bez v\u00fdpletu a gripu<\/strong><\/td><\/tr><tr><td class=\"has-text-align-left\" data-align=\"left\">Hlava rakety<\/td><td class=\"has-text-align-left\" data-align=\"left\"><strong>Bridge<\/strong><\/td><\/tr><tr><td class=\"has-text-align-left\" data-align=\"left\">Vyv\u00e1\u017een\u00ed<\/td><td class=\"has-text-align-left\" data-align=\"left\"><strong>na st\u0159ed<\/strong><\/td><\/tr><tr><td class=\"has-text-align-left\" data-align=\"left\">V\u00fdplet<\/td><td class=\"has-text-align-left\" data-align=\"left\"><strong>SQ X9<\/strong><\/td><\/tr><tr><td class=\"has-text-align-left\" data-align=\"left\">Nap\u011bt\u00ed (doporu\u010den\u00e1 tvrdost) v\u00fdpletu<\/td><td class=\"has-text-align-left\" data-align=\"left\"><strong>12\/11 kg (svisle\/vodorovn\u011b)<\/strong><\/td><\/tr><tr><td class=\"has-text-align-left\" data-align=\"left\">C\u00edlov\u00e1 skupina<\/td><td class=\"has-text-align-left\" data-align=\"left\"><strong>turnajov\u00fd a profesion\u00e1ln\u00ed hr\u00e1\u010d<\/strong><\/td><\/tr><tr><td class=\"has-text-align-left\" data-align=\"left\">Styl hry<\/td><td class=\"has-text-align-left\" data-align=\"left\"><strong>univerz\u00e1ln\u00ed<\/strong><\/td><\/tr><tr><td class=\"has-text-align-left\" data-align=\"left\">P\u0159ednosti rakety<\/td><td class=\"has-text-align-left\" data-align=\"left\"><strong>v\u0161estrannost, kontrola<\/strong><\/td><\/tr><\/tbody><\/table><\/figure>\n\n\n\n<p><\/p>\n","protected":false},"excerpt":{"rendered":"<p>Charakteristika K\u00f3d 01202 Materi\u00e1l Eplon + K12 Barva \u010dern\u00e1 &#8211; zlat\u00e1 V\u00e1ha 120g bez v\u00fdpletu a gripu Hlava rakety Bridge Vyv\u00e1\u017een\u00ed na st\u0159ed V\u00fdplet SQ X9 Nap\u011bt\u00ed (doporu\u010den\u00e1 tvrdost) v\u00fdpletu 12\/11 kg (svisle\/vodorovn\u011b) C\u00edlov\u00e1 skupina turnajov\u00fd a profesion\u00e1ln\u00ed hr\u00e1\u010d Styl hry univerz\u00e1ln\u00ed P\u0159ednosti rakety v\u0161estrannost, kontrola<\/p>\n","protected":false},"author":1,"featured_media":661,"parent":461,"menu_order":0,"comment_status":"closed","ping_status":"closed","template":"","meta":{"footnotes":""},"class_list":["post-660","page","type-page","status-publish","has-post-thumbnail","hentry"],"_links":{"self":[{"href":"https:\/\/www.oliver-sport.cz\/new\/wp-json\/wp\/v2\/pages\/660","targetHints":{"allow":["GET"]}}],"collection":[{"href":"https:\/\/www.oliver-sport.cz\/new\/wp-json\/wp\/v2\/pages"}],"about":[{"href":"https:\/\/www.oliver-sport.cz\/new\/wp-json\/wp\/v2\/types\/page"}],"author":[{"embeddable":true,"href":"https:\/\/www.oliver-sport.cz\/new\/wp-json\/wp\/v2\/users\/1"}],"replies":[{"embeddable":true,"href":"https:\/\/www.oliver-sport.cz\/new\/wp-json\/wp\/v2\/comments?post=660"}],"version-history":[{"count":1,"href":"https:\/\/www.oliver-sport.cz\/new\/wp-json\/wp\/v2\/pages\/660\/revisions"}],"predecessor-version":[{"id":662,"href":"https:\/\/www.oliver-sport.cz\/new\/wp-json\/wp\/v2\/pages\/660\/revisions\/662"}],"up":[{"embeddable":true,"href":"https:\/\/www.oliver-sport.cz\/new\/wp-json\/wp\/v2\/pages\/461"}],"wp:featuredmedia":[{"embeddable":true,"href":"https:\/\/www.oliver-sport.cz\/new\/wp-json\/wp\/v2\/media\/661"}],"wp:attachment":[{"href":"https:\/\/www.oliver-sport.cz\/new\/wp-json\/wp\/v2\/media?parent=660"}],"curies":[{"name":"wp","href":"https:\/\/api.w.org\/{rel}","templated":true}]}}