{"id":643,"date":"2026-02-05T12:24:43","date_gmt":"2026-02-05T12:24:43","guid":{"rendered":"https:\/\/www.oliver-sport.cz\/new\/?page_id=643"},"modified":"2026-02-05T12:24:44","modified_gmt":"2026-02-05T12:24:44","slug":"apex-920","status":"publish","type":"page","link":"https:\/\/www.oliver-sport.cz\/new\/squash\/apex-920\/","title":{"rendered":"APEX 920"},"content":{"rendered":"\n<div class=\"wp-block-media-text is-stacked-on-mobile is-vertically-aligned-top\"><figure class=\"wp-block-media-text__media\"><img loading=\"lazy\" decoding=\"async\" width=\"1000\" height=\"1000\" src=\"https:\/\/www.oliver-sport.cz\/wp-content\/uploads\/2026\/02\/01205-APEX-920-CE-1.jpg\" alt=\"\" class=\"wp-image-644 size-full\" srcset=\"https:\/\/www.oliver-sport.cz\/new\/wp-content\/uploads\/2026\/02\/01205-APEX-920-CE-1.jpg 1000w, https:\/\/www.oliver-sport.cz\/new\/wp-content\/uploads\/2026\/02\/01205-APEX-920-CE-1-300x300.jpg 300w, https:\/\/www.oliver-sport.cz\/new\/wp-content\/uploads\/2026\/02\/01205-APEX-920-CE-1-150x150.jpg 150w, https:\/\/www.oliver-sport.cz\/new\/wp-content\/uploads\/2026\/02\/01205-APEX-920-CE-1-768x768.jpg 768w, https:\/\/www.oliver-sport.cz\/new\/wp-content\/uploads\/2026\/02\/01205-APEX-920-CE-1-370x370.jpg 370w, https:\/\/www.oliver-sport.cz\/new\/wp-content\/uploads\/2026\/02\/01205-APEX-920-CE-1-120x120.jpg 120w, https:\/\/www.oliver-sport.cz\/new\/wp-content\/uploads\/2026\/02\/01205-APEX-920-CE-1-760x760.jpg 760w\" sizes=\"auto, (max-width: 1000px) 100vw, 1000px\" \/><\/figure><div class=\"wp-block-media-text__content\">\n<p>APEX&nbsp;920 CE<\/p>\n\n\n\n<p><strong>NOVINKA&nbsp;2023<\/strong><\/p>\n\n\n\n<p>APEX Champion edition v nov\u00e9m proveden\u00ed 2023. Extra lehk\u00e1 raketa s long string r\u00e1mem a zv\u011bt\u0161en\u00fdm sweetspotem zajist\u00ed vysok\u00e9 zrychlen\u00ed m\u00ed\u010dku po \u00faderu. Ide\u00e1ln\u00ed alternativa pro v\u0161echny hr\u00e1\u010de, kte\u0159\u00ed hledaj\u00ed raketu pro dynamickou a razantn\u00ed hru.<\/p>\n\n\n\n<div class=\"wp-block-buttons is-content-justification-center is-layout-flex wp-container-core-buttons-is-layout-e1485a7b wp-block-buttons-is-layout-flex\">\n<div class=\"wp-block-button\"><a class=\"wp-block-button__link wp-element-button\" href=\"https:\/\/www.irakety.cz\/squashove-rakety\/squashova-raketa-oliver-apex-920\/\">KOUPIT<\/a><\/div>\n<\/div>\n<\/div><\/div>\n\n\n\n<h4 class=\"wp-block-heading\">Charakteristika<\/h4>\n\n\n\n<figure class=\"wp-block-table\"><table class=\"has-fixed-layout\"><tbody><tr><td class=\"has-text-align-left\" data-align=\"left\">K\u00f3d<\/td><td class=\"has-text-align-left\" data-align=\"left\"><strong>01205<\/strong><\/td><\/tr><tr><td class=\"has-text-align-left\" data-align=\"left\">Materi\u00e1l<\/td><td class=\"has-text-align-left\" data-align=\"left\"><strong>Eplon + K12<\/strong><\/td><\/tr><tr><td class=\"has-text-align-left\" data-align=\"left\">Barva<\/td><td class=\"has-text-align-left\" data-align=\"left\"><strong>\u010dern\u00e1 &#8211;&nbsp;zelen\u00e1<\/strong><\/td><\/tr><tr><td class=\"has-text-align-left\" data-align=\"left\">V\u00e1ha<\/td><td class=\"has-text-align-left\" data-align=\"left\"><strong>105g bez v\u00fdpletu a gripu<\/strong><\/td><\/tr><tr><td class=\"has-text-align-left\" data-align=\"left\">Hlava rakety<\/td><td class=\"has-text-align-left\" data-align=\"left\"><strong>Long String<\/strong><\/td><\/tr><tr><td class=\"has-text-align-left\" data-align=\"left\">Vyv\u00e1\u017een\u00ed<\/td><td class=\"has-text-align-left\" data-align=\"left\"><strong>do gripu<\/strong><\/td><\/tr><tr><td class=\"has-text-align-left\" data-align=\"left\">V\u00fdplet<\/td><td class=\"has-text-align-left\" data-align=\"left\"><strong>SQ X9<\/strong><\/td><\/tr><tr><td class=\"has-text-align-left\" data-align=\"left\">Nap\u011bt\u00ed (doporu\u010den\u00e1 tvrdost) v\u00fdpletu<\/td><td class=\"has-text-align-left\" data-align=\"left\"><strong>12\/10 kg (svisle\/vodorovn\u011b)<\/strong><\/td><\/tr><tr><td class=\"has-text-align-left\" data-align=\"left\">C\u00edlov\u00e1 skupina<\/td><td class=\"has-text-align-left\" data-align=\"left\"><strong>turnajov\u00fd a profesion\u00e1ln\u00ed hr\u00e1\u010d<\/strong><\/td><\/tr><tr><td class=\"has-text-align-left\" data-align=\"left\">Styl hry<\/td><td class=\"has-text-align-left\" data-align=\"left\"><strong>\u00fato\u010dn\u00fd<\/strong><\/td><\/tr><tr><td class=\"has-text-align-left\" data-align=\"left\">P\u0159ednosti rakety<\/td><td class=\"has-text-align-left\" data-align=\"left\"><strong>s\u00edla, dynamika<\/strong><\/td><\/tr><\/tbody><\/table><\/figure>\n","protected":false},"excerpt":{"rendered":"<p>Charakteristika K\u00f3d 01205 Materi\u00e1l Eplon + K12 Barva \u010dern\u00e1 &#8211;&nbsp;zelen\u00e1 V\u00e1ha 105g bez v\u00fdpletu a gripu Hlava rakety Long String Vyv\u00e1\u017een\u00ed do gripu V\u00fdplet SQ X9 Nap\u011bt\u00ed (doporu\u010den\u00e1 tvrdost) v\u00fdpletu 12\/10 kg (svisle\/vodorovn\u011b) C\u00edlov\u00e1 skupina turnajov\u00fd a profesion\u00e1ln\u00ed hr\u00e1\u010d Styl hry \u00fato\u010dn\u00fd P\u0159ednosti rakety s\u00edla, dynamika<\/p>\n","protected":false},"author":1,"featured_media":644,"parent":461,"menu_order":0,"comment_status":"closed","ping_status":"closed","template":"","meta":{"footnotes":""},"class_list":["post-643","page","type-page","status-publish","has-post-thumbnail","hentry"],"_links":{"self":[{"href":"https:\/\/www.oliver-sport.cz\/new\/wp-json\/wp\/v2\/pages\/643","targetHints":{"allow":["GET"]}}],"collection":[{"href":"https:\/\/www.oliver-sport.cz\/new\/wp-json\/wp\/v2\/pages"}],"about":[{"href":"https:\/\/www.oliver-sport.cz\/new\/wp-json\/wp\/v2\/types\/page"}],"author":[{"embeddable":true,"href":"https:\/\/www.oliver-sport.cz\/new\/wp-json\/wp\/v2\/users\/1"}],"replies":[{"embeddable":true,"href":"https:\/\/www.oliver-sport.cz\/new\/wp-json\/wp\/v2\/comments?post=643"}],"version-history":[{"count":1,"href":"https:\/\/www.oliver-sport.cz\/new\/wp-json\/wp\/v2\/pages\/643\/revisions"}],"predecessor-version":[{"id":645,"href":"https:\/\/www.oliver-sport.cz\/new\/wp-json\/wp\/v2\/pages\/643\/revisions\/645"}],"up":[{"embeddable":true,"href":"https:\/\/www.oliver-sport.cz\/new\/wp-json\/wp\/v2\/pages\/461"}],"wp:featuredmedia":[{"embeddable":true,"href":"https:\/\/www.oliver-sport.cz\/new\/wp-json\/wp\/v2\/media\/644"}],"wp:attachment":[{"href":"https:\/\/www.oliver-sport.cz\/new\/wp-json\/wp\/v2\/media?parent=643"}],"curies":[{"name":"wp","href":"https:\/\/api.w.org\/{rel}","templated":true}]}}