{"id":639,"date":"2026-02-05T12:20:59","date_gmt":"2026-02-05T12:20:59","guid":{"rendered":"https:\/\/www.oliver-sport.cz\/new\/?page_id=639"},"modified":"2026-02-05T12:20:59","modified_gmt":"2026-02-05T12:20:59","slug":"apex-f-90","status":"publish","type":"page","link":"https:\/\/www.oliver-sport.cz\/new\/sample-page\/apex-f-90\/","title":{"rendered":"APEX F\/90"},"content":{"rendered":"\n<div class=\"wp-block-media-text is-stacked-on-mobile is-vertically-aligned-top\"><figure class=\"wp-block-media-text__media\"><img loading=\"lazy\" decoding=\"async\" width=\"1024\" height=\"1024\" src=\"https:\/\/www.oliver-sport.cz\/wp-content\/uploads\/2026\/02\/01170-Apex-F-90-1024x1024.jpg\" alt=\"\" class=\"wp-image-590 size-full\" srcset=\"https:\/\/www.oliver-sport.cz\/new\/wp-content\/uploads\/2026\/02\/01170-Apex-F-90-1024x1024.jpg 1024w, https:\/\/www.oliver-sport.cz\/new\/wp-content\/uploads\/2026\/02\/01170-Apex-F-90-300x300.jpg 300w, https:\/\/www.oliver-sport.cz\/new\/wp-content\/uploads\/2026\/02\/01170-Apex-F-90-150x150.jpg 150w, https:\/\/www.oliver-sport.cz\/new\/wp-content\/uploads\/2026\/02\/01170-Apex-F-90-768x768.jpg 768w, https:\/\/www.oliver-sport.cz\/new\/wp-content\/uploads\/2026\/02\/01170-Apex-F-90-1536x1536.jpg 1536w, https:\/\/www.oliver-sport.cz\/new\/wp-content\/uploads\/2026\/02\/01170-Apex-F-90-370x370.jpg 370w, https:\/\/www.oliver-sport.cz\/new\/wp-content\/uploads\/2026\/02\/01170-Apex-F-90-120x120.jpg 120w, https:\/\/www.oliver-sport.cz\/new\/wp-content\/uploads\/2026\/02\/01170-Apex-F-90-760x760.jpg 760w, https:\/\/www.oliver-sport.cz\/new\/wp-content\/uploads\/2026\/02\/01170-Apex-F-90.jpg 1600w\" sizes=\"auto, (max-width: 1024px) 100vw, 1024px\" \/><\/figure><div class=\"wp-block-media-text__content\">\n<p>APEX F\/90<\/p>\n\n\n\n<p><strong>NOVINKA&nbsp;2024<\/strong><\/p>\n\n\n\n<p>APEX F\/9O se vyr\u00e1b\u00ed jedine\u010dn\u00fdm procesem. Vnit\u0159ek r\u00e1mu je zcela vypln\u011bn&nbsp;se speci\u00e1ln\u00ed, extr\u00e9mn\u011b lehkou sm\u011bs\u00ed polymern\u00edch materi\u00e1l\u016f a vytvarov\u00e1n do pevn\u00e9ho j\u00e1dra. Toto d\u00e1v\u00e1&nbsp;r\u00e1mu dodate\u010dnou stabilitu a tlum\u00ed vibrace. Jako dal\u0161\u00ed v\u00fdhodu dostane hr\u00e1\u010d&nbsp;p\u0159esn\u00fd cit, co\u017e n\u00e1sledn\u011b vede k lep\u0161\u00ed kontrole m\u00ed\u010de.<\/p>\n\n\n\n<div class=\"wp-block-buttons is-content-justification-center is-layout-flex wp-container-core-buttons-is-layout-e1485a7b wp-block-buttons-is-layout-flex\">\n<div class=\"wp-block-button\"><a class=\"wp-block-button__link wp-element-button\" href=\"https:\/\/www.irakety.cz\/squashove-rakety\/squashova-raketa-oliver-apex-f-90\/\">KOUPIT<\/a><\/div>\n<\/div>\n<\/div><\/div>\n\n\n\n<h4 class=\"wp-block-heading\">Charakteristika<\/h4>\n\n\n\n<figure class=\"wp-block-table\"><table class=\"has-fixed-layout\"><tbody><tr><td class=\"has-text-align-left\" data-align=\"left\">K\u00f3d<\/td><td class=\"has-text-align-left\" data-align=\"left\"><strong>01170<\/strong><\/td><\/tr><tr><td class=\"has-text-align-left\" data-align=\"left\">Materi\u00e1l<\/td><td class=\"has-text-align-left\" data-align=\"left\"><strong>Eplon + FOAM CORE<\/strong><\/td><\/tr><tr><td class=\"has-text-align-left\" data-align=\"left\">Barva<\/td><td class=\"has-text-align-left\" data-align=\"left\"><strong>\u0161ed\u00e1- modr\u00e1- \u010dern\u00e1<\/strong><\/td><\/tr><tr><td class=\"has-text-align-left\" data-align=\"left\">V\u00e1ha<\/td><td class=\"has-text-align-left\" data-align=\"left\"><strong>115g bez v\u00fdpletu a gripu<\/strong><\/td><\/tr><tr><td class=\"has-text-align-left\" data-align=\"left\">Hlava rakety<\/td><td class=\"has-text-align-left\" data-align=\"left\"><strong>LONG STRING<\/strong><\/td><\/tr><tr><td class=\"has-text-align-left\" data-align=\"left\">Vyv\u00e1\u017een\u00ed<\/td><td class=\"has-text-align-left\" data-align=\"left\"><strong>lehce do hlavy<\/strong><\/td><\/tr><tr><td class=\"has-text-align-left\" data-align=\"left\">V\u00fdplet<\/td><td class=\"has-text-align-left\" data-align=\"left\"><strong>SQ X9<\/strong><\/td><\/tr><tr><td class=\"has-text-align-left\" data-align=\"left\">Nap\u011bt\u00ed (doporu\u010den\u00e1 tvrdost) v\u00fdpletu<\/td><td class=\"has-text-align-left\" data-align=\"left\"><strong>12\/10 kg (svisle\/vodorovn\u011b)<\/strong><\/td><\/tr><tr><td class=\"has-text-align-left\" data-align=\"left\">C\u00edlov\u00e1 skupina<\/td><td class=\"has-text-align-left\" data-align=\"left\"><strong>turnajov\u00fd a profesion\u00e1ln\u00ed hr\u00e1\u010d<\/strong><\/td><\/tr><tr><td class=\"has-text-align-left\" data-align=\"left\">P\u0159ednosti rakety<\/td><td class=\"has-text-align-left\" data-align=\"left\"><strong>s\u00edla, kontrola, dynamika<\/strong><\/td><\/tr><\/tbody><\/table><\/figure>\n","protected":false},"excerpt":{"rendered":"<p>Charakteristika K\u00f3d 01170 Materi\u00e1l Eplon + FOAM CORE Barva \u0161ed\u00e1- modr\u00e1- \u010dern\u00e1 V\u00e1ha 115g bez v\u00fdpletu a gripu Hlava rakety LONG STRING Vyv\u00e1\u017een\u00ed lehce do hlavy V\u00fdplet SQ X9 Nap\u011bt\u00ed (doporu\u010den\u00e1 tvrdost) v\u00fdpletu 12\/10 kg (svisle\/vodorovn\u011b) C\u00edlov\u00e1 skupina turnajov\u00fd a profesion\u00e1ln\u00ed hr\u00e1\u010d P\u0159ednosti rakety s\u00edla, kontrola, dynamika<\/p>\n","protected":false},"author":1,"featured_media":0,"parent":2,"menu_order":0,"comment_status":"closed","ping_status":"closed","template":"","meta":{"footnotes":""},"class_list":["post-639","page","type-page","status-publish","hentry"],"_links":{"self":[{"href":"https:\/\/www.oliver-sport.cz\/new\/wp-json\/wp\/v2\/pages\/639","targetHints":{"allow":["GET"]}}],"collection":[{"href":"https:\/\/www.oliver-sport.cz\/new\/wp-json\/wp\/v2\/pages"}],"about":[{"href":"https:\/\/www.oliver-sport.cz\/new\/wp-json\/wp\/v2\/types\/page"}],"author":[{"embeddable":true,"href":"https:\/\/www.oliver-sport.cz\/new\/wp-json\/wp\/v2\/users\/1"}],"replies":[{"embeddable":true,"href":"https:\/\/www.oliver-sport.cz\/new\/wp-json\/wp\/v2\/comments?post=639"}],"version-history":[{"count":1,"href":"https:\/\/www.oliver-sport.cz\/new\/wp-json\/wp\/v2\/pages\/639\/revisions"}],"predecessor-version":[{"id":640,"href":"https:\/\/www.oliver-sport.cz\/new\/wp-json\/wp\/v2\/pages\/639\/revisions\/640"}],"up":[{"embeddable":true,"href":"https:\/\/www.oliver-sport.cz\/new\/wp-json\/wp\/v2\/pages\/2"}],"wp:attachment":[{"href":"https:\/\/www.oliver-sport.cz\/new\/wp-json\/wp\/v2\/media?parent=639"}],"curies":[{"name":"wp","href":"https:\/\/api.w.org\/{rel}","templated":true}]}}