{"id":589,"date":"2026-02-05T12:07:00","date_gmt":"2026-02-05T12:07:00","guid":{"rendered":"https:\/\/www.oliver-sport.cz\/new\/?page_id=589"},"modified":"2026-02-05T12:33:55","modified_gmt":"2026-02-05T12:33:55","slug":"orc-a-supralight","status":"publish","type":"page","link":"https:\/\/www.oliver-sport.cz\/new\/squash\/orc-a-supralight\/","title":{"rendered":"ORC-A SUPRALIGHT"},"content":{"rendered":"\n<div class=\"wp-block-media-text is-stacked-on-mobile is-vertically-aligned-top\"><figure class=\"wp-block-media-text__media\"><img loading=\"lazy\" decoding=\"async\" width=\"1000\" height=\"1000\" src=\"https:\/\/www.oliver-sport.cz\/wp-content\/uploads\/2026\/02\/01325-ORC-A-Supralight.jpg\" alt=\"\" class=\"wp-image-635 size-full\" srcset=\"https:\/\/www.oliver-sport.cz\/new\/wp-content\/uploads\/2026\/02\/01325-ORC-A-Supralight.jpg 1000w, https:\/\/www.oliver-sport.cz\/new\/wp-content\/uploads\/2026\/02\/01325-ORC-A-Supralight-300x300.jpg 300w, https:\/\/www.oliver-sport.cz\/new\/wp-content\/uploads\/2026\/02\/01325-ORC-A-Supralight-150x150.jpg 150w, https:\/\/www.oliver-sport.cz\/new\/wp-content\/uploads\/2026\/02\/01325-ORC-A-Supralight-768x768.jpg 768w, https:\/\/www.oliver-sport.cz\/new\/wp-content\/uploads\/2026\/02\/01325-ORC-A-Supralight-370x370.jpg 370w, https:\/\/www.oliver-sport.cz\/new\/wp-content\/uploads\/2026\/02\/01325-ORC-A-Supralight-120x120.jpg 120w, https:\/\/www.oliver-sport.cz\/new\/wp-content\/uploads\/2026\/02\/01325-ORC-A-Supralight-760x760.jpg 760w\" sizes=\"auto, (max-width: 1000px) 100vw, 1000px\" \/><\/figure><div class=\"wp-block-media-text__content\">\n<p>ORC-A SUPRALIGHT<\/p>\n\n\n\n<p>&nbsp;Nejleh\u010d\u00ed squashov\u00e1 raketa na trhu \u2013 OLIVER ORC-A SUPRALIGHT \u2013 V\u00e1s zaujme nejen svou n\u00edzkou hmotnost\u00ed a komfortem, ale tak\u00e9 neuv\u011b\u0159itelnou akcelerac\u00ed (zrychlen\u00edm) m\u00ed\u010de. D\u00edky lehk\u00e9mu vyv\u00e1\u017een\u00ed do hlavy je s raketou snadn\u00e1 manipulace a je vhodn\u00e1 pro ne\u010dekan\u00fd \u00fatok. Dokonale vytvo\u0159en\u00fd r\u00e1m z cop\u00e1nkov\u00e9ho Nano Eplonu absorbuje vibrace a napom\u00e1h\u00e1 tak rychl\u00fdm \u00fader\u016fm. Na sv\u00e9 si p\u0159ijdou v\u0161ichni pokro\u010dil\u00ed hr\u00e1\u010di preferuj\u00edc\u00ed \u00fato\u010dn\u00fd styl hry. Pozor! Siln\u011b n\u00e1vykov\u00e1 raketa \ud83d\ude09&nbsp;<\/p>\n\n\n\n<div class=\"wp-block-buttons is-content-justification-center is-layout-flex wp-container-core-buttons-is-layout-e1485a7b wp-block-buttons-is-layout-flex\">\n<div class=\"wp-block-button\"><a class=\"wp-block-button__link wp-element-button\">KOUPIT<\/a><\/div>\n<\/div>\n<\/div><\/div>\n\n\n\n<h4 class=\"wp-block-heading\">Charakteristika<\/h4>\n\n\n\n<figure class=\"wp-block-table\"><table class=\"has-fixed-layout\"><tbody><tr><td class=\"has-text-align-left\" data-align=\"left\">K\u00f3d<\/td><td class=\"has-text-align-left\" data-align=\"left\"><strong>01325<\/strong><\/td><\/tr><tr><td class=\"has-text-align-left\" data-align=\"left\">Materi\u00e1l<\/td><td class=\"has-text-align-left\" data-align=\"left\"><strong>Braided Nano Eplon<\/strong><\/td><\/tr><tr><td class=\"has-text-align-left\" data-align=\"left\">Barva<\/td><td class=\"has-text-align-left\" data-align=\"left\"><strong>carbon-zlat\u00e1<\/strong><\/td><\/tr><tr><td class=\"has-text-align-left\" data-align=\"left\">V\u00e1ha<\/td><td class=\"has-text-align-left\" data-align=\"left\"><strong>105 g bez v\u00fdpletu a gripu<\/strong><\/td><\/tr><tr><td class=\"has-text-align-left\" data-align=\"left\">Hlava rakety<\/td><td class=\"has-text-align-left\" data-align=\"left\"><strong>overhead (bez kr\u010dku)<\/strong><\/td><\/tr><tr><td class=\"has-text-align-left\" data-align=\"left\">Vyv\u00e1\u017een\u00ed<\/td><td class=\"has-text-align-left\" data-align=\"left\"><strong>lehce do hlavy<\/strong><\/td><\/tr><tr><td class=\"has-text-align-left\" data-align=\"left\">V\u00fdplet<\/td><td class=\"has-text-align-left\" data-align=\"left\"><strong>OLIVER SQ X9<\/strong><\/td><\/tr><tr><td class=\"has-text-align-left\" data-align=\"left\">Nap\u011bt\u00ed (doporu\u010den\u00e1 tvrdost) v\u00fdpletu<\/td><td class=\"has-text-align-left\" data-align=\"left\"><strong>13\/11 kg (svisle\/vodorovn\u011b)<\/strong><\/td><\/tr><tr><td class=\"has-text-align-left\" data-align=\"left\">C\u00edlov\u00e1 skupina<\/td><td class=\"has-text-align-left\" data-align=\"left\"><strong>profesion\u00e1ln\u00ed a turnajov\u00fd hr\u00e1\u010d<\/strong><\/td><\/tr><tr><td class=\"has-text-align-left\" data-align=\"left\">Styl hry<\/td><td class=\"has-text-align-left\" data-align=\"left\"><strong>\u00fato\u010dn\u00fd<\/strong><\/td><\/tr><tr><td class=\"has-text-align-left\" data-align=\"left\">P\u0159ednosti rakety<\/td><td class=\"has-text-align-left\" data-align=\"left\"><strong>lehkost, ovladatelnost, dynamika, s\u00edla, pohlcov\u00e1n\u00ed vibrac\u00ed; vyv\u00e1\u017een\u00ed lehce do hlavy zaji\u0161\u0165uje rychl\u00e9 \u00fadery, p\u0159esnost a ne\u010dekan\u00fd \u00fatok<\/strong><\/td><\/tr><\/tbody><\/table><\/figure>\n","protected":false},"excerpt":{"rendered":"<p>Charakteristika K\u00f3d 01325 Materi\u00e1l Braided Nano Eplon Barva carbon-zlat\u00e1 V\u00e1ha 105 g bez v\u00fdpletu a gripu Hlava rakety overhead (bez kr\u010dku) Vyv\u00e1\u017een\u00ed lehce do hlavy V\u00fdplet OLIVER SQ X9 Nap\u011bt\u00ed (doporu\u010den\u00e1 tvrdost) v\u00fdpletu 13\/11 kg (svisle\/vodorovn\u011b) C\u00edlov\u00e1 skupina profesion\u00e1ln\u00ed a turnajov\u00fd hr\u00e1\u010d Styl hry \u00fato\u010dn\u00fd P\u0159ednosti rakety lehkost, ovladatelnost, dynamika, s\u00edla, pohlcov\u00e1n\u00ed vibrac\u00ed; vyv\u00e1\u017een\u00ed lehce do hlavy zaji\u0161\u0165uje rychl\u00e9 \u00fadery,&hellip;<\/p>\n","protected":false},"author":1,"featured_media":0,"parent":461,"menu_order":0,"comment_status":"closed","ping_status":"closed","template":"","meta":{"footnotes":""},"class_list":["post-589","page","type-page","status-publish","hentry"],"_links":{"self":[{"href":"https:\/\/www.oliver-sport.cz\/new\/wp-json\/wp\/v2\/pages\/589","targetHints":{"allow":["GET"]}}],"collection":[{"href":"https:\/\/www.oliver-sport.cz\/new\/wp-json\/wp\/v2\/pages"}],"about":[{"href":"https:\/\/www.oliver-sport.cz\/new\/wp-json\/wp\/v2\/types\/page"}],"author":[{"embeddable":true,"href":"https:\/\/www.oliver-sport.cz\/new\/wp-json\/wp\/v2\/users\/1"}],"replies":[{"embeddable":true,"href":"https:\/\/www.oliver-sport.cz\/new\/wp-json\/wp\/v2\/comments?post=589"}],"version-history":[{"count":1,"href":"https:\/\/www.oliver-sport.cz\/new\/wp-json\/wp\/v2\/pages\/589\/revisions"}],"predecessor-version":[{"id":636,"href":"https:\/\/www.oliver-sport.cz\/new\/wp-json\/wp\/v2\/pages\/589\/revisions\/636"}],"up":[{"embeddable":true,"href":"https:\/\/www.oliver-sport.cz\/new\/wp-json\/wp\/v2\/pages\/461"}],"wp:attachment":[{"href":"https:\/\/www.oliver-sport.cz\/new\/wp-json\/wp\/v2\/media?parent=589"}],"curies":[{"name":"wp","href":"https:\/\/api.w.org\/{rel}","templated":true}]}}