{"id":461,"date":"2025-10-24T08:24:24","date_gmt":"2025-10-24T08:24:24","guid":{"rendered":"https:\/\/www.oliver-sport.cz\/new\/?page_id=461"},"modified":"2026-04-07T13:06:46","modified_gmt":"2026-04-07T13:06:46","slug":"squash","status":"publish","type":"page","link":"https:\/\/www.oliver-sport.cz\/new\/squash\/","title":{"rendered":"SQUASH"},"content":{"rendered":"<div class=\"wp-block-image\">\n<figure class=\"aligncenter size-full\"><img loading=\"lazy\" decoding=\"async\" width=\"2560\" height=\"1280\" src=\"https:\/\/www.oliver-sport.cz\/wp-content\/uploads\/2026\/03\/banner_squash-scaled.png\" alt=\"\" class=\"wp-image-936\" srcset=\"https:\/\/www.oliver-sport.cz\/new\/wp-content\/uploads\/2026\/03\/banner_squash-scaled.png 2560w, https:\/\/www.oliver-sport.cz\/new\/wp-content\/uploads\/2026\/03\/banner_squash-300x150.png 300w, https:\/\/www.oliver-sport.cz\/new\/wp-content\/uploads\/2026\/03\/banner_squash-1024x512.png 1024w, https:\/\/www.oliver-sport.cz\/new\/wp-content\/uploads\/2026\/03\/banner_squash-768x384.png 768w, https:\/\/www.oliver-sport.cz\/new\/wp-content\/uploads\/2026\/03\/banner_squash-1536x768.png 1536w, https:\/\/www.oliver-sport.cz\/new\/wp-content\/uploads\/2026\/03\/banner_squash-2048x1024.png 2048w, https:\/\/www.oliver-sport.cz\/new\/wp-content\/uploads\/2026\/03\/banner_squash-370x185.png 370w, https:\/\/www.oliver-sport.cz\/new\/wp-content\/uploads\/2026\/03\/banner_squash-760x380.png 760w\" sizes=\"auto, (max-width: 2560px) 100vw, 2560px\" \/><\/figure>\n<\/div>\n\n\n<p class=\"has-text-align-center\"><strong>OLIVER je squash, a squash je OLIVER<\/strong><\/p>\n\n\n\n<p class=\"has-text-align-center\">Dlouholet\u00e1 tradice, n\u011bmeck\u00e1 kvalita a dlouholet\u00fd, st\u00e1le pokra\u010duj\u00edc\u00ed v\u00fdvoj technologi\u00ed \u0159ad\u00ed rakety OLIVER na p\u0159edn\u00ed p\u0159\u00ed\u010dky mezi v\u0161emi v\u00fdrobci raket. <\/p>\n\n\n\n<p class=\"has-text-align-center\">V&nbsp;aktu\u00e1ln\u00ed nab\u00eddce naleznete p\u0159es t\u0159icet model\u016f raket, ze kter\u00fdch si vybere ka\u017ed\u00fd hr\u00e1\u010d. Rakety zna\u010dky Oliver se vyr\u00e1b\u011bj\u00ed od z\u00e1kladn\u00edch grafitov\u00fdch vl\u00e1ken, a\u017e po dokonal\u00e9 odleh\u010den\u00e9 metacarbonov\u00e9 a nanoepolonov\u00e9 vl\u00e1kna.<\/p>\n\n\n\n<p class=\"has-text-align-center\">P\u0159i vyb\u00edran\u00ed raket V\u00e1m m\u016f\u017ee pomoci n\u00e1\u0161 profesion\u00e1ln\u00ed t\u00fdm slo\u017een\u00fd z&nbsp;aktivn\u00edch hr\u00e1\u010d\u016f a nebo pro\u0161kolen\u00fd person\u00e1l v&nbsp;partnersk\u00fdch prodejn\u00e1ch.<\/p>\n\n\n\n<hr class=\"wp-block-separator aligncenter has-alpha-channel-opacity\"\/>\n\n\n\n<div class=\"wp-block-group alignwide is-content-justification-center is-nowrap is-layout-flex wp-container-core-group-is-layout-94bc23d7 wp-block-group-is-layout-flex\">\n<div class=\"wp-block-buttons is-layout-flex wp-block-buttons-is-layout-flex\">\n<div class=\"wp-block-button\"><a class=\"wp-block-button__link has-text-align-center wp-element-button\" href=\"https:\/\/www.oliver-sport.cz\/squash\/orc-a-supralight\/\">Profesion\u00e1ln\u00ed \u0158ada<\/a><\/div>\n<\/div>\n\n\n\n<div class=\"wp-block-buttons is-content-justification-center is-layout-flex wp-container-core-buttons-is-layout-16018d1d wp-block-buttons-is-layout-flex\">\n<div class=\"wp-block-button\"><a class=\"wp-block-button__link wp-element-button\" href=\"https:\/\/www.oliver-sport.cz\/squash\/klubova-rada\/supra-110-pro\/\">Klubov\u00e1 \u0158ada<\/a><\/div>\n<\/div>\n\n\n\n<div class=\"wp-block-buttons is-content-justification-center is-layout-flex wp-container-core-buttons-is-layout-16018d1d wp-block-buttons-is-layout-flex\">\n<div class=\"wp-block-button\"><a class=\"wp-block-button__link wp-element-button\" href=\"https:\/\/www.oliver-sport.cz\/squash\/sq-vyplety\/\">V\u00fdplety<\/a><\/div>\n<\/div>\n\n\n\n<div class=\"wp-block-buttons is-content-justification-center is-layout-flex wp-container-core-buttons-is-layout-16018d1d wp-block-buttons-is-layout-flex\">\n<div class=\"wp-block-button\"><a class=\"wp-block-button__link wp-element-button\" href=\"https:\/\/www.oliver-sport.cz\/gripy\/\">GRIPY<\/a><\/div>\n<\/div>\n<\/div>\n\n\n\n<p><\/p>\n","protected":false},"excerpt":{"rendered":"<p>OLIVER je squash, a squash je OLIVER Dlouholet\u00e1 tradice, n\u011bmeck\u00e1 kvalita a dlouholet\u00fd, st\u00e1le pokra\u010duj\u00edc\u00ed v\u00fdvoj technologi\u00ed \u0159ad\u00ed rakety OLIVER na p\u0159edn\u00ed p\u0159\u00ed\u010dky mezi v\u0161emi v\u00fdrobci raket. V&nbsp;aktu\u00e1ln\u00ed nab\u00eddce naleznete p\u0159es t\u0159icet model\u016f raket, ze kter\u00fdch si vybere ka\u017ed\u00fd hr\u00e1\u010d. Rakety zna\u010dky Oliver se vyr\u00e1b\u011bj\u00ed od z\u00e1kladn\u00edch grafitov\u00fdch vl\u00e1ken, a\u017e po dokonal\u00e9 odleh\u010den\u00e9 metacarbonov\u00e9 a nanoepolonov\u00e9 vl\u00e1kna. P\u0159i vyb\u00edran\u00ed raket&hellip;<\/p>\n","protected":false},"author":1,"featured_media":0,"parent":0,"menu_order":0,"comment_status":"closed","ping_status":"closed","template":"","meta":{"footnotes":""},"class_list":["post-461","page","type-page","status-publish","hentry"],"_links":{"self":[{"href":"https:\/\/www.oliver-sport.cz\/new\/wp-json\/wp\/v2\/pages\/461","targetHints":{"allow":["GET"]}}],"collection":[{"href":"https:\/\/www.oliver-sport.cz\/new\/wp-json\/wp\/v2\/pages"}],"about":[{"href":"https:\/\/www.oliver-sport.cz\/new\/wp-json\/wp\/v2\/types\/page"}],"author":[{"embeddable":true,"href":"https:\/\/www.oliver-sport.cz\/new\/wp-json\/wp\/v2\/users\/1"}],"replies":[{"embeddable":true,"href":"https:\/\/www.oliver-sport.cz\/new\/wp-json\/wp\/v2\/comments?post=461"}],"version-history":[{"count":16,"href":"https:\/\/www.oliver-sport.cz\/new\/wp-json\/wp\/v2\/pages\/461\/revisions"}],"predecessor-version":[{"id":1060,"href":"https:\/\/www.oliver-sport.cz\/new\/wp-json\/wp\/v2\/pages\/461\/revisions\/1060"}],"wp:attachment":[{"href":"https:\/\/www.oliver-sport.cz\/new\/wp-json\/wp\/v2\/media?parent=461"}],"curies":[{"name":"wp","href":"https:\/\/api.w.org\/{rel}","templated":true}]}}