{"id":415,"date":"2025-10-20T14:11:33","date_gmt":"2025-10-20T14:11:33","guid":{"rendered":"https:\/\/www.oliver-sport.cz\/new\/?page_id=415"},"modified":"2026-04-22T18:40:13","modified_gmt":"2026-04-22T18:40:13","slug":"main-page","status":"publish","type":"page","link":"https:\/\/www.oliver-sport.cz\/new\/","title":{"rendered":"MAIN PAGE"},"content":{"rendered":"\n<p><\/p>\n\n\n\n<div class=\"wp-block-cover aligncenter\" style=\"min-height:672px;aspect-ratio:unset;\"><video class=\"wp-block-cover__video-background intrinsic-ignore\" autoplay muted loop playsinline src=\"https:\/\/www.oliver-sport.cz\/wp-content\/uploads\/2025\/10\/OLIVER4.mp4\" data-object-fit=\"cover\"><\/video><span aria-hidden=\"true\" class=\"wp-block-cover__background has-background-dim\"><\/span><div class=\"wp-block-cover__inner-container is-layout-flow wp-block-cover-is-layout-flow\">\n<p class=\"has-text-align-center has-large-font-size\"><\/p>\n<\/div><\/div>\n\n\n\n<hr class=\"wp-block-separator aligncenter has-alpha-channel-opacity\"\/>\n\n\n\n<div class=\"wp-block-group\"><div class=\"wp-block-group__inner-container is-layout-constrained wp-block-group-is-layout-constrained\">\n<p class=\"has-text-align-center\"><strong>V\u00cdTEJTE VE SV\u011aT\u011a OLIVERU<\/strong> a dovolte n\u00e1m abychom se V\u00e1m p\u0159edstavili&#8230; <\/p>\n\n\n\n<p class=\"has-text-align-center\">Zna\u010dka Oliver m\u00e1 v \u010cech\u00e1ch a na Slovensku ji\u017e t\u00e9m\u011b\u0159 30ti letou historii. Oliver jako rodinn\u00e1 firma si vybudovala renom\u00e9 ve squashi, badmintonu, n\u011bkolik posledn\u00edch let v padlu a pickleballu.<\/p>\n\n\n\n<p class=\"has-text-align-center\">Jsme schopni rychle reagovat na pot\u0159eby hr\u00e1\u010d\u016f a trhu raketov\u00fdch sport\u016f jako celku. N\u00e1\u0161 t\u00fdm ka\u017edoro\u010dn\u011b v\u011bnuje velikou p\u00e9\u010di inovac\u00edm, design\u016fm a testov\u00e1n\u00ed nov\u00fdch model\u016f. V\u017edy jsme se o na\u0161e z\u00e1kazn\u00edky cht\u011bli postarat komplexn\u011b, od hlavy k pat\u011b. <\/p>\n\n\n\n<p class=\"has-text-align-center\">OLIVER JE SQUASH, SQUASH JE OLIVER. <\/p>\n\n\n\n<p class=\"has-text-align-center\">OLIVER je BADMINTON, BADMINTON je OLIVER.<\/p>\n\n\n\n<p class=\"has-text-align-center\"><strong>Nev\u00e1hejte a p\u0159idejte se do rodiny OLIVER!<\/strong><\/p>\n\n\n\n<hr class=\"wp-block-separator aligncenter has-alpha-channel-opacity\"\/>\n\n\n\n<p class=\"has-text-align-center\"><\/p>\n<\/div><\/div>\n\n\n\n<p><!-- ZA\u010c\u00c1TEK \u00daPRAVY - 4 obr\u00e1zky sport\u016f - vlastn\u00ed HTML --><\/p>\n\n\n\n<p><style>\n.oliver-sports-grid {<br \/>\n  display: grid;<br \/>\n  grid-template-columns: repeat(4, 1fr);<br \/>\n  gap: 4px;<br \/>\n}<br \/>\n.oliver-sports-grid a {<br \/>\n  position: relative;<br \/>\n  display: block;<br \/>\n  overflow: hidden;<br \/>\n}<br \/>\n.oliver-sports-grid img {<br \/>\n  width: 100%;<br \/>\n  height: 527px;<br \/>\n  object-fit: cover;<br \/>\n  object-position: 50% 50%;<br \/>\n  display: block;<br \/>\n}<br \/>\n.oliver-sports-grid span {<br \/>\n  position: absolute;<br \/>\n  bottom: 20px;<br \/>\n  left: 0;<br \/>\n  width: 100%;<br \/>\n  text-align: center;<br \/>\n  color: white;<br \/>\n  font-size: 16px;<br \/>\n  font-weight: bold;<br \/>\n  letter-spacing: 2px;<br \/>\n}<br \/>\n@media (max-width: 768px) {<br \/>\n  .oliver-sports-grid {<br \/>\n    grid-template-columns: repeat(2, 1fr);<br \/>\n  }<br \/>\n  .oliver-sports-grid img {<br \/>\n    height: 300px;<br \/>\n  }<br \/>\n}<br \/>\n@media (max-width: 480px) {<br \/>\n  .oliver-sports-grid {<br \/>\n    grid-template-columns: repeat(1, 1fr);<br \/>\n  }<br \/>\n  .oliver-sports-grid img {<br \/>\n    height: 350px;<br \/>\n  }<br \/>\n}<br \/>\n<\/style><\/p>\n\n\n\n<style>\n.oliver-sports-grid {\n  display: grid;\n  grid-template-columns: repeat(4, 1fr);\n  gap: 4px;\n}\n.oliver-sports-grid a {\n  position: relative;\n  display: block;\n  overflow: hidden;\n}\n.oliver-sports-grid img {\n  width: 100%;\n  height: 527px;\n  object-fit: cover;\n  display: block;\n}\n.oliver-sports-grid span {\n  position: absolute;\n  bottom: 20px;\n  left: 0;\n  width: 100%;\n  text-align: center;\n  color: white;\n  font-size: 16px;\n  font-weight: bold;\n  letter-spacing: 2px;\n}\n<\/style>\n\n<div class=\"oliver-sports-grid\">\n  <a href=\"https:\/\/www.oliver-sport.cz\/squash\/\">\n    <img decoding=\"async\" src=\"https:\/\/www.oliver-sport.cz\/wp-content\/uploads\/2025\/10\/01310-FUCHSIA-1.jpg\" alt=\"Squash\">\n    <span>SQUASH<\/span>\n  <\/a>\n  <a href=\"https:\/\/www.oliver-sport.cz\/badminton\/\">\n    <img decoding=\"async\" src=\"https:\/\/www.oliver-sport.cz\/wp-content\/uploads\/2025\/10\/33027-ENERGETIC-K7.jpg\" alt=\"Badminton\">\n    <span>BADMINTON<\/span>\n  <\/a>\n  <a href=\"https:\/\/www.oliver-sport.cz\/pickleball\/\">\n    <img decoding=\"async\" src=\"https:\/\/www.oliver-sport.cz\/wp-content\/uploads\/2025\/11\/19707-STREAM-1-CARBON-Schwarz-Blau.jpg\" alt=\"Pickleball\">\n    <span>PICKLEBALL<\/span>\n  <\/a>\n  <a href=\"https:\/\/www.oliver-sport.cz\/padel\/\">\n    <img decoding=\"async\" src=\"https:\/\/www.oliver-sport.cz\/wp-content\/uploads\/2025\/10\/19907-AIR-MAX-930.jpg\" alt=\"Padel\">\n    <span>PADEL<\/span>\n  <\/a>\n<\/div>\n\n\n\n<p><!-- KONEC \u00daPRAVY --><\/p>\n\n\n\n<hr class=\"wp-block-separator aligncenter has-alpha-channel-opacity\"\/>\n\n\n\n<div class=\"wp-block-group\"><div class=\"wp-block-group__inner-container is-layout-constrained wp-block-group-is-layout-constrained\">\n<div class=\"wp-block-columns are-vertically-aligned-center is-layout-flex wp-container-core-columns-is-layout-9d6595d7 wp-block-columns-is-layout-flex\">\n<div class=\"wp-block-column is-vertically-aligned-center is-layout-flow wp-block-column-is-layout-flow\" style=\"flex-basis:100%\">\n<div class=\"wp-block-buttons alignwide is-content-justification-center is-layout-flex wp-container-core-buttons-is-layout-16018d1d wp-block-buttons-is-layout-flex\">\n<div class=\"wp-block-button\"><a class=\"wp-block-button__link wp-element-button\" href=\"https:\/\/www.oliver-sport.cz\/squash\/\">SQUASH<\/a><\/div>\n\n\n\n<div class=\"wp-block-button\"><a class=\"wp-block-button__link wp-element-button\" href=\"https:\/\/www.oliver-sport.cz\/badminton\/\">BADMINTON<\/a><\/div>\n\n\n\n<div class=\"wp-block-button\"><a class=\"wp-block-button__link wp-element-button\" href=\"https:\/\/www.oliver-sport.cz\/padel\/\">PADEL<\/a><\/div>\n\n\n\n<div class=\"wp-block-button\"><a class=\"wp-block-button__link wp-element-button\" href=\"https:\/\/www.oliver-sport.cz\/pickleball-2\/\">PICKLEBALL<\/a><\/div>\n<\/div>\n<\/div>\n<\/div>\n<\/div><\/div>\n\n\n\n<hr class=\"wp-block-separator aligncenter has-alpha-channel-opacity\"\/>\n\n\n\n<p class=\"has-text-align-center\"><strong>NOVINKY<\/strong><\/p>\n\n\n<div id=\"widget_recent_news_336631849\" class=\"sc_recent_news sc_recent_news_style_news-magazine sc_recent_news_with_accented\"><div class=\"sc_recent_news_columns_wrap trx_addons_columns_wrap\"><div class=\"trx_addons_column-1_3\"><article \r\n\tclass=\"post_item post_layout_news-magazine post_format_standard post_accented_on post-1084 post type-post status-publish format-standard has-post-thumbnail hentry category-novinky\"\t\t>\r\n\r\n\t<div class=\"post_featured with_thumb hover_simple\"><img loading=\"lazy\" decoding=\"async\" width=\"370\" height=\"208\" src=\"https:\/\/www.oliver-sport.cz\/new\/wp-content\/uploads\/2026\/04\/43720-PRO-Lite-2.0-41-370x208.jpg\" class=\"attachment-aldo-thumb-med size-aldo-thumb-med wp-post-image\" alt=\"\" srcset=\"https:\/\/www.oliver-sport.cz\/new\/wp-content\/uploads\/2026\/04\/43720-PRO-Lite-2.0-41-370x208.jpg 370w, https:\/\/www.oliver-sport.cz\/new\/wp-content\/uploads\/2026\/04\/43720-PRO-Lite-2.0-41-1170x658.jpg 1170w, https:\/\/www.oliver-sport.cz\/new\/wp-content\/uploads\/2026\/04\/43720-PRO-Lite-2.0-41-760x428.jpg 760w, https:\/\/www.oliver-sport.cz\/new\/wp-content\/uploads\/2026\/04\/43720-PRO-Lite-2.0-41-270x152.jpg 270w\" sizes=\"auto, (max-width: 370px) 100vw, 370px\" \/>\t\t\t\t\t\t<div class=\"mask\"><\/div>\n\t\t\t\t\t\t            <a href=\"https:\/\/www.oliver-sport.cz\/new\/volnocasova-obuv-pro-lite\/\"  aria-hidden=\"true\" class=\"icons\"><\/a>\n            <div class=\"post_info\"><span class=\"post_categories\"><a href=\"https:\/\/www.oliver-sport.cz\/new\/category\/novinky\/\" title=\"View all posts in Novinky\">Novinky<\/a><\/span><\/div><\/div>\t\t<div class=\"post_header entry-header\">\r\n\t\t\t<h5 class=\"post_title entry-title\"><a href=\"https:\/\/www.oliver-sport.cz\/new\/volnocasova-obuv-pro-lite\/\" rel=\"bookmark\">Volno\u010dasov\u00e1 obuv PRO LITE<\/a><\/h5><div class=\"post_meta\"><span class=\"post_author\"><a href=\"https:\/\/www.oliver-sport.cz\/new\" title=\"Nav\u0161t\u00edvit web admin-oliver\" rel=\"author external\">admin-oliver<\/a><\/span><span class=\"post_date\"><a href=\"https:\/\/www.oliver-sport.cz\/new\/volnocasova-obuv-pro-lite\/\">8 dubna, 2026<\/a><\/span><\/div>\t\t<\/div><!-- .entry-header -->\r\n\t\t\t\r\n\t\t<div class=\"post_content entry-content\">\r\n\t\t\t<p>Pro Lite 2.0 je vysoce funk\u010dn\u00ed lehk\u00e1 bota pro sportovn\u00ed tr\u00e9nink, do posilovny a voln\u00fd \u010das, kter\u00e1 kombinuje technick\u00fd v\u00fdkon s modern\u00edm designem. V\u0161estrann\u00e9 vyu\u017eit\u00ed&hellip;<\/p>\n\t\t<\/div><!-- .entry-content -->\r\n\t\r\n\t\t<div class=\"post_footer entry-footer\">\r\n\t\t\t<div class=\"post_counters\"> <a href=\"https:\/\/www.oliver-sport.cz\/new\/volnocasova-obuv-pro-lite\/\" class=\"post_counters_item post_counters_views trx_addons_icon-eye\"><span class=\"post_counters_number\">22<\/span><span class=\"post_counters_label\">Views<\/span><\/a>  <a href=\"https:\/\/www.oliver-sport.cz\/new\/volnocasova-obuv-pro-lite\/#respond\" class=\"post_counters_item post_counters_comments trx_addons_icon-comment\"><span class=\"post_counters_number\">0<\/span><span class=\"post_counters_label\">Comments<\/span><\/a> <\/div>\t\t<\/div><!-- .entry-footer -->\r\n\t\t<\/article><\/div><div class=\"trx_addons_column-1_3\"><article \r\n\tclass=\"post_item post_layout_news-magazine post_format_standard post_accented_on post-1080 post type-post status-publish format-standard has-post-thumbnail hentry category-novinky\"\t\t>\r\n\r\n\t<div class=\"post_featured with_thumb hover_simple\"><img loading=\"lazy\" decoding=\"async\" width=\"370\" height=\"208\" src=\"https:\/\/www.oliver-sport.cz\/new\/wp-content\/uploads\/2026\/04\/19911-Padel-Elite--370x208.png\" class=\"attachment-aldo-thumb-med size-aldo-thumb-med wp-post-image\" alt=\"\" srcset=\"https:\/\/www.oliver-sport.cz\/new\/wp-content\/uploads\/2026\/04\/19911-Padel-Elite--370x208.png 370w, https:\/\/www.oliver-sport.cz\/new\/wp-content\/uploads\/2026\/04\/19911-Padel-Elite--1170x658.png 1170w, https:\/\/www.oliver-sport.cz\/new\/wp-content\/uploads\/2026\/04\/19911-Padel-Elite--760x428.png 760w, https:\/\/www.oliver-sport.cz\/new\/wp-content\/uploads\/2026\/04\/19911-Padel-Elite--270x152.png 270w\" sizes=\"auto, (max-width: 370px) 100vw, 370px\" \/>\t\t\t\t\t\t<div class=\"mask\"><\/div>\n\t\t\t\t\t\t            <a href=\"https:\/\/www.oliver-sport.cz\/new\/padelove-mice-elite\/\"  aria-hidden=\"true\" class=\"icons\"><\/a>\n            <div class=\"post_info\"><span class=\"post_categories\"><a href=\"https:\/\/www.oliver-sport.cz\/new\/category\/novinky\/\" title=\"View all posts in Novinky\">Novinky<\/a><\/span><\/div><\/div>\t\t<div class=\"post_header entry-header\">\r\n\t\t\t<h5 class=\"post_title entry-title\"><a href=\"https:\/\/www.oliver-sport.cz\/new\/padelove-mice-elite\/\" rel=\"bookmark\">Padelov\u00e9 m\u00ed\u010de ELITE+++<\/a><\/h5><div class=\"post_meta\"><span class=\"post_author\"><a href=\"https:\/\/www.oliver-sport.cz\/new\" title=\"Nav\u0161t\u00edvit web admin-oliver\" rel=\"author external\">admin-oliver<\/a><\/span><span class=\"post_date\"><a href=\"https:\/\/www.oliver-sport.cz\/new\/padelove-mice-elite\/\">8 dubna, 2026<\/a><\/span><\/div>\t\t<\/div><!-- .entry-header -->\r\n\t\t\t\r\n\t\t<div class=\"post_content entry-content\">\r\n\t\t\t<p>Padel Elite +++ jsou vysoce kvalitn\u00ed sout\u011b\u017en\u00ed padelov\u00e9 m\u00ed\u010dky pro n\u00e1ro\u010dn\u00e9 hr\u00e1\u010de a kluby. Ka\u017ed\u00e1 plechovka obsahuje 3 m\u00ed\u010dky s pr\u00e9miovou plst\u00ed (45 % vlny)&hellip;<\/p>\n\t\t<\/div><!-- .entry-content -->\r\n\t\r\n\t\t<div class=\"post_footer entry-footer\">\r\n\t\t\t<div class=\"post_counters\"> <a href=\"https:\/\/www.oliver-sport.cz\/new\/padelove-mice-elite\/\" class=\"post_counters_item post_counters_views trx_addons_icon-eye\"><span class=\"post_counters_number\">24<\/span><span class=\"post_counters_label\">Views<\/span><\/a>  <a href=\"https:\/\/www.oliver-sport.cz\/new\/padelove-mice-elite\/#respond\" class=\"post_counters_item post_counters_comments trx_addons_icon-comment\"><span class=\"post_counters_number\">0<\/span><span class=\"post_counters_label\">Comments<\/span><\/a> <\/div>\t\t<\/div><!-- .entry-footer -->\r\n\t\t<\/article><\/div><div class=\"trx_addons_column-1_3\"><article \r\n\tclass=\"post_item post_layout_news-magazine post_format_standard post_accented_on post-1 post type-post status-publish format-standard has-post-thumbnail hentry category-novinky\"\t\t>\r\n\r\n\t<div class=\"post_featured with_thumb hover_simple\"><img loading=\"lazy\" decoding=\"async\" width=\"370\" height=\"208\" src=\"https:\/\/www.oliver-sport.cz\/new\/wp-content\/uploads\/2025\/08\/Nodesign12-370x208.jpg\" class=\"attachment-aldo-thumb-med size-aldo-thumb-med wp-post-image\" alt=\"\" srcset=\"https:\/\/www.oliver-sport.cz\/new\/wp-content\/uploads\/2025\/08\/Nodesign12-370x208.jpg 370w, https:\/\/www.oliver-sport.cz\/new\/wp-content\/uploads\/2025\/08\/Nodesign12-1170x658.jpg 1170w, https:\/\/www.oliver-sport.cz\/new\/wp-content\/uploads\/2025\/08\/Nodesign12-760x428.jpg 760w, https:\/\/www.oliver-sport.cz\/new\/wp-content\/uploads\/2025\/08\/Nodesign12-270x152.jpg 270w\" sizes=\"auto, (max-width: 370px) 100vw, 370px\" \/>\t\t\t\t\t\t<div class=\"mask\"><\/div>\n\t\t\t\t\t\t            <a href=\"https:\/\/www.oliver-sport.cz\/new\/hello-world\/\"  aria-hidden=\"true\" class=\"icons\"><\/a>\n            <div class=\"post_info\"><span class=\"post_categories\"><a href=\"https:\/\/www.oliver-sport.cz\/new\/category\/novinky\/\" title=\"View all posts in Novinky\">Novinky<\/a><\/span><\/div><\/div>\t\t<div class=\"post_header entry-header\">\r\n\t\t\t<h5 class=\"post_title entry-title\"><a href=\"https:\/\/www.oliver-sport.cz\/new\/hello-world\/\" rel=\"bookmark\">Squashov\u00e1 NO DESIGN XII. je zde !!!<\/a><\/h5><div class=\"post_meta\"><span class=\"post_author\"><a href=\"https:\/\/www.oliver-sport.cz\/new\" title=\"Nav\u0161t\u00edvit web admin-oliver\" rel=\"author external\">admin-oliver<\/a><\/span><span class=\"post_date\"><a href=\"https:\/\/www.oliver-sport.cz\/new\/hello-world\/\">15 srpna, 2025<\/a><\/span><\/div>\t\t<\/div><!-- .entry-header -->\r\n\t\t\t\r\n\t\t<div class=\"post_content entry-content\">\r\n\t\t\t<p>Nov\u00e1 generace squashov\u00e9 NO DESIGN s poradov\u00fdm \u010d\u00edslem 12 ji\u017e na trhu.<\/p>\n\t\t<\/div><!-- .entry-content -->\r\n\t\r\n\t\t<div class=\"post_footer entry-footer\">\r\n\t\t\t<div class=\"post_counters\"> <a href=\"https:\/\/www.oliver-sport.cz\/new\/hello-world\/\" class=\"post_counters_item post_counters_views trx_addons_icon-eye\"><span class=\"post_counters_number\">74<\/span><span class=\"post_counters_label\">Views<\/span><\/a>  <a href=\"https:\/\/www.oliver-sport.cz\/new\/hello-world\/#comments\" class=\"post_counters_item post_counters_comments trx_addons_icon-comment\"><span class=\"post_counters_number\">1<\/span><span class=\"post_counters_label\">Comment<\/span><\/a> <\/div>\t\t<\/div><!-- .entry-footer -->\r\n\t\t<\/article><\/div><\/div><!-- \/.columns_wrap --><\/div><!-- \/.sc_recent_news -->\n\n\n<hr class=\"wp-block-separator aligncenter has-alpha-channel-opacity\"\/>\n\n\n\n<figure class=\"wp-block-image size-full\"><img loading=\"lazy\" decoding=\"async\" width=\"313\" height=\"90\" src=\"https:\/\/www.oliver-sport.cz\/wp-content\/uploads\/2026\/04\/logo.jpg\" alt=\"\" class=\"wp-image-971\" srcset=\"https:\/\/www.oliver-sport.cz\/new\/wp-content\/uploads\/2026\/04\/logo.jpg 313w, https:\/\/www.oliver-sport.cz\/new\/wp-content\/uploads\/2026\/04\/logo-300x86.jpg 300w\" sizes=\"auto, (max-width: 313px) 100vw, 313px\" \/><\/figure>\n\n\n\n<p class=\"has-text-align-center\"><a href=\"https:\/\/www.irakety.cz\/nalezene-produkty\/oliver\/\" target=\"_blank\" rel=\"noreferrer noopener\">Ofici\u00e1ln\u00ed prodejce produkt\u016f OLIVER<\/a><\/p>\n\n\n\n<hr class=\"wp-block-separator aligncenter has-alpha-channel-opacity\"\/>\n\n\n\n<p class=\"has-text-align-center has-large-font-size\">SPONZORING A PARTNERSTV\u00cd<\/p>\n\n\n\n<div class=\"wp-block-cover has-custom-content-position is-position-bottom-center\"><img loading=\"lazy\" decoding=\"async\" width=\"1024\" height=\"681\" class=\"wp-block-cover__image-background wp-image-1217 size-large\" alt=\"\" src=\"https:\/\/www.oliver-sport.cz\/wp-content\/uploads\/2026\/04\/DSC_1714_8495-2-1024x681.jpg\" style=\"object-position:39% 26%\" data-object-fit=\"cover\" data-object-position=\"39% 26%\" srcset=\"https:\/\/www.oliver-sport.cz\/new\/wp-content\/uploads\/2026\/04\/DSC_1714_8495-2-1024x681.jpg 1024w, https:\/\/www.oliver-sport.cz\/new\/wp-content\/uploads\/2026\/04\/DSC_1714_8495-2-300x200.jpg 300w, https:\/\/www.oliver-sport.cz\/new\/wp-content\/uploads\/2026\/04\/DSC_1714_8495-2-768x511.jpg 768w, https:\/\/www.oliver-sport.cz\/new\/wp-content\/uploads\/2026\/04\/DSC_1714_8495-2-1536x1022.jpg 1536w, https:\/\/www.oliver-sport.cz\/new\/wp-content\/uploads\/2026\/04\/DSC_1714_8495-2-2048x1363.jpg 2048w, https:\/\/www.oliver-sport.cz\/new\/wp-content\/uploads\/2026\/04\/DSC_1714_8495-2-370x246.jpg 370w, https:\/\/www.oliver-sport.cz\/new\/wp-content\/uploads\/2026\/04\/DSC_1714_8495-2-760x506.jpg 760w\" sizes=\"auto, (max-width: 1024px) 100vw, 1024px\" \/><span aria-hidden=\"true\" class=\"wp-block-cover__background has-background-dim-0 has-background-dim\" style=\"background-color:#564447\"><\/span><div class=\"wp-block-cover__inner-container is-layout-flow wp-block-cover-is-layout-flow\">\n<p class=\"has-text-align-center has-large-font-size\"><\/p>\n<\/div><\/div>\n\n\n\n<div style=\"height:100px\" aria-hidden=\"true\" class=\"wp-block-spacer\"><\/div>\n\n\n\n<div class=\"wp-block-buttons is-content-justification-center is-layout-flex wp-container-core-buttons-is-layout-5e6b19ed wp-block-buttons-is-layout-flex\">\n<div class=\"wp-block-button\"><a class=\"wp-block-button__link wp-element-button\">HR\u00c1\u010cI<\/a><\/div>\n\n\n\n<div class=\"wp-block-button\"><a class=\"wp-block-button__link wp-element-button\">KLUBY<\/a><\/div>\n<\/div>\n\n\n\n<div style=\"height:100px\" aria-hidden=\"true\" class=\"wp-block-spacer\"><\/div>\n\n\n\n<p><\/p>\n","protected":false},"excerpt":{"rendered":"<p>V\u00cdTEJTE VE SV\u011aT\u011a OLIVERU a dovolte n\u00e1m abychom se V\u00e1m p\u0159edstavili&#8230; Zna\u010dka Oliver m\u00e1 v \u010cech\u00e1ch a na Slovensku ji\u017e t\u00e9m\u011b\u0159 30ti letou historii. Oliver jako rodinn\u00e1 firma si vybudovala renom\u00e9 ve squashi, badmintonu, n\u011bkolik posledn\u00edch let v padlu a pickleballu. Jsme schopni rychle reagovat na pot\u0159eby hr\u00e1\u010d\u016f a trhu raketov\u00fdch sport\u016f jako celku. N\u00e1\u0161 t\u00fdm ka\u017edoro\u010dn\u011b v\u011bnuje velikou p\u00e9\u010di&hellip;<\/p>\n","protected":false},"author":1,"featured_media":416,"parent":0,"menu_order":0,"comment_status":"closed","ping_status":"closed","template":"","meta":{"footnotes":""},"class_list":["post-415","page","type-page","status-publish","has-post-thumbnail","hentry"],"_links":{"self":[{"href":"https:\/\/www.oliver-sport.cz\/new\/wp-json\/wp\/v2\/pages\/415","targetHints":{"allow":["GET"]}}],"collection":[{"href":"https:\/\/www.oliver-sport.cz\/new\/wp-json\/wp\/v2\/pages"}],"about":[{"href":"https:\/\/www.oliver-sport.cz\/new\/wp-json\/wp\/v2\/types\/page"}],"author":[{"embeddable":true,"href":"https:\/\/www.oliver-sport.cz\/new\/wp-json\/wp\/v2\/users\/1"}],"replies":[{"embeddable":true,"href":"https:\/\/www.oliver-sport.cz\/new\/wp-json\/wp\/v2\/comments?post=415"}],"version-history":[{"count":120,"href":"https:\/\/www.oliver-sport.cz\/new\/wp-json\/wp\/v2\/pages\/415\/revisions"}],"predecessor-version":[{"id":1305,"href":"https:\/\/www.oliver-sport.cz\/new\/wp-json\/wp\/v2\/pages\/415\/revisions\/1305"}],"wp:featuredmedia":[{"embeddable":true,"href":"https:\/\/www.oliver-sport.cz\/new\/wp-json\/wp\/v2\/media\/416"}],"wp:attachment":[{"href":"https:\/\/www.oliver-sport.cz\/new\/wp-json\/wp\/v2\/media?parent=415"}],"curies":[{"name":"wp","href":"https:\/\/api.w.org\/{rel}","templated":true}]}}