{"id":19,"date":"2018-09-29T10:31:16","date_gmt":"2018-09-29T10:31:16","guid":{"rendered":"https:\/\/www.oliver-sport.cz\/new\/home-2"},"modified":"2026-04-07T13:10:50","modified_gmt":"2026-04-07T13:10:50","slug":"badminton","status":"publish","type":"page","link":"https:\/\/www.oliver-sport.cz\/new\/badminton\/","title":{"rendered":"Badminton"},"content":{"rendered":"<div class=\"wp-block-image\">\n<figure class=\"aligncenter size-full\"><img loading=\"lazy\" decoding=\"async\" width=\"2560\" height=\"1280\" src=\"https:\/\/www.oliver-sport.cz\/wp-content\/uploads\/2026\/03\/banner_badminton-scaled.png\" alt=\"\" class=\"wp-image-941\" srcset=\"https:\/\/www.oliver-sport.cz\/new\/wp-content\/uploads\/2026\/03\/banner_badminton-scaled.png 2560w, https:\/\/www.oliver-sport.cz\/new\/wp-content\/uploads\/2026\/03\/banner_badminton-300x150.png 300w, https:\/\/www.oliver-sport.cz\/new\/wp-content\/uploads\/2026\/03\/banner_badminton-1024x512.png 1024w, https:\/\/www.oliver-sport.cz\/new\/wp-content\/uploads\/2026\/03\/banner_badminton-768x384.png 768w, https:\/\/www.oliver-sport.cz\/new\/wp-content\/uploads\/2026\/03\/banner_badminton-1536x768.png 1536w, https:\/\/www.oliver-sport.cz\/new\/wp-content\/uploads\/2026\/03\/banner_badminton-2048x1024.png 2048w, https:\/\/www.oliver-sport.cz\/new\/wp-content\/uploads\/2026\/03\/banner_badminton-370x185.png 370w, https:\/\/www.oliver-sport.cz\/new\/wp-content\/uploads\/2026\/03\/banner_badminton-760x380.png 760w\" sizes=\"auto, (max-width: 2560px) 100vw, 2560px\" \/><\/figure>\n<\/div>\n\n\n<p class=\"has-text-align-center\"><strong>Oliver je badminton, a badminton je Oliver<\/strong><\/p>\n\n\n\n<p class=\"has-text-align-center\">N\u011bmeck\u00e1 kvalita a v\u00fdvoj technologi\u00ed je p\u0159\u00ednosem pro zna\u010dku Oliver a to zejm\u00e9na v&nbsp;badmintonov\u00e9m odv\u011btv\u00ed.&nbsp; V&nbsp;nab\u00eddce Oliveru naleznete badminotonov\u00e9 rakety ve \u0161pi\u010dkov\u00e9 kvalit\u011b, s&nbsp;profesion\u00e1ln\u00edmi parametry a za velmi p\u0159\u00edzniv\u00e9 ceny. Jako jedni z&nbsp;m\u00e1la v\u00fdrobc\u016f p\u0159enesli technologii nanoepolonov\u00fdch vl\u00e1ken i do r\u00e1m\u016f badmintonov\u00fdch raket. Samoz\u0159ejmost\u00ed je \u0161irok\u00e1 \u0161k\u00e1la model\u016f, ze kter\u00fdch si vybere i nejn\u00e1ro\u010dn\u011bj\u0161\u00ed hr\u00e1\u010d. &nbsp;<\/p>\n\n\n\n<p class=\"has-text-align-center\">Kvalit badmintonov\u00fdch raket OLIVER vyu\u017e\u00edv\u00e1 \u0159ada \u0161pi\u010dkov\u00fdch, p\u0159edev\u0161\u00edm zahrani\u010dn\u00edch, hr\u00e1\u010d\u016f. V \u010cR rychle z\u00edsk\u00e1vaj\u00ed na presti\u017ei a obl\u00edbilo si je ji\u017e mnoho vynikaj\u00edc\u00edch hr\u00e1\u010d\u016f. <\/p>\n\n\n\n<div class=\"wp-block-group alignwide is-content-justification-center is-nowrap is-layout-flex wp-container-core-group-is-layout-94bc23d7 wp-block-group-is-layout-flex\">\n<div class=\"wp-block-buttons is-layout-flex wp-block-buttons-is-layout-flex\">\n<div class=\"wp-block-button\"><a class=\"wp-block-button__link has-text-align-center wp-element-button\" href=\"https:\/\/www.oliver-sport.cz\/squash\/profesionalni-rada\/microtec-10\/\">Profesion\u00e1ln\u00ed \u0158ada<\/a><\/div>\n<\/div>\n\n\n\n<div class=\"wp-block-buttons is-content-justification-center is-layout-flex wp-container-core-buttons-is-layout-16018d1d wp-block-buttons-is-layout-flex\">\n<div class=\"wp-block-button\"><a class=\"wp-block-button__link wp-element-button\" href=\"https:\/\/www.oliver-sport.cz\/badminton\/dual-tec-lite\/\">Klubov\u00e1 \u0158ada<\/a><\/div>\n<\/div>\n\n\n\n<div class=\"wp-block-buttons is-content-justification-center is-layout-flex wp-container-core-buttons-is-layout-16018d1d wp-block-buttons-is-layout-flex\">\n<div class=\"wp-block-button\"><a class=\"wp-block-button__link wp-element-button\" href=\"https:\/\/www.oliver-sport.cz\/badminton\/bdm-mice\/\">M\u00ed\u010de<\/a><\/div>\n\n\n\n<div class=\"wp-block-button\"><a class=\"wp-block-button__link wp-element-button\" href=\"https:\/\/www.oliver-sport.cz\/badminton\/bdm-vyplety\/\">V\u00fdplety<\/a><\/div>\n<\/div>\n\n\n\n<div class=\"wp-block-buttons is-content-justification-center is-layout-flex wp-container-core-buttons-is-layout-16018d1d wp-block-buttons-is-layout-flex\">\n<div class=\"wp-block-button\"><a class=\"wp-block-button__link wp-element-button\" href=\"https:\/\/www.oliver-sport.cz\/gripy\/\">GRIPY<\/a><\/div>\n<\/div>\n\n\n\n<div class=\"wp-block-buttons is-layout-flex wp-block-buttons-is-layout-flex\"><\/div>\n<\/div>\n\n\n\n<div class=\"wp-block-buttons is-layout-flex wp-block-buttons-is-layout-flex\"><\/div>\n\n\n\n<div class=\"wp-block-buttons is-layout-flex wp-block-buttons-is-layout-flex\"><\/div>\n\n\n\n<p><\/p>\n","protected":false},"excerpt":{"rendered":"<p>Oliver je badminton, a badminton je Oliver N\u011bmeck\u00e1 kvalita a v\u00fdvoj technologi\u00ed je p\u0159\u00ednosem pro zna\u010dku Oliver a to zejm\u00e9na v&nbsp;badmintonov\u00e9m odv\u011btv\u00ed.&nbsp; V&nbsp;nab\u00eddce Oliveru naleznete badminotonov\u00e9 rakety ve \u0161pi\u010dkov\u00e9 kvalit\u011b, s&nbsp;profesion\u00e1ln\u00edmi parametry a za velmi p\u0159\u00edzniv\u00e9 ceny. Jako jedni z&nbsp;m\u00e1la v\u00fdrobc\u016f p\u0159enesli technologii nanoepolonov\u00fdch vl\u00e1ken i do r\u00e1m\u016f badmintonov\u00fdch raket. Samoz\u0159ejmost\u00ed je \u0161irok\u00e1 \u0161k\u00e1la model\u016f, ze kter\u00fdch si vybere i&hellip;<\/p>\n","protected":false},"author":1,"featured_media":0,"parent":0,"menu_order":0,"comment_status":"closed","ping_status":"closed","template":"","meta":{"footnotes":""},"class_list":["post-19","page","type-page","status-publish","hentry"],"_links":{"self":[{"href":"https:\/\/www.oliver-sport.cz\/new\/wp-json\/wp\/v2\/pages\/19","targetHints":{"allow":["GET"]}}],"collection":[{"href":"https:\/\/www.oliver-sport.cz\/new\/wp-json\/wp\/v2\/pages"}],"about":[{"href":"https:\/\/www.oliver-sport.cz\/new\/wp-json\/wp\/v2\/types\/page"}],"author":[{"embeddable":true,"href":"https:\/\/www.oliver-sport.cz\/new\/wp-json\/wp\/v2\/users\/1"}],"replies":[{"embeddable":true,"href":"https:\/\/www.oliver-sport.cz\/new\/wp-json\/wp\/v2\/comments?post=19"}],"version-history":[{"count":6,"href":"https:\/\/www.oliver-sport.cz\/new\/wp-json\/wp\/v2\/pages\/19\/revisions"}],"predecessor-version":[{"id":1074,"href":"https:\/\/www.oliver-sport.cz\/new\/wp-json\/wp\/v2\/pages\/19\/revisions\/1074"}],"wp:attachment":[{"href":"https:\/\/www.oliver-sport.cz\/new\/wp-json\/wp\/v2\/media?parent=19"}],"curies":[{"name":"wp","href":"https:\/\/api.w.org\/{rel}","templated":true}]}}