{"id":1105,"date":"2026-04-13T12:46:13","date_gmt":"2026-04-13T12:46:13","guid":{"rendered":"https:\/\/www.oliver-sport.cz\/new\/?page_id=1105"},"modified":"2026-04-13T12:46:13","modified_gmt":"2026-04-13T12:46:13","slug":"energetic-k9","status":"publish","type":"page","link":"https:\/\/www.oliver-sport.cz\/new\/badminton\/energetic-k9\/","title":{"rendered":"ENERGETIC K9"},"content":{"rendered":"\n<div class=\"wp-block-media-text is-stacked-on-mobile is-vertically-aligned-top\"><figure class=\"wp-block-media-text__media\"><img loading=\"lazy\" decoding=\"async\" width=\"1024\" height=\"1024\" src=\"https:\/\/www.oliver-sport.cz\/wp-content\/uploads\/2026\/04\/33028-ENERGETIC-K9-1024x1024.jpg\" alt=\"\" class=\"wp-image-1106 size-full\" srcset=\"https:\/\/www.oliver-sport.cz\/new\/wp-content\/uploads\/2026\/04\/33028-ENERGETIC-K9-1024x1024.jpg 1024w, https:\/\/www.oliver-sport.cz\/new\/wp-content\/uploads\/2026\/04\/33028-ENERGETIC-K9-300x300.jpg 300w, https:\/\/www.oliver-sport.cz\/new\/wp-content\/uploads\/2026\/04\/33028-ENERGETIC-K9-150x150.jpg 150w, https:\/\/www.oliver-sport.cz\/new\/wp-content\/uploads\/2026\/04\/33028-ENERGETIC-K9-768x768.jpg 768w, https:\/\/www.oliver-sport.cz\/new\/wp-content\/uploads\/2026\/04\/33028-ENERGETIC-K9-1536x1536.jpg 1536w, https:\/\/www.oliver-sport.cz\/new\/wp-content\/uploads\/2026\/04\/33028-ENERGETIC-K9-370x370.jpg 370w, https:\/\/www.oliver-sport.cz\/new\/wp-content\/uploads\/2026\/04\/33028-ENERGETIC-K9-120x120.jpg 120w, https:\/\/www.oliver-sport.cz\/new\/wp-content\/uploads\/2026\/04\/33028-ENERGETIC-K9-760x760.jpg 760w, https:\/\/www.oliver-sport.cz\/new\/wp-content\/uploads\/2026\/04\/33028-ENERGETIC-K9.jpg 1600w\" sizes=\"auto, (max-width: 1024px) 100vw, 1024px\" \/><\/figure><div class=\"wp-block-media-text__content\">\n<p><strong>ENERGETIC K9<\/strong><\/p>\n\n\n\n<p>Badmintonov\u00e1 raketa <strong>OLIVER Energetic K9<\/strong> je nejlep\u0161\u00ed volbou pro ofenzivn\u00ed turnajov\u00e9 hr\u00e1\u010de, kte\u0159\u00ed odm\u00edtaj\u00ed d\u011blat kompromisy v oblasti stability a rychlosti. <\/p>\n\n\n\n<p>Tato vysoce v\u00fdkonn\u00e1 badmintonov\u00e1 raketa vyroben\u00e1 z inovativn\u00edho materi\u00e1lu Metacarbon\u2122 nab\u00edz\u00ed maxim\u00e1ln\u00ed tuhost r\u00e1mu s minim\u00e1ln\u00ed hmotnost\u00ed \u2013 ide\u00e1ln\u00ed pro agresivn\u00ed, \u00fato\u010dnou hru na nejvy\u0161\u0161\u00ed \u00farovni. S hmotnost\u00ed pouh\u00fdch 88 g (s v\u00fdpletem), extra tuh\u00fdm shaftem a m\u00edrn\u011b t\u011b\u017e\u0161\u00edm vyv\u00e1\u017een\u00edm, Energetic K9 kombinuje vynikaj\u00edc\u00ed ovl\u00e1d\u00e1n\u00ed s chirurgickou p\u0159esnost\u00ed p\u0159i um\u00eds\u0165ov\u00e1n\u00ed m\u00ed\u010de.<\/p>\n\n\n\n<div class=\"wp-block-buttons is-content-justification-center is-layout-flex wp-container-core-buttons-is-layout-e1485a7b wp-block-buttons-is-layout-flex\">\n<div class=\"wp-block-button\"><a class=\"wp-block-button__link wp-element-button\" href=\"https:\/\/www.irakety.cz\/badmintonove-rakety\/badmintonova-raketa-oliver-energetic-k9\/\">KOUPIT<\/a><\/div>\n<\/div>\n<\/div><\/div>\n\n\n\n<p>Charakteristika<\/p>\n\n\n\n<figure class=\"wp-block-table\"><table class=\"has-fixed-layout\"><tbody><tr><td class=\"has-text-align-left\" data-align=\"left\">K\u00f3d<\/td><td class=\"has-text-align-left\" data-align=\"left\"><strong>33027<\/strong><\/td><\/tr><tr><td class=\"has-text-align-left\" data-align=\"left\">Materi\u00e1l<\/td><td class=\"has-text-align-left\" data-align=\"left\"><strong>Metacarbon\u2122<\/strong><\/td><\/tr><tr><td class=\"has-text-align-left\" data-align=\"left\">Barva<\/td><td class=\"has-text-align-left\" data-align=\"left\"><strong>b\u00edl\u00e1 &#8211; \u0161ed\u00e1 &#8211; modr\u00e1<\/strong><\/td><\/tr><tr><td class=\"has-text-align-left\" data-align=\"left\">V\u00e1ha<\/td><td class=\"has-text-align-left\" data-align=\"left\"><strong>88g bez v\u00fdpletu a gripu<\/strong><\/td><\/tr><tr><td class=\"has-text-align-left\" data-align=\"left\">Vyv\u00e1\u017een\u00ed<\/td><td class=\"has-text-align-left\" data-align=\"left\"><strong>lehce do gripu<\/strong><\/td><\/tr><tr><td class=\"has-text-align-left\" data-align=\"left\">R\u00e1m<\/td><td class=\"has-text-align-left\" data-align=\"left\"><strong>Extra tvrd\u00fd<\/strong><\/td><\/tr><tr><td class=\"has-text-align-left\" data-align=\"left\">V\u00fdplet<\/td><td class=\"has-text-align-left\" data-align=\"left\"><strong>Core 65<\/strong><\/td><\/tr><tr><td class=\"has-text-align-left\" data-align=\"left\">C\u00edlov\u00e1 skupina<\/td><td class=\"has-text-align-left\" data-align=\"left\"><strong>profesion\u00e1ln\u00ed hr\u00e1\u010di<\/strong><\/td><\/tr><tr><td class=\"has-text-align-left\" data-align=\"left\">P\u0159ednosti rakety<\/td><td class=\"has-text-align-left\" data-align=\"left\"><strong>rychlost<\/strong><\/td><\/tr><\/tbody><\/table><\/figure>\n\n\n\n<p><\/p>\n","protected":false},"excerpt":{"rendered":"<p>Charakteristika K\u00f3d 33027 Materi\u00e1l Metacarbon\u2122 Barva b\u00edl\u00e1 &#8211; \u0161ed\u00e1 &#8211; modr\u00e1 V\u00e1ha 88g bez v\u00fdpletu a gripu Vyv\u00e1\u017een\u00ed lehce do gripu R\u00e1m Extra tvrd\u00fd V\u00fdplet Core 65 C\u00edlov\u00e1 skupina profesion\u00e1ln\u00ed hr\u00e1\u010di P\u0159ednosti rakety rychlost<\/p>\n","protected":false},"author":1,"featured_media":0,"parent":19,"menu_order":0,"comment_status":"closed","ping_status":"closed","template":"","meta":{"footnotes":""},"class_list":["post-1105","page","type-page","status-publish","hentry"],"_links":{"self":[{"href":"https:\/\/www.oliver-sport.cz\/new\/wp-json\/wp\/v2\/pages\/1105","targetHints":{"allow":["GET"]}}],"collection":[{"href":"https:\/\/www.oliver-sport.cz\/new\/wp-json\/wp\/v2\/pages"}],"about":[{"href":"https:\/\/www.oliver-sport.cz\/new\/wp-json\/wp\/v2\/types\/page"}],"author":[{"embeddable":true,"href":"https:\/\/www.oliver-sport.cz\/new\/wp-json\/wp\/v2\/users\/1"}],"replies":[{"embeddable":true,"href":"https:\/\/www.oliver-sport.cz\/new\/wp-json\/wp\/v2\/comments?post=1105"}],"version-history":[{"count":1,"href":"https:\/\/www.oliver-sport.cz\/new\/wp-json\/wp\/v2\/pages\/1105\/revisions"}],"predecessor-version":[{"id":1107,"href":"https:\/\/www.oliver-sport.cz\/new\/wp-json\/wp\/v2\/pages\/1105\/revisions\/1107"}],"up":[{"embeddable":true,"href":"https:\/\/www.oliver-sport.cz\/new\/wp-json\/wp\/v2\/pages\/19"}],"wp:attachment":[{"href":"https:\/\/www.oliver-sport.cz\/new\/wp-json\/wp\/v2\/media?parent=1105"}],"curies":[{"name":"wp","href":"https:\/\/api.w.org\/{rel}","templated":true}]}}