{"id":1100,"date":"2026-04-13T12:34:17","date_gmt":"2026-04-13T12:34:17","guid":{"rendered":"https:\/\/www.oliver-sport.cz\/new\/?page_id=1100"},"modified":"2026-04-13T12:37:18","modified_gmt":"2026-04-13T12:37:18","slug":"no-design-12","status":"publish","type":"page","link":"https:\/\/www.oliver-sport.cz\/new\/squash\/no-design-12\/","title":{"rendered":"NO DESIGN 12"},"content":{"rendered":"\n<div class=\"wp-block-media-text is-stacked-on-mobile is-vertically-aligned-top\"><figure class=\"wp-block-media-text__media\"><img loading=\"lazy\" decoding=\"async\" width=\"724\" height=\"1024\" src=\"https:\/\/www.oliver-sport.cz\/wp-content\/uploads\/2026\/04\/ND12_1-724x1024.png\" alt=\"\" class=\"wp-image-1101 size-full\" srcset=\"https:\/\/www.oliver-sport.cz\/new\/wp-content\/uploads\/2026\/04\/ND12_1-724x1024.png 724w, https:\/\/www.oliver-sport.cz\/new\/wp-content\/uploads\/2026\/04\/ND12_1-212x300.png 212w, https:\/\/www.oliver-sport.cz\/new\/wp-content\/uploads\/2026\/04\/ND12_1-768x1086.png 768w, https:\/\/www.oliver-sport.cz\/new\/wp-content\/uploads\/2026\/04\/ND12_1-1086x1536.png 1086w, https:\/\/www.oliver-sport.cz\/new\/wp-content\/uploads\/2026\/04\/ND12_1-1448x2048.png 1448w, https:\/\/www.oliver-sport.cz\/new\/wp-content\/uploads\/2026\/04\/ND12_1-370x523.png 370w, https:\/\/www.oliver-sport.cz\/new\/wp-content\/uploads\/2026\/04\/ND12_1-760x1075.png 760w, https:\/\/www.oliver-sport.cz\/new\/wp-content\/uploads\/2026\/04\/ND12_1.png 1587w\" sizes=\"auto, (max-width: 724px) 100vw, 724px\" \/><\/figure><div class=\"wp-block-media-text__content\">\n<p>NO DESIGN XII.<\/p>\n\n\n\n<p><strong>NOVINKA\u00a02026<\/strong><\/p>\n\n\n\n<p>Speci\u00e1ln\u00ed limitovan\u00e1 edice rakety No Design s ozna\u010den\u00edm XII. Dokonal\u00e1 raketa, kter\u00e1 ji\u017e 13 rok slav\u00ed obrovsk\u00fd \u00fasp\u011bch. Unik\u00e1tn\u00ed r\u00e1m v karbonov\u00e9m proveden\u00ed se m\u011bden\u00fdmi n\u00e1pisy. Raketu V\u00e1m bude z\u00e1vid\u011bt ka\u017ed\u00fd soupe\u0159 na kurtu!<\/p>\n\n\n\n<p><\/p>\n\n\n\n<div class=\"wp-block-buttons is-content-justification-center is-layout-flex wp-container-core-buttons-is-layout-e1485a7b wp-block-buttons-is-layout-flex\">\n<div class=\"wp-block-button\"><a class=\"wp-block-button__link wp-element-button\" href=\"https:\/\/www.irakety.cz\/squashove-rakety\/squashova-raketa-oliver-no-design-xii.\/\">KOUPIT<\/a><\/div>\n<\/div>\n<\/div><\/div>\n\n\n\n<h4 class=\"wp-block-heading\">Charakteristika<\/h4>\n\n\n\n<figure class=\"wp-block-table\"><table class=\"has-fixed-layout\"><tbody><tr><td class=\"has-text-align-left\" data-align=\"left\">K\u00f3d<\/td><td class=\"has-text-align-left\" data-align=\"left\"><strong>01434<\/strong><\/td><\/tr><tr><td class=\"has-text-align-left\" data-align=\"left\">Materi\u00e1l<\/td><td class=\"has-text-align-left\" data-align=\"left\"><strong>Matecarbon<\/strong><\/td><\/tr><tr><td class=\"has-text-align-left\" data-align=\"left\">Barva<\/td><td class=\"has-text-align-left\" data-align=\"left\"><strong>karbon- m\u011b\u010f<\/strong><\/td><\/tr><tr><td class=\"has-text-align-left\" data-align=\"left\">V\u00e1ha<\/td><td class=\"has-text-align-left\" data-align=\"left\"><strong>110g bez v\u00fdpletu a gripu<\/strong><\/td><\/tr><tr><td class=\"has-text-align-left\" data-align=\"left\">Hlava rakety<\/td><td class=\"has-text-align-left\" data-align=\"left\"><strong>OVERHEAD<\/strong><\/td><\/tr><tr><td class=\"has-text-align-left\" data-align=\"left\">Vyv\u00e1\u017een\u00ed<\/td><td class=\"has-text-align-left\" data-align=\"left\"><strong>lehce&nbsp;do gripu<\/strong><\/td><\/tr><tr><td class=\"has-text-align-left\" data-align=\"left\">V\u00fdplet<\/td><td class=\"has-text-align-left\" data-align=\"left\"><strong>MX1-F8<\/strong><\/td><\/tr><tr><td class=\"has-text-align-left\" data-align=\"left\">Nap\u011bt\u00ed (doporu\u010den\u00e1 tvrdost) v\u00fdpletu<\/td><td class=\"has-text-align-left\" data-align=\"left\"><strong>13\/11 kg (svisle\/vodorovn\u011b)<\/strong><\/td><\/tr><tr><td class=\"has-text-align-left\" data-align=\"left\">C\u00edlov\u00e1 skupina<\/td><td class=\"has-text-align-left\" data-align=\"left\"><strong>turnajov\u00fd a profesion\u00e1ln\u00ed hr\u00e1\u010d<\/strong><\/td><\/tr><tr><td class=\"has-text-align-left\" data-align=\"left\">Styl hry<\/td><td class=\"has-text-align-left\" data-align=\"left\"><strong>\u00fato\u010dn\u00fd<\/strong><\/td><\/tr><tr><td class=\"has-text-align-left\" data-align=\"left\">P\u0159ednosti rakety<\/td><td class=\"has-text-align-left\" data-align=\"left\"><strong><strong>lehkost, dravost, ovl\u00e1datelnosT, p\u0159esnost, kontrola a mimo\u0159\u00e1dn\u00e1 kvalita (vysok\u00fd pod\u00edl ru\u010dne pr\u00e1ce) \u2026a \u017e\u00e1dn\u00fd soupe\u0159 nem\u00e1 \u0161anci!<\/strong><\/strong><\/td><\/tr><\/tbody><\/table><\/figure>\n\n\n\n<p><\/p>\n","protected":false},"excerpt":{"rendered":"<p>Charakteristika K\u00f3d 01434 Materi\u00e1l Matecarbon Barva karbon- m\u011b\u010f V\u00e1ha 110g bez v\u00fdpletu a gripu Hlava rakety OVERHEAD Vyv\u00e1\u017een\u00ed lehce&nbsp;do gripu V\u00fdplet MX1-F8 Nap\u011bt\u00ed (doporu\u010den\u00e1 tvrdost) v\u00fdpletu 13\/11 kg (svisle\/vodorovn\u011b) C\u00edlov\u00e1 skupina turnajov\u00fd a profesion\u00e1ln\u00ed hr\u00e1\u010d Styl hry \u00fato\u010dn\u00fd P\u0159ednosti rakety lehkost, dravost, ovl\u00e1datelnosT, p\u0159esnost, kontrola a mimo\u0159\u00e1dn\u00e1 kvalita (vysok\u00fd pod\u00edl ru\u010dne pr\u00e1ce) \u2026a \u017e\u00e1dn\u00fd soupe\u0159 nem\u00e1 \u0161anci!<\/p>\n","protected":false},"author":1,"featured_media":0,"parent":461,"menu_order":0,"comment_status":"closed","ping_status":"closed","template":"","meta":{"footnotes":""},"class_list":["post-1100","page","type-page","status-publish","hentry"],"_links":{"self":[{"href":"https:\/\/www.oliver-sport.cz\/new\/wp-json\/wp\/v2\/pages\/1100","targetHints":{"allow":["GET"]}}],"collection":[{"href":"https:\/\/www.oliver-sport.cz\/new\/wp-json\/wp\/v2\/pages"}],"about":[{"href":"https:\/\/www.oliver-sport.cz\/new\/wp-json\/wp\/v2\/types\/page"}],"author":[{"embeddable":true,"href":"https:\/\/www.oliver-sport.cz\/new\/wp-json\/wp\/v2\/users\/1"}],"replies":[{"embeddable":true,"href":"https:\/\/www.oliver-sport.cz\/new\/wp-json\/wp\/v2\/comments?post=1100"}],"version-history":[{"count":2,"href":"https:\/\/www.oliver-sport.cz\/new\/wp-json\/wp\/v2\/pages\/1100\/revisions"}],"predecessor-version":[{"id":1104,"href":"https:\/\/www.oliver-sport.cz\/new\/wp-json\/wp\/v2\/pages\/1100\/revisions\/1104"}],"up":[{"embeddable":true,"href":"https:\/\/www.oliver-sport.cz\/new\/wp-json\/wp\/v2\/pages\/461"}],"wp:attachment":[{"href":"https:\/\/www.oliver-sport.cz\/new\/wp-json\/wp\/v2\/media?parent=1100"}],"curies":[{"name":"wp","href":"https:\/\/api.w.org\/{rel}","templated":true}]}}