{"id":1024,"date":"2026-04-02T12:55:46","date_gmt":"2026-04-02T12:55:46","guid":{"rendered":"https:\/\/www.oliver-sport.cz\/new\/?page_id=1024"},"modified":"2026-04-02T12:55:46","modified_gmt":"2026-04-02T12:55:46","slug":"sortky-sukne-kalhoty","status":"publish","type":"page","link":"https:\/\/www.oliver-sport.cz\/new\/obleceni\/sortky-sukne-kalhoty\/","title":{"rendered":"\u0160ortky, sukn\u011b, kalhoty"},"content":{"rendered":"\n<div class=\"wp-block-media-text is-stacked-on-mobile\"><figure class=\"wp-block-media-text__media\"><img loading=\"lazy\" decoding=\"async\" width=\"512\" height=\"512\" src=\"https:\/\/www.oliver-sport.cz\/wp-content\/uploads\/2026\/04\/LET-Short.jpg\" alt=\"\" class=\"wp-image-1025 size-full\" srcset=\"https:\/\/www.oliver-sport.cz\/new\/wp-content\/uploads\/2026\/04\/LET-Short.jpg 512w, https:\/\/www.oliver-sport.cz\/new\/wp-content\/uploads\/2026\/04\/LET-Short-300x300.jpg 300w, https:\/\/www.oliver-sport.cz\/new\/wp-content\/uploads\/2026\/04\/LET-Short-150x150.jpg 150w, https:\/\/www.oliver-sport.cz\/new\/wp-content\/uploads\/2026\/04\/LET-Short-370x370.jpg 370w, https:\/\/www.oliver-sport.cz\/new\/wp-content\/uploads\/2026\/04\/LET-Short-120x120.jpg 120w\" sizes=\"auto, (max-width: 512px) 100vw, 512px\" \/><\/figure><div class=\"wp-block-media-text__content\">\n<p><strong>LET SHORTS<\/strong><\/p>\n\n\n\n<figure class=\"wp-block-table\"><table class=\"has-fixed-layout\"><tbody><tr><td class=\"has-text-align-left\" data-align=\"left\">Materi\u00e1l (vl\u00e1kno)<\/td><td class=\"has-text-align-left\" data-align=\"left\"><strong>96 % Polyester, 4% Spandex<\/strong><\/td><\/tr><tr><td class=\"has-text-align-left\" data-align=\"left\">Barva<\/td><td class=\"has-text-align-left\" data-align=\"left\"><strong>\u010dern\u00e1, modr\u00e1, \u0161ed\u00e1<\/strong><\/td><\/tr><tr><td class=\"has-text-align-left\" data-align=\"left\">Velikost<\/td><td class=\"has-text-align-left\" data-align=\"left\"><strong>XS-XXL,<\/strong><\/td><\/tr><\/tbody><\/table><\/figure>\n\n\n\n<p><\/p>\n<\/div><\/div>\n\n\n\n<div class=\"wp-block-media-text is-stacked-on-mobile\"><figure class=\"wp-block-media-text__media\"><img loading=\"lazy\" decoding=\"async\" width=\"512\" height=\"512\" src=\"https:\/\/www.oliver-sport.cz\/wp-content\/uploads\/2026\/04\/Active-Short.jpg\" alt=\"\" class=\"wp-image-1026 size-full\" srcset=\"https:\/\/www.oliver-sport.cz\/new\/wp-content\/uploads\/2026\/04\/Active-Short.jpg 512w, https:\/\/www.oliver-sport.cz\/new\/wp-content\/uploads\/2026\/04\/Active-Short-300x300.jpg 300w, https:\/\/www.oliver-sport.cz\/new\/wp-content\/uploads\/2026\/04\/Active-Short-150x150.jpg 150w, https:\/\/www.oliver-sport.cz\/new\/wp-content\/uploads\/2026\/04\/Active-Short-370x370.jpg 370w, https:\/\/www.oliver-sport.cz\/new\/wp-content\/uploads\/2026\/04\/Active-Short-120x120.jpg 120w\" sizes=\"auto, (max-width: 512px) 100vw, 512px\" \/><\/figure><div class=\"wp-block-media-text__content\">\n<p><strong>ACTIVE SHORTS<\/strong><\/p>\n\n\n\n<figure class=\"wp-block-table\"><table class=\"has-fixed-layout\"><tbody><tr><td class=\"has-text-align-left\" data-align=\"left\">Materi\u00e1l (vl\u00e1kno)<\/td><td class=\"has-text-align-left\" data-align=\"left\"><strong>94 % Polyester, 6% Spandex<\/strong><\/td><\/tr><tr><td class=\"has-text-align-left\" data-align=\"left\">Barva<\/td><td class=\"has-text-align-left\" data-align=\"left\"><strong>\u010dern\u00e1, b\u00edl\u00e1<\/strong><\/td><\/tr><tr><td class=\"has-text-align-left\" data-align=\"left\">Velikost<\/td><td class=\"has-text-align-left\" data-align=\"left\"><strong>XS-XXL,<\/strong><\/td><\/tr><\/tbody><\/table><\/figure>\n\n\n\n<p><\/p>\n<\/div><\/div>\n\n\n\n<div class=\"wp-block-media-text is-stacked-on-mobile\"><figure class=\"wp-block-media-text__media\"><img loading=\"lazy\" decoding=\"async\" width=\"512\" height=\"512\" src=\"https:\/\/www.oliver-sport.cz\/wp-content\/uploads\/2026\/04\/BASIC-Short.jpg\" alt=\"\" class=\"wp-image-1027 size-full\" srcset=\"https:\/\/www.oliver-sport.cz\/new\/wp-content\/uploads\/2026\/04\/BASIC-Short.jpg 512w, https:\/\/www.oliver-sport.cz\/new\/wp-content\/uploads\/2026\/04\/BASIC-Short-300x300.jpg 300w, https:\/\/www.oliver-sport.cz\/new\/wp-content\/uploads\/2026\/04\/BASIC-Short-150x150.jpg 150w, https:\/\/www.oliver-sport.cz\/new\/wp-content\/uploads\/2026\/04\/BASIC-Short-370x370.jpg 370w, https:\/\/www.oliver-sport.cz\/new\/wp-content\/uploads\/2026\/04\/BASIC-Short-120x120.jpg 120w\" sizes=\"auto, (max-width: 512px) 100vw, 512px\" \/><\/figure><div class=\"wp-block-media-text__content\">\n<p><strong>BASIC SHORTS<\/strong><\/p>\n\n\n\n<figure class=\"wp-block-table\"><table class=\"has-fixed-layout\"><tbody><tr><td class=\"has-text-align-left\" data-align=\"left\">Materi\u00e1l (vl\u00e1kno)<\/td><td class=\"has-text-align-left\" data-align=\"left\"><strong>100 % Polyester<\/strong><\/td><\/tr><tr><td class=\"has-text-align-left\" data-align=\"left\">Barva<\/td><td class=\"has-text-align-left\" data-align=\"left\"><strong>\u010dern\u00e1, \u0161ed\u00e1<\/strong><\/td><\/tr><tr><td class=\"has-text-align-left\" data-align=\"left\">Velikost<\/td><td class=\"has-text-align-left\" data-align=\"left\"><strong>XS-XXL,<\/strong><\/td><\/tr><\/tbody><\/table><\/figure>\n\n\n\n<p><\/p>\n<\/div><\/div>\n\n\n\n<div class=\"wp-block-media-text is-stacked-on-mobile\"><figure class=\"wp-block-media-text__media\"><img loading=\"lazy\" decoding=\"async\" width=\"1024\" height=\"1024\" src=\"https:\/\/www.oliver-sport.cz\/wp-content\/uploads\/2026\/04\/82400-LADY-SKIRT-S-1024x1024.jpg\" alt=\"\" class=\"wp-image-1028 size-full\" srcset=\"https:\/\/www.oliver-sport.cz\/new\/wp-content\/uploads\/2026\/04\/82400-LADY-SKIRT-S-1024x1024.jpg 1024w, https:\/\/www.oliver-sport.cz\/new\/wp-content\/uploads\/2026\/04\/82400-LADY-SKIRT-S-300x300.jpg 300w, https:\/\/www.oliver-sport.cz\/new\/wp-content\/uploads\/2026\/04\/82400-LADY-SKIRT-S-150x150.jpg 150w, https:\/\/www.oliver-sport.cz\/new\/wp-content\/uploads\/2026\/04\/82400-LADY-SKIRT-S-768x768.jpg 768w, https:\/\/www.oliver-sport.cz\/new\/wp-content\/uploads\/2026\/04\/82400-LADY-SKIRT-S-1536x1536.jpg 1536w, https:\/\/www.oliver-sport.cz\/new\/wp-content\/uploads\/2026\/04\/82400-LADY-SKIRT-S-370x370.jpg 370w, https:\/\/www.oliver-sport.cz\/new\/wp-content\/uploads\/2026\/04\/82400-LADY-SKIRT-S-120x120.jpg 120w, https:\/\/www.oliver-sport.cz\/new\/wp-content\/uploads\/2026\/04\/82400-LADY-SKIRT-S-760x760.jpg 760w, https:\/\/www.oliver-sport.cz\/new\/wp-content\/uploads\/2026\/04\/82400-LADY-SKIRT-S.jpg 1600w\" sizes=\"auto, (max-width: 1024px) 100vw, 1024px\" \/><\/figure><div class=\"wp-block-media-text__content\">\n<p><strong>LADY SKIRT<\/strong><\/p>\n\n\n\n<figure class=\"wp-block-table\"><table class=\"has-fixed-layout\"><tbody><tr><td class=\"has-text-align-left\" data-align=\"left\">Materi\u00e1l (vl\u00e1kno)<\/td><td class=\"has-text-align-left\" data-align=\"left\"><strong>92 % Polyester, 8% Elastan<\/strong><\/td><\/tr><tr><td class=\"has-text-align-left\" data-align=\"left\">Barva<\/td><td class=\"has-text-align-left\" data-align=\"left\"><strong>\u010dern\u00e1<\/strong><\/td><\/tr><tr><td class=\"has-text-align-left\" data-align=\"left\">Velikost<\/td><td class=\"has-text-align-left\" data-align=\"left\"><strong>S-XL,<\/strong><\/td><\/tr><\/tbody><\/table><\/figure>\n\n\n\n<p><\/p>\n<\/div><\/div>\n\n\n\n<div class=\"wp-block-media-text is-stacked-on-mobile\"><figure class=\"wp-block-media-text__media\"><img loading=\"lazy\" decoding=\"async\" width=\"1000\" height=\"1000\" src=\"https:\/\/www.oliver-sport.cz\/wp-content\/uploads\/2026\/04\/87802-PANT-L.jpg\" alt=\"\" class=\"wp-image-1029 size-full\" srcset=\"https:\/\/www.oliver-sport.cz\/new\/wp-content\/uploads\/2026\/04\/87802-PANT-L.jpg 1000w, https:\/\/www.oliver-sport.cz\/new\/wp-content\/uploads\/2026\/04\/87802-PANT-L-300x300.jpg 300w, https:\/\/www.oliver-sport.cz\/new\/wp-content\/uploads\/2026\/04\/87802-PANT-L-150x150.jpg 150w, https:\/\/www.oliver-sport.cz\/new\/wp-content\/uploads\/2026\/04\/87802-PANT-L-768x768.jpg 768w, https:\/\/www.oliver-sport.cz\/new\/wp-content\/uploads\/2026\/04\/87802-PANT-L-370x370.jpg 370w, https:\/\/www.oliver-sport.cz\/new\/wp-content\/uploads\/2026\/04\/87802-PANT-L-120x120.jpg 120w, https:\/\/www.oliver-sport.cz\/new\/wp-content\/uploads\/2026\/04\/87802-PANT-L-760x760.jpg 760w\" sizes=\"auto, (max-width: 1000px) 100vw, 1000px\" \/><\/figure><div class=\"wp-block-media-text__content\">\n<p><strong>PANTS<\/strong><\/p>\n\n\n\n<figure class=\"wp-block-table\"><table class=\"has-fixed-layout\"><tbody><tr><td class=\"has-text-align-left\" data-align=\"left\">Materi\u00e1l (vl\u00e1kno)<\/td><td class=\"has-text-align-left\" data-align=\"left\"><strong>100 % Polyester<\/strong><\/td><\/tr><tr><td class=\"has-text-align-left\" data-align=\"left\">Barva<\/td><td class=\"has-text-align-left\" data-align=\"left\"><strong>\u010dern\u00e1<\/strong><\/td><\/tr><tr><td class=\"has-text-align-left\" data-align=\"left\">Velikost<\/td><td class=\"has-text-align-left\" data-align=\"left\"><strong>XS-XXL,<\/strong><\/td><\/tr><\/tbody><\/table><\/figure>\n\n\n\n<p><\/p>\n<\/div><\/div>\n","protected":false},"excerpt":{"rendered":"<p>LET SHORTS Materi\u00e1l (vl\u00e1kno) 96 % Polyester, 4% Spandex Barva \u010dern\u00e1, modr\u00e1, \u0161ed\u00e1 Velikost XS-XXL, ACTIVE SHORTS Materi\u00e1l (vl\u00e1kno) 94 % Polyester, 6% Spandex Barva \u010dern\u00e1, b\u00edl\u00e1 Velikost XS-XXL, BASIC SHORTS Materi\u00e1l (vl\u00e1kno) 100 % Polyester Barva \u010dern\u00e1, \u0161ed\u00e1 Velikost XS-XXL, LADY SKIRT Materi\u00e1l (vl\u00e1kno) 92 % Polyester, 8% Elastan Barva \u010dern\u00e1 Velikost S-XL, PANTS Materi\u00e1l (vl\u00e1kno) 100 % Polyester&hellip;<\/p>\n","protected":false},"author":1,"featured_media":0,"parent":987,"menu_order":0,"comment_status":"closed","ping_status":"closed","template":"","meta":{"footnotes":""},"class_list":["post-1024","page","type-page","status-publish","hentry"],"_links":{"self":[{"href":"https:\/\/www.oliver-sport.cz\/new\/wp-json\/wp\/v2\/pages\/1024","targetHints":{"allow":["GET"]}}],"collection":[{"href":"https:\/\/www.oliver-sport.cz\/new\/wp-json\/wp\/v2\/pages"}],"about":[{"href":"https:\/\/www.oliver-sport.cz\/new\/wp-json\/wp\/v2\/types\/page"}],"author":[{"embeddable":true,"href":"https:\/\/www.oliver-sport.cz\/new\/wp-json\/wp\/v2\/users\/1"}],"replies":[{"embeddable":true,"href":"https:\/\/www.oliver-sport.cz\/new\/wp-json\/wp\/v2\/comments?post=1024"}],"version-history":[{"count":1,"href":"https:\/\/www.oliver-sport.cz\/new\/wp-json\/wp\/v2\/pages\/1024\/revisions"}],"predecessor-version":[{"id":1030,"href":"https:\/\/www.oliver-sport.cz\/new\/wp-json\/wp\/v2\/pages\/1024\/revisions\/1030"}],"up":[{"embeddable":true,"href":"https:\/\/www.oliver-sport.cz\/new\/wp-json\/wp\/v2\/pages\/987"}],"wp:attachment":[{"href":"https:\/\/www.oliver-sport.cz\/new\/wp-json\/wp\/v2\/media?parent=1024"}],"curies":[{"name":"wp","href":"https:\/\/api.w.org\/{rel}","templated":true}]}}